{"id":64,"date":"2014-09-18T12:39:08","date_gmt":"2014-09-18T12:39:08","guid":{"rendered":"http:\/\/agora.xtec.cat\/ceip-serramarina-sta-coloma\/?page_id=64"},"modified":"2022-01-31T16:30:26","modified_gmt":"2022-01-31T15:30:26","slug":"projecte-educatiu","status":"publish","type":"page","link":"https:\/\/agora.xtec.cat\/ceip-serramarina-sta-coloma\/projecte-educatiu\/","title":{"rendered":"Projecte educatiu"},"content":{"rendered":"<h2 style=\"text-align: left;\"><span style=\"color: #339cff;\">Projecte Educatiu del Centre<\/span><span style=\"color: #339cff;\">:<\/span><span style=\"color: #339cff;\"><a href=\"https:\/\/agora.xtec.cat\/ceip-serramarina-sta-coloma\/wp-content\/uploads\/usu482\/2018\/10\/circ2.jpg\"><img loading=\"lazy\" decoding=\"async\" class=\"size-large wp-image-1926 aligncenter\" src=\"https:\/\/agora.xtec.cat\/ceip-serramarina-sta-coloma\/wp-content\/uploads\/usu482\/2018\/10\/circ2-1024x601.jpg\" alt=\"\" width=\"1024\" height=\"601\" srcset=\"https:\/\/agora.xtec.cat\/ceip-serramarina-sta-coloma\/wp-content\/uploads\/usu482\/2018\/10\/circ2-1024x601.jpg 1024w, https:\/\/agora.xtec.cat\/ceip-serramarina-sta-coloma\/wp-content\/uploads\/usu482\/2018\/10\/circ2-300x176.jpg 300w, https:\/\/agora.xtec.cat\/ceip-serramarina-sta-coloma\/wp-content\/uploads\/usu482\/2018\/10\/circ2-768x451.jpg 768w\" sizes=\"auto, (max-width: 1024px) 100vw, 1024px\" \/><\/a><\/span><\/h2>\n<p>&nbsp;<\/p>\n<h3><span style=\"color: #339cff;\"><strong>a) Missi\u00f3 de l&#8217;Escola\u00a0<\/strong><\/span><\/h3>\n<p>Som una escola conscienciada amb el canvi de paradigma social en el que vivim i per aquest motiu volem desenvolupar una innovaci\u00f3 metodol\u00f2gica i did\u00e0ctica a les aules, per donar un impuls al treball competencial i l\u2019avaluaci\u00f3 formativa com a eina del proc\u00e9s d\u2019ensenyament aprenentatge.<\/p>\n<p>Entenem l\u2019educaci\u00f3 com a proc\u00e9s integral de l\u2019alumnat, centrada en el treball per a la conviv\u00e8ncia, en l\u2019atenci\u00f3 inclusiva i per a l\u2019assoliment de les compet\u00e8ncies b\u00e0siques. Treballem i ens il\u00b7lusionem per proporcionar un servei educatiu de qualitat comptant amb un equip de mestres que aplica estrat\u00e8gies de millora cont\u00ednua en tots els \u00e0mbits del centre.<\/p>\n<p>Tenim com a missi\u00f3 garantir la igualtat d\u2019oportunitats i l\u2019equitat del nostre alumnat, evitant qualsevol tipus de marginaci\u00f3 i\/o exclusi\u00f3, contribuint a formar ciutadans responsables, solidaris i respectuosos amb l\u2019entorn, la societat, el pa\u00eds, la societat i el medi ambient.<\/p>\n<p>Finalment volem una escola on les lleng\u00fces siguin el motor de l\u2019aprenentatge en totes les seves dimensions, realitzant accions escolars de dinamitzaci\u00f3\u0301 ling\u00fc\u00edstica i comunicativa en els \u00e0mbits acad\u00e8mics i d\u2019interculturalitat per incrementar el domini de les lleng\u00fces i el domini de la lectura, el gust per llegir i el llegir per aprendre.<\/p>\n<h3><span style=\"color: #339cff;\"><strong>b) Visi\u00f3 del Projecte educatiu del centre:<\/strong><\/span><\/h3>\n<p>Volem ser una escola p\u00fablica innovadora, capdavantera i pionera d\u2019Educaci\u00f3 Infantil i Prim\u00e0ria que esdevingui un referent per a la formaci\u00f3 humana i social. Una escola compromesa que desenvolupi capacitats i compet\u00e8ncies de tots els alumnes respectant els diferents ritmes d\u2019aprenentatge. Volem adaptar-nos a l\u2019entorn canviant essent conscients de les oportunitats i necessitats reals de cada moment.<\/p>\n<p>Volem ser una escola amb un equip de professionals oberts a la sensibilitat, a l\u2019escolta i l\u2019observaci\u00f3 per tal d\u2019atendre les necessitats i inquietuds personals de cada alumne i cada fam\u00edlia.<\/p>\n<p>Volem ser un equip cohesionat i format aprofitant i potenciant les fortaleses de cadasc\u00fa i amb ganes d\u2019aprendre i de compartir per millorar les debilitats que vagin apareixent.<\/p>\n<p>Volem afavorir el treball cooperatiu i de col\u00b7laboraci\u00f3 entre els diferents membres de la comunitat educativa. Constru\u00efm aprenentatges en comunitat i aix\u00f2 ha de permetre desenvolupar un bon clima de conviv\u00e8ncia i treball, per tal d\u2019afavorir l\u2019assoliment de l\u2019autonomia\u00a0 de l\u2019alumnat.<\/p>\n<h3><span style=\"color: #339cff;\"><strong>c) Valors i conviv\u00e8ncia<\/strong><\/span><\/h3>\n<p>Els valors que destaquem per l\u2019emoci\u00f3 i el plaer de descobrir i aprendre, tant per mestres com per alumnes s\u00f3n els seg\u00fcents:<\/p>\n<ul>\n<li><strong>Responsabilitat<\/strong>, per poder valorar la llibertat i l\u2019autonomia.<\/li>\n<li><strong>Respecte i pertinen\u00e7a, <\/strong>entenent que tots i cadascun som diferents i que tots tenim un lloc \u00fanic i especial a l\u2019escola i al m\u00f3n.<\/li>\n<li><strong>Cooperaci\u00f3<\/strong>, ser capa\u00e7os de treballar en equip per a un objectiu com\u00fa.<\/li>\n<li><strong>Coneixement, <\/strong>que ens permeti gestionar els aprenentatges i la presa de decisions.<\/li>\n<li><strong>Confian\u00e7a, <\/strong>en els infants, en els professionals que els acompanyen i en les fam\u00edlies.<\/li>\n<li><strong>Emoci\u00f3, <\/strong>per fer-nos vibrar i sentir el plaer que signifiquen els nous aprenentatges.<\/li>\n<\/ul>\n<h3><span style=\"color: #339cff;\">d) Els principis de l\u2019escola: Trets d\u2019identitat<\/span><\/h3>\n<p><strong>\u00a0<\/strong>Els seg\u00fcents trets \u00a0defineixen d\u2019una manera global el car\u00e0cter propi de l\u2019escola:<\/p>\n<ul>\n<li><strong>Inclusiva i Pluralista: <\/strong>a la nostra escola tothom hi t\u00e9 cabuda. La difer\u00e8ncia i la diversitat s\u00f3n sin\u00f2nims d\u2019enriquiment mutu. Respectem el ritme d\u2019aprenentatge de cada infant.<\/li>\n<li><strong>Innovadora i globalitzadora\u00a0<\/strong>en l\u2019\u00e0mbit pedag\u00f2gic, metodol\u00f2gic i en l\u2019\u00e0mbit organitzatiu. Estem oberts als nous reptes que ens planteja la societat actual potenciant un aprenentatge actiu.<\/li>\n<li><strong>Oberta i Participativa: <\/strong>Gesti\u00f3 institucional democr\u00e0tica, participativa i oberta a les fam\u00edlies, arrelada a l\u2019entorn i context immediat (barri, ciutat i pa\u00eds).<\/li>\n<li>Estimuladora dels valors d\u2019una societat democr\u00e0tica i sensibilitzada amb la cura del medi i l\u2019entorn m\u00e9s proper.<\/li>\n<li><strong>Aconfessional<\/strong>: per tal de respondre als principis de respecte i de pluralisme ideol\u00f2gic de la societat que ens envolta.<\/li>\n<li><strong>Pluriling\u00fce<\/strong>: per afavorir l\u2019exposici\u00f3 de l\u2019alumnat a m\u00e9s estones a altres lleng\u00fces per tal de millorar les compet\u00e8ncies en aquest \u00e0mbit.<\/li>\n<\/ul>\n<div style=\"text-align: center;\">\n<div style=\"margin: 8px 0px 4px;\"><a href=\"https:\/\/www.calameo.com\/books\/004502092c199ba580c2c\" target=\"_blank\" rel=\"noopener\">Projecte Ling\u00fc\u00edstic Escola Serra De Marina<\/a><\/div>\n<p><iframe loading=\"lazy\" style=\"margin: 0 auto;\" src=\"\/\/v.calameo.com\/?bkcode=004502092c199ba580c2c&amp;mode=mini\" width=\"480\" height=\"300\" frameborder=\"0\" scrolling=\"no\" allowfullscreen=\"allowfullscreen\"><\/iframe><\/p>\n<div style=\"margin: 4px 0px 8px;\"><\/div>\n<\/div>\n<div style=\"text-align: center;\">\n<div style=\"margin: 8px 0px 4px;\"><a href=\"https:\/\/www.calameo.com\/books\/00450209202a89ec19ed6\" target=\"_blank\" rel=\"noopener\">Pec Serra De Marina 2017<\/a><\/div>\n<p><iframe loading=\"lazy\" style=\"margin: 0 auto;\" src=\"\/\/v.calameo.com\/?bkcode=00450209202a89ec19ed6&amp;mode=mini\" width=\"480\" height=\"300\" frameborder=\"0\" scrolling=\"no\" allowfullscreen=\"allowfullscreen\"><\/iframe><\/p>\n<div style=\"margin: 4px 0px 8px;\"><\/div>\n<\/div>\n","protected":false},"excerpt":{"rendered":"<p>Projecte Educatiu del Centre:<a href=\"https:\/\/agora.xtec.cat\/ceip-serramarina-sta-coloma\/wp-content\/uploads\/usu482\/2018\/10\/circ2.jpg\"><\/a><br \/>\n&nbsp;<br \/>\na) Missi\u00f3 de l&#8217;Escola\u00a0<br \/>\nSom una escola conscienciada amb el canvi de paradigma social en el que vivim i per aquest motiu volem desenvolupar una innovaci\u00f3 metodol\u00f2gica i did\u00e0ctica a les aules, per donar un impuls al treball competencial i l\u2019avaluaci\u00f3 formativa&hellip;  <a href=\"https:\/\/agora.xtec.cat\/ceip-serramarina-sta-coloma\/projecte-educatiu\/\" title=\"Read Projecte educatiu\">Llegeix m\u00e9s\u00bb<\/a><\/p>\n","protected":false},"author":2,"featured_media":0,"parent":0,"menu_order":0,"comment_status":"closed","ping_status":"closed","template":"page-templates\/side-menu.php","meta":{"_bbp_topic_count":0,"_bbp_reply_count":0,"_bbp_total_topic_count":0,"_bbp_total_reply_count":0,"_bbp_voice_count":0,"_bbp_anonymous_reply_count":0,"_bbp_topic_count_hidden":0,"_bbp_reply_count_hidden":0,"_bbp_forum_subforum_count":0,"footnotes":""},"class_list":["post-64","page","type-page","status-publish","hentry"],"post_mailing_queue_ids":[],"_links":{"self":[{"href":"https:\/\/agora.xtec.cat\/ceip-serramarina-sta-coloma\/wp-json\/wp\/v2\/pages\/64","targetHints":{"allow":["GET"]}}],"collection":[{"href":"https:\/\/agora.xtec.cat\/ceip-serramarina-sta-coloma\/wp-json\/wp\/v2\/pages"}],"about":[{"href":"https:\/\/agora.xtec.cat\/ceip-serramarina-sta-coloma\/wp-json\/wp\/v2\/types\/page"}],"author":[{"embeddable":true,"href":"https:\/\/agora.xtec.cat\/ceip-serramarina-sta-coloma\/wp-json\/wp\/v2\/users\/2"}],"replies":[{"embeddable":true,"href":"https:\/\/agora.xtec.cat\/ceip-serramarina-sta-coloma\/wp-json\/wp\/v2\/comments?post=64"}],"version-history":[{"count":4,"href":"https:\/\/agora.xtec.cat\/ceip-serramarina-sta-coloma\/wp-json\/wp\/v2\/pages\/64\/revisions"}],"predecessor-version":[{"id":6267,"href":"https:\/\/agora.xtec.cat\/ceip-serramarina-sta-coloma\/wp-json\/wp\/v2\/pages\/64\/revisions\/6267"}],"wp:attachment":[{"href":"https:\/\/agora.xtec.cat\/ceip-serramarina-sta-coloma\/wp-json\/wp\/v2\/media?parent=64"}],"curies":[{"name":"wp","href":"https:\/\/api.w.org\/{rel}","templated":true}]}}