{"id":6152,"date":"2022-01-31T16:20:36","date_gmt":"2022-01-31T15:20:36","guid":{"rendered":"https:\/\/agora.xtec.cat\/ceip-serramarina-sta-coloma\/?page_id=6152"},"modified":"2022-01-31T16:20:36","modified_gmt":"2022-01-31T15:20:36","slug":"g-suite","status":"publish","type":"page","link":"https:\/\/agora.xtec.cat\/ceip-serramarina-sta-coloma\/serveis\/g-suite\/","title":{"rendered":"G-Suite"},"content":{"rendered":"<p>A l&#8217;escola des de que va haver-hi el confinament, vam comen\u00e7ar un treball d&#8217;educaci\u00f3 on-line perqu\u00e8 els nostres alumnes poguessin seguir amb els seus aprenentatges des de casa.<br \/>\n\u00c9s una eina, que despr\u00e8s de la tornada a l&#8217;escola vam deixar instaurada en el funcionament diari de l&#8217;escola i que els nostres alumnes utilitzen per realitzar els deures setmanals i on els docents del centre poden corregir i fer un retorn de les tasques enviades.<br \/>\nTamb\u00e9 l&#8217;utilitzarem en algunes de les activitats que fem a l&#8217;escola.<br \/>\n\u00c9s una eina que ens ajuda a treballar la compet\u00e8ncia digital dels nostres alumnes mitjan\u00e7ant un entorn virtual d&#8217;aprenentatge.<\/p>\n<p>&nbsp;<\/p>\n<p><a href=\"http:\/\/www.google.com\" rel=\"noopener\"><img loading=\"lazy\" decoding=\"async\" class=\"wp-image-6158 aligncenter\" src=\"https:\/\/agora.xtec.cat\/ceip-serramarina-sta-coloma\/wp-content\/uploads\/usu482\/2022\/01\/classroom-1024x676.jpg\" alt=\"\" width=\"614\" height=\"405\" srcset=\"https:\/\/agora.xtec.cat\/ceip-serramarina-sta-coloma\/wp-content\/uploads\/usu482\/2022\/01\/classroom-1024x676.jpg 1024w, https:\/\/agora.xtec.cat\/ceip-serramarina-sta-coloma\/wp-content\/uploads\/usu482\/2022\/01\/classroom-300x198.jpg 300w, https:\/\/agora.xtec.cat\/ceip-serramarina-sta-coloma\/wp-content\/uploads\/usu482\/2022\/01\/classroom-768x507.jpg 768w, https:\/\/agora.xtec.cat\/ceip-serramarina-sta-coloma\/wp-content\/uploads\/usu482\/2022\/01\/classroom.jpg 1200w\" sizes=\"auto, (max-width: 614px) 100vw, 614px\" \/><\/a><\/p>\n","protected":false},"excerpt":{"rendered":"<p>A l&#8217;escola des de que va haver-hi el confinament, vam comen\u00e7ar un treball d&#8217;educaci\u00f3 on-line perqu\u00e8 els nostres alumnes poguessin seguir amb els seus aprenentatges des de casa.<br \/>\n\u00c9s una eina, que despr\u00e8s de la tornada a l&#8217;escola vam deixar instaurada en el funcionament diari de&hellip;  <a href=\"https:\/\/agora.xtec.cat\/ceip-serramarina-sta-coloma\/serveis\/g-suite\/\" title=\"Read G-Suite\">Llegeix m\u00e9s\u00bb<\/a><\/p>\n","protected":false},"author":11,"featured_media":0,"parent":66,"menu_order":0,"comment_status":"closed","ping_status":"closed","template":"","meta":{"_bbp_topic_count":0,"_bbp_reply_count":0,"_bbp_total_topic_count":0,"_bbp_total_reply_count":0,"_bbp_voice_count":0,"_bbp_anonymous_reply_count":0,"_bbp_topic_count_hidden":0,"_bbp_reply_count_hidden":0,"_bbp_forum_subforum_count":0,"footnotes":""},"class_list":["post-6152","page","type-page","status-publish","hentry"],"post_mailing_queue_ids":[],"_links":{"self":[{"href":"https:\/\/agora.xtec.cat\/ceip-serramarina-sta-coloma\/wp-json\/wp\/v2\/pages\/6152","targetHints":{"allow":["GET"]}}],"collection":[{"href":"https:\/\/agora.xtec.cat\/ceip-serramarina-sta-coloma\/wp-json\/wp\/v2\/pages"}],"about":[{"href":"https:\/\/agora.xtec.cat\/ceip-serramarina-sta-coloma\/wp-json\/wp\/v2\/types\/page"}],"author":[{"embeddable":true,"href":"https:\/\/agora.xtec.cat\/ceip-serramarina-sta-coloma\/wp-json\/wp\/v2\/users\/11"}],"replies":[{"embeddable":true,"href":"https:\/\/agora.xtec.cat\/ceip-serramarina-sta-coloma\/wp-json\/wp\/v2\/comments?post=6152"}],"version-history":[{"count":3,"href":"https:\/\/agora.xtec.cat\/ceip-serramarina-sta-coloma\/wp-json\/wp\/v2\/pages\/6152\/revisions"}],"predecessor-version":[{"id":6170,"href":"https:\/\/agora.xtec.cat\/ceip-serramarina-sta-coloma\/wp-json\/wp\/v2\/pages\/6152\/revisions\/6170"}],"up":[{"embeddable":true,"href":"https:\/\/agora.xtec.cat\/ceip-serramarina-sta-coloma\/wp-json\/wp\/v2\/pages\/66"}],"wp:attachment":[{"href":"https:\/\/agora.xtec.cat\/ceip-serramarina-sta-coloma\/wp-json\/wp\/v2\/media?parent=6152"}],"curies":[{"name":"wp","href":"https:\/\/api.w.org\/{rel}","templated":true}]}}