{"id":6144,"date":"2022-01-31T16:20:35","date_gmt":"2022-01-31T15:20:35","guid":{"rendered":"https:\/\/agora.xtec.cat\/ceip-serramarina-sta-coloma\/?page_id=6144"},"modified":"2022-02-04T11:48:11","modified_gmt":"2022-02-04T10:48:11","slug":"hort","status":"publish","type":"page","link":"https:\/\/agora.xtec.cat\/ceip-serramarina-sta-coloma\/innovacio\/hort\/","title":{"rendered":"Hort"},"content":{"rendered":"<p><span style=\"font-weight: 400;\">L\u2019hort de l\u2019escola \u00e9s un model pr\u00e0ctic, a escala redu\u00efda, d\u2019organitzaci\u00f3 biol\u00f2gica i ecol\u00f2gica, on es poden descobrir i aprendre les transcendents i estretes relacions entre l\u2019\u00e9sser hum\u00e0 i la natura.<\/span><\/p>\n<p><span style=\"font-weight: 400;\">Disposar d\u2019aquest\u00a0 petit espai de conreu esdev\u00e9\u00a0 enriquidor per tota comunitat educativa. Les activitats que es realitzen i les experi\u00e8ncies que es vieu en torn de l\u2019hort, desperten facetes i potencials que dif\u00edcilment es poden activar tant sols recorrent als llibres.\u00a0<\/span><\/p>\n<p><span style=\"font-weight: 400;\">Destaquem que l\u2019hort \u00e9s un majestu\u00f3s ecosistema on cont\u00ednuament es produeixen interaccions vitals de tots els \u00e9ssers vius, on tots estan directament lligats i depenen uns dels altres: la terra, l\u2019aigua, l\u2019aire, la llum i la radiaci\u00f3 del sol.\u00a0<\/span><\/p>\n<p><span style=\"font-weight: 400;\">Amb aquesta activitat potenciem el treball en grup i la col\u00b7laboraci\u00f3 m\u00fatua entre els alumnes. Oferint a l\u2019escola un veritable model did\u00e0ctic, on aprenen i comprenen en la pr\u00e0ctica els conceptes de biodiversitat, ecosistemes, ecologia b\u00e0sica, integraci\u00f3 amb l\u2019ambient o respecte vers el medi.\u00a0<\/span><\/p>\n<p><span style=\"font-weight: 400;\">L\u2019hort ens permet dur a terme diferents\u00a0 tipus d\u2019activitats amb els alumnes:\u00a0<\/span><\/p>\n<ul>\n<li style=\"font-weight: 400;\" aria-level=\"1\"><span style=\"font-weight: 400;\">Activitat de sessi\u00f3 \u00fanica:<\/span><span style=\"font-weight: 400;\"> permeten que amb un temps acotat els alumnes experimentin, construeixin observin i facin an\u00e0lisis de resultats.\u00a0<\/span><\/li>\n<li style=\"font-weight: 400;\" aria-level=\"1\"><span style=\"font-weight: 400;\">Activitats obertes curtes:<\/span><span style=\"font-weight: 400;\"> les duem a terme amb dues o tres sessions fent activitats que requereixin una recerca d\u2019informaci\u00f3 o un temps d\u2019espera i rep\u00f2s de petits experiments.\u00a0<\/span><\/li>\n<li style=\"font-weight: 400;\" aria-level=\"1\"><span style=\"font-weight: 400;\">Activitats de seguiment puntual:<\/span><span style=\"font-weight: 400;\"> activitats que permeten fer un seguiment basat en l\u2019observaci\u00f3 per veure els resultats, realitzar-ne anotacions i extreure\u2019n conclusions.\u00a0<\/span><\/li>\n<li style=\"font-weight: 400;\" aria-level=\"1\"><span style=\"font-weight: 400;\">Activitats de temporada:<\/span><span style=\"font-weight: 400;\"> activitats experimentals que poden durar tot el curs que requereixen un per\u00edode llarg d\u2019execuci\u00f3. Es mouen en funci\u00f3 del cicle de creixement de les plantes. Per dur-les a terme caldr\u00e0 realitzar anotacions i registres puntual.\u00a0<\/span><\/li>\n<\/ul>\n<p><img loading=\"lazy\" decoding=\"async\" class=\"size-full wp-image-6389 aligncenter\" src=\"https:\/\/agora.xtec.cat\/ceip-serramarina-sta-coloma\/wp-content\/uploads\/usu482\/2022\/02\/IMATGE-HORT.jpg\" alt=\"\" width=\"400\" height=\"280\" srcset=\"https:\/\/agora.xtec.cat\/ceip-serramarina-sta-coloma\/wp-content\/uploads\/usu482\/2022\/02\/IMATGE-HORT.jpg 400w, https:\/\/agora.xtec.cat\/ceip-serramarina-sta-coloma\/wp-content\/uploads\/usu482\/2022\/02\/IMATGE-HORT-300x210.jpg 300w\" sizes=\"auto, (max-width: 400px) 100vw, 400px\" \/><\/p>\n<p>&nbsp;<\/p>\n","protected":false},"excerpt":{"rendered":"<p>L\u2019hort de l\u2019escola \u00e9s un model pr\u00e0ctic, a escala redu\u00efda, d\u2019organitzaci\u00f3 biol\u00f2gica i ecol\u00f2gica, on es poden descobrir i aprendre les transcendents i estretes relacions entre l\u2019\u00e9sser hum\u00e0 i la natura.<br \/>\nDisposar d\u2019aquest\u00a0 petit espai de conreu esdev\u00e9\u00a0 enriquidor per tota comunitat educativa. Les activitats que&hellip;  <a href=\"https:\/\/agora.xtec.cat\/ceip-serramarina-sta-coloma\/innovacio\/hort\/\" title=\"Read Hort\">Llegeix m\u00e9s\u00bb<\/a><\/p>\n","protected":false},"author":11,"featured_media":0,"parent":6330,"menu_order":0,"comment_status":"closed","ping_status":"closed","template":"","meta":{"_bbp_topic_count":0,"_bbp_reply_count":0,"_bbp_total_topic_count":0,"_bbp_total_reply_count":0,"_bbp_voice_count":0,"_bbp_anonymous_reply_count":0,"_bbp_topic_count_hidden":0,"_bbp_reply_count_hidden":0,"_bbp_forum_subforum_count":0,"footnotes":""},"class_list":["post-6144","page","type-page","status-publish","hentry"],"post_mailing_queue_ids":[],"_links":{"self":[{"href":"https:\/\/agora.xtec.cat\/ceip-serramarina-sta-coloma\/wp-json\/wp\/v2\/pages\/6144","targetHints":{"allow":["GET"]}}],"collection":[{"href":"https:\/\/agora.xtec.cat\/ceip-serramarina-sta-coloma\/wp-json\/wp\/v2\/pages"}],"about":[{"href":"https:\/\/agora.xtec.cat\/ceip-serramarina-sta-coloma\/wp-json\/wp\/v2\/types\/page"}],"author":[{"embeddable":true,"href":"https:\/\/agora.xtec.cat\/ceip-serramarina-sta-coloma\/wp-json\/wp\/v2\/users\/11"}],"replies":[{"embeddable":true,"href":"https:\/\/agora.xtec.cat\/ceip-serramarina-sta-coloma\/wp-json\/wp\/v2\/comments?post=6144"}],"version-history":[{"count":3,"href":"https:\/\/agora.xtec.cat\/ceip-serramarina-sta-coloma\/wp-json\/wp\/v2\/pages\/6144\/revisions"}],"predecessor-version":[{"id":6390,"href":"https:\/\/agora.xtec.cat\/ceip-serramarina-sta-coloma\/wp-json\/wp\/v2\/pages\/6144\/revisions\/6390"}],"up":[{"embeddable":true,"href":"https:\/\/agora.xtec.cat\/ceip-serramarina-sta-coloma\/wp-json\/wp\/v2\/pages\/6330"}],"wp:attachment":[{"href":"https:\/\/agora.xtec.cat\/ceip-serramarina-sta-coloma\/wp-json\/wp\/v2\/media?parent=6144"}],"curies":[{"name":"wp","href":"https:\/\/api.w.org\/{rel}","templated":true}]}}