{"id":6143,"date":"2022-01-31T16:20:35","date_gmt":"2022-01-31T15:20:35","guid":{"rendered":"https:\/\/agora.xtec.cat\/ceip-serramarina-sta-coloma\/?page_id=6143"},"modified":"2022-02-04T13:17:37","modified_gmt":"2022-02-04T12:17:37","slug":"pla-dimpuls-a-la-lectura","status":"publish","type":"page","link":"https:\/\/agora.xtec.cat\/ceip-serramarina-sta-coloma\/innovacio\/pla-dimpuls-a-la-lectura\/","title":{"rendered":"Pla d&#8217;impuls a la lectura"},"content":{"rendered":"<p><span style=\"font-weight: 400;\">L\u2019escola participa del programa del Pla Nacional de la lectura\u00a0 del Govern de Catalunya amb el suport del Departament d\u2019Ensenyament, potenciant la lectura sistem\u00e0tica en totes les \u00e0rees i mat\u00e8ries del curr\u00edculum al llarg de tota l\u2019escolaritat b\u00e0sica, amb la finalitat de millorar la compet\u00e8ncia ling\u00fc\u00edstica, base de tots els aprenentatges.<\/span><\/p>\n<p><span style=\"font-weight: 400;\">Els seus objectius generals s\u00f3n:\u00a0<\/span><\/p>\n<ul>\n<li style=\"font-weight: 400;\" aria-level=\"1\"><span style=\"font-weight: 400;\">Millorar la capacitat de comprendre textos per augmentar el rendiment acad\u00e8mic de tot l\u2019alumnat.<\/span><\/li>\n<li style=\"font-weight: 400;\" aria-level=\"1\"><span style=\"font-weight: 400;\">Aconseguir que els infants i joves assumeixin les seves responsabilitats com a aprenents aut\u00f2noms amb capacitat per accedir a la informaci\u00f3 i al coneixement, fent de la lectura una de les eines b\u00e0siques per a l\u2019aprenentatge en totes les \u00e0rees i mat\u00e8ries del curr\u00edculum.<\/span><\/li>\n<li style=\"font-weight: 400;\" aria-level=\"1\"><span style=\"font-weight: 400;\">Formar bons lectors que gaudeixin i aprenguin llegint.<\/span><\/li>\n<\/ul>\n<p><span style=\"font-weight: 400;\">Tenint en compte aquest objectius, l\u2019escola ho articula al voltant de tres eixos:\u00a0<\/span><\/p>\n<p><b>\u00a0Saber llegir<\/b><span style=\"font-weight: 400;\">:\u00a0 L\u2019aprenentatge de la lectura representa el desenvolupament de la capacitat de llegir, de comprendre i d\u2019interpretar textos. L\u2019assoliment de les habilitats funcionals b\u00e0siques de lectura correspon al cicle inicial de prim\u00e0ria i \u00e9s en aquest cicle on s\u2019han de prendre les mesures de suport necess\u00e0ries amb els alumnes que hi presenten dificultats. Corresponen als cicles posteriors de prim\u00e0ria continuar el treball de les estrat\u00e8gies lectores, adaptades, \u00f2bviament, a les exig\u00e8ncies de cada nivell educatiu.<\/span><\/p>\n<p><b>Llegir per aprendre:<\/b><span style=\"font-weight: 400;\">\u00a0 La compet\u00e8ncia ling\u00fc\u00edstica en general i la comprensi\u00f3 lectora en particular s\u00f3n a la base de qualsevol aprenentatge. En el cas concret de la comprensi\u00f3 lectora el seu domini \u00e9s cabdal per tenir \u00e8xit escolar. Els alumnes han de desenvolupar la seva responsabilitat en l\u2019aprenentatge, sent conscients de les estrat\u00e8gies espec\u00edfiques que fan servir en cada \u00e0rea del coneixement. A m\u00e9s, han de tenir la capacitat d\u2019usar la lectura com a eina d\u2019acc\u00e9s a la informaci\u00f3, la descoberta i l\u2019ampliaci\u00f3 de coneixements, \u00e9s a dir, l\u2019\u00fas de la lectura esdev\u00e9 un instrument d\u2019aprenentatge a totes les \u00e0rees i mat\u00e8ries del curr\u00edculum.<\/span><\/p>\n<p><b>Gust per llegir:<\/b><span style=\"font-weight: 400;\"> S\u2019adquireix desenvolupant l\u2019h\u00e0bit lector i fomentant la lectura sistem\u00e0tica en qualsevol suport, aprenent a reflexionar sobre el que s\u2019ha llegit, sabent-ho explicar mitjan\u00e7ant evid\u00e8ncies orals o escrites i sabent-ho compartir amb els altres.<\/span><\/p>\n<p><img loading=\"lazy\" decoding=\"async\" class=\"size-large wp-image-6382 aligncenter\" src=\"https:\/\/agora.xtec.cat\/ceip-serramarina-sta-coloma\/wp-content\/uploads\/usu482\/2022\/02\/CARTELL-ILEC--724x1024.jpg\" alt=\"\" width=\"724\" height=\"1024\" srcset=\"https:\/\/agora.xtec.cat\/ceip-serramarina-sta-coloma\/wp-content\/uploads\/usu482\/2022\/02\/CARTELL-ILEC--724x1024.jpg 724w, https:\/\/agora.xtec.cat\/ceip-serramarina-sta-coloma\/wp-content\/uploads\/usu482\/2022\/02\/CARTELL-ILEC--212x300.jpg 212w, https:\/\/agora.xtec.cat\/ceip-serramarina-sta-coloma\/wp-content\/uploads\/usu482\/2022\/02\/CARTELL-ILEC--768x1086.jpg 768w, https:\/\/agora.xtec.cat\/ceip-serramarina-sta-coloma\/wp-content\/uploads\/usu482\/2022\/02\/CARTELL-ILEC--1086x1536.jpg 1086w, https:\/\/agora.xtec.cat\/ceip-serramarina-sta-coloma\/wp-content\/uploads\/usu482\/2022\/02\/CARTELL-ILEC--1448x2048.jpg 1448w, https:\/\/agora.xtec.cat\/ceip-serramarina-sta-coloma\/wp-content\/uploads\/usu482\/2022\/02\/CARTELL-ILEC-.jpg 1587w\" sizes=\"auto, (max-width: 724px) 100vw, 724px\" \/><\/p>\n","protected":false},"excerpt":{"rendered":"<p>L\u2019escola participa del programa del Pla Nacional de la lectura\u00a0 del Govern de Catalunya amb el suport del Departament d\u2019Ensenyament, potenciant la lectura sistem\u00e0tica en totes les \u00e0rees i mat\u00e8ries del curr\u00edculum al llarg de tota l\u2019escolaritat b\u00e0sica, amb la finalitat de millorar la compet\u00e8ncia&hellip;  <a href=\"https:\/\/agora.xtec.cat\/ceip-serramarina-sta-coloma\/innovacio\/pla-dimpuls-a-la-lectura\/\" title=\"Read Pla d&#8217;impuls a la lectura\">Llegeix m\u00e9s\u00bb<\/a><\/p>\n","protected":false},"author":11,"featured_media":0,"parent":6330,"menu_order":0,"comment_status":"closed","ping_status":"closed","template":"","meta":{"_bbp_topic_count":0,"_bbp_reply_count":0,"_bbp_total_topic_count":0,"_bbp_total_reply_count":0,"_bbp_voice_count":0,"_bbp_anonymous_reply_count":0,"_bbp_topic_count_hidden":0,"_bbp_reply_count_hidden":0,"_bbp_forum_subforum_count":0,"footnotes":""},"class_list":["post-6143","page","type-page","status-publish","hentry"],"post_mailing_queue_ids":[],"_links":{"self":[{"href":"https:\/\/agora.xtec.cat\/ceip-serramarina-sta-coloma\/wp-json\/wp\/v2\/pages\/6143","targetHints":{"allow":["GET"]}}],"collection":[{"href":"https:\/\/agora.xtec.cat\/ceip-serramarina-sta-coloma\/wp-json\/wp\/v2\/pages"}],"about":[{"href":"https:\/\/agora.xtec.cat\/ceip-serramarina-sta-coloma\/wp-json\/wp\/v2\/types\/page"}],"author":[{"embeddable":true,"href":"https:\/\/agora.xtec.cat\/ceip-serramarina-sta-coloma\/wp-json\/wp\/v2\/users\/11"}],"replies":[{"embeddable":true,"href":"https:\/\/agora.xtec.cat\/ceip-serramarina-sta-coloma\/wp-json\/wp\/v2\/comments?post=6143"}],"version-history":[{"count":3,"href":"https:\/\/agora.xtec.cat\/ceip-serramarina-sta-coloma\/wp-json\/wp\/v2\/pages\/6143\/revisions"}],"predecessor-version":[{"id":6393,"href":"https:\/\/agora.xtec.cat\/ceip-serramarina-sta-coloma\/wp-json\/wp\/v2\/pages\/6143\/revisions\/6393"}],"up":[{"embeddable":true,"href":"https:\/\/agora.xtec.cat\/ceip-serramarina-sta-coloma\/wp-json\/wp\/v2\/pages\/6330"}],"wp:attachment":[{"href":"https:\/\/agora.xtec.cat\/ceip-serramarina-sta-coloma\/wp-json\/wp\/v2\/media?parent=6143"}],"curies":[{"name":"wp","href":"https:\/\/api.w.org\/{rel}","templated":true}]}}