{"id":6134,"date":"2022-01-31T16:20:35","date_gmt":"2022-01-31T15:20:35","guid":{"rendered":"https:\/\/agora.xtec.cat\/ceip-serramarina-sta-coloma\/?page_id=6134"},"modified":"2022-02-03T12:07:07","modified_gmt":"2022-02-03T11:07:07","slug":"apadrinament-lector","status":"publish","type":"page","link":"https:\/\/agora.xtec.cat\/ceip-serramarina-sta-coloma\/educacio-primaria\/apadrinament-lector\/","title":{"rendered":"Apadrinament lector"},"content":{"rendered":"<p><strong>APADRINAMENT LECTOR<\/strong><\/p>\n<p>L\u2019apadrinament lector \u00e9s una activitat cooperativa quinzenal que es realitza en parelles formades per alumnes de cinqu\u00e8 que fan de padrins de lectura i els alumnes de primer de prim\u00e0ria que fan de fillols.<\/p>\n<p>El fet de ser padr\u00ed de lectura representa que l\u2019alumne padr\u00ed adquireix el comprom\u00eds principal de vetllar per l\u2019aprenentatge lector del seu fillol. L\u2019ajuda a aprendre a llegir, alhora que mira d\u2019encomanar-li el gust per la lectura tot engrescant-lo a llegir.<\/p>\n<p>Partim de dinamitzar l\u2019aprenentatge de la lectura, apropar el text als infants a trav\u00e9s de la tutoria entre iguals i en contextos significatius d\u2019aprenentatge.<\/p>\n<p>Els objectius d\u2019aquesta activitat s\u00f3n:<\/p>\n<p>-Potenciar els aprenentatges per part de tots els participants (padrins i fillols )<\/p>\n<p>-Crear contextos significatius d&#8217;aprenentatge (llegeixo perqu\u00e8 alg\u00fa m&#8217;entengui, llegeixo per alg\u00fa que li interessa escoltar-me )<\/p>\n<p>-Establir lligams afectius entre padrins i fillols al voltant de la lectura<\/p>\n<p>-Generar una experi\u00e8ncia positiva i plaent de lectura<\/p>\n<p style=\"text-align: center;\"><img loading=\"lazy\" decoding=\"async\" class=\"alignnone size-full wp-image-6313\" src=\"https:\/\/agora.xtec.cat\/ceip-serramarina-sta-coloma\/wp-content\/uploads\/usu482\/2022\/02\/Apadrinament-lector.png\" alt=\"\" width=\"1000\" height=\"800\" srcset=\"https:\/\/agora.xtec.cat\/ceip-serramarina-sta-coloma\/wp-content\/uploads\/usu482\/2022\/02\/Apadrinament-lector.png 1000w, https:\/\/agora.xtec.cat\/ceip-serramarina-sta-coloma\/wp-content\/uploads\/usu482\/2022\/02\/Apadrinament-lector-300x240.png 300w, https:\/\/agora.xtec.cat\/ceip-serramarina-sta-coloma\/wp-content\/uploads\/usu482\/2022\/02\/Apadrinament-lector-768x614.png 768w\" sizes=\"auto, (max-width: 1000px) 100vw, 1000px\" \/><\/p>\n","protected":false},"excerpt":{"rendered":"<p>APADRINAMENT LECTOR<br \/>\nL\u2019apadrinament lector \u00e9s una activitat cooperativa quinzenal que es realitza en parelles formades per alumnes de cinqu\u00e8 que fan de padrins de lectura i els alumnes de primer de prim\u00e0ria que fan de fillols.<br \/>\nEl fet de ser padr\u00ed de lectura representa que l\u2019alumne padr\u00ed&hellip;  <a href=\"https:\/\/agora.xtec.cat\/ceip-serramarina-sta-coloma\/educacio-primaria\/apadrinament-lector\/\" title=\"Read Apadrinament lector\">Llegeix m\u00e9s\u00bb<\/a><\/p>\n","protected":false},"author":11,"featured_media":0,"parent":6119,"menu_order":0,"comment_status":"closed","ping_status":"closed","template":"","meta":{"_bbp_topic_count":0,"_bbp_reply_count":0,"_bbp_total_topic_count":0,"_bbp_total_reply_count":0,"_bbp_voice_count":0,"_bbp_anonymous_reply_count":0,"_bbp_topic_count_hidden":0,"_bbp_reply_count_hidden":0,"_bbp_forum_subforum_count":0,"footnotes":""},"class_list":["post-6134","page","type-page","status-publish","hentry"],"post_mailing_queue_ids":[],"_links":{"self":[{"href":"https:\/\/agora.xtec.cat\/ceip-serramarina-sta-coloma\/wp-json\/wp\/v2\/pages\/6134","targetHints":{"allow":["GET"]}}],"collection":[{"href":"https:\/\/agora.xtec.cat\/ceip-serramarina-sta-coloma\/wp-json\/wp\/v2\/pages"}],"about":[{"href":"https:\/\/agora.xtec.cat\/ceip-serramarina-sta-coloma\/wp-json\/wp\/v2\/types\/page"}],"author":[{"embeddable":true,"href":"https:\/\/agora.xtec.cat\/ceip-serramarina-sta-coloma\/wp-json\/wp\/v2\/users\/11"}],"replies":[{"embeddable":true,"href":"https:\/\/agora.xtec.cat\/ceip-serramarina-sta-coloma\/wp-json\/wp\/v2\/comments?post=6134"}],"version-history":[{"count":3,"href":"https:\/\/agora.xtec.cat\/ceip-serramarina-sta-coloma\/wp-json\/wp\/v2\/pages\/6134\/revisions"}],"predecessor-version":[{"id":6314,"href":"https:\/\/agora.xtec.cat\/ceip-serramarina-sta-coloma\/wp-json\/wp\/v2\/pages\/6134\/revisions\/6314"}],"up":[{"embeddable":true,"href":"https:\/\/agora.xtec.cat\/ceip-serramarina-sta-coloma\/wp-json\/wp\/v2\/pages\/6119"}],"wp:attachment":[{"href":"https:\/\/agora.xtec.cat\/ceip-serramarina-sta-coloma\/wp-json\/wp\/v2\/media?parent=6134"}],"curies":[{"name":"wp","href":"https:\/\/api.w.org\/{rel}","templated":true}]}}