{"id":6133,"date":"2022-01-31T16:20:35","date_gmt":"2022-01-31T15:20:35","guid":{"rendered":"https:\/\/agora.xtec.cat\/ceip-serramarina-sta-coloma\/?page_id=6133"},"modified":"2022-02-23T15:15:38","modified_gmt":"2022-02-23T14:15:38","slug":"innovamat","status":"publish","type":"page","link":"https:\/\/agora.xtec.cat\/ceip-serramarina-sta-coloma\/educacio-primaria\/innovamat\/","title":{"rendered":"Innovamat"},"content":{"rendered":"<p><strong>QUE \u00c9S INNOVAMAT?\u00a0<\/strong><\/p>\n<p><span style=\"font-weight: 400;\">Innovamat \u00e9s una proposta per treballar les matem\u00e0tiques d\u2019una manera m\u00e9s competencial i significativa. On es <\/span><span style=\"font-weight: 400;\">distribueix els blocs de contingut i el treball de les compet\u00e8ncies en diferents din\u00e0miques per maximitzar la capacitat dels estudiants en les \u00e0rees de l\u00f2gica, aritm\u00e8tica mental i la creativitat a trav\u00e9s de la realitat augmentada, trencaclosques, test cognitius i la seva aplicaci\u00f3 m\u00f2bil, que a m\u00e9s a m\u00e9s, ens servir\u00e0 per desenvolupar la compet\u00e8ncia digital dels nostres alumnes.<\/span><\/p>\n<p><span style=\"font-weight: 400;\">Els materials posen l\u2019alumne en el centre del seu propi proc\u00e9s d\u2019ensenyament-aprenentatge i permet desenvolupar l\u2019autonomia i el pensament cr\u00edtic: un proc\u00e9s emocional i emocionant pensat per a comprometre l\u2019alumne a trav\u00e9s d\u2019est\u00edmuls positius.<\/span><\/p>\n<p><span style=\"font-weight: 400;\">Desapareix la classe de matem\u00e0tiques, tal i com l&#8217;anomenavem, per endinsar-nos, en el laboratori de nombres i les aventures matem\u00e0tiques i una sessi\u00f3 setmanal de l\u2019aplicaci\u00f3 m\u00f2bil. <\/span><span style=\"font-weight: 400;\">Aquesta proposta transforma l\u2019aula de prim\u00e0ria i les relacions que es donen en ella per emocionar, estimular i motivar l\u2019alumnat en l\u2019aprenentatge matem\u00e0tic.<\/span><\/p>\n<p><span style=\"font-weight: 400;\">Laboratori de nombres: \u00c9s l\u2019apartat on treballarem sobretot numeraci\u00f3 i c\u00e0lcul, el bloc amb m\u00e9s pes durant l\u2019etapa d\u2019educaci\u00f3 prim\u00e0ria<\/span><span style=\"font-weight: 400;\">.<\/span><span style=\"font-weight: 400;\">Els conceptes s\u2019hi presenten de manera c\u00edclica, tant al llarg de tot el curs com dins de cada trimestre, amb un increment progressiu de la dificultat.<\/span><\/p>\n<p><span style=\"font-weight: 400;\">L\u2019aula canvia radicalment de forma: el\/la mestre\/a passa a ser un\/a guia de l\u2019aprenentatge en lloc de transmetre tots els coneixements.<\/span><\/p>\n<p><span style=\"font-weight: 400;\">\u00c9s l\u2019alumnat qui, mitjan\u00e7ant les activitats de conversa matem\u00e0tica i l\u2019\u00fas de materials manipulatius o miniaplicacions digitals, apr\u00e8n els conceptes per ell\/a mateix\/a.<\/span><\/p>\n<p><span style=\"font-weight: 400;\">Aventures matem\u00e0tiques: \u00c9s on treballarem la resta de blocs, relacions i canvi, espai i forma, mesura i estad\u00edstica i atzar, sense deixar de treballar numeraci\u00f3 i c\u00e0lcul. Els conceptes s\u2019hi presenten en forma de reptes guiats i contextualitzats dins d\u2019hist\u00f2ries de fantasia. Cada curs escolar, l\u2019alumnat \u00e9s protagonista de dues hist\u00f2ries diferents plenes de reptes, presentades amb v\u00eddeos d\u2019una s\u00e8rie d\u2019animaci\u00f3.<\/span><\/p>\n<p><span style=\"font-weight: 400;\">I finalment l\u2019aplicaci\u00f3 m\u00f2bil, on mitjan\u00e7ant els dispositius m\u00f2bils els alumnes treballaran tots els blocs de l\u2019\u00e0mbit matem\u00e0tic de manera individual i jugada tot el que es treballa al llarg del curs. Aquest aplicatiu regula l\u2019aparici\u00f3 dels diferents exercicis depenent de les necessitats de cada alumne.<\/span><\/p>\n<p><a href=\"https:\/\/youtu.be\/pERXXiZjS14\"><img loading=\"lazy\" decoding=\"async\" class=\"size-full wp-image-6462 aligncenter\" src=\"https:\/\/agora.xtec.cat\/ceip-serramarina-sta-coloma\/wp-content\/uploads\/usu482\/2022\/02\/innovamat.png\" alt=\"\" width=\"225\" height=\"225\" srcset=\"https:\/\/agora.xtec.cat\/ceip-serramarina-sta-coloma\/wp-content\/uploads\/usu482\/2022\/02\/innovamat.png 225w, https:\/\/agora.xtec.cat\/ceip-serramarina-sta-coloma\/wp-content\/uploads\/usu482\/2022\/02\/innovamat-150x150.png 150w\" sizes=\"auto, (max-width: 225px) 100vw, 225px\" \/><\/a><\/p>\n<p><img loading=\"lazy\" decoding=\"async\" class=\"alignnone size-full wp-image-6303\" src=\"https:\/\/agora.xtec.cat\/ceip-serramarina-sta-coloma\/wp-content\/uploads\/usu482\/2022\/02\/Innovamat-al-Serra-1.png\" alt=\"\" width=\"1000\" height=\"800\" srcset=\"https:\/\/agora.xtec.cat\/ceip-serramarina-sta-coloma\/wp-content\/uploads\/usu482\/2022\/02\/Innovamat-al-Serra-1.png 1000w, https:\/\/agora.xtec.cat\/ceip-serramarina-sta-coloma\/wp-content\/uploads\/usu482\/2022\/02\/Innovamat-al-Serra-1-300x240.png 300w, https:\/\/agora.xtec.cat\/ceip-serramarina-sta-coloma\/wp-content\/uploads\/usu482\/2022\/02\/Innovamat-al-Serra-1-768x614.png 768w\" sizes=\"auto, (max-width: 1000px) 100vw, 1000px\" \/><\/p>\n<p>&nbsp;<\/p>\n<p>&nbsp;<\/p>\n","protected":false},"excerpt":{"rendered":"<p>QUE \u00c9S INNOVAMAT?\u00a0<br \/>\nInnovamat \u00e9s una proposta per treballar les matem\u00e0tiques d\u2019una manera m\u00e9s competencial i significativa. On es distribueix els blocs de contingut i el treball de les compet\u00e8ncies en diferents din\u00e0miques per maximitzar la capacitat dels estudiants en les \u00e0rees de l\u00f2gica, aritm\u00e8tica mental&hellip;  <a href=\"https:\/\/agora.xtec.cat\/ceip-serramarina-sta-coloma\/educacio-primaria\/innovamat\/\" title=\"Read Innovamat\">Llegeix m\u00e9s\u00bb<\/a><\/p>\n","protected":false},"author":11,"featured_media":0,"parent":6119,"menu_order":0,"comment_status":"closed","ping_status":"closed","template":"","meta":{"_bbp_topic_count":0,"_bbp_reply_count":0,"_bbp_total_topic_count":0,"_bbp_total_reply_count":0,"_bbp_voice_count":0,"_bbp_anonymous_reply_count":0,"_bbp_topic_count_hidden":0,"_bbp_reply_count_hidden":0,"_bbp_forum_subforum_count":0,"footnotes":""},"class_list":["post-6133","page","type-page","status-publish","hentry"],"post_mailing_queue_ids":[],"_links":{"self":[{"href":"https:\/\/agora.xtec.cat\/ceip-serramarina-sta-coloma\/wp-json\/wp\/v2\/pages\/6133","targetHints":{"allow":["GET"]}}],"collection":[{"href":"https:\/\/agora.xtec.cat\/ceip-serramarina-sta-coloma\/wp-json\/wp\/v2\/pages"}],"about":[{"href":"https:\/\/agora.xtec.cat\/ceip-serramarina-sta-coloma\/wp-json\/wp\/v2\/types\/page"}],"author":[{"embeddable":true,"href":"https:\/\/agora.xtec.cat\/ceip-serramarina-sta-coloma\/wp-json\/wp\/v2\/users\/11"}],"replies":[{"embeddable":true,"href":"https:\/\/agora.xtec.cat\/ceip-serramarina-sta-coloma\/wp-json\/wp\/v2\/comments?post=6133"}],"version-history":[{"count":3,"href":"https:\/\/agora.xtec.cat\/ceip-serramarina-sta-coloma\/wp-json\/wp\/v2\/pages\/6133\/revisions"}],"predecessor-version":[{"id":6463,"href":"https:\/\/agora.xtec.cat\/ceip-serramarina-sta-coloma\/wp-json\/wp\/v2\/pages\/6133\/revisions\/6463"}],"up":[{"embeddable":true,"href":"https:\/\/agora.xtec.cat\/ceip-serramarina-sta-coloma\/wp-json\/wp\/v2\/pages\/6119"}],"wp:attachment":[{"href":"https:\/\/agora.xtec.cat\/ceip-serramarina-sta-coloma\/wp-json\/wp\/v2\/media?parent=6133"}],"curies":[{"name":"wp","href":"https:\/\/api.w.org\/{rel}","templated":true}]}}