{"id":6132,"date":"2022-01-31T16:20:35","date_gmt":"2022-01-31T15:20:35","guid":{"rendered":"https:\/\/agora.xtec.cat\/ceip-serramarina-sta-coloma\/?page_id=6132"},"modified":"2022-02-04T15:37:35","modified_gmt":"2022-02-04T14:37:35","slug":"internivells","status":"publish","type":"page","link":"https:\/\/agora.xtec.cat\/ceip-serramarina-sta-coloma\/educacio-primaria\/internivells\/","title":{"rendered":"Internivells"},"content":{"rendered":"<p><b>Qu\u00e8 s\u00f3n els internivells de l\u2019escola Serra de Marina?<\/b><\/p>\n<p>Davant la necessitat de veure que els nostres alumnes s&#8217;autoregulessin el seu aprenentatge, observessin la import\u00e0ncia que t\u00e9 l&#8217;autoaval<span style=\"font-family: inherit; font-size: 1em;\">uaci\u00f3 en el seu propi proc\u00e9s d&#8217;aprenentatge i fossin conscients de tots els beneficis que propicia la barreja dels grups a l&#8217;hora de dur a terme activitats educatives, l&#8217;escola va decidir fa quatre cursos impulsar una nova manera de treballar molt m\u00e9s competencial i manipulativa: els internivells.<\/span><\/p>\n<p><b>Com treballem els internivells?<img loading=\"lazy\" decoding=\"async\" class=\"wp-image-6344 alignright\" src=\"https:\/\/agora.xtec.cat\/ceip-serramarina-sta-coloma\/wp-content\/uploads\/usu482\/2022\/02\/Internivells-web.jpg\" alt=\"\" width=\"426\" height=\"426\" srcset=\"https:\/\/agora.xtec.cat\/ceip-serramarina-sta-coloma\/wp-content\/uploads\/usu482\/2022\/02\/Internivells-web.jpg 500w, https:\/\/agora.xtec.cat\/ceip-serramarina-sta-coloma\/wp-content\/uploads\/usu482\/2022\/02\/Internivells-web-300x300.jpg 300w, https:\/\/agora.xtec.cat\/ceip-serramarina-sta-coloma\/wp-content\/uploads\/usu482\/2022\/02\/Internivells-web-150x150.jpg 150w\" sizes=\"auto, (max-width: 426px) 100vw, 426px\" \/><\/b><\/p>\n<p>Realitzem els Internivells barrejant alumnes dels dos grups de cada nivell (A i B). Dels 50-52 alumnes que formen cada nivell realitzem quatre grups heterogenis fomen<span style=\"font-family: inherit; font-size: 1em;\">tant la inclusi\u00f3, l\u2019atenci\u00f3 a la diversitat i respectant el ritme d\u2019aprenentatge de cada alumne. D\u2019aquests quatre grups, cada un d\u2019aquests treballa una dimensi\u00f3 durant tres setmanes. Els alumnes treballen cadascuna de les dimensions de l&#8217;\u00e0mbit matem\u00e0tic i de l\u2019\u00e0mbit ling\u00fc\u00edstic a trav\u00e9s d\u2019un repte que planteja cada internivell, disposant d\u2019un espai per realitzar l\u2019internivell amb tot el material necessari, ja sigui recursos fungibles, material manipulatiu, eines digitals o qualsevol altre material que s\u2019utilitza per treballar aquella dimensi\u00f3 a l\u2019interniv<\/span><span style=\"font-family: inherit; font-size: 1em;\">ell corresponent durant tres sessions per aconseguir resoldre el repte<\/span><b style=\"font-family: inherit; font-size: 1em;\">.\u00a0<\/b><\/p>\n<p><b>Quins objectius aconseguim realitzant internivells?<\/b><\/p>\n<p>Els objectius que aconseguim en realitzar internivells s\u00f3n refor\u00e7ar el treball competencial en el proc\u00e9s d&#8217;aprenentatge, desenvolupant estrat\u00e8gies de comunicaci\u00f3 i expressi\u00f3 oral i escrita i prioritzant el treball cooperatiu i aut\u00f2nom. Els internivells ens permeten aprendre a respectar les difer\u00e8ncies entre iguals, respectant el ritme d&#8217;aprenentatge de cada alumne, atenent les possibles dificultats que sorgeixin i aprenent a trav\u00e9s d&#8217;assaig-error, per fomentar la motivaci\u00f3 dels nostres alumnes i ajudar-los en el proc\u00e9s de construcci\u00f3 del seu coneixement. Un altre objectiu que tenim molt present, \u00e9s l&#8217;\u00fas de les eines digitals per millorar la compet\u00e8ncia digital dels nostres alumnes i preparar-los per un m\u00f3n cada vegada m\u00e9s digital. Ajudem a dur a terme estrat\u00e8gies i compet\u00e8ncies matem\u00e0tiques que ajudin al nostre alumnat a l&#8217;hora de treballar les altres \u00e0rees. Finalment, els nostres alumnes aprenen a avaluar les pr\u00f2pies tasques i s\u00f3n cr\u00edtics amb el seu proc\u00e9s d&#8217;aprenentatge.<\/p>\n<p><b>Quins instruments ens permeten avaluar els internivells i l&#8217;evoluci\u00f3 de l\u2019alumnat?<\/b><\/p>\n<p>A trav\u00e9s de l&#8217;assaig-error, hem anat evolucionant i modificant al llarg dels anys els nostres internivells per donar resposta a una educaci\u00f3 de qualitat a la nostra escola. Els alumnes disposen de bases d&#8217;orientaci\u00f3 per autoregular-se. Per avaluar els internivells i l&#8217;evoluci\u00f3 de l&#8217;alumnat, s&#8217;utilitzen r\u00fabriques d&#8217;autoavaluaci\u00f3, r\u00fabriques per avaluar el proc\u00e9s d&#8217;aprenentatge dels companys, realitzant debats que fomentin el refor\u00e7 positiu i cr\u00edtiques constructives si calen per millorar la tasca feta. L&#8217;evoluci\u00f3 de l&#8217;alumnat t\u00e9 una avaluaci\u00f3 cont\u00ednua, ja que s&#8217;avalua tot el proc\u00e9s d&#8217;aprenentatge i no nom\u00e9s el producte final. Volem transmetre als nostres alumnes la import\u00e0ncia que t\u00e9 detectar els possibles errors per millorar-ho, aprendre i fomentar el desig d&#8217;aprendre que tenen els nostres alumnes, de tal manera que l\u2019alumne sempre sigui el protagonista en el seu proc\u00e9s d\u2019aprenentatge.<\/p>\n<p><img loading=\"lazy\" decoding=\"async\" class=\"wp-image-6348 aligncenter\" src=\"https:\/\/agora.xtec.cat\/ceip-serramarina-sta-coloma\/wp-content\/uploads\/usu482\/2022\/02\/Infografia-Internivells-1024x671.png\" alt=\"\" width=\"713\" height=\"467\" srcset=\"https:\/\/agora.xtec.cat\/ceip-serramarina-sta-coloma\/wp-content\/uploads\/usu482\/2022\/02\/Infografia-Internivells-1024x671.png 1024w, https:\/\/agora.xtec.cat\/ceip-serramarina-sta-coloma\/wp-content\/uploads\/usu482\/2022\/02\/Infografia-Internivells-300x197.png 300w, https:\/\/agora.xtec.cat\/ceip-serramarina-sta-coloma\/wp-content\/uploads\/usu482\/2022\/02\/Infografia-Internivells-768x504.png 768w, https:\/\/agora.xtec.cat\/ceip-serramarina-sta-coloma\/wp-content\/uploads\/usu482\/2022\/02\/Infografia-Internivells-1536x1007.png 1536w, https:\/\/agora.xtec.cat\/ceip-serramarina-sta-coloma\/wp-content\/uploads\/usu482\/2022\/02\/Infografia-Internivells-2048x1343.png 2048w\" sizes=\"auto, (max-width: 713px) 100vw, 713px\" \/><\/p>\n<p><img loading=\"lazy\" decoding=\"async\" class=\"alignnone size-full wp-image-6396\" src=\"https:\/\/agora.xtec.cat\/ceip-serramarina-sta-coloma\/wp-content\/uploads\/usu482\/2022\/02\/Internivells-fotos.png\" alt=\"\" width=\"1000\" height=\"800\" srcset=\"https:\/\/agora.xtec.cat\/ceip-serramarina-sta-coloma\/wp-content\/uploads\/usu482\/2022\/02\/Internivells-fotos.png 1000w, https:\/\/agora.xtec.cat\/ceip-serramarina-sta-coloma\/wp-content\/uploads\/usu482\/2022\/02\/Internivells-fotos-300x240.png 300w, https:\/\/agora.xtec.cat\/ceip-serramarina-sta-coloma\/wp-content\/uploads\/usu482\/2022\/02\/Internivells-fotos-768x614.png 768w\" sizes=\"auto, (max-width: 1000px) 100vw, 1000px\" \/><\/p>\n<p>&nbsp;<\/p>\n<p>&nbsp;<\/p>\n<p>&nbsp;<\/p>\n","protected":false},"excerpt":{"rendered":"<p>Qu\u00e8 s\u00f3n els internivells de l\u2019escola Serra de Marina?<br \/>\nDavant la necessitat de veure que els nostres alumnes s&#8217;autoregulessin el seu aprenentatge, observessin la import\u00e0ncia que t\u00e9 l&#8217;autoavaluaci\u00f3 en el seu propi proc\u00e9s d&#8217;aprenentatge i fossin conscients de tots els beneficis que propicia la barreja dels&hellip;  <a href=\"https:\/\/agora.xtec.cat\/ceip-serramarina-sta-coloma\/educacio-primaria\/internivells\/\" title=\"Read Internivells\">Llegeix m\u00e9s\u00bb<\/a><\/p>\n","protected":false},"author":11,"featured_media":0,"parent":6119,"menu_order":0,"comment_status":"closed","ping_status":"closed","template":"","meta":{"_bbp_topic_count":0,"_bbp_reply_count":0,"_bbp_total_topic_count":0,"_bbp_total_reply_count":0,"_bbp_voice_count":0,"_bbp_anonymous_reply_count":0,"_bbp_topic_count_hidden":0,"_bbp_reply_count_hidden":0,"_bbp_forum_subforum_count":0,"footnotes":""},"class_list":["post-6132","page","type-page","status-publish","hentry"],"post_mailing_queue_ids":[],"_links":{"self":[{"href":"https:\/\/agora.xtec.cat\/ceip-serramarina-sta-coloma\/wp-json\/wp\/v2\/pages\/6132","targetHints":{"allow":["GET"]}}],"collection":[{"href":"https:\/\/agora.xtec.cat\/ceip-serramarina-sta-coloma\/wp-json\/wp\/v2\/pages"}],"about":[{"href":"https:\/\/agora.xtec.cat\/ceip-serramarina-sta-coloma\/wp-json\/wp\/v2\/types\/page"}],"author":[{"embeddable":true,"href":"https:\/\/agora.xtec.cat\/ceip-serramarina-sta-coloma\/wp-json\/wp\/v2\/users\/11"}],"replies":[{"embeddable":true,"href":"https:\/\/agora.xtec.cat\/ceip-serramarina-sta-coloma\/wp-json\/wp\/v2\/comments?post=6132"}],"version-history":[{"count":4,"href":"https:\/\/agora.xtec.cat\/ceip-serramarina-sta-coloma\/wp-json\/wp\/v2\/pages\/6132\/revisions"}],"predecessor-version":[{"id":6397,"href":"https:\/\/agora.xtec.cat\/ceip-serramarina-sta-coloma\/wp-json\/wp\/v2\/pages\/6132\/revisions\/6397"}],"up":[{"embeddable":true,"href":"https:\/\/agora.xtec.cat\/ceip-serramarina-sta-coloma\/wp-json\/wp\/v2\/pages\/6119"}],"wp:attachment":[{"href":"https:\/\/agora.xtec.cat\/ceip-serramarina-sta-coloma\/wp-json\/wp\/v2\/media?parent=6132"}],"curies":[{"name":"wp","href":"https:\/\/api.w.org\/{rel}","templated":true}]}}