{"id":6127,"date":"2022-01-31T16:20:35","date_gmt":"2022-01-31T15:20:35","guid":{"rendered":"https:\/\/agora.xtec.cat\/ceip-serramarina-sta-coloma\/?page_id=6127"},"modified":"2022-02-04T10:43:58","modified_gmt":"2022-02-04T09:43:58","slug":"hora-del-conte","status":"publish","type":"page","link":"https:\/\/agora.xtec.cat\/ceip-serramarina-sta-coloma\/educacio-infantil\/hora-del-conte\/","title":{"rendered":"Hora del conte"},"content":{"rendered":"<p><b>Qu\u00e8 \u00e9s l\u2019hora del conte?<\/b><\/p>\n<p><span style=\"font-weight: 400;\">La literatura t\u00e9 un paper important en el desenvolupament de la creativitat i en l\u2019adquisici\u00f3 de la llengua oral i escrita. Afavoreix i desperta la capacitat l\u00fadica i creativa, aborda la vessant emocional, aix\u00ed com ajuda a interpretar, imaginar, somiar i recon\u00e8ixer el propi entorn. Un cop a la setmana, els infants gaudeixen d\u2019una escolta estructurada d\u2019un conte o \u00e0lbum il\u00b7lustrat.<\/span><\/p>\n<p><b>Com el treballem?<\/b><\/p>\n<p><span style=\"font-weight: 400;\">Creem l\u2019ambient: una capsa m\u00e0gica on apareix el conte i\/o elements que apareixen, per tal d\u2019activar els coneixements previs. A m\u00e9s, definim, concretem i compartim els objectius.\u00a0<\/span><\/p>\n<p><span style=\"font-weight: 400;\">Escoltem: \u00e9s el moment de viatjar! Les connexions, les infer\u00e8ncies, les hip\u00f2tesis, les preguntes literals, inferencials i cr\u00edtiques formen part de l\u2019acci\u00f3 d\u2019escoltar.\u00a0<\/span><\/p>\n<p><b>Expressem:<\/b><span style=\"font-weight: 400;\"> Compartim l\u2019experi\u00e8ncia, el que hem ent\u00e8s, el que hem sentit, el que hem apr\u00e8s. I posteriorment fem una activitat de s\u00edntesi.<\/span><\/p>\n<p><img loading=\"lazy\" decoding=\"async\" class=\" wp-image-6368 aligncenter\" src=\"https:\/\/agora.xtec.cat\/ceip-serramarina-sta-coloma\/wp-content\/uploads\/usu482\/2022\/02\/Hora-del-conte-1024x725.png\" alt=\"\" width=\"527\" height=\"373\" srcset=\"https:\/\/agora.xtec.cat\/ceip-serramarina-sta-coloma\/wp-content\/uploads\/usu482\/2022\/02\/Hora-del-conte-1024x725.png 1024w, https:\/\/agora.xtec.cat\/ceip-serramarina-sta-coloma\/wp-content\/uploads\/usu482\/2022\/02\/Hora-del-conte-300x212.png 300w, https:\/\/agora.xtec.cat\/ceip-serramarina-sta-coloma\/wp-content\/uploads\/usu482\/2022\/02\/Hora-del-conte-768x544.png 768w, https:\/\/agora.xtec.cat\/ceip-serramarina-sta-coloma\/wp-content\/uploads\/usu482\/2022\/02\/Hora-del-conte-1536x1087.png 1536w, https:\/\/agora.xtec.cat\/ceip-serramarina-sta-coloma\/wp-content\/uploads\/usu482\/2022\/02\/Hora-del-conte.png 1726w\" sizes=\"auto, (max-width: 527px) 100vw, 527px\" \/><\/p>\n","protected":false},"excerpt":{"rendered":"<p>Qu\u00e8 \u00e9s l\u2019hora del conte?<br \/>\nLa literatura t\u00e9 un paper important en el desenvolupament de la creativitat i en l\u2019adquisici\u00f3 de la llengua oral i escrita. Afavoreix i desperta la capacitat l\u00fadica i creativa, aborda la vessant emocional, aix\u00ed com ajuda a interpretar, imaginar, somiar i&hellip;  <a href=\"https:\/\/agora.xtec.cat\/ceip-serramarina-sta-coloma\/educacio-infantil\/hora-del-conte\/\" title=\"Read Hora del conte\">Llegeix m\u00e9s\u00bb<\/a><\/p>\n","protected":false},"author":11,"featured_media":0,"parent":6118,"menu_order":0,"comment_status":"closed","ping_status":"closed","template":"","meta":{"_bbp_topic_count":0,"_bbp_reply_count":0,"_bbp_total_topic_count":0,"_bbp_total_reply_count":0,"_bbp_voice_count":0,"_bbp_anonymous_reply_count":0,"_bbp_topic_count_hidden":0,"_bbp_reply_count_hidden":0,"_bbp_forum_subforum_count":0,"footnotes":""},"class_list":["post-6127","page","type-page","status-publish","hentry"],"post_mailing_queue_ids":[],"_links":{"self":[{"href":"https:\/\/agora.xtec.cat\/ceip-serramarina-sta-coloma\/wp-json\/wp\/v2\/pages\/6127","targetHints":{"allow":["GET"]}}],"collection":[{"href":"https:\/\/agora.xtec.cat\/ceip-serramarina-sta-coloma\/wp-json\/wp\/v2\/pages"}],"about":[{"href":"https:\/\/agora.xtec.cat\/ceip-serramarina-sta-coloma\/wp-json\/wp\/v2\/types\/page"}],"author":[{"embeddable":true,"href":"https:\/\/agora.xtec.cat\/ceip-serramarina-sta-coloma\/wp-json\/wp\/v2\/users\/11"}],"replies":[{"embeddable":true,"href":"https:\/\/agora.xtec.cat\/ceip-serramarina-sta-coloma\/wp-json\/wp\/v2\/comments?post=6127"}],"version-history":[{"count":3,"href":"https:\/\/agora.xtec.cat\/ceip-serramarina-sta-coloma\/wp-json\/wp\/v2\/pages\/6127\/revisions"}],"predecessor-version":[{"id":6370,"href":"https:\/\/agora.xtec.cat\/ceip-serramarina-sta-coloma\/wp-json\/wp\/v2\/pages\/6127\/revisions\/6370"}],"up":[{"embeddable":true,"href":"https:\/\/agora.xtec.cat\/ceip-serramarina-sta-coloma\/wp-json\/wp\/v2\/pages\/6118"}],"wp:attachment":[{"href":"https:\/\/agora.xtec.cat\/ceip-serramarina-sta-coloma\/wp-json\/wp\/v2\/media?parent=6127"}],"curies":[{"name":"wp","href":"https:\/\/api.w.org\/{rel}","templated":true}]}}