{"id":6122,"date":"2022-01-31T16:20:35","date_gmt":"2022-01-31T15:20:35","guid":{"rendered":"https:\/\/agora.xtec.cat\/ceip-serramarina-sta-coloma\/?page_id=6122"},"modified":"2022-02-02T16:35:04","modified_gmt":"2022-02-02T15:35:04","slug":"racons-de-llengua","status":"publish","type":"page","link":"https:\/\/agora.xtec.cat\/ceip-serramarina-sta-coloma\/racons-de-llengua\/","title":{"rendered":"Racons d&#8217;aprenentatge"},"content":{"rendered":"<p>&nbsp;<\/p>\n<p>Els racons s\u00f3n una metodologia que ens permeten organitzar l\u2019aula en diversos espais en els alumnes, distribu\u00efts en petit grup, realitzen diferents activitats simult\u00e0nies de manera aut\u00f2noma.<\/p>\n<p>D\u2019aquesta manera proporcionem una atenci\u00f3 m\u00e9s individualitzada en la qual l\u2019infant \u00e9s el centre d\u2019atenci\u00f3 del seu propi proc\u00e9s d\u2019aprenentatge i aquests s\u00f3n creatius i flexibles, tot adaptant-se al seu proc\u00e9s evolutiu.<\/p>\n<p>Les propostes s\u00f3n manipulatives orientades a desenvolupar les compet\u00e8ncies ling\u00fc\u00edstiques i matem\u00e0tiques de l&#8217;alumnat.<\/p>\n<p>&nbsp;<\/p>\n<div style=\"width: 100%;\">\n<div style=\"position: relative; padding-bottom: 56.25%; padding-top: 0; height: 0;\"><iframe loading=\"lazy\" style=\"position: absolute; top: 0; left: 0; width: 100%; height: 100%;\" src=\"https:\/\/view.genial.ly\/602e56ac9689f70d371aa898\" width=\"1280\" height=\"720\" frameborder=\"0\" scrolling=\"yes\" allowfullscreen=\"allowfullscreen\"><\/iframe><\/div>\n<\/div>\n","protected":false},"excerpt":{"rendered":"<p>&nbsp;<br \/>\nEls racons s\u00f3n una metodologia que ens permeten organitzar l\u2019aula en diversos espais en els alumnes, distribu\u00efts en petit grup, realitzen diferents activitats simult\u00e0nies de manera aut\u00f2noma.<br \/>\nD\u2019aquesta manera proporcionem una atenci\u00f3 m\u00e9s individualitzada en la qual l\u2019infant \u00e9s el centre d\u2019atenci\u00f3 del seu propi proc\u00e9s&hellip;  <a href=\"https:\/\/agora.xtec.cat\/ceip-serramarina-sta-coloma\/racons-de-llengua\/\" title=\"Read Racons d&#8217;aprenentatge\">Llegeix m\u00e9s\u00bb<\/a><\/p>\n","protected":false},"author":11,"featured_media":0,"parent":0,"menu_order":0,"comment_status":"closed","ping_status":"closed","template":"","meta":{"_bbp_topic_count":0,"_bbp_reply_count":0,"_bbp_total_topic_count":0,"_bbp_total_reply_count":0,"_bbp_voice_count":0,"_bbp_anonymous_reply_count":0,"_bbp_topic_count_hidden":0,"_bbp_reply_count_hidden":0,"_bbp_forum_subforum_count":0,"footnotes":""},"class_list":["post-6122","page","type-page","status-publish","hentry"],"post_mailing_queue_ids":[],"_links":{"self":[{"href":"https:\/\/agora.xtec.cat\/ceip-serramarina-sta-coloma\/wp-json\/wp\/v2\/pages\/6122","targetHints":{"allow":["GET"]}}],"collection":[{"href":"https:\/\/agora.xtec.cat\/ceip-serramarina-sta-coloma\/wp-json\/wp\/v2\/pages"}],"about":[{"href":"https:\/\/agora.xtec.cat\/ceip-serramarina-sta-coloma\/wp-json\/wp\/v2\/types\/page"}],"author":[{"embeddable":true,"href":"https:\/\/agora.xtec.cat\/ceip-serramarina-sta-coloma\/wp-json\/wp\/v2\/users\/11"}],"replies":[{"embeddable":true,"href":"https:\/\/agora.xtec.cat\/ceip-serramarina-sta-coloma\/wp-json\/wp\/v2\/comments?post=6122"}],"version-history":[{"count":2,"href":"https:\/\/agora.xtec.cat\/ceip-serramarina-sta-coloma\/wp-json\/wp\/v2\/pages\/6122\/revisions"}],"predecessor-version":[{"id":6308,"href":"https:\/\/agora.xtec.cat\/ceip-serramarina-sta-coloma\/wp-json\/wp\/v2\/pages\/6122\/revisions\/6308"}],"wp:attachment":[{"href":"https:\/\/agora.xtec.cat\/ceip-serramarina-sta-coloma\/wp-json\/wp\/v2\/media?parent=6122"}],"curies":[{"name":"wp","href":"https:\/\/api.w.org\/{rel}","templated":true}]}}