{"id":6120,"date":"2022-01-31T16:15:13","date_gmt":"2022-01-31T15:15:13","guid":{"rendered":"https:\/\/agora.xtec.cat\/ceip-serramarina-sta-coloma\/?page_id=6120"},"modified":"2022-01-31T16:24:30","modified_gmt":"2022-01-31T15:24:30","slug":"ambients-educacio-infantil","status":"publish","type":"page","link":"https:\/\/agora.xtec.cat\/ceip-serramarina-sta-coloma\/educacio-infantil\/ambients-educacio-infantil\/","title":{"rendered":"Ambients Educaci\u00f3 Infantil"},"content":{"rendered":"<p>Els ambients d&#8217;aprenentatge s\u00f3n <strong>una metodologia de treball activa<\/strong> on<strong> l&#8217;alumne esdev\u00e9 en el constructor del seu propi proc\u00e9s d&#8217;aprenentatge<\/strong> a partir de les pr\u00f2pies experi\u00e8ncies viscudes i en interrelaci\u00f3 amb els companys i companyes.<\/p>\n<p>Els ambients a l&#8217;escola Serra de Marina se centren en:<\/p>\n<ul style=\"list-style-type: circle;\">\n<li>L&#8217;aprenentatge dels infants.<\/li>\n<li>El desenvolupament de les experi\u00e8ncies a trav\u00e9s de l&#8217;emoci\u00f3.<\/li>\n<li>La descoberta de noves propostes, materials i situacions d&#8217;aprenentatge.<\/li>\n<li>L&#8217;infant coma centre de l&#8217;aprenentatge<\/li>\n<li>El desenvolupament dels vincles entre els nens i nenes i els educadors.<\/li>\n<li>La investigaci\u00f3 com a cam\u00ed per a resoldre reptes.<\/li>\n<li>Un aprenentatge significatiu i contextualitzat.<\/li>\n<li>A partir d&#8217;interessos i experi\u00e8ncies properes del nostre alumnat.<\/li>\n<\/ul>\n<p><strong>El paper del docent \u00e9s d&#8217;acompanyant<\/strong> en les propostes que es plantegen en els diferents contextos ajudant als infants a explorar al m\u00e0xim les seves potencialitats. L&#8217;observaci\u00f3 directa de l&#8217;alumnat proporciona informaci\u00f3 del seu desenvolupament i els ajuda a fer-los cr\u00e9ixer a trav\u00e9s de la proposta de nous reptes.<\/p>\n<p>Per aix\u00f2 l&#8217;equip educatiu recull l&#8217;evoluci\u00f3 dels infants de manera individual i col\u00b7lectiva i que al finalitzar els trimestres es materialitza en un informe sobre les experi\u00e8ncies viscudes, les capacitats desenvolupades i les fites aconseguides.<\/p>\n<p>Es realitzen dos cops a la setmana en grups heterogenis amb grups d&#8217;alumnes de P3 a P5 internivells. Actualment per la situaci\u00f3 de la pand\u00e8mia es realitzen amb el grup d&#8217;aula.<\/p>\n<p>A continuaci\u00f3 trobareu un tastet de les propostes amb l&#8217;alumnat, que s\u00f3n vives i es van adaptant sempre a les necessitats i interessos de l&#8217;alumnat i els grups d&#8217;alumnes:<\/p>\n<div style=\"width: 100%;\">\n<div style=\"position: relative; padding-bottom: 56.25%; padding-top: 0; height: 0;\"><iframe loading=\"lazy\" style=\"position: absolute; top: 0; left: 0; width: 100%; height: 100%;\" src=\"https:\/\/view.genial.ly\/601be420132ee50d3ed7a243\" width=\"1200\" height=\"675\" frameborder=\"0\" scrolling=\"yes\" allowfullscreen=\"allowfullscreen\"><\/iframe><\/div>\n<\/div>\n<p>&nbsp;<\/p>\n","protected":false},"excerpt":{"rendered":"<p>Els ambients d&#8217;aprenentatge s\u00f3n una metodologia de treball activa on l&#8217;alumne esdev\u00e9 en el constructor del seu propi proc\u00e9s d&#8217;aprenentatge a partir de les pr\u00f2pies experi\u00e8ncies viscudes i en interrelaci\u00f3 amb els companys i companyes.<br \/>\nEls ambients a l&#8217;escola Serra de Marina se centren en:<\/p>\n<ul style=\"list-style-type:&hellip;  <a href=\"https:\/\/agora.xtec.cat\/ceip-serramarina-sta-coloma\/educacio-infantil\/ambients-educacio-infantil\/\" title=\"Read Ambients Educaci\u00f3 Infantil\">Llegeix m\u00e9s\u00bb<\/a><\/p>\n","protected":false},"author":11,"featured_media":0,"parent":6118,"menu_order":0,"comment_status":"closed","ping_status":"closed","template":"","meta":{"_bbp_topic_count":0,"_bbp_reply_count":0,"_bbp_total_topic_count":0,"_bbp_total_reply_count":0,"_bbp_voice_count":0,"_bbp_anonymous_reply_count":0,"_bbp_topic_count_hidden":0,"_bbp_reply_count_hidden":0,"_bbp_forum_subforum_count":0,"footnotes":""},"class_list":["post-6120","page","type-page","status-publish","hentry"],"post_mailing_queue_ids":[],"_links":{"self":[{"href":"https:\/\/agora.xtec.cat\/ceip-serramarina-sta-coloma\/wp-json\/wp\/v2\/pages\/6120","targetHints":{"allow":["GET"]}}],"collection":[{"href":"https:\/\/agora.xtec.cat\/ceip-serramarina-sta-coloma\/wp-json\/wp\/v2\/pages"}],"about":[{"href":"https:\/\/agora.xtec.cat\/ceip-serramarina-sta-coloma\/wp-json\/wp\/v2\/types\/page"}],"author":[{"embeddable":true,"href":"https:\/\/agora.xtec.cat\/ceip-serramarina-sta-coloma\/wp-json\/wp\/v2\/users\/11"}],"replies":[{"embeddable":true,"href":"https:\/\/agora.xtec.cat\/ceip-serramarina-sta-coloma\/wp-json\/wp\/v2\/comments?post=6120"}],"version-history":[{"count":3,"href":"https:\/\/agora.xtec.cat\/ceip-serramarina-sta-coloma\/wp-json\/wp\/v2\/pages\/6120\/revisions"}],"predecessor-version":[{"id":6265,"href":"https:\/\/agora.xtec.cat\/ceip-serramarina-sta-coloma\/wp-json\/wp\/v2\/pages\/6120\/revisions\/6265"}],"up":[{"embeddable":true,"href":"https:\/\/agora.xtec.cat\/ceip-serramarina-sta-coloma\/wp-json\/wp\/v2\/pages\/6118"}],"wp:attachment":[{"href":"https:\/\/agora.xtec.cat\/ceip-serramarina-sta-coloma\/wp-json\/wp\/v2\/media?parent=6120"}],"curies":[{"name":"wp","href":"https:\/\/api.w.org\/{rel}","templated":true}]}}