{"id":6109,"date":"2022-01-31T16:20:35","date_gmt":"2022-01-31T15:20:35","guid":{"rendered":"https:\/\/agora.xtec.cat\/ceip-serramarina-sta-coloma\/?page_id=6109"},"modified":"2023-02-07T09:53:09","modified_gmt":"2023-02-07T08:53:09","slug":"preinscripcio","status":"publish","type":"page","link":"https:\/\/agora.xtec.cat\/ceip-serramarina-sta-coloma\/preinscripcio\/","title":{"rendered":"Preinscripci\u00f3 i Portes obertes"},"content":{"rendered":"<div class=\"oKdM2c Kzv0Me\">\n<div id=\"h.b4b21874255d6e_6\" class=\"hJDwNd-AhqUyc-qWD73c jXK9ad D2fZ2 OjCsFc GNzUNc\">\n<div class=\"jXK9ad-SmKAyb\">\n<div class=\"tyJCtd mGzaTb baZpAe\">\n<div class=\"CjVfdc\"><strong>JORNADA DE PORTES OBERTES 2023\u00a0<\/strong><\/div>\n<div class=\"CjVfdc\">\n<div class=\"PPhIP rviiZ\">\n<div class=\"U26fgb mUbCce fKz7Od LRAOtb Znu9nd M9Bg4d\" role=\"presentation\" aria-describedby=\"h.qduqp9mqjd6d_l\" aria-label=\"Copia l'enlla\u00e7 del t\u00edtol\" aria-disabled=\"false\" data-tooltip=\"Copia l'enlla\u00e7 del t\u00edtol\" aria-hidden=\"true\" data-tooltip-position=\"top\" data-tooltip-vertical-offset=\"12\" data-tooltip-horizontal-offset=\"0\">\n<div class=\"VTBa7b MbhUzd\"><\/div>\n<\/div>\n<\/div>\n<p>Visita al centre en funcionament i explicaci\u00f3 del projecte:<\/p>\n<h4>Dimecres 22 de febrer a les 9:30 h.<\/h4>\n<h4>Dimecres 22 de febrer a les 15:15h<\/h4>\n<\/div>\n<\/div>\n<\/div>\n<\/div>\n<h4>Dimecres 1 de mar\u00e7 a les 9: 30 h<\/h4>\n<\/div>\n<h4>Dimecres 1 de mar\u00e7 a les 15:15h<\/h4>\n<div class=\"oKdM2c Kzv0Me\">\n<div><\/div>\n<div id=\"h.b4b21874255d6e_6\" class=\"hJDwNd-AhqUyc-qWD73c jXK9ad D2fZ2 OjCsFc GNzUNc\">\n<div class=\"jXK9ad-SmKAyb\">\n<div class=\"tyJCtd mGzaTb baZpAe\">\n<div id=\"h.dvxhxtkuby3\" class=\"CobnVe aP9Z7e\"><\/div>\n<div class=\"CjVfdc\">\n<div class=\"PPhIP rviiZ\">\n<div class=\"U26fgb mUbCce fKz7Od LRAOtb Znu9nd M9Bg4d\" role=\"presentation\" aria-describedby=\"h.dvxhxtkuby3_l\" aria-label=\"Copia l'enlla\u00e7 del t\u00edtol\" aria-disabled=\"false\" data-tooltip=\"Copia l'enlla\u00e7 del t\u00edtol\" aria-hidden=\"true\" data-tooltip-position=\"top\" data-tooltip-vertical-offset=\"12\" data-tooltip-horizontal-offset=\"0\">\n<div class=\"VTBa7b MbhUzd\"><\/div>\n<\/div>\n<\/div>\n<p><strong>APUNTA&#8217;T i DESCOBREIX EL NOSTRE PROJECTE EDUCATIU<\/strong><\/p>\n<p><strong>VOLEM QUE FORMIS PART DE LA NOSTRA COMUNITAT EDUCATIVA<\/strong><\/p>\n<\/div>\n<div><\/div>\n<\/div>\n<\/div>\n<\/div>\n<\/div>\n<div class=\"oKdM2c\">\n<div id=\"h.b4b21874255d6e_8\" class=\"hJDwNd-AhqUyc-qWD73c jXK9ad D2fZ2 wHaque GNzUNc\">\n<div class=\"jXK9ad-SmKAyb\">\n<div class=\"tyJCtd mGzaTb baZpAe\">\n<p class=\"CDt4Ke zfr3Q\" dir=\"ltr\"><span class=\" KB0Tx\"><strong>Inscripci\u00f3 a les visites<\/strong><\/span><\/p>\n<p dir=\"ltr\"><span class=\" KB0Tx\"><strong>Clica l&#8217;enlla\u00e7 i registra&#8217;t: <a href=\"https:\/\/forms.gle\/3EShdMvmczVmSB6i9\">https:\/\/forms.gle\/3EShdMvmczVmSB6i9<\/a><\/strong><\/span><\/p>\n<p dir=\"ltr\">Podeu consultar m\u00e9s informaci\u00f3 sobre el nostre projecte al seg\u00fcent espai o a la p\u00e0gina web: <a href=\"https:\/\/sites.google.com\/xtec.cat\/preinscripcio-serrademarina\/p%C3%A0gina-principal\">https:\/\/sites.google.com\/xtec.cat\/preinscripcio-serrademarina\/p%C3%A0gina-principal<\/a><\/p>\n<p dir=\"ltr\">Per a qualsevol dubte o aclariment podeu posar-vos en contacte amb nosaltres a trav\u00e9s del correu <a href=\"mailto:a8045574@xtec.cat\">a8045574@xtec.cat<\/a> o al tel\u00e8fon 933866667. Si no us an\u00e9s b\u00e9 l&#8217;horari podeu trucar per concertar una entrevista en un altre horari.<\/p>\n<\/div>\n<div class=\"tyJCtd mGzaTb baZpAe\"><iframe loading=\"lazy\" title=\"YouTube video player\" src=\"\/\/www.youtube.com\/embed\/dTMixmdoSsU\" width=\"560\" height=\"315\" frameborder=\"0\" allowfullscreen=\"allowfullscreen\"><\/iframe><\/div>\n<\/div>\n<\/div>\n<\/div>\n","protected":false},"excerpt":{"rendered":"<p>JORNADA DE PORTES OBERTES 2023\u00a0<\/p>\n<p>Visita al centre en funcionament i explicaci\u00f3 del projecte:<br \/>\nDimecres 22 de febrer a les 9:30 h.<br \/>\nDimecres 22 de febrer a les 15:15h<\/p>\n<p>Dimecres 1 de mar\u00e7 a les 9: 30 h<\/p>\n<p>Dimecres 1 de mar\u00e7 a les 15:15h<\/p>\n<p>APUNTA&#8217;T i DESCOBREIX EL NOSTRE PROJECTE&hellip;  <a href=\"https:\/\/agora.xtec.cat\/ceip-serramarina-sta-coloma\/preinscripcio\/\" title=\"Read Preinscripci\u00f3 i Portes obertes\">Llegeix m\u00e9s\u00bb<\/a><\/p>\n","protected":false},"author":11,"featured_media":0,"parent":0,"menu_order":0,"comment_status":"closed","ping_status":"closed","template":"","meta":{"_bbp_topic_count":0,"_bbp_reply_count":0,"_bbp_total_topic_count":0,"_bbp_total_reply_count":0,"_bbp_voice_count":0,"_bbp_anonymous_reply_count":0,"_bbp_topic_count_hidden":0,"_bbp_reply_count_hidden":0,"_bbp_forum_subforum_count":0,"footnotes":""},"class_list":["post-6109","page","type-page","status-publish","hentry"],"post_mailing_queue_ids":[],"_links":{"self":[{"href":"https:\/\/agora.xtec.cat\/ceip-serramarina-sta-coloma\/wp-json\/wp\/v2\/pages\/6109","targetHints":{"allow":["GET"]}}],"collection":[{"href":"https:\/\/agora.xtec.cat\/ceip-serramarina-sta-coloma\/wp-json\/wp\/v2\/pages"}],"about":[{"href":"https:\/\/agora.xtec.cat\/ceip-serramarina-sta-coloma\/wp-json\/wp\/v2\/types\/page"}],"author":[{"embeddable":true,"href":"https:\/\/agora.xtec.cat\/ceip-serramarina-sta-coloma\/wp-json\/wp\/v2\/users\/11"}],"replies":[{"embeddable":true,"href":"https:\/\/agora.xtec.cat\/ceip-serramarina-sta-coloma\/wp-json\/wp\/v2\/comments?post=6109"}],"version-history":[{"count":3,"href":"https:\/\/agora.xtec.cat\/ceip-serramarina-sta-coloma\/wp-json\/wp\/v2\/pages\/6109\/revisions"}],"predecessor-version":[{"id":7529,"href":"https:\/\/agora.xtec.cat\/ceip-serramarina-sta-coloma\/wp-json\/wp\/v2\/pages\/6109\/revisions\/7529"}],"wp:attachment":[{"href":"https:\/\/agora.xtec.cat\/ceip-serramarina-sta-coloma\/wp-json\/wp\/v2\/media?parent=6109"}],"curies":[{"name":"wp","href":"https:\/\/api.w.org\/{rel}","templated":true}]}}