{"id":28,"date":"2014-09-18T12:29:35","date_gmt":"2014-09-18T12:29:35","guid":{"rendered":"http:\/\/agora.xtec.cat\/ceip-serramarina-sta-coloma\/?page_id=28"},"modified":"2022-04-22T12:15:14","modified_gmt":"2022-04-22T10:15:14","slug":"consell-escolar","status":"publish","type":"page","link":"https:\/\/agora.xtec.cat\/ceip-serramarina-sta-coloma\/lescola\/consell-escolar\/","title":{"rendered":"Consell escolar"},"content":{"rendered":"<p><a href=\"https:\/\/agora.xtec.cat\/ceip-serramarina-sta-coloma\/lescola\/consell-escolar\/actes-del-consell-escolar\/\"><img loading=\"lazy\" decoding=\"async\" class=\" wp-image-6727 alignright\" src=\"https:\/\/agora.xtec.cat\/ceip-serramarina-sta-coloma\/wp-content\/uploads\/usu482\/2022\/04\/Actes-Consell-escolar.jpg\" alt=\"\" width=\"337\" height=\"283\" srcset=\"https:\/\/agora.xtec.cat\/ceip-serramarina-sta-coloma\/wp-content\/uploads\/usu482\/2022\/04\/Actes-Consell-escolar.jpg 940w, https:\/\/agora.xtec.cat\/ceip-serramarina-sta-coloma\/wp-content\/uploads\/usu482\/2022\/04\/Actes-Consell-escolar-300x251.jpg 300w, https:\/\/agora.xtec.cat\/ceip-serramarina-sta-coloma\/wp-content\/uploads\/usu482\/2022\/04\/Actes-Consell-escolar-768x644.jpg 768w\" sizes=\"auto, (max-width: 337px) 100vw, 337px\" \/><\/a><\/p>\n<table>\n<tbody>\n<tr>\n<td><span style=\"font-size: medium;\">President (director):<\/span><\/td>\n<td><strong><span style=\"font-size: medium;\">Enric Bosch Novella<\/span><\/strong><\/td>\n<\/tr>\n<tr>\n<td><span style=\"font-size: medium;\">Cap d\u2019Estudis<\/span><\/td>\n<td><strong><span style=\"font-size: medium;\">Maria A. Justicia Alonso\u00a0<\/span><\/strong><\/td>\n<\/tr>\n<tr>\n<td><span style=\"font-size: medium;\">Secretaria:<\/span><\/td>\n<td><strong><span style=\"font-size: medium;\">Marta Gabernet Gal\u00edn<\/span><\/strong><\/td>\n<\/tr>\n<tr>\n<td><span style=\"font-size: medium;\">Representant Ajuntament:<\/span><\/td>\n<td><strong><span style=\"font-size: medium;\">Felisa Rodriguez Roldan <\/span><\/strong><\/td>\n<\/tr>\n<tr>\n<td><span style=\"font-size: medium;\">Representant administraci\u00f3 i serveis:<\/span><\/td>\n<td><strong><span style=\"font-size: medium;\">Virginia Palacios Rold\u00e1n\u00a0<\/span><\/strong><\/p>\n<p><strong><span style=\"font-size: medium;\">Sonia Montaner Picazo<\/span><\/strong><\/td>\n<\/tr>\n<tr>\n<td><span style=\"font-size: medium;\">Representants professors\/es:<\/span><\/td>\n<td><strong><span style=\"font-size: medium;\"><br \/>\n<\/span><\/strong><strong><span style=\"font-size: medium;\">Alba Hern\u00e1ndez Aranc\u00f3n<\/span><\/strong><\/p>\n<p><strong><span style=\"font-size: medium;\">Eva Ribas <\/span><\/strong><strong><span style=\"font-size: medium;\">Mateo<\/span><\/strong><\/p>\n<p><strong><span style=\"font-size: medium;\">Tere S\u00e1nchez V\u00e1zquez\u00a0<\/span><\/strong><\/p>\n<p><strong><span style=\"font-size: medium;\">David Vallverd\u00fa Mata<\/span><\/strong><\/p>\n<p><span style=\"font-size: medium;\"><b>Jezabel San Juan Ruiz<\/b><\/span><\/p>\n<p><b> <\/b><span style=\"font-size: medium;\"><b>Israel G\u00f3mez Gonz\u00e1lez<\/b><\/span><\/td>\n<\/tr>\n<tr>\n<td>&nbsp;<\/p>\n<p><span style=\"font-size: medium;\">Representants pares\/mares:<\/span><\/td>\n<td><strong><span style=\"font-size: medium;\">Pamela Puiggali Novellas <\/span><\/strong><\/p>\n<p><strong><span style=\"font-size: medium;\">Elisabet Mas Gonzalez\u00a0\u00a0<\/span><\/strong><\/p>\n<p><strong><span style=\"font-size: medium;\">Diana Partal Garc\u00eda<\/span><\/strong><\/p>\n<p><strong><span style=\"font-size: medium;\">Jose Miguel Chac\u00f3n P\u00e9rez<\/span><\/strong><\/p>\n<p><strong><span style=\"font-size: medium;\">Rosa Pelicano Carayol<\/span><\/strong><\/p>\n<p><strong><span style=\"font-size: medium;\">Carolina N\u00e1jera Campoy (AMPA)<\/span><\/strong><\/td>\n<\/tr>\n<\/tbody>\n<\/table>\n<p>&nbsp;<\/p>\n<div style=\"text-align: left;\" align=\"center\"><span class=\"Estilo1 Estilo30\"><span class=\"Estilo7\"> <img loading=\"lazy\" decoding=\"async\" class=\"size-full wp-image-6640 aligncenter\" src=\"https:\/\/agora.xtec.cat\/ceip-serramarina-sta-coloma\/wp-content\/uploads\/usu482\/2022\/04\/imatge-consell-escolar.png\" alt=\"\" width=\"649\" height=\"331\" srcset=\"https:\/\/agora.xtec.cat\/ceip-serramarina-sta-coloma\/wp-content\/uploads\/usu482\/2022\/04\/imatge-consell-escolar.png 649w, https:\/\/agora.xtec.cat\/ceip-serramarina-sta-coloma\/wp-content\/uploads\/usu482\/2022\/04\/imatge-consell-escolar-300x153.png 300w\" sizes=\"auto, (max-width: 649px) 100vw, 649px\" \/><\/span><\/span><\/div>\n<div align=\"center\"><\/div>\n<div align=\"center\"><\/div>\n<div align=\"center\"><\/div>\n<div align=\"center\"><\/div>\n<div align=\"center\"><\/div>\n<div align=\"center\"><\/div>\n<div align=\"center\"><\/div>\n<div align=\"center\"><\/div>\n<div align=\"center\"><\/div>\n<div align=\"center\"><\/div>\n<div align=\"center\"><\/div>\n<div align=\"center\"><\/div>\n<div align=\"center\"><\/div>\n<div align=\"center\"><\/div>\n<div align=\"center\"><\/div>\n<div style=\"text-align: center;\" align=\"center\">El Consell Escolar t\u00e9 les seg\u00fcents comissions formades pels membres que s&#8217;indiquen:<\/div>\n<div style=\"text-align: justify;\" align=\"center\"><\/div>\n<div style=\"text-align: justify;\" align=\"center\"><\/div>\n<div align=\"center\"><\/div>\n<div align=\"center\"><\/div>\n<div align=\"center\"><\/div>\n<div align=\"center\"><strong style=\"font-family: inherit; font-size: 1em;\">Comissi\u00f3 Permanent:<\/strong><\/div>\n<div align=\"center\">\n<table>\n<tbody>\n<tr style=\"height: 36px;\">\n<td style=\"height: 36px;\" width=\"284\">Enric Bosch Novella<\/td>\n<td style=\"height: 36px;\" width=\"275\">President (director del centre)<\/td>\n<\/tr>\n<tr style=\"height: 36px;\">\n<td style=\"height: 36px;\" width=\"284\">Mar\u00eda Just\u00edcia Alonso<\/td>\n<td style=\"height: 36px;\" width=\"275\">La Cap d\u2019Estudis<\/td>\n<\/tr>\n<tr style=\"height: 58px;\">\n<td style=\"height: 58px;\" width=\"284\">Jos\u00e9 Miguel Chac\u00f3n P\u00e9rez<\/td>\n<td style=\"height: 58px;\" width=\"275\">Representant mares\/pares<\/td>\n<\/tr>\n<tr style=\"height: 58px;\">\n<td style=\"height: 58px;\" width=\"284\">Alba Hern\u00e1ndez Aranc\u00f3n<\/td>\n<td style=\"height: 58px;\" width=\"275\">Representant professorat<\/td>\n<\/tr>\n<tr style=\"height: 4px;\">\n<td style=\"height: 4px;\" width=\"284\">Marta Gabernet Gal\u00edn<\/td>\n<td style=\"height: 4px;\" width=\"275\">Secret\u00e0ria del centre<\/td>\n<\/tr>\n<tr>\n<td>Carol N\u00e9jera Campoy<\/td>\n<td>Representant de l&#8217;AMPA<\/td>\n<\/tr>\n<tr>\n<td>Virginia Palacios Rold\u00e1n<\/td>\n<td>Representant del PAE<\/td>\n<\/tr>\n<\/tbody>\n<\/table>\n<p><strong>Comissi\u00f3 Econ\u00f2mica i de llibres de text:<\/strong><\/p>\n<table style=\"height: 186px;\">\n<tbody>\n<tr style=\"height: 31px;\">\n<td style=\"height: 31px; width: 284px;\">Enric Bosch Novella<\/td>\n<td style=\"height: 31px; width: 275px;\">President (director del centre)<\/td>\n<\/tr>\n<tr style=\"height: 31px;\">\n<td style=\"height: 31px; width: 284px;\">Mar\u00eda Just\u00edcia Alonso<\/td>\n<td style=\"height: 31px; width: 275px;\">Cap d&#8217;Estudis<\/td>\n<\/tr>\n<tr style=\"height: 31px;\">\n<td style=\"height: 31px; width: 284px;\">Marta Gabernet Gal\u00edn<\/td>\n<td style=\"height: 31px; width: 275px;\">Secret\u00e0ria del centre<\/td>\n<\/tr>\n<tr style=\"height: 31px;\">\n<td style=\"height: 31px; width: 284px;\">Israel G\u00f3mez Gonz\u00e1lez<\/p>\n<p>Eva Ribas Mateo<\/td>\n<td style=\"height: 31px; width: 275px;\">Representant professorat<\/td>\n<\/tr>\n<tr style=\"height: 31px;\">\n<td style=\"height: 31px; width: 284px;\">Sonia Montaner Picazo<\/td>\n<td style=\"height: 31px; width: 275px;\">Representant PAS<\/td>\n<\/tr>\n<tr style=\"height: 31px;\">\n<td style=\"height: 31px; width: 284px;\">Elisabet Mas Gonzalez<\/td>\n<td style=\"height: 31px; width: 275px;\">Representant mares\/pares<\/td>\n<\/tr>\n<tr>\n<td style=\"width: 284px;\">Carol N\u00e9jera Campoy<\/td>\n<td style=\"width: 275px;\">Representant de l&#8217;AMPA<\/td>\n<\/tr>\n<\/tbody>\n<\/table>\n<p><strong>Comissi\u00f3 de Conviv\u00e8ncia i Coeducaci\u00f3:<\/strong><\/p>\n<table style=\"height: 248px;\">\n<tbody>\n<tr style=\"height: 31px;\">\n<td style=\"height: 31px; width: 284px;\">Enric Bosch Novella<\/td>\n<td style=\"height: 31px; width: 275px;\">President (director del centre)<\/td>\n<\/tr>\n<tr style=\"height: 31px;\">\n<td style=\"height: 31px; width: 284px;\">Mar\u00eda Just\u00edcia Alonso<\/td>\n<td style=\"height: 31px; width: 275px;\">Cap d&#8217;Estudis<\/td>\n<\/tr>\n<tr style=\"height: 31px;\">\n<td style=\"height: 31px; width: 284px;\">Marta Gabernet Galin<\/td>\n<td style=\"height: 31px; width: 275px;\">Secret\u00e0ria del centre<\/td>\n<\/tr>\n<tr style=\"height: 31px;\">\n<td style=\"height: 31px; width: 284px;\">Alba Hern\u00e1ndez Aranc\u00f3n<\/p>\n<p>Jezabel San Juan<\/td>\n<td style=\"height: 31px; width: 275px;\">Representant professorat<\/td>\n<\/tr>\n<tr style=\"height: 31px;\">\n<td style=\"height: 31px; width: 284px;\">Virginia Palacios Rold\u00e1n<\/td>\n<td style=\"height: 31px; width: 275px;\">Representant PAE<\/td>\n<\/tr>\n<tr style=\"height: 31px;\">\n<td style=\"height: 31px; width: 284px;\">Carol N\u00e9jera Campoy<\/td>\n<td style=\"height: 31px; width: 275px;\">Representant AMPA<\/td>\n<\/tr>\n<tr style=\"height: 31px;\">\n<td style=\"height: 31px; width: 284px;\">Rosa Pelicano Carayol<\/td>\n<td style=\"height: 31px; width: 275px;\">Representant fam\u00edlies<\/td>\n<\/tr>\n<tr style=\"height: 31px;\">\n<td style=\"height: 31px; width: 284px;\">Felisa Rodr\u00edguez Rold\u00e1n<\/td>\n<td style=\"height: 31px; width: 275px;\">Respresentant Ajuntament<\/td>\n<\/tr>\n<\/tbody>\n<\/table>\n<p><strong>Comissi\u00f3 de Menjador:<\/strong><\/p>\n<table>\n<tbody>\n<tr>\n<td width=\"284\">Enric Bosch Novella<\/td>\n<td width=\"275\">President (director del centre)<\/td>\n<\/tr>\n<tr>\n<td width=\"284\">Mar\u00eda Just\u00edcia Alonso<\/td>\n<td width=\"275\">Cap d&#8217;Estudis<\/td>\n<\/tr>\n<tr>\n<td width=\"284\">Marta Gabernet Galin<\/td>\n<td width=\"275\">Secret\u00e0ria del centre<\/td>\n<\/tr>\n<tr>\n<td width=\"284\">Tere S\u00e1nchez V\u00e1zquez<\/p>\n<p>David Vallverd\u00fa Mata<\/td>\n<td width=\"275\">Representant professorat<\/td>\n<\/tr>\n<tr>\n<td width=\"284\">Sonia Montaner<\/td>\n<td width=\"275\">Representant PAS<\/td>\n<\/tr>\n<tr>\n<td width=\"284\">Diana Partal Garc\u00eda<\/p>\n<p>Pamela Puiggali Novellas<\/td>\n<td width=\"275\">Representant fam\u00edlies<\/td>\n<\/tr>\n<tr>\n<td>Carol N\u00e9jera Campoy<\/td>\n<td>Representant de l&#8217;AMPA<\/td>\n<\/tr>\n<\/tbody>\n<\/table>\n<p><strong>Referent coeducaci\u00f3:<\/strong><\/p>\n<table>\n<tbody>\n<tr>\n<td width=\"284\">Jezabel Sanjuan Ruiz<\/td>\n<td width=\"275\">Representant mestres<\/td>\n<\/tr>\n<\/tbody>\n<\/table>\n<\/div>\n<p>&nbsp;<\/p>\n<p class=\"Estilo5 Estilo8\" align=\"JUSTIFY\">\n","protected":false},"excerpt":{"rendered":"<p><a href=\"https:\/\/agora.xtec.cat\/ceip-serramarina-sta-coloma\/lescola\/consell-escolar\/actes-del-consell-escolar\/\"><\/a><\/p>\n<p>President (director):<br \/>\nEnric Bosch Novella<\/p>\n<p>Cap d\u2019Estudis<br \/>\nMaria A. Justicia Alonso\u00a0<\/p>\n<p>Secretaria:<br \/>\nMarta Gabernet Gal\u00edn<\/p>\n<p>Representant Ajuntament:<br \/>\nFelisa Rodriguez Roldan <\/p>\n<p>Representant administraci\u00f3 i serveis:<br \/>\nVirginia Palacios Rold\u00e1n\u00a0<br \/>\nSonia Montaner Picazo<\/p>\n<p>Representants professors\/es:<\/p>\n<p>Alba Hern\u00e1ndez Aranc\u00f3n<br \/>\nEva Ribas Mateo<br \/>\nTere S\u00e1nchez V\u00e1zquez\u00a0<br \/>\nDavid Vallverd\u00fa Mata<br \/>\nJezabel San Juan Ruiz<br \/>\n Israel G\u00f3mez Gonz\u00e1lez<\/p>\n<p>&nbsp;<br \/>\nRepresentants pares\/mares:<br \/>\nPamela Puiggali Novellas<br \/>\nElisabet Mas Gonzalez\u00a0\u00a0<br \/>\nDiana Partal Garc\u00eda<br \/>\nJose&hellip;  <a href=\"https:\/\/agora.xtec.cat\/ceip-serramarina-sta-coloma\/lescola\/consell-escolar\/\" title=\"Read Consell escolar\">Llegeix m\u00e9s\u00bb<\/a><\/p>\n","protected":false},"author":2,"featured_media":0,"parent":22,"menu_order":30,"comment_status":"closed","ping_status":"closed","template":"page-templates\/side-menu.php","meta":{"_bbp_topic_count":0,"_bbp_reply_count":0,"_bbp_total_topic_count":0,"_bbp_total_reply_count":0,"_bbp_voice_count":0,"_bbp_anonymous_reply_count":0,"_bbp_topic_count_hidden":0,"_bbp_reply_count_hidden":0,"_bbp_forum_subforum_count":0,"footnotes":""},"class_list":["post-28","page","type-page","status-publish","hentry"],"post_mailing_queue_ids":[],"_links":{"self":[{"href":"https:\/\/agora.xtec.cat\/ceip-serramarina-sta-coloma\/wp-json\/wp\/v2\/pages\/28","targetHints":{"allow":["GET"]}}],"collection":[{"href":"https:\/\/agora.xtec.cat\/ceip-serramarina-sta-coloma\/wp-json\/wp\/v2\/pages"}],"about":[{"href":"https:\/\/agora.xtec.cat\/ceip-serramarina-sta-coloma\/wp-json\/wp\/v2\/types\/page"}],"author":[{"embeddable":true,"href":"https:\/\/agora.xtec.cat\/ceip-serramarina-sta-coloma\/wp-json\/wp\/v2\/users\/2"}],"replies":[{"embeddable":true,"href":"https:\/\/agora.xtec.cat\/ceip-serramarina-sta-coloma\/wp-json\/wp\/v2\/comments?post=28"}],"version-history":[{"count":6,"href":"https:\/\/agora.xtec.cat\/ceip-serramarina-sta-coloma\/wp-json\/wp\/v2\/pages\/28\/revisions"}],"predecessor-version":[{"id":6763,"href":"https:\/\/agora.xtec.cat\/ceip-serramarina-sta-coloma\/wp-json\/wp\/v2\/pages\/28\/revisions\/6763"}],"up":[{"embeddable":true,"href":"https:\/\/agora.xtec.cat\/ceip-serramarina-sta-coloma\/wp-json\/wp\/v2\/pages\/22"}],"wp:attachment":[{"href":"https:\/\/agora.xtec.cat\/ceip-serramarina-sta-coloma\/wp-json\/wp\/v2\/media?parent=28"}],"curies":[{"name":"wp","href":"https:\/\/api.w.org\/{rel}","templated":true}]}}