{"id":2432,"date":"2019-02-13T11:40:21","date_gmt":"2019-02-13T10:40:21","guid":{"rendered":"http:\/\/agora.xtec.cat\/ceip-serramarina-sta-coloma\/?page_id=2432"},"modified":"2023-11-13T10:01:05","modified_gmt":"2023-11-13T09:01:05","slug":"documents-de-gestio-del-centre","status":"publish","type":"page","link":"https:\/\/agora.xtec.cat\/ceip-serramarina-sta-coloma\/lescola\/documents-de-gestio-del-centre\/","title":{"rendered":"Documents de Gesti\u00f3 del centre"},"content":{"rendered":"<p>En aquesta secci\u00f3 trobareu un recull de documents de la gesti\u00f3 del centre que us poden ser d&#8217;utilitat per con\u00e8ixer l&#8217;escola, con\u00e8ixer el nostre projecte i quins s\u00f3n els nostres objectius pel curs actual i els propers cursos.<\/p>\n<table style=\"border-collapse: collapse; width: 100%; height: 273px;\" border=\"1\">\n<tbody>\n<tr style=\"height: 32px;\">\n<td style=\"width: 372px; text-align: center; height: 32px;\"><strong><span style=\"color: #44a7f2;\">Llistat de Documents\u00a0<\/span><\/strong><\/td>\n<td style=\"width: 366px; text-align: center; height: 32px;\"><strong><span style=\"color: #44a7f2;\">Desc\u00e0rrega de documents<\/span><\/strong><\/td>\n<\/tr>\n<tr style=\"height: 31px;\">\n<td style=\"width: 372px; height: 31px;\">Projecte educatiu de centre<\/td>\n<td style=\"width: 366px; height: 31px;\"><a href=\"https:\/\/agora.xtec.cat\/ceip-serramarina-sta-coloma\/wp-content\/uploads\/usu482\/2023\/04\/PEC-Serra-de-Marina.pdf\">Accedeix Clicant aqu\u00ed<\/a><\/td>\n<\/tr>\n<tr style=\"height: 17px;\">\n<td style=\"width: 372px; height: 10px;\">Normes d&#8217;Organitzaci\u00f3 i funcionament<\/td>\n<td style=\"width: 366px; height: 10px;\"><a href=\"https:\/\/agora.xtec.cat\/ceip-serramarina-sta-coloma\/wp-content\/uploads\/usu482\/2023\/04\/NOFC-Serra-de-Marina.pdf\">Accedeix Clicant aqu\u00ed <\/a><\/td>\n<\/tr>\n<tr style=\"height: 31px;\">\n<td style=\"width: 372px; height: 31px;\">Projecte Ling\u00fc\u00edstic de centre<\/td>\n<td style=\"width: 366px; height: 31px;\"><a href=\"https:\/\/agora.xtec.cat\/ceip-serramarina-sta-coloma\/wp-content\/uploads\/usu482\/2023\/04\/PROJECTE-LINGUISTIC-Definitu-2022-.pdf\">Accedeix Clicant aqu\u00ed <\/a><\/td>\n<\/tr>\n<tr style=\"height: 30px;\">\n<td style=\"width: 372px; height: 30px;\">Liquidaci\u00f3 del Pressupost Any 2022<\/td>\n<td style=\"width: 366px; height: 30px;\"><a href=\"https:\/\/agora.xtec.cat\/ceip-serramarina-sta-coloma\/wp-content\/uploads\/usu482\/2023\/04\/Liquidacio-del-pressupost-2022.pdf\">Accedeix clicant aqu\u00ed <\/a><\/td>\n<\/tr>\n<tr style=\"height: 31px;\">\n<td style=\"width: 372px; height: 31px;\">Pressupost Any 2023<\/td>\n<td style=\"width: 366px; height: 31px;\"><a href=\"https:\/\/agora.xtec.cat\/ceip-serramarina-sta-coloma\/wp-content\/uploads\/usu482\/2023\/04\/Pressupost-2023.pdf\">Accedeix Clicant Aqu\u00ed<\/a><\/td>\n<\/tr>\n<tr style=\"height: 31px;\">\n<td style=\"width: 372px; height: 31px;\">Guia del curs 2022-2023<\/td>\n<td style=\"width: 366px; height: 31px;\"><a href=\"https:\/\/agora.xtec.cat\/ceip-serramarina-sta-coloma\/wp-content\/uploads\/usu482\/2023\/04\/LLIBRET-PORTES-OBERTES.pdf\">Accedeix Clicant Aqu\u00ed<\/a><\/td>\n<\/tr>\n<tr style=\"height: 32px;\">\n<td style=\"width: 372px; height: 32px;\">Carta de Comprom\u00eds educatiu<\/td>\n<td style=\"width: 366px; height: 32px;\"><a href=\"https:\/\/agora.xtec.cat\/ceip-serramarina-sta-coloma\/wp-content\/uploads\/usu482\/2019\/02\/Carta-Comprom%C3%ADs-educatiu.pdf\">Accedeix Clicant Aqu\u00ed<\/a><\/td>\n<\/tr>\n<tr style=\"height: 31px;\">\n<td style=\"width: 372px; height: 14px;\">Projecte de Biblioteca<\/td>\n<td style=\"width: 366px; height: 14px;\"><a href=\"https:\/\/es.calameo.com\/read\/0045020921203c87f95cd\">Accedeix Clicant aqu\u00ed\u00a0<\/a><\/td>\n<\/tr>\n<tr style=\"height: 31px;\">\n<td style=\"width: 372px; height: 31px;\">Aportacions de les fam\u00edlies per a material escolar i per activitats complement\u00e0ries.<\/td>\n<td style=\"width: 366px; height: 31px;\"><a href=\"https:\/\/agora.xtec.cat\/ceip-serramarina-sta-coloma\/wp-content\/uploads\/usu482\/2021\/09\/QUOTA-GENERAL.pdf\">Accedeix Clicant aqu\u00ed<\/a><\/td>\n<\/tr>\n<tr>\n<td style=\"width: 372px;\">Sites estrat\u00e8gia digitat de centre<\/td>\n<td style=\"width: 366px;\"><a href=\"https:\/\/sites.google.com\/xtec.cat\/edcserrademarina?usp=sharing\">Accedeix Clicant aqu\u00ed<\/a><\/td>\n<\/tr>\n<\/tbody>\n<\/table>\n","protected":false},"excerpt":{"rendered":"<p>En aquesta secci\u00f3 trobareu un recull de documents de la gesti\u00f3 del centre que us poden ser d&#8217;utilitat per con\u00e8ixer l&#8217;escola, con\u00e8ixer el nostre projecte i quins s\u00f3n els nostres objectius pel curs actual i els propers cursos.<\/p>\n<p>Llistat de Documents\u00a0<br \/>\nDesc\u00e0rrega de documents<\/p>\n<p>Projecte educatiu de centre<br \/>\n<a&hellip;  <a href=\"https:\/\/agora.xtec.cat\/ceip-serramarina-sta-coloma\/lescola\/documents-de-gestio-del-centre\/\" title=\"Read Documents de Gesti\u00f3 del centre\">Llegeix m\u00e9s\u00bb<\/a><\/p>\n","protected":false},"author":1,"featured_media":0,"parent":22,"menu_order":0,"comment_status":"closed","ping_status":"closed","template":"","meta":{"_bbp_topic_count":0,"_bbp_reply_count":0,"_bbp_total_topic_count":0,"_bbp_total_reply_count":0,"_bbp_voice_count":0,"_bbp_anonymous_reply_count":0,"_bbp_topic_count_hidden":0,"_bbp_reply_count_hidden":0,"_bbp_forum_subforum_count":0,"footnotes":""},"class_list":["post-2432","page","type-page","status-publish","hentry"],"post_mailing_queue_ids":[],"_links":{"self":[{"href":"https:\/\/agora.xtec.cat\/ceip-serramarina-sta-coloma\/wp-json\/wp\/v2\/pages\/2432","targetHints":{"allow":["GET"]}}],"collection":[{"href":"https:\/\/agora.xtec.cat\/ceip-serramarina-sta-coloma\/wp-json\/wp\/v2\/pages"}],"about":[{"href":"https:\/\/agora.xtec.cat\/ceip-serramarina-sta-coloma\/wp-json\/wp\/v2\/types\/page"}],"author":[{"embeddable":true,"href":"https:\/\/agora.xtec.cat\/ceip-serramarina-sta-coloma\/wp-json\/wp\/v2\/users\/1"}],"replies":[{"embeddable":true,"href":"https:\/\/agora.xtec.cat\/ceip-serramarina-sta-coloma\/wp-json\/wp\/v2\/comments?post=2432"}],"version-history":[{"count":5,"href":"https:\/\/agora.xtec.cat\/ceip-serramarina-sta-coloma\/wp-json\/wp\/v2\/pages\/2432\/revisions"}],"predecessor-version":[{"id":8139,"href":"https:\/\/agora.xtec.cat\/ceip-serramarina-sta-coloma\/wp-json\/wp\/v2\/pages\/2432\/revisions\/8139"}],"up":[{"embeddable":true,"href":"https:\/\/agora.xtec.cat\/ceip-serramarina-sta-coloma\/wp-json\/wp\/v2\/pages\/22"}],"wp:attachment":[{"href":"https:\/\/agora.xtec.cat\/ceip-serramarina-sta-coloma\/wp-json\/wp\/v2\/media?parent=2432"}],"curies":[{"name":"wp","href":"https:\/\/api.w.org\/{rel}","templated":true}]}}