{"id":24,"date":"2014-09-18T12:23:15","date_gmt":"2014-09-18T12:23:15","guid":{"rendered":"http:\/\/agora.xtec.cat\/ceip-serramarina-sta-coloma\/?page_id=24"},"modified":"2018-07-17T11:38:39","modified_gmt":"2018-07-17T09:38:39","slug":"on-som","status":"publish","type":"page","link":"https:\/\/agora.xtec.cat\/ceip-serramarina-sta-coloma\/lescola\/on-som\/","title":{"rendered":"On som"},"content":{"rendered":"<p style=\"color: #666666;\"><strong>Escola Serra de Marina<\/strong><br \/>\n<span class=\"street-address\">c. Moss\u00e8n Camil Rosell, 96-102<\/span><br \/>\n<span class=\"postal-code\">08921 Santa Coloma de Gramenet<\/span><\/p>\n<p>Tel. <b><\/b>933 866 667<br \/>\na8045574@xtec.cat<\/p>\n<p><iframe loading=\"lazy\" style=\"border: 0;\" src=\"https:\/\/www.google.com\/maps\/embed?pb=!1m18!1m12!1m3!1d2990.4100941797155!2d2.2138609999999894!3d41.45201999999999!2m3!1f0!2f0!3f0!3m2!1i1024!2i768!4f13.1!3m3!1m2!1s0x12a4bc857d65dbf5%3A0xde313469538d2ad9!2sEscola+Public+Serra+De+Marina!5e0!3m2!1sca!2ses!4v1421240330736\" width=\"600\" height=\"450\" frameborder=\"0\"><\/iframe><\/p>\n<p><strong>Com arribar-hi:<\/strong><\/p>\n<p><strong>Metro: <\/strong>L\u00ednia 1, estaci\u00f3 de Fondo i L\u00ednia 9, estacions de Fondo i Esgl\u00e9sia Major<br \/>\n<strong>Bus:<\/strong> L\u00ednies L3 i L5<\/p>\n<p>&nbsp;<\/p>\n","protected":false},"excerpt":{"rendered":"<p>Escola Serra de Marina<br \/>\nc. Moss\u00e8n Camil Rosell, 96-102<br \/>\n08921 Santa Coloma de Gramenet<br \/>\nTel. 933 866 667<br \/>\na8045574@xtec.cat<\/p>\n<p>Com arribar-hi:<br \/>\nMetro: L\u00ednia 1, estaci\u00f3 de Fondo i L\u00ednia 9, estacions de Fondo i Esgl\u00e9sia Major<br \/>\nBus: L\u00ednies L3 i L5<br \/>\n&nbsp;<\/p>\n","protected":false},"author":2,"featured_media":0,"parent":22,"menu_order":10,"comment_status":"closed","ping_status":"closed","template":"page-templates\/side-menu.php","meta":{"_bbp_topic_count":0,"_bbp_reply_count":0,"_bbp_total_topic_count":0,"_bbp_total_reply_count":0,"_bbp_voice_count":0,"_bbp_anonymous_reply_count":0,"_bbp_topic_count_hidden":0,"_bbp_reply_count_hidden":0,"_bbp_forum_subforum_count":0,"footnotes":""},"class_list":["post-24","page","type-page","status-publish","hentry"],"post_mailing_queue_ids":[],"_links":{"self":[{"href":"https:\/\/agora.xtec.cat\/ceip-serramarina-sta-coloma\/wp-json\/wp\/v2\/pages\/24","targetHints":{"allow":["GET"]}}],"collection":[{"href":"https:\/\/agora.xtec.cat\/ceip-serramarina-sta-coloma\/wp-json\/wp\/v2\/pages"}],"about":[{"href":"https:\/\/agora.xtec.cat\/ceip-serramarina-sta-coloma\/wp-json\/wp\/v2\/types\/page"}],"author":[{"embeddable":true,"href":"https:\/\/agora.xtec.cat\/ceip-serramarina-sta-coloma\/wp-json\/wp\/v2\/users\/2"}],"replies":[{"embeddable":true,"href":"https:\/\/agora.xtec.cat\/ceip-serramarina-sta-coloma\/wp-json\/wp\/v2\/comments?post=24"}],"version-history":[{"count":4,"href":"https:\/\/agora.xtec.cat\/ceip-serramarina-sta-coloma\/wp-json\/wp\/v2\/pages\/24\/revisions"}],"predecessor-version":[{"id":1846,"href":"https:\/\/agora.xtec.cat\/ceip-serramarina-sta-coloma\/wp-json\/wp\/v2\/pages\/24\/revisions\/1846"}],"up":[{"embeddable":true,"href":"https:\/\/agora.xtec.cat\/ceip-serramarina-sta-coloma\/wp-json\/wp\/v2\/pages\/22"}],"wp:attachment":[{"href":"https:\/\/agora.xtec.cat\/ceip-serramarina-sta-coloma\/wp-json\/wp\/v2\/media?parent=24"}],"curies":[{"name":"wp","href":"https:\/\/api.w.org\/{rel}","templated":true}]}}