{"id":73,"date":"2014-09-18T14:01:51","date_gmt":"2014-09-18T14:01:51","guid":{"rendered":"http:\/\/agora.xtec.cat\/ceip-serralavella\/?page_id=73"},"modified":"2023-10-19T15:44:20","modified_gmt":"2023-10-19T13:44:20","slug":"menjador-escolar","status":"publish","type":"page","link":"https:\/\/agora.xtec.cat\/ceip-serralavella\/serveis\/menjador-escolar\/","title":{"rendered":"Menjador escolar"},"content":{"rendered":"<p>L&#8217;AFA gestiona el servei de menjador mitjan\u00e7ant l&#8217;empresa <a href=\"https:\/\/comacasamenjadors.cat\/\" target=\"_blank\" rel=\"noopener\">Com a Casa Menjadors<\/a>.<\/p>\n<p><a href=\"https:\/\/agora.xtec.cat\/ceip-serralavella\/wp-content\/uploads\/usu452\/2023\/10\/SERRALAVELLA-MONITORS.pdf\">SERRALAVELLA MONITORS<\/a><\/p>\n<p>L&#8217;escola disposa de cuina pr\u00f2pia.<\/p>\n<p>Tipologia de men\u00fas:<\/p>\n<ul>\n<li>Basal<\/li>\n<li>Dieta<\/li>\n<li>Sense porc<\/li>\n<li>Sense carn<\/li>\n<li>Sense gluten<\/li>\n<li>Sens ou<\/li>\n<li>Sense lactosa<\/li>\n<li>Vegetari\u00e0<\/li>\n<li>Al\u00b7l\u00e8rgies (adaptat a cada nen i nena).<\/li>\n<\/ul>\n<p><strong>Coordinadora de menjador<\/strong>: S\u00edlvia Ortiz<\/p>\n<p><strong>Horari d&#8217;atenci\u00f3<\/strong>: de dilluns a divendres de les 08:30h a les 09:00h.<\/p>\n<p><strong>Contacte<\/strong>:<\/p>\n<p><strong>Tel\u00e8fon: <\/strong>604180525<\/p>\n<p><strong>email:<\/strong> <a href=\"mailto:menjador@escolaserralavella.cat\" target=\"_blank\" rel=\"noopener\">menjador@escolaserralavella.cat<\/a><\/p>\n<p><strong>Dinantia:<\/strong> Menjador Serralavella<\/p>\n","protected":false},"excerpt":{"rendered":"<p>L&#8217;AFA gestiona el servei de menjador mitjan\u00e7ant l&#8217;empresa Com a Casa Menjadors. SERRALAVELLA MONITORS L&#8217;escola disposa de cuina pr\u00f2pia. Tipologia de men\u00fas: Basal Dieta Sense porc Sense carn Sense gluten Sens ou Sense lactosa Vegetari\u00e0 Al\u00b7l\u00e8rgies (adaptat a cada nen i nena). Coordinadora de menjador: S\u00edlvia Ortiz Horari d&#8217;atenci\u00f3: de dilluns a divendres de les [&hellip;]<\/p>\n","protected":false},"author":2,"featured_media":0,"parent":66,"menu_order":30,"comment_status":"closed","ping_status":"closed","template":"page-templates\/side-menu.php","meta":{"_bbp_topic_count":0,"_bbp_reply_count":0,"_bbp_total_topic_count":0,"_bbp_total_reply_count":0,"_bbp_voice_count":0,"_bbp_anonymous_reply_count":0,"_bbp_topic_count_hidden":0,"_bbp_reply_count_hidden":0,"_bbp_forum_subforum_count":0,"site-sidebar-layout":"default","site-content-layout":"","ast-site-content-layout":"","site-content-style":"default","site-sidebar-style":"default","ast-global-header-display":"","ast-banner-title-visibility":"","ast-main-header-display":"","ast-hfb-above-header-display":"","ast-hfb-below-header-display":"","ast-hfb-mobile-header-display":"","site-post-title":"","ast-breadcrumbs-content":"","ast-featured-img":"","footer-sml-layout":"","theme-transparent-header-meta":"","adv-header-id-meta":"","stick-header-meta":"","header-above-stick-meta":"","header-main-stick-meta":"","header-below-stick-meta":"","astra-migrate-meta-layouts":"default","ast-page-background-enabled":"default","ast-page-background-meta":{"desktop":{"background-color":"var(--ast-global-color-4)","background-image":"","background-repeat":"repeat","background-position":"center center","background-size":"auto","background-attachment":"scroll","background-type":"","background-media":"","overlay-type":"","overlay-color":"","overlay-opacity":"","overlay-gradient":""},"tablet":{"background-color":"","background-image":"","background-repeat":"repeat","background-position":"center center","background-size":"auto","background-attachment":"scroll","background-type":"","background-media":"","overlay-type":"","overlay-color":"","overlay-opacity":"","overlay-gradient":""},"mobile":{"background-color":"","background-image":"","background-repeat":"repeat","background-position":"center center","background-size":"auto","background-attachment":"scroll","background-type":"","background-media":"","overlay-type":"","overlay-color":"","overlay-opacity":"","overlay-gradient":""}},"ast-content-background-meta":{"desktop":{"background-color":"var(--ast-global-color-5)","background-image":"","background-repeat":"repeat","background-position":"center center","background-size":"auto","background-attachment":"scroll","background-type":"","background-media":"","overlay-type":"","overlay-color":"","overlay-opacity":"","overlay-gradient":""},"tablet":{"background-color":"var(--ast-global-color-5)","background-image":"","background-repeat":"repeat","background-position":"center center","background-size":"auto","background-attachment":"scroll","background-type":"","background-media":"","overlay-type":"","overlay-color":"","overlay-opacity":"","overlay-gradient":""},"mobile":{"background-color":"var(--ast-global-color-5)","background-image":"","background-repeat":"repeat","background-position":"center center","background-size":"auto","background-attachment":"scroll","background-type":"","background-media":"","overlay-type":"","overlay-color":"","overlay-opacity":"","overlay-gradient":""}},"footnotes":""},"class_list":["post-73","page","type-page","status-publish","hentry"],"post_mailing_queue_ids":[],"_links":{"self":[{"href":"https:\/\/agora.xtec.cat\/ceip-serralavella\/wp-json\/wp\/v2\/pages\/73","targetHints":{"allow":["GET"]}}],"collection":[{"href":"https:\/\/agora.xtec.cat\/ceip-serralavella\/wp-json\/wp\/v2\/pages"}],"about":[{"href":"https:\/\/agora.xtec.cat\/ceip-serralavella\/wp-json\/wp\/v2\/types\/page"}],"author":[{"embeddable":true,"href":"https:\/\/agora.xtec.cat\/ceip-serralavella\/wp-json\/wp\/v2\/users\/2"}],"replies":[{"embeddable":true,"href":"https:\/\/agora.xtec.cat\/ceip-serralavella\/wp-json\/wp\/v2\/comments?post=73"}],"version-history":[{"count":4,"href":"https:\/\/agora.xtec.cat\/ceip-serralavella\/wp-json\/wp\/v2\/pages\/73\/revisions"}],"predecessor-version":[{"id":1898,"href":"https:\/\/agora.xtec.cat\/ceip-serralavella\/wp-json\/wp\/v2\/pages\/73\/revisions\/1898"}],"up":[{"embeddable":true,"href":"https:\/\/agora.xtec.cat\/ceip-serralavella\/wp-json\/wp\/v2\/pages\/66"}],"wp:attachment":[{"href":"https:\/\/agora.xtec.cat\/ceip-serralavella\/wp-json\/wp\/v2\/media?parent=73"}],"curies":[{"name":"wp","href":"https:\/\/api.w.org\/{rel}","templated":true}]}}