{"id":432,"date":"2015-10-01T10:05:36","date_gmt":"2015-10-01T09:05:36","guid":{"rendered":"http:\/\/agora.xtec.cat\/ceip-serralavella\/?page_id=432"},"modified":"2024-11-14T12:04:03","modified_gmt":"2024-11-14T11:04:03","slug":"programacio-general-anual","status":"publish","type":"page","link":"https:\/\/agora.xtec.cat\/ceip-serralavella\/projecte-educatiu\/programacio-general-anual\/","title":{"rendered":"Programaci\u00f3 General Anual"},"content":{"rendered":"<p>La Programaci\u00f3 General Anual (PGA) \u00e9s el document que concreta, a partir del <a href=\"http:\/\/agora.xtec.cat\/ceip-serralavella\/projecte-educatiu\/projecte-educatiu-de-centre\/\">Projecte Educatiu de Centre<\/a>, les actuacions concretes per a cada curs, basant-se en les tres l\u00ednies de millora del centre:<\/p>\n<ul>\n<li>Millora dels resultats educatius<\/li>\n<li>Millora de la cohesi\u00f3 i consolidaci\u00f3 del Projecte Educatiu de Centre<\/li>\n<li>Millora de la gesti\u00f3<\/li>\n<\/ul>\n<p>Cadascun dels objectius estan definits amb les actuacions, desenvolupament i indicadors d&#8217;avaluaci\u00f3.<\/p>\n<p>La PGA \u00e9s valorada al final de cada curs pels diferents agents de l&#8217;escola, creant la Mem\u00f2ria del curs, on es recullen les actuacions fetes i pendents, a partir dels indicadors d&#8217;avaluaci\u00f3 previstos a principi de curs.<\/p>\n<p>Podeu consultar<\/p>\n<table class=\"aligncenter\" style=\"height: 469px; width: 613px; border-color: #ffffff; border-style: dashed;\" border=\"1\">\n<tbody>\n<tr>\n<td style=\"width: 162.633px;\"><a href=\"https:\/\/agora.xtec.cat\/ceip-serralavella\/wp-content\/uploads\/usu452\/2023\/02\/Memoria-PGA-21-22.jpg\"><img loading=\"lazy\" decoding=\"async\" class=\"wp-image-1737 aligncenter\" src=\"https:\/\/agora.xtec.cat\/ceip-serralavella\/wp-content\/uploads\/usu452\/2023\/02\/Memoria-PGA-21-22-213x300.jpg\" alt=\"\" width=\"102\" height=\"143\" srcset=\"https:\/\/agora.xtec.cat\/ceip-serralavella\/wp-content\/uploads\/usu452\/2023\/02\/Memoria-PGA-21-22-213x300.jpg 213w, https:\/\/agora.xtec.cat\/ceip-serralavella\/wp-content\/uploads\/usu452\/2023\/02\/Memoria-PGA-21-22.jpg 422w\" sizes=\"auto, (max-width: 102px) 100vw, 102px\" \/><\/a><a href=\"https:\/\/www.calameo.com\/read\/002772984ccca1e4e0470\" target=\"_blank\" rel=\"noopener\">Mem\u00f2ria Anual<\/a><\/p>\n<p>2021-2022<\/td>\n<td style=\"width: 117.6px;\"><a href=\"https:\/\/agora.xtec.cat\/ceip-serralavella\/wp-content\/uploads\/usu452\/2023\/02\/PGA_Serralavella_2022-2023.jpg\"><img loading=\"lazy\" decoding=\"async\" class=\"alignleft size-medium wp-image-1736\" src=\"https:\/\/agora.xtec.cat\/ceip-serralavella\/wp-content\/uploads\/usu452\/2023\/02\/PGA_Serralavella_2022-2023-206x300.jpg\" alt=\"\" width=\"206\" height=\"300\" srcset=\"https:\/\/agora.xtec.cat\/ceip-serralavella\/wp-content\/uploads\/usu452\/2023\/02\/PGA_Serralavella_2022-2023-206x300.jpg 206w, https:\/\/agora.xtec.cat\/ceip-serralavella\/wp-content\/uploads\/usu452\/2023\/02\/PGA_Serralavella_2022-2023.jpg 408w\" sizes=\"auto, (max-width: 206px) 100vw, 206px\" \/><\/a><a href=\"https:\/\/www.calameo.com\/read\/0027729846843680478e7\" target=\"_blank\" rel=\"noopener noreferrer\">Programaci\u00f3 General Anual<\/a><\/p>\n<p>2022-2023<\/td>\n<td style=\"width: 157.767px;\"><a href=\"https:\/\/agora.xtec.cat\/ceip-serralavella\/wp-content\/uploads\/usu452\/2024\/11\/PGA_Portada.jpg\"><img loading=\"lazy\" decoding=\"async\" class=\"aligncenter size-medium wp-image-1939\" src=\"https:\/\/agora.xtec.cat\/ceip-serralavella\/wp-content\/uploads\/usu452\/2024\/11\/PGA_Portada-213x300.jpg\" alt=\"\" width=\"213\" height=\"300\" srcset=\"https:\/\/agora.xtec.cat\/ceip-serralavella\/wp-content\/uploads\/usu452\/2024\/11\/PGA_Portada-213x300.jpg 213w, https:\/\/agora.xtec.cat\/ceip-serralavella\/wp-content\/uploads\/usu452\/2024\/11\/PGA_Portada-728x1024.jpg 728w, https:\/\/agora.xtec.cat\/ceip-serralavella\/wp-content\/uploads\/usu452\/2024\/11\/PGA_Portada-768x1080.jpg 768w, https:\/\/agora.xtec.cat\/ceip-serralavella\/wp-content\/uploads\/usu452\/2024\/11\/PGA_Portada-1092x1536.jpg 1092w, https:\/\/agora.xtec.cat\/ceip-serralavella\/wp-content\/uploads\/usu452\/2024\/11\/PGA_Portada-1456x2048.jpg 1456w, https:\/\/agora.xtec.cat\/ceip-serralavella\/wp-content\/uploads\/usu452\/2024\/11\/PGA_Portada.jpg 1654w\" sizes=\"auto, (max-width: 213px) 100vw, 213px\" \/><\/a><a href=\"https:\/\/drive.google.com\/file\/d\/1FTyM2SfWyWbhVGdJls4pIPnajNXzmv-U\/view?usp=sharing\" target=\"_blank\" rel=\"noopener\">Programaci\u00f3 General Anual<\/a><\/p>\n<p>2024-2025<\/td>\n<td style=\"width: 163px;\"><\/td>\n<\/tr>\n<\/tbody>\n<\/table>\n","protected":false},"excerpt":{"rendered":"<p>La Programaci\u00f3 General Anual (PGA) \u00e9s el document que concreta, a partir del Projecte Educatiu de Centre, les actuacions concretes per a cada curs, basant-se en les tres l\u00ednies de millora del centre: Millora dels resultats educatius Millora de la cohesi\u00f3 i consolidaci\u00f3 del Projecte Educatiu de Centre Millora de la gesti\u00f3 Cadascun dels objectius [&hellip;]<\/p>\n","protected":false},"author":1,"featured_media":0,"parent":64,"menu_order":30,"comment_status":"closed","ping_status":"closed","template":"","meta":{"_bbp_topic_count":0,"_bbp_reply_count":0,"_bbp_total_topic_count":0,"_bbp_total_reply_count":0,"_bbp_voice_count":0,"_bbp_anonymous_reply_count":0,"_bbp_topic_count_hidden":0,"_bbp_reply_count_hidden":0,"_bbp_forum_subforum_count":0,"site-sidebar-layout":"default","site-content-layout":"","ast-site-content-layout":"","site-content-style":"default","site-sidebar-style":"default","ast-global-header-display":"","ast-banner-title-visibility":"","ast-main-header-display":"","ast-hfb-above-header-display":"","ast-hfb-below-header-display":"","ast-hfb-mobile-header-display":"","site-post-title":"","ast-breadcrumbs-content":"","ast-featured-img":"","footer-sml-layout":"","theme-transparent-header-meta":"","adv-header-id-meta":"","stick-header-meta":"","header-above-stick-meta":"","header-main-stick-meta":"","header-below-stick-meta":"","astra-migrate-meta-layouts":"default","ast-page-background-enabled":"default","ast-page-background-meta":{"desktop":{"background-color":"var(--ast-global-color-4)","background-image":"","background-repeat":"repeat","background-position":"center center","background-size":"auto","background-attachment":"scroll","background-type":"","background-media":"","overlay-type":"","overlay-color":"","overlay-opacity":"","overlay-gradient":""},"tablet":{"background-color":"","background-image":"","background-repeat":"repeat","background-position":"center center","background-size":"auto","background-attachment":"scroll","background-type":"","background-media":"","overlay-type":"","overlay-color":"","overlay-opacity":"","overlay-gradient":""},"mobile":{"background-color":"","background-image":"","background-repeat":"repeat","background-position":"center center","background-size":"auto","background-attachment":"scroll","background-type":"","background-media":"","overlay-type":"","overlay-color":"","overlay-opacity":"","overlay-gradient":""}},"ast-content-background-meta":{"desktop":{"background-color":"var(--ast-global-color-5)","background-image":"","background-repeat":"repeat","background-position":"center center","background-size":"auto","background-attachment":"scroll","background-type":"","background-media":"","overlay-type":"","overlay-color":"","overlay-opacity":"","overlay-gradient":""},"tablet":{"background-color":"var(--ast-global-color-5)","background-image":"","background-repeat":"repeat","background-position":"center center","background-size":"auto","background-attachment":"scroll","background-type":"","background-media":"","overlay-type":"","overlay-color":"","overlay-opacity":"","overlay-gradient":""},"mobile":{"background-color":"var(--ast-global-color-5)","background-image":"","background-repeat":"repeat","background-position":"center center","background-size":"auto","background-attachment":"scroll","background-type":"","background-media":"","overlay-type":"","overlay-color":"","overlay-opacity":"","overlay-gradient":""}},"footnotes":""},"class_list":["post-432","page","type-page","status-publish","hentry"],"post_mailing_queue_ids":[],"_links":{"self":[{"href":"https:\/\/agora.xtec.cat\/ceip-serralavella\/wp-json\/wp\/v2\/pages\/432","targetHints":{"allow":["GET"]}}],"collection":[{"href":"https:\/\/agora.xtec.cat\/ceip-serralavella\/wp-json\/wp\/v2\/pages"}],"about":[{"href":"https:\/\/agora.xtec.cat\/ceip-serralavella\/wp-json\/wp\/v2\/types\/page"}],"author":[{"embeddable":true,"href":"https:\/\/agora.xtec.cat\/ceip-serralavella\/wp-json\/wp\/v2\/users\/1"}],"replies":[{"embeddable":true,"href":"https:\/\/agora.xtec.cat\/ceip-serralavella\/wp-json\/wp\/v2\/comments?post=432"}],"version-history":[{"count":3,"href":"https:\/\/agora.xtec.cat\/ceip-serralavella\/wp-json\/wp\/v2\/pages\/432\/revisions"}],"predecessor-version":[{"id":1941,"href":"https:\/\/agora.xtec.cat\/ceip-serralavella\/wp-json\/wp\/v2\/pages\/432\/revisions\/1941"}],"up":[{"embeddable":true,"href":"https:\/\/agora.xtec.cat\/ceip-serralavella\/wp-json\/wp\/v2\/pages\/64"}],"wp:attachment":[{"href":"https:\/\/agora.xtec.cat\/ceip-serralavella\/wp-json\/wp\/v2\/media?parent=432"}],"curies":[{"name":"wp","href":"https:\/\/api.w.org\/{rel}","templated":true}]}}