{"id":38,"date":"2014-09-18T12:34:08","date_gmt":"2014-09-18T11:34:08","guid":{"rendered":"http:\/\/agora.xtec.cat\/ceip-serralavella\/?page_id=38"},"modified":"2015-09-14T11:56:46","modified_gmt":"2015-09-14T10:56:46","slug":"salut","status":"publish","type":"page","link":"https:\/\/agora.xtec.cat\/ceip-serralavella\/lescola\/salut\/","title":{"rendered":"Salut"},"content":{"rendered":"<p><strong><u>ADMINISTRACI\u00d3 DE MEDICACI\u00d3<\/u><\/strong><\/p>\n<p>Sobre aquest tema les instruccions del Departament diuen:<\/p>\n<p><em>\u201cPer poder administrar medicaments als alumnes, sempre que sigui imprescindible fer-ho en horari lectiu, cal que els pares, mares o tutors legals aportin un informe m\u00e8dic on consti el nom de l\u2019alumne, el nom del medicament que ha de prendre i la pauta d\u2019administraci\u00f3. Aix\u00ed mateix, els pares, mares o tutors legals han d\u2019aportar un escrit on es demani, al director o directora del centre educatiu, l\u2019administraci\u00f3 al fill o filla del medicament prescrit d\u2019acord amb les pautes que constin en l\u2019informe esmentat, i se n\u2019autoritzi l\u2019administraci\u00f3 als docents del centre.\u201d<\/em><\/p>\n<p><a href=\"http:\/\/agora.xtec.cat\/ceip-serralavella\/wp-content\/uploads\/usu452\/2015\/08\/Model-administraci\u00f3-medicaments.pdf\">Model administraci\u00f3 medicaments<\/a><\/p>\n<p><strong><u>PAR\u00c0SITS<\/u><\/strong><\/p>\n<p>Els darrers anys hem detectat a l&#8217;escola un augment de casos de par\u00e0sits als caps dels nens, \u00e9s per aix\u00f2 que \u00e9s important seguir les instruccions del full informatiu que us fem arribar cada vegada que se&#8217;ns avisa d&#8217;un cas a les aules.<\/p>\n<p><a href=\"http:\/\/agora.xtec.cat\/ceip-serralavella\/wp-content\/uploads\/usu452\/2015\/09\/Informaci\u00f3-Polls.pdf\">Informaci\u00f3 Polls<\/a><\/p>\n<p>&nbsp;<\/p>\n<p>&nbsp;<\/p>\n<p>&nbsp;<\/p>\n<p>&nbsp;<\/p>\n","protected":false},"excerpt":{"rendered":"<p>ADMINISTRACI\u00d3 DE MEDICACI\u00d3 Sobre aquest tema les instruccions del Departament diuen: \u201cPer poder administrar medicaments als alumnes, sempre que sigui imprescindible fer-ho en horari lectiu, cal que els pares, mares o tutors legals aportin un informe m\u00e8dic on consti el nom de l\u2019alumne, el nom del medicament que ha de prendre i la pauta d\u2019administraci\u00f3. [&hellip;]<\/p>\n","protected":false},"author":2,"featured_media":0,"parent":22,"menu_order":100,"comment_status":"closed","ping_status":"closed","template":"page-templates\/side-menu.php","meta":{"_bbp_topic_count":0,"_bbp_reply_count":0,"_bbp_total_topic_count":0,"_bbp_total_reply_count":0,"_bbp_voice_count":0,"_bbp_anonymous_reply_count":0,"_bbp_topic_count_hidden":0,"_bbp_reply_count_hidden":0,"_bbp_forum_subforum_count":0,"site-sidebar-layout":"default","site-content-layout":"","ast-site-content-layout":"","site-content-style":"default","site-sidebar-style":"default","ast-global-header-display":"","ast-banner-title-visibility":"","ast-main-header-display":"","ast-hfb-above-header-display":"","ast-hfb-below-header-display":"","ast-hfb-mobile-header-display":"","site-post-title":"","ast-breadcrumbs-content":"","ast-featured-img":"","footer-sml-layout":"","theme-transparent-header-meta":"","adv-header-id-meta":"","stick-header-meta":"","header-above-stick-meta":"","header-main-stick-meta":"","header-below-stick-meta":"","astra-migrate-meta-layouts":"default","ast-page-background-enabled":"default","ast-page-background-meta":{"desktop":{"background-color":"var(--ast-global-color-4)","background-image":"","background-repeat":"repeat","background-position":"center center","background-size":"auto","background-attachment":"scroll","background-type":"","background-media":"","overlay-type":"","overlay-color":"","overlay-opacity":"","overlay-gradient":""},"tablet":{"background-color":"","background-image":"","background-repeat":"repeat","background-position":"center center","background-size":"auto","background-attachment":"scroll","background-type":"","background-media":"","overlay-type":"","overlay-color":"","overlay-opacity":"","overlay-gradient":""},"mobile":{"background-color":"","background-image":"","background-repeat":"repeat","background-position":"center center","background-size":"auto","background-attachment":"scroll","background-type":"","background-media":"","overlay-type":"","overlay-color":"","overlay-opacity":"","overlay-gradient":""}},"ast-content-background-meta":{"desktop":{"background-color":"var(--ast-global-color-5)","background-image":"","background-repeat":"repeat","background-position":"center center","background-size":"auto","background-attachment":"scroll","background-type":"","background-media":"","overlay-type":"","overlay-color":"","overlay-opacity":"","overlay-gradient":""},"tablet":{"background-color":"var(--ast-global-color-5)","background-image":"","background-repeat":"repeat","background-position":"center center","background-size":"auto","background-attachment":"scroll","background-type":"","background-media":"","overlay-type":"","overlay-color":"","overlay-opacity":"","overlay-gradient":""},"mobile":{"background-color":"var(--ast-global-color-5)","background-image":"","background-repeat":"repeat","background-position":"center center","background-size":"auto","background-attachment":"scroll","background-type":"","background-media":"","overlay-type":"","overlay-color":"","overlay-opacity":"","overlay-gradient":""}},"footnotes":""},"class_list":["post-38","page","type-page","status-publish","hentry"],"post_mailing_queue_ids":[],"_links":{"self":[{"href":"https:\/\/agora.xtec.cat\/ceip-serralavella\/wp-json\/wp\/v2\/pages\/38","targetHints":{"allow":["GET"]}}],"collection":[{"href":"https:\/\/agora.xtec.cat\/ceip-serralavella\/wp-json\/wp\/v2\/pages"}],"about":[{"href":"https:\/\/agora.xtec.cat\/ceip-serralavella\/wp-json\/wp\/v2\/types\/page"}],"author":[{"embeddable":true,"href":"https:\/\/agora.xtec.cat\/ceip-serralavella\/wp-json\/wp\/v2\/users\/2"}],"replies":[{"embeddable":true,"href":"https:\/\/agora.xtec.cat\/ceip-serralavella\/wp-json\/wp\/v2\/comments?post=38"}],"version-history":[{"count":3,"href":"https:\/\/agora.xtec.cat\/ceip-serralavella\/wp-json\/wp\/v2\/pages\/38\/revisions"}],"predecessor-version":[{"id":361,"href":"https:\/\/agora.xtec.cat\/ceip-serralavella\/wp-json\/wp\/v2\/pages\/38\/revisions\/361"}],"up":[{"embeddable":true,"href":"https:\/\/agora.xtec.cat\/ceip-serralavella\/wp-json\/wp\/v2\/pages\/22"}],"wp:attachment":[{"href":"https:\/\/agora.xtec.cat\/ceip-serralavella\/wp-json\/wp\/v2\/media?parent=38"}],"curies":[{"name":"wp","href":"https:\/\/api.w.org\/{rel}","templated":true}]}}