{"id":36,"date":"2014-09-18T12:33:11","date_gmt":"2014-09-18T11:33:11","guid":{"rendered":"http:\/\/agora.xtec.cat\/ceip-serralavella\/?page_id=36"},"modified":"2023-10-19T15:03:25","modified_gmt":"2023-10-19T13:03:25","slug":"material-escolar","status":"publish","type":"page","link":"https:\/\/agora.xtec.cat\/ceip-serralavella\/lescola\/material-escolar\/","title":{"rendered":"Material escolar"},"content":{"rendered":"<p>El material que els alumnes necessiten per al treball diari queda recollit en l&#8217;aportaci\u00f3 anual de 140\u20ac, amb pagament \u00fanic.<\/p>\n<p>Les sortides es paguen en una aportaci\u00f3 \u00fanica al llarg de l&#8217;any, equivalent a 80\u20ac, que s&#8217;ajusta a cada curs en funci\u00f3 del romanent del curs anterior.<\/p>\n<p>Tots els nivells de l&#8217;escola van de col\u00f2nies al llarg del curs. El preu d&#8217;aquestes varia en funci\u00f3 del lloc i del nombre de dies.<\/p>\n<p style=\"padding-left: 30px;\">Educaci\u00f3 Infantil: dos dies i una nit.<\/p>\n<p style=\"padding-left: 30px;\">Primer, segon i tercer: tres dies i dues nits.<\/p>\n<p style=\"padding-left: 30px;\">Quart i cinqu\u00e8: quatre dies i tres nits.<\/p>\n<p style=\"padding-left: 30px;\">Sis\u00e8: cinc dies i quatre nits. (El viatge de sis\u00e8 es treballa conjuntament amb les fam\u00edlies per fer recollida de diners al llarg de l&#8217;escolaritat).<\/p>\n<p>A principi de curs s&#8217;avisa a les fam\u00edlies en quin moment es far\u00e0 el cobrament de cadascuna de les aportacions, que poden variar segons el curs en funci\u00f3 de les dates de col\u00f2nies.<\/p>\n<p>Cal, tamb\u00e9, i per a tots els infants, tenir una bata a l&#8217;escola per a realitzar activitats que puguin tacar la roba.<\/p>\n<p>Els i les nenes que comencen a 3 anys tenen un llistat espec\u00edfic de material que les tutores facilitaran en la reuni\u00f3 d&#8217;inici de curs.<\/p>\n","protected":false},"excerpt":{"rendered":"<p>El material que els alumnes necessiten per al treball diari queda recollit en l&#8217;aportaci\u00f3 anual de 140\u20ac, amb pagament \u00fanic. Les sortides es paguen en una aportaci\u00f3 \u00fanica al llarg de l&#8217;any, equivalent a 80\u20ac, que s&#8217;ajusta a cada curs en funci\u00f3 del romanent del curs anterior. Tots els nivells de l&#8217;escola van de col\u00f2nies [&hellip;]<\/p>\n","protected":false},"author":2,"featured_media":0,"parent":22,"menu_order":90,"comment_status":"closed","ping_status":"closed","template":"page-templates\/side-menu.php","meta":{"_bbp_topic_count":0,"_bbp_reply_count":0,"_bbp_total_topic_count":0,"_bbp_total_reply_count":0,"_bbp_voice_count":0,"_bbp_anonymous_reply_count":0,"_bbp_topic_count_hidden":0,"_bbp_reply_count_hidden":0,"_bbp_forum_subforum_count":0,"site-sidebar-layout":"default","site-content-layout":"","ast-site-content-layout":"","site-content-style":"default","site-sidebar-style":"default","ast-global-header-display":"","ast-banner-title-visibility":"","ast-main-header-display":"","ast-hfb-above-header-display":"","ast-hfb-below-header-display":"","ast-hfb-mobile-header-display":"","site-post-title":"","ast-breadcrumbs-content":"","ast-featured-img":"","footer-sml-layout":"","theme-transparent-header-meta":"","adv-header-id-meta":"","stick-header-meta":"","header-above-stick-meta":"","header-main-stick-meta":"","header-below-stick-meta":"","astra-migrate-meta-layouts":"default","ast-page-background-enabled":"default","ast-page-background-meta":{"desktop":{"background-color":"var(--ast-global-color-4)","background-image":"","background-repeat":"repeat","background-position":"center center","background-size":"auto","background-attachment":"scroll","background-type":"","background-media":"","overlay-type":"","overlay-color":"","overlay-opacity":"","overlay-gradient":""},"tablet":{"background-color":"","background-image":"","background-repeat":"repeat","background-position":"center center","background-size":"auto","background-attachment":"scroll","background-type":"","background-media":"","overlay-type":"","overlay-color":"","overlay-opacity":"","overlay-gradient":""},"mobile":{"background-color":"","background-image":"","background-repeat":"repeat","background-position":"center center","background-size":"auto","background-attachment":"scroll","background-type":"","background-media":"","overlay-type":"","overlay-color":"","overlay-opacity":"","overlay-gradient":""}},"ast-content-background-meta":{"desktop":{"background-color":"var(--ast-global-color-5)","background-image":"","background-repeat":"repeat","background-position":"center center","background-size":"auto","background-attachment":"scroll","background-type":"","background-media":"","overlay-type":"","overlay-color":"","overlay-opacity":"","overlay-gradient":""},"tablet":{"background-color":"var(--ast-global-color-5)","background-image":"","background-repeat":"repeat","background-position":"center center","background-size":"auto","background-attachment":"scroll","background-type":"","background-media":"","overlay-type":"","overlay-color":"","overlay-opacity":"","overlay-gradient":""},"mobile":{"background-color":"var(--ast-global-color-5)","background-image":"","background-repeat":"repeat","background-position":"center center","background-size":"auto","background-attachment":"scroll","background-type":"","background-media":"","overlay-type":"","overlay-color":"","overlay-opacity":"","overlay-gradient":""}},"footnotes":""},"class_list":["post-36","page","type-page","status-publish","hentry"],"post_mailing_queue_ids":[],"_links":{"self":[{"href":"https:\/\/agora.xtec.cat\/ceip-serralavella\/wp-json\/wp\/v2\/pages\/36","targetHints":{"allow":["GET"]}}],"collection":[{"href":"https:\/\/agora.xtec.cat\/ceip-serralavella\/wp-json\/wp\/v2\/pages"}],"about":[{"href":"https:\/\/agora.xtec.cat\/ceip-serralavella\/wp-json\/wp\/v2\/types\/page"}],"author":[{"embeddable":true,"href":"https:\/\/agora.xtec.cat\/ceip-serralavella\/wp-json\/wp\/v2\/users\/2"}],"replies":[{"embeddable":true,"href":"https:\/\/agora.xtec.cat\/ceip-serralavella\/wp-json\/wp\/v2\/comments?post=36"}],"version-history":[{"count":4,"href":"https:\/\/agora.xtec.cat\/ceip-serralavella\/wp-json\/wp\/v2\/pages\/36\/revisions"}],"predecessor-version":[{"id":1886,"href":"https:\/\/agora.xtec.cat\/ceip-serralavella\/wp-json\/wp\/v2\/pages\/36\/revisions\/1886"}],"up":[{"embeddable":true,"href":"https:\/\/agora.xtec.cat\/ceip-serralavella\/wp-json\/wp\/v2\/pages\/22"}],"wp:attachment":[{"href":"https:\/\/agora.xtec.cat\/ceip-serralavella\/wp-json\/wp\/v2\/media?parent=36"}],"curies":[{"name":"wp","href":"https:\/\/api.w.org\/{rel}","templated":true}]}}