{"id":297,"date":"2015-08-31T12:30:35","date_gmt":"2015-08-31T11:30:35","guid":{"rendered":"http:\/\/agora.xtec.cat\/ceip-serralavella\/?page_id=297"},"modified":"2025-11-28T09:56:40","modified_gmt":"2025-11-28T08:56:40","slug":"especialistes","status":"publish","type":"page","link":"https:\/\/agora.xtec.cat\/ceip-serralavella\/lescola\/equip\/especialistes\/","title":{"rendered":"Mestres Especialistes"},"content":{"rendered":"\n<p><\/p>\n\n\n\n<div class=\"wp-block-media-text is-stacked-on-mobile\"><figure class=\"wp-block-media-text__media\"><img loading=\"lazy\" decoding=\"async\" width=\"598\" height=\"807\" src=\"https:\/\/agora.xtec.cat\/ceip-serralavella\/wp-content\/uploads\/usu452\/2023\/10\/Cris.jpg\" alt=\"\" class=\"wp-image-1831 size-full\" srcset=\"https:\/\/agora.xtec.cat\/ceip-serralavella\/wp-content\/uploads\/usu452\/2023\/10\/Cris.jpg 598w, https:\/\/agora.xtec.cat\/ceip-serralavella\/wp-content\/uploads\/usu452\/2023\/10\/Cris-222x300.jpg 222w\" sizes=\"auto, (max-width: 598px) 100vw, 598px\" \/><\/figure><div class=\"wp-block-media-text__content\">\n<p><strong>Angl\u00e8s 1<\/strong> Cristina Rierola cristina.rierola@escolaserralavella.cat<\/p>\n<\/div><\/div>\n\n\n\n<p><\/p>\n\n\n\n<div class=\"wp-block-media-text is-stacked-on-mobile\"><figure class=\"wp-block-media-text__media\"><img loading=\"lazy\" decoding=\"async\" width=\"762\" height=\"1024\" src=\"https:\/\/agora.xtec.cat\/ceip-serralavella\/wp-content\/uploads\/usu452\/2021\/10\/xavi1-762x1024.jpg\" alt=\"\" class=\"wp-image-1624 size-full\" srcset=\"https:\/\/agora.xtec.cat\/ceip-serralavella\/wp-content\/uploads\/usu452\/2021\/10\/xavi1-762x1024.jpg 762w, https:\/\/agora.xtec.cat\/ceip-serralavella\/wp-content\/uploads\/usu452\/2021\/10\/xavi1-223x300.jpg 223w, https:\/\/agora.xtec.cat\/ceip-serralavella\/wp-content\/uploads\/usu452\/2021\/10\/xavi1-768x1032.jpg 768w, https:\/\/agora.xtec.cat\/ceip-serralavella\/wp-content\/uploads\/usu452\/2021\/10\/xavi1-1143x1536.jpg 1143w, https:\/\/agora.xtec.cat\/ceip-serralavella\/wp-content\/uploads\/usu452\/2021\/10\/xavi1.jpg 1249w\" sizes=\"auto, (max-width: 762px) 100vw, 762px\" \/><\/figure><div class=\"wp-block-media-text__content\">\n<p><strong>Angl\u00e8s 2 <\/strong> Xavi Canudas xavi.canudas@escolaserralavella.cat<\/p>\n<\/div><\/div>\n\n\n\n<p><\/p>\n\n\n\n<div class=\"wp-block-media-text is-stacked-on-mobile\"><figure class=\"wp-block-media-text__media\"><img loading=\"lazy\" decoding=\"async\" width=\"737\" height=\"1024\" src=\"https:\/\/agora.xtec.cat\/ceip-serralavella\/wp-content\/uploads\/usu452\/2025\/11\/20251004_144940-737x1024.jpg\" alt=\"\" class=\"wp-image-2171 size-full\" srcset=\"https:\/\/agora.xtec.cat\/ceip-serralavella\/wp-content\/uploads\/usu452\/2025\/11\/20251004_144940-737x1024.jpg 737w, https:\/\/agora.xtec.cat\/ceip-serralavella\/wp-content\/uploads\/usu452\/2025\/11\/20251004_144940-216x300.jpg 216w, https:\/\/agora.xtec.cat\/ceip-serralavella\/wp-content\/uploads\/usu452\/2025\/11\/20251004_144940-768x1068.jpg 768w, https:\/\/agora.xtec.cat\/ceip-serralavella\/wp-content\/uploads\/usu452\/2025\/11\/20251004_144940.jpg 792w\" sizes=\"auto, (max-width: 737px) 100vw, 737px\" \/><\/figure><div class=\"wp-block-media-text__content\">\n<p>&nbsp;<strong>M\u00fasica 1<\/strong> N\u00faria Palet nuria.palet@escolaserralavella.cat<\/p>\n<\/div><\/div>\n\n\n\n<p><\/p>\n\n\n\n<div class=\"wp-block-media-text is-stacked-on-mobile\"><figure class=\"wp-block-media-text__media\"><img loading=\"lazy\" decoding=\"async\" width=\"125\" height=\"130\" src=\"https:\/\/agora.xtec.cat\/ceip-serralavella\/wp-content\/uploads\/usu452\/2015\/08\/rosa1.jpg\" alt=\"\" class=\"wp-image-268 size-full\"\/><\/figure><div class=\"wp-block-media-text__content\">\n<p><strong>M\u00fasica 2<\/strong> Rosa Fillat rosa.fillat@escolaserralavella.cat<\/p>\n<\/div><\/div>\n\n\n\n<div class=\"wp-block-media-text is-stacked-on-mobile\"><figure class=\"wp-block-media-text__media\"><img loading=\"lazy\" decoding=\"async\" width=\"719\" height=\"1024\" src=\"https:\/\/agora.xtec.cat\/ceip-serralavella\/wp-content\/uploads\/usu452\/2025\/11\/marc-escorial-719x1024.jpg\" alt=\"\" class=\"wp-image-2169 size-full\" srcset=\"https:\/\/agora.xtec.cat\/ceip-serralavella\/wp-content\/uploads\/usu452\/2025\/11\/marc-escorial-719x1024.jpg 719w, https:\/\/agora.xtec.cat\/ceip-serralavella\/wp-content\/uploads\/usu452\/2025\/11\/marc-escorial-211x300.jpg 211w, https:\/\/agora.xtec.cat\/ceip-serralavella\/wp-content\/uploads\/usu452\/2025\/11\/marc-escorial-768x1094.jpg 768w, https:\/\/agora.xtec.cat\/ceip-serralavella\/wp-content\/uploads\/usu452\/2025\/11\/marc-escorial-1078x1536.jpg 1078w, https:\/\/agora.xtec.cat\/ceip-serralavella\/wp-content\/uploads\/usu452\/2025\/11\/marc-escorial.jpg 1422w\" sizes=\"auto, (max-width: 719px) 100vw, 719px\" \/><\/figure><div class=\"wp-block-media-text__content\">\n<p><strong>Psicomotricitat i Educaci\u00f3 F\u00edsica 1<\/strong> marc.escorial@escolaserralavella.cat<\/p>\n<\/div><\/div>\n\n\n\n<p><\/p>\n\n\n\n<div class=\"wp-block-media-text is-stacked-on-mobile\"><figure class=\"wp-block-media-text__media\"><\/figure><div class=\"wp-block-media-text__content\">\n<p>Educaci\u00f3 F\u00edsica 2 Alba Ramon alba.ramon@escolaserralavella.cat<\/p>\n<\/div><\/div>\n\n\n\n<div class=\"wp-block-media-text is-stacked-on-mobile\"><figure class=\"wp-block-media-text__media\"><img loading=\"lazy\" decoding=\"async\" width=\"1024\" height=\"768\" src=\"https:\/\/agora.xtec.cat\/ceip-serralavella\/wp-content\/uploads\/usu452\/2015\/08\/Arenas-1024x768.jpg\" alt=\"\" class=\"wp-image-259 size-full\" srcset=\"https:\/\/agora.xtec.cat\/ceip-serralavella\/wp-content\/uploads\/usu452\/2015\/08\/Arenas-1024x768.jpg 1024w, https:\/\/agora.xtec.cat\/ceip-serralavella\/wp-content\/uploads\/usu452\/2015\/08\/Arenas-300x225.jpg 300w, https:\/\/agora.xtec.cat\/ceip-serralavella\/wp-content\/uploads\/usu452\/2015\/08\/Arenas-200x150.jpg 200w, https:\/\/agora.xtec.cat\/ceip-serralavella\/wp-content\/uploads\/usu452\/2015\/08\/Arenas.jpg 2048w\" sizes=\"auto, (max-width: 1024px) 100vw, 1024px\" \/><\/figure><div class=\"wp-block-media-text__content\">\n<p>Pedagogia Terap\u00e8utica Anna Arenas anna.arenas@escolaserralavella.cat<\/p>\n<\/div><\/div>\n\n\n\n<p><\/p>\n\n\n\n<div class=\"wp-block-media-text is-stacked-on-mobile\"><figure class=\"wp-block-media-text__media\"><img loading=\"lazy\" decoding=\"async\" width=\"200\" height=\"150\" src=\"https:\/\/agora.xtec.cat\/ceip-serralavella\/wp-content\/uploads\/usu452\/2015\/08\/Sanz.jpg\" alt=\"\" class=\"wp-image-269 size-full\"\/><\/figure><div class=\"wp-block-media-text__content\">\n<p>Pedagogia Terap\u00e8utica  Anna Sanz anna.sanz@escolaserralavella.cat<\/p>\n<\/div><\/div>\n","protected":false},"excerpt":{"rendered":"<p>Angl\u00e8s 1 Cristina Rierola cristina.rierola@escolaserralavella.cat Angl\u00e8s 2 Xavi Canudas xavi.canudas@escolaserralavella.cat &nbsp;M\u00fasica 1 N\u00faria Palet nuria.palet@escolaserralavella.cat M\u00fasica 2 Rosa Fillat rosa.fillat@escolaserralavella.cat Psicomotricitat i Educaci\u00f3 F\u00edsica 1 marc.escorial@escolaserralavella.cat Educaci\u00f3 F\u00edsica 2 Alba Ramon alba.ramon@escolaserralavella.cat Pedagogia Terap\u00e8utica Anna Arenas anna.arenas@escolaserralavella.cat Pedagogia Terap\u00e8utica Anna Sanz anna.sanz@escolaserralavella.cat<\/p>\n","protected":false},"author":1,"featured_media":0,"parent":254,"menu_order":40,"comment_status":"closed","ping_status":"closed","template":"","meta":{"_bbp_topic_count":0,"_bbp_reply_count":0,"_bbp_total_topic_count":0,"_bbp_total_reply_count":0,"_bbp_voice_count":0,"_bbp_anonymous_reply_count":0,"_bbp_topic_count_hidden":0,"_bbp_reply_count_hidden":0,"_bbp_forum_subforum_count":0,"site-sidebar-layout":"default","site-content-layout":"","ast-site-content-layout":"default","site-content-style":"default","site-sidebar-style":"default","ast-global-header-display":"","ast-banner-title-visibility":"","ast-main-header-display":"","ast-hfb-above-header-display":"","ast-hfb-below-header-display":"","ast-hfb-mobile-header-display":"","site-post-title":"","ast-breadcrumbs-content":"","ast-featured-img":"","footer-sml-layout":"","theme-transparent-header-meta":"","adv-header-id-meta":"","stick-header-meta":"","header-above-stick-meta":"","header-main-stick-meta":"","header-below-stick-meta":"","astra-migrate-meta-layouts":"set","ast-page-background-enabled":"default","ast-page-background-meta":{"desktop":{"background-color":"var(--ast-global-color-4)","background-image":"","background-repeat":"repeat","background-position":"center center","background-size":"auto","background-attachment":"scroll","background-type":"","background-media":"","overlay-type":"","overlay-color":"","overlay-opacity":"","overlay-gradient":""},"tablet":{"background-color":"","background-image":"","background-repeat":"repeat","background-position":"center center","background-size":"auto","background-attachment":"scroll","background-type":"","background-media":"","overlay-type":"","overlay-color":"","overlay-opacity":"","overlay-gradient":""},"mobile":{"background-color":"","background-image":"","background-repeat":"repeat","background-position":"center center","background-size":"auto","background-attachment":"scroll","background-type":"","background-media":"","overlay-type":"","overlay-color":"","overlay-opacity":"","overlay-gradient":""}},"ast-content-background-meta":{"desktop":{"background-color":"var(--ast-global-color-5)","background-image":"","background-repeat":"repeat","background-position":"center center","background-size":"auto","background-attachment":"scroll","background-type":"","background-media":"","overlay-type":"","overlay-color":"","overlay-opacity":"","overlay-gradient":""},"tablet":{"background-color":"var(--ast-global-color-5)","background-image":"","background-repeat":"repeat","background-position":"center center","background-size":"auto","background-attachment":"scroll","background-type":"","background-media":"","overlay-type":"","overlay-color":"","overlay-opacity":"","overlay-gradient":""},"mobile":{"background-color":"var(--ast-global-color-5)","background-image":"","background-repeat":"repeat","background-position":"center center","background-size":"auto","background-attachment":"scroll","background-type":"","background-media":"","overlay-type":"","overlay-color":"","overlay-opacity":"","overlay-gradient":""}},"footnotes":""},"class_list":["post-297","page","type-page","status-publish","hentry"],"post_mailing_queue_ids":[],"_links":{"self":[{"href":"https:\/\/agora.xtec.cat\/ceip-serralavella\/wp-json\/wp\/v2\/pages\/297","targetHints":{"allow":["GET"]}}],"collection":[{"href":"https:\/\/agora.xtec.cat\/ceip-serralavella\/wp-json\/wp\/v2\/pages"}],"about":[{"href":"https:\/\/agora.xtec.cat\/ceip-serralavella\/wp-json\/wp\/v2\/types\/page"}],"author":[{"embeddable":true,"href":"https:\/\/agora.xtec.cat\/ceip-serralavella\/wp-json\/wp\/v2\/users\/1"}],"replies":[{"embeddable":true,"href":"https:\/\/agora.xtec.cat\/ceip-serralavella\/wp-json\/wp\/v2\/comments?post=297"}],"version-history":[{"count":6,"href":"https:\/\/agora.xtec.cat\/ceip-serralavella\/wp-json\/wp\/v2\/pages\/297\/revisions"}],"predecessor-version":[{"id":2177,"href":"https:\/\/agora.xtec.cat\/ceip-serralavella\/wp-json\/wp\/v2\/pages\/297\/revisions\/2177"}],"up":[{"embeddable":true,"href":"https:\/\/agora.xtec.cat\/ceip-serralavella\/wp-json\/wp\/v2\/pages\/254"}],"wp:attachment":[{"href":"https:\/\/agora.xtec.cat\/ceip-serralavella\/wp-json\/wp\/v2\/media?parent=297"}],"curies":[{"name":"wp","href":"https:\/\/api.w.org\/{rel}","templated":true}]}}