{"id":2107,"date":"2025-08-20T23:17:29","date_gmt":"2025-08-20T21:17:29","guid":{"rendered":"https:\/\/agora.xtec.cat\/ceip-serralavella\/?page_id=2107"},"modified":"2025-08-25T11:24:08","modified_gmt":"2025-08-25T09:24:08","slug":"situacions-daprenentatge-en-el-cicle-dinfantil","status":"publish","type":"page","link":"https:\/\/agora.xtec.cat\/ceip-serralavella\/situacions-daprenentatge-en-el-cicle-dinfantil\/","title":{"rendered":"Situacions d&#8217;aprenentatge en el cicle d&#8217;infantil"},"content":{"rendered":"\n<div class=\"wp-block-columns is-layout-flex wp-container-core-columns-is-layout-1 wp-block-columns-is-layout-flex\">\n<div class=\"wp-block-column is-layout-flow wp-block-column-is-layout-flow\">\n<figure class=\"wp-block-image size-large\"><a href=\"https:\/\/agora.xtec.cat\/ceip-serralavella\/wp-content\/uploads\/usu452\/2025\/07\/entrada-scaled.jpg\"><img loading=\"lazy\" decoding=\"async\" width=\"1024\" height=\"768\" src=\"https:\/\/agora.xtec.cat\/ceip-serralavella\/wp-content\/uploads\/usu452\/2025\/07\/entrada-1024x768.jpg\" alt=\"\" class=\"wp-image-2052\" srcset=\"https:\/\/agora.xtec.cat\/ceip-serralavella\/wp-content\/uploads\/usu452\/2025\/07\/entrada-1024x768.jpg 1024w, https:\/\/agora.xtec.cat\/ceip-serralavella\/wp-content\/uploads\/usu452\/2025\/07\/entrada-300x225.jpg 300w, https:\/\/agora.xtec.cat\/ceip-serralavella\/wp-content\/uploads\/usu452\/2025\/07\/entrada-768x576.jpg 768w, https:\/\/agora.xtec.cat\/ceip-serralavella\/wp-content\/uploads\/usu452\/2025\/07\/entrada-1536x1152.jpg 1536w, https:\/\/agora.xtec.cat\/ceip-serralavella\/wp-content\/uploads\/usu452\/2025\/07\/entrada-2048x1536.jpg 2048w\" sizes=\"auto, (max-width: 1024px) 100vw, 1024px\" \/><\/a><\/figure>\n\n\n\n<h2 class=\"wp-block-heading\">ENTRADES RELAXADES<\/h2>\n\n\n\n<p>L\u2019equip d\u2019infantil hem introdu\u00eft les entrades relaxades el curs 2024-2025 amb l\u2019objectiu d\u2019oferir als infants un clima positiu facilitant la connexi\u00f3 emocional amb els companys, l\u2019adult i l\u2019espai de l\u2019aula.<\/p>\n\n\n\n<p>Se\u2019ls proporciona als infants diferents propostes que afavoreixen el joc, l\u2019observaci\u00f3, l\u2019exploraci\u00f3 i la conversa entre iguals.<\/p>\n<\/div>\n\n\n\n<div class=\"wp-block-column is-layout-flow wp-block-column-is-layout-flow\">\n<figure class=\"wp-block-image size-large\"><a href=\"https:\/\/agora.xtec.cat\/ceip-serralavella\/wp-content\/uploads\/usu452\/2025\/08\/IMG-20241211-WA0013-rotated.jpg\"><img loading=\"lazy\" decoding=\"async\" width=\"1024\" height=\"768\" src=\"https:\/\/agora.xtec.cat\/ceip-serralavella\/wp-content\/uploads\/usu452\/2025\/08\/IMG-20241211-WA0013-1024x768.jpg\" alt=\"\" class=\"wp-image-2078\" srcset=\"https:\/\/agora.xtec.cat\/ceip-serralavella\/wp-content\/uploads\/usu452\/2025\/08\/IMG-20241211-WA0013-1024x768.jpg 1024w, https:\/\/agora.xtec.cat\/ceip-serralavella\/wp-content\/uploads\/usu452\/2025\/08\/IMG-20241211-WA0013-300x225.jpg 300w, https:\/\/agora.xtec.cat\/ceip-serralavella\/wp-content\/uploads\/usu452\/2025\/08\/IMG-20241211-WA0013-768x576.jpg 768w, https:\/\/agora.xtec.cat\/ceip-serralavella\/wp-content\/uploads\/usu452\/2025\/08\/IMG-20241211-WA0013-1536x1152.jpg 1536w, https:\/\/agora.xtec.cat\/ceip-serralavella\/wp-content\/uploads\/usu452\/2025\/08\/IMG-20241211-WA0013-rotated.jpg 2048w\" sizes=\"auto, (max-width: 1024px) 100vw, 1024px\" \/><\/a><\/figure>\n\n\n\n<h2 class=\"wp-block-heading\">TALLERS<\/h2>\n\n\n\n<p>Un cop a la setmana els infants d\u2019I3, I4 i I5 juguen, experimenten i conviuen amb els altres grups del mateix cicle. Creant un ambient d\u2019aprenentatge diferent que ofereix l\u2019oportunitat d\u2019aprendre els uns dels altres.<\/p>\n\n\n\n<p>Poder compartir espai amb infants de diferents edats i grups \u00e9s una activitat enriquidora i atractiva que ajuda a fomentar el respecte i l\u2019empatia cap als altres.<\/p>\n\n\n\n<p>Actualment, fem 7 tallers: Llum i color, Rob\u00f2tica, m\u00fasica, ci\u00e8ncia, cuina, jocs a l\u2019aire lliure i art.<\/p>\n<\/div>\n\n\n\n<div class=\"wp-block-column is-layout-flow wp-block-column-is-layout-flow\">\n<figure class=\"wp-block-image size-large\"><a href=\"https:\/\/agora.xtec.cat\/ceip-serralavella\/wp-content\/uploads\/usu452\/2025\/08\/r.jpg\"><img loading=\"lazy\" decoding=\"async\" width=\"1024\" height=\"771\" src=\"https:\/\/agora.xtec.cat\/ceip-serralavella\/wp-content\/uploads\/usu452\/2025\/08\/r-1024x771.jpg\" alt=\"\" class=\"wp-image-2080\" srcset=\"https:\/\/agora.xtec.cat\/ceip-serralavella\/wp-content\/uploads\/usu452\/2025\/08\/r-1024x771.jpg 1024w, https:\/\/agora.xtec.cat\/ceip-serralavella\/wp-content\/uploads\/usu452\/2025\/08\/r-300x226.jpg 300w, https:\/\/agora.xtec.cat\/ceip-serralavella\/wp-content\/uploads\/usu452\/2025\/08\/r-768x578.jpg 768w, https:\/\/agora.xtec.cat\/ceip-serralavella\/wp-content\/uploads\/usu452\/2025\/08\/r-1536x1157.jpg 1536w, https:\/\/agora.xtec.cat\/ceip-serralavella\/wp-content\/uploads\/usu452\/2025\/08\/r.jpg 2000w\" sizes=\"auto, (max-width: 1024px) 100vw, 1024px\" \/><\/a><\/figure>\n\n\n\n<h2 class=\"wp-block-heading\">SORTIDES PER L&#8217;ENTORN<\/h2>\n\n\n\n<p>La nostra escola es troba situada en un entorn natural privilegiat. Aix\u00f2 ens permet realitzar sortides per estar amb contacte amb la natura, experiment el terreny amb el cos descobrint la flora i la fauna. Tamb\u00e9 apostem i donem valor al contacte amb el nostre entorn social: establiments, entitats\u2026<\/p>\n<\/div>\n<\/div>\n","protected":false},"excerpt":{"rendered":"<p>ENTRADES RELAXADES L\u2019equip d\u2019infantil hem introdu\u00eft les entrades relaxades el curs 2024-2025 amb l\u2019objectiu d\u2019oferir als infants un clima positiu facilitant la connexi\u00f3 emocional amb els companys, l\u2019adult i l\u2019espai de l\u2019aula. Se\u2019ls proporciona als infants diferents propostes que afavoreixen el joc, l\u2019observaci\u00f3, l\u2019exploraci\u00f3 i la conversa entre iguals. TALLERS Un cop a la setmana [&hellip;]<\/p>\n","protected":false},"author":1,"featured_media":0,"parent":0,"menu_order":0,"comment_status":"closed","ping_status":"close","template":"","meta":{"_bbp_topic_count":0,"_bbp_reply_count":0,"_bbp_total_topic_count":0,"_bbp_total_reply_count":0,"_bbp_voice_count":0,"_bbp_anonymous_reply_count":0,"_bbp_topic_count_hidden":0,"_bbp_reply_count_hidden":0,"_bbp_forum_subforum_count":0,"site-sidebar-layout":"default","site-content-layout":"","ast-site-content-layout":"default","site-content-style":"default","site-sidebar-style":"default","ast-global-header-display":"","ast-banner-title-visibility":"","ast-main-header-display":"","ast-hfb-above-header-display":"","ast-hfb-below-header-display":"","ast-hfb-mobile-header-display":"","site-post-title":"","ast-breadcrumbs-content":"","ast-featured-img":"","footer-sml-layout":"","theme-transparent-header-meta":"","adv-header-id-meta":"","stick-header-meta":"","header-above-stick-meta":"","header-main-stick-meta":"","header-below-stick-meta":"","astra-migrate-meta-layouts":"set","ast-page-background-enabled":"default","ast-page-background-meta":{"desktop":{"background-color":"var(--ast-global-color-4)","background-image":"","background-repeat":"repeat","background-position":"center center","background-size":"auto","background-attachment":"scroll","background-type":"","background-media":"","overlay-type":"","overlay-color":"","overlay-opacity":"","overlay-gradient":""},"tablet":{"background-color":"","background-image":"","background-repeat":"repeat","background-position":"center center","background-size":"auto","background-attachment":"scroll","background-type":"","background-media":"","overlay-type":"","overlay-color":"","overlay-opacity":"","overlay-gradient":""},"mobile":{"background-color":"","background-image":"","background-repeat":"repeat","background-position":"center center","background-size":"auto","background-attachment":"scroll","background-type":"","background-media":"","overlay-type":"","overlay-color":"","overlay-opacity":"","overlay-gradient":""}},"ast-content-background-meta":{"desktop":{"background-color":"var(--ast-global-color-5)","background-image":"","background-repeat":"repeat","background-position":"center center","background-size":"auto","background-attachment":"scroll","background-type":"","background-media":"","overlay-type":"","overlay-color":"","overlay-opacity":"","overlay-gradient":""},"tablet":{"background-color":"var(--ast-global-color-5)","background-image":"","background-repeat":"repeat","background-position":"center center","background-size":"auto","background-attachment":"scroll","background-type":"","background-media":"","overlay-type":"","overlay-color":"","overlay-opacity":"","overlay-gradient":""},"mobile":{"background-color":"var(--ast-global-color-5)","background-image":"","background-repeat":"repeat","background-position":"center center","background-size":"auto","background-attachment":"scroll","background-type":"","background-media":"","overlay-type":"","overlay-color":"","overlay-opacity":"","overlay-gradient":""}},"footnotes":""},"class_list":["post-2107","page","type-page","status-publish","hentry"],"post_mailing_queue_ids":[],"_links":{"self":[{"href":"https:\/\/agora.xtec.cat\/ceip-serralavella\/wp-json\/wp\/v2\/pages\/2107","targetHints":{"allow":["GET"]}}],"collection":[{"href":"https:\/\/agora.xtec.cat\/ceip-serralavella\/wp-json\/wp\/v2\/pages"}],"about":[{"href":"https:\/\/agora.xtec.cat\/ceip-serralavella\/wp-json\/wp\/v2\/types\/page"}],"author":[{"embeddable":true,"href":"https:\/\/agora.xtec.cat\/ceip-serralavella\/wp-json\/wp\/v2\/users\/1"}],"replies":[{"embeddable":true,"href":"https:\/\/agora.xtec.cat\/ceip-serralavella\/wp-json\/wp\/v2\/comments?post=2107"}],"version-history":[{"count":3,"href":"https:\/\/agora.xtec.cat\/ceip-serralavella\/wp-json\/wp\/v2\/pages\/2107\/revisions"}],"predecessor-version":[{"id":2119,"href":"https:\/\/agora.xtec.cat\/ceip-serralavella\/wp-json\/wp\/v2\/pages\/2107\/revisions\/2119"}],"wp:attachment":[{"href":"https:\/\/agora.xtec.cat\/ceip-serralavella\/wp-json\/wp\/v2\/media?parent=2107"}],"curies":[{"name":"wp","href":"https:\/\/api.w.org\/{rel}","templated":true}]}}