{"id":2069,"date":"2025-07-05T17:43:10","date_gmt":"2025-07-05T15:43:10","guid":{"rendered":"https:\/\/agora.xtec.cat\/ceip-serralavella\/?page_id=2069"},"modified":"2026-03-03T13:42:56","modified_gmt":"2026-03-03T12:42:56","slug":"noticies","status":"publish","type":"page","link":"https:\/\/agora.xtec.cat\/ceip-serralavella\/noticies\/","title":{"rendered":"NOT\u00cdCIES"},"content":{"rendered":"\n        <div class=\"wp-block-getwid-post-slider custom-post-type-post has-arrows-inside has-dots-outside\">\n            <div data-slider-option=\"{&quot;getwid_fade_effect&quot;:&quot;slide&quot;,&quot;getwid_autoplay&quot;:false,&quot;getwid_pause_on_hover&quot;:false,&quot;getwid_autoplay_speed&quot;:6000,&quot;getwid_infinite&quot;:true,&quot;getwid_animation_speed&quot;:800,&quot;getwid_arrows&quot;:&quot;inside&quot;,&quot;getwid_dots&quot;:&quot;outside&quot;}\" class=\"wp-block-getwid-post-slider__content\">\n                \t\t\t\t\t\t\t<div class=\"wp-block-getwid-post-slider__slide\" style=\"\">\n\t\t\t\t\t\t\t\t\n<div class=\"wp-block-getwid-post-slider__post \">\n        <div class=\"wp-block-getwid-post-slider__post-overlay \"><\/div>\n    <div class=\"wp-block-getwid-post-slider__post-content-wrapper\">\n        <h3 class=\"wp-block-getwid-post-slider__post-title\"><a href=\"https:\/\/agora.xtec.cat\/ceip-serralavella\/portada\/codi-de-conducta\/\">Codi de Conducta<\/a><\/h3>        <div class=\"wp-block-getwid-post-slider__post-excerpt\"><p>Aquest Codi de Conducta ha estat elaborat conjuntament amb la comunitat educativa. T\u00e9 com a objectiu protegir l&#8217;infant i evitar qualsevol situaci\u00f3 violenta. Est\u00e0 adre\u00e7at a tots els agents educatius que intervenen en el centre: alumnat, personal docent i no docent, monitoratge de menjador, personal d&#8217;extraescolars i fam\u00edlies.<\/p>\n<\/div>\n    <\/div>\n<\/div>\n\t\t\t\t\t\t\t<\/div>\n\t\t\t\t\t\t\t\t\t\t\t\t\t<div class=\"wp-block-getwid-post-slider__slide\" style=\"\">\n\t\t\t\t\t\t\t\t\n<div class=\"wp-block-getwid-post-slider__post \">\n        <div class=\"wp-block-getwid-post-slider__post-overlay \"><\/div>\n    <div class=\"wp-block-getwid-post-slider__post-content-wrapper\">\n        <h3 class=\"wp-block-getwid-post-slider__post-title\"><a href=\"https:\/\/agora.xtec.cat\/ceip-serralavella\/infantil\/cicle-dinfantil\/\">SITUACIONS D&#8217;APRENENTATGE EN EL CICLE D&#8217;INFANTIL<\/a><\/h3>        <div class=\"wp-block-getwid-post-slider__post-excerpt\"><p>ENTRADES RELAXADES L&#8217;equip d&#8217;infantil hem introdu\u00eft les entrades relaxades el curs 2024-2025 amb l&#8217;objectiu d&#8217;oferir als infants un clima positiu facilitant la connexi\u00f3 emocional amb els companys, l&#8217;adult i l&#8217;espai de l&#8217;aula. Se&#8217;ls proporciona als infants diferents propostes que afavoreixen el joc, l&#8217;observaci\u00f3, l&#8217;exploraci\u00f3 i la conversa entre iguals. TALLERS Un cop a la setmana [&hellip;]<\/p>\n<\/div>\n    <\/div>\n<\/div>\n\t\t\t\t\t\t\t<\/div>\n\t\t\t\t\t\t\t\t\t\t\t\t\t<div class=\"wp-block-getwid-post-slider__slide\" style=\"\">\n\t\t\t\t\t\t\t\t\n<div class=\"wp-block-getwid-post-slider__post \">\n            <div class=\"wp-block-getwid-post-slider__post-thumbnail\">\n            <img loading=\"lazy\" decoding=\"async\" width=\"960\" height=\"540\" src=\"https:\/\/agora.xtec.cat\/ceip-serralavella\/wp-content\/uploads\/usu452\/2024\/01\/CONCERT-HIVERN-2023.jpg\" class=\"attachment-post-thumbnail size-post-thumbnail wp-post-image\" alt=\"\" srcset=\"https:\/\/agora.xtec.cat\/ceip-serralavella\/wp-content\/uploads\/usu452\/2024\/01\/CONCERT-HIVERN-2023.jpg 960w, https:\/\/agora.xtec.cat\/ceip-serralavella\/wp-content\/uploads\/usu452\/2024\/01\/CONCERT-HIVERN-2023-300x169.jpg 300w, https:\/\/agora.xtec.cat\/ceip-serralavella\/wp-content\/uploads\/usu452\/2024\/01\/CONCERT-HIVERN-2023-768x432.jpg 768w\" sizes=\"auto, (max-width: 960px) 100vw, 960px\" \/>        <\/div>\n        <div class=\"wp-block-getwid-post-slider__post-overlay \"><\/div>\n    <div class=\"wp-block-getwid-post-slider__post-content-wrapper\">\n        <h3 class=\"wp-block-getwid-post-slider__post-title\"><a href=\"https:\/\/agora.xtec.cat\/ceip-serralavella\/cursos-anteriors\/concert-dhivern-2023-2024\/\">Concert d&#8217;hivern 2023 &#8211; 2024<\/a><\/h3>        <div class=\"wp-block-getwid-post-slider__post-excerpt\"><p>Compartim amb vosaltres la felicitaci\u00f3 de Nadal d&#8217;enguany i els concerts d&#8217;hivern del passat 20 de desembre de 2023 perqu\u00e8 els pugueu recuperar i mirar-vos-ho amb calma! FELICITACI\u00d3 DE NADAL 2023 CONCERT HIVERN 09:00h CONCERT HIVERN 11:00h<\/p>\n<\/div>\n    <\/div>\n<\/div>\n\t\t\t\t\t\t\t<\/div>\n\t\t\t\t\t\t            <\/div>\n        <\/div>\n        \n\n\n<p><strong>Publicaci\u00f3 de l&#8217;oferta educativa per al curs 2026-2027<\/strong><\/p>\n\n\n\n<p> <\/p>\n\n\n\n<div data-wp-interactive=\"core\/file\" class=\"wp-block-file\"><object data-wp-bind--hidden=\"!state.hasPdfPreview\" hidden class=\"wp-block-file__embed\" data=\"https:\/\/agora.xtec.cat\/ceip-serralavella\/wp-content\/uploads\/usu452\/2026\/03\/INFORME_OFERTA_OME_INFORME_OFERTA.pdf\" type=\"application\/pdf\" style=\"width:100%;height:600px\" aria-label=\"Incrustaci\u00f3 del fitxer INFORME_OFERTA_OME_INFORME_OFERTA.\"><\/object><a id=\"wp-block-file--media-934c2c48-a3a8-475c-86b5-4f15072f4b0c\" href=\"https:\/\/agora.xtec.cat\/ceip-serralavella\/wp-content\/uploads\/usu452\/2026\/03\/INFORME_OFERTA_OME_INFORME_OFERTA.pdf\">INFORME_OFERTA_OME_INFORME_OFERTA<\/a><a href=\"https:\/\/agora.xtec.cat\/ceip-serralavella\/wp-content\/uploads\/usu452\/2026\/03\/INFORME_OFERTA_OME_INFORME_OFERTA.pdf\" class=\"wp-block-file__button wp-element-button\" download aria-describedby=\"wp-block-file--media-934c2c48-a3a8-475c-86b5-4f15072f4b0c\">Baixa<\/a><\/div>\n","protected":false},"excerpt":{"rendered":"<p>Publicaci\u00f3 de l&#8217;oferta educativa per al curs 2026-2027<\/p>\n","protected":false},"author":1,"featured_media":0,"parent":0,"menu_order":0,"comment_status":"closed","ping_status":"close","template":"","meta":{"_bbp_topic_count":0,"_bbp_reply_count":0,"_bbp_total_topic_count":0,"_bbp_total_reply_count":0,"_bbp_voice_count":0,"_bbp_anonymous_reply_count":0,"_bbp_topic_count_hidden":0,"_bbp_reply_count_hidden":0,"_bbp_forum_subforum_count":0,"site-sidebar-layout":"default","site-content-layout":"","ast-site-content-layout":"default","site-content-style":"default","site-sidebar-style":"default","ast-global-header-display":"","ast-banner-title-visibility":"","ast-main-header-display":"","ast-hfb-above-header-display":"","ast-hfb-below-header-display":"","ast-hfb-mobile-header-display":"","site-post-title":"","ast-breadcrumbs-content":"","ast-featured-img":"","footer-sml-layout":"","theme-transparent-header-meta":"","adv-header-id-meta":"","stick-header-meta":"","header-above-stick-meta":"","header-main-stick-meta":"","header-below-stick-meta":"","astra-migrate-meta-layouts":"set","ast-page-background-enabled":"default","ast-page-background-meta":{"desktop":{"background-color":"var(--ast-global-color-4)","background-image":"","background-repeat":"repeat","background-position":"center center","background-size":"auto","background-attachment":"scroll","background-type":"","background-media":"","overlay-type":"","overlay-color":"","overlay-opacity":"","overlay-gradient":""},"tablet":{"background-color":"","background-image":"","background-repeat":"repeat","background-position":"center center","background-size":"auto","background-attachment":"scroll","background-type":"","background-media":"","overlay-type":"","overlay-color":"","overlay-opacity":"","overlay-gradient":""},"mobile":{"background-color":"","background-image":"","background-repeat":"repeat","background-position":"center center","background-size":"auto","background-attachment":"scroll","background-type":"","background-media":"","overlay-type":"","overlay-color":"","overlay-opacity":"","overlay-gradient":""}},"ast-content-background-meta":{"desktop":{"background-color":"var(--ast-global-color-5)","background-image":"","background-repeat":"repeat","background-position":"center center","background-size":"auto","background-attachment":"scroll","background-type":"","background-media":"","overlay-type":"","overlay-color":"","overlay-opacity":"","overlay-gradient":""},"tablet":{"background-color":"var(--ast-global-color-5)","background-image":"","background-repeat":"repeat","background-position":"center center","background-size":"auto","background-attachment":"scroll","background-type":"","background-media":"","overlay-type":"","overlay-color":"","overlay-opacity":"","overlay-gradient":""},"mobile":{"background-color":"var(--ast-global-color-5)","background-image":"","background-repeat":"repeat","background-position":"center center","background-size":"auto","background-attachment":"scroll","background-type":"","background-media":"","overlay-type":"","overlay-color":"","overlay-opacity":"","overlay-gradient":""}},"footnotes":""},"class_list":["post-2069","page","type-page","status-publish","hentry"],"post_mailing_queue_ids":[],"_links":{"self":[{"href":"https:\/\/agora.xtec.cat\/ceip-serralavella\/wp-json\/wp\/v2\/pages\/2069","targetHints":{"allow":["GET"]}}],"collection":[{"href":"https:\/\/agora.xtec.cat\/ceip-serralavella\/wp-json\/wp\/v2\/pages"}],"about":[{"href":"https:\/\/agora.xtec.cat\/ceip-serralavella\/wp-json\/wp\/v2\/types\/page"}],"author":[{"embeddable":true,"href":"https:\/\/agora.xtec.cat\/ceip-serralavella\/wp-json\/wp\/v2\/users\/1"}],"replies":[{"embeddable":true,"href":"https:\/\/agora.xtec.cat\/ceip-serralavella\/wp-json\/wp\/v2\/comments?post=2069"}],"version-history":[{"count":2,"href":"https:\/\/agora.xtec.cat\/ceip-serralavella\/wp-json\/wp\/v2\/pages\/2069\/revisions"}],"predecessor-version":[{"id":2213,"href":"https:\/\/agora.xtec.cat\/ceip-serralavella\/wp-json\/wp\/v2\/pages\/2069\/revisions\/2213"}],"wp:attachment":[{"href":"https:\/\/agora.xtec.cat\/ceip-serralavella\/wp-json\/wp\/v2\/media?parent=2069"}],"curies":[{"name":"wp","href":"https:\/\/api.w.org\/{rel}","templated":true}]}}