{"id":1860,"date":"2023-10-13T17:10:15","date_gmt":"2023-10-13T15:10:15","guid":{"rendered":"https:\/\/agora.xtec.cat\/ceip-serralavella\/?page_id=1860"},"modified":"2023-10-13T17:10:15","modified_gmt":"2023-10-13T15:10:15","slug":"projecte-rius","status":"publish","type":"page","link":"https:\/\/agora.xtec.cat\/ceip-serralavella\/projectes-de-centre\/projecte-rius\/","title":{"rendered":"Projecte Rius"},"content":{"rendered":"<p>L&#8217;Escola participa amb el <strong>Projecte Rius<\/strong> des del curs 2015-16.<\/p>\n<p>Aquest projecte est\u00e0 impulsat des de l&#8217;Associaci\u00f3 H\u00e0bitat. A l&#8217;escola el duen a terme l&#8217;alumant de\u00a0<strong>4t de prim\u00e0ria.<\/strong><\/p>\n<p><a href=\"https:\/\/agora.xtec.cat\/ceip-serralavella\/wp-content\/uploads\/usu452\/2023\/10\/ProjecteRius.png\"><img loading=\"lazy\" decoding=\"async\" class=\"alignleft size-full wp-image-1844\" src=\"https:\/\/agora.xtec.cat\/ceip-serralavella\/wp-content\/uploads\/usu452\/2023\/10\/ProjecteRius.png\" alt=\"\" width=\"122\" height=\"119\" \/><\/a>La participaci\u00f3 en el projecte t\u00e9 com a objectiu fer una inspecci\u00f3 de la riera d&#8217;Ullastrell, recollint mostres que posteriorment es treballen a l&#8217;aula i s&#8217;envien al projecte, per poder elaborar un informe que mostra l&#8217;estat ecol\u00f2gic dels rius i rieres de Catalunya.<\/p>\n<p>Consulteu m\u00e9s informaci\u00f3 sobre el <a href=\"https:\/\/www.projecterius.cat\/front\" target=\"_blank\" rel=\"noopener\">Projecte Rius<\/a>.<\/p>\n","protected":false},"excerpt":{"rendered":"<p>L&#8217;Escola participa amb el Projecte Rius des del curs 2015-16. Aquest projecte est\u00e0 impulsat des de l&#8217;Associaci\u00f3 H\u00e0bitat. A l&#8217;escola el duen a terme l&#8217;alumant de\u00a04t de prim\u00e0ria. La participaci\u00f3 en el projecte t\u00e9 com a objectiu fer una inspecci\u00f3 de la riera d&#8217;Ullastrell, recollint mostres que posteriorment es treballen a l&#8217;aula i s&#8217;envien al [&hellip;]<\/p>\n","protected":false},"author":1,"featured_media":0,"parent":1838,"menu_order":0,"comment_status":"open","ping_status":"open","template":"page-templates\/side-menu.php","meta":{"_bbp_topic_count":0,"_bbp_reply_count":0,"_bbp_total_topic_count":0,"_bbp_total_reply_count":0,"_bbp_voice_count":0,"_bbp_anonymous_reply_count":0,"_bbp_topic_count_hidden":0,"_bbp_reply_count_hidden":0,"_bbp_forum_subforum_count":0,"site-sidebar-layout":"default","site-content-layout":"","ast-site-content-layout":"","site-content-style":"default","site-sidebar-style":"default","ast-global-header-display":"","ast-banner-title-visibility":"","ast-main-header-display":"","ast-hfb-above-header-display":"","ast-hfb-below-header-display":"","ast-hfb-mobile-header-display":"","site-post-title":"","ast-breadcrumbs-content":"","ast-featured-img":"","footer-sml-layout":"","theme-transparent-header-meta":"","adv-header-id-meta":"","stick-header-meta":"","header-above-stick-meta":"","header-main-stick-meta":"","header-below-stick-meta":"","astra-migrate-meta-layouts":"default","ast-page-background-enabled":"default","ast-page-background-meta":{"desktop":{"background-color":"var(--ast-global-color-4)","background-image":"","background-repeat":"repeat","background-position":"center center","background-size":"auto","background-attachment":"scroll","background-type":"","background-media":"","overlay-type":"","overlay-color":"","overlay-opacity":"","overlay-gradient":""},"tablet":{"background-color":"","background-image":"","background-repeat":"repeat","background-position":"center center","background-size":"auto","background-attachment":"scroll","background-type":"","background-media":"","overlay-type":"","overlay-color":"","overlay-opacity":"","overlay-gradient":""},"mobile":{"background-color":"","background-image":"","background-repeat":"repeat","background-position":"center center","background-size":"auto","background-attachment":"scroll","background-type":"","background-media":"","overlay-type":"","overlay-color":"","overlay-opacity":"","overlay-gradient":""}},"ast-content-background-meta":{"desktop":{"background-color":"var(--ast-global-color-5)","background-image":"","background-repeat":"repeat","background-position":"center center","background-size":"auto","background-attachment":"scroll","background-type":"","background-media":"","overlay-type":"","overlay-color":"","overlay-opacity":"","overlay-gradient":""},"tablet":{"background-color":"var(--ast-global-color-5)","background-image":"","background-repeat":"repeat","background-position":"center center","background-size":"auto","background-attachment":"scroll","background-type":"","background-media":"","overlay-type":"","overlay-color":"","overlay-opacity":"","overlay-gradient":""},"mobile":{"background-color":"var(--ast-global-color-5)","background-image":"","background-repeat":"repeat","background-position":"center center","background-size":"auto","background-attachment":"scroll","background-type":"","background-media":"","overlay-type":"","overlay-color":"","overlay-opacity":"","overlay-gradient":""}},"footnotes":""},"class_list":["post-1860","page","type-page","status-publish","hentry"],"post_mailing_queue_ids":[],"_links":{"self":[{"href":"https:\/\/agora.xtec.cat\/ceip-serralavella\/wp-json\/wp\/v2\/pages\/1860","targetHints":{"allow":["GET"]}}],"collection":[{"href":"https:\/\/agora.xtec.cat\/ceip-serralavella\/wp-json\/wp\/v2\/pages"}],"about":[{"href":"https:\/\/agora.xtec.cat\/ceip-serralavella\/wp-json\/wp\/v2\/types\/page"}],"author":[{"embeddable":true,"href":"https:\/\/agora.xtec.cat\/ceip-serralavella\/wp-json\/wp\/v2\/users\/1"}],"replies":[{"embeddable":true,"href":"https:\/\/agora.xtec.cat\/ceip-serralavella\/wp-json\/wp\/v2\/comments?post=1860"}],"version-history":[{"count":1,"href":"https:\/\/agora.xtec.cat\/ceip-serralavella\/wp-json\/wp\/v2\/pages\/1860\/revisions"}],"predecessor-version":[{"id":1861,"href":"https:\/\/agora.xtec.cat\/ceip-serralavella\/wp-json\/wp\/v2\/pages\/1860\/revisions\/1861"}],"up":[{"embeddable":true,"href":"https:\/\/agora.xtec.cat\/ceip-serralavella\/wp-json\/wp\/v2\/pages\/1838"}],"wp:attachment":[{"href":"https:\/\/agora.xtec.cat\/ceip-serralavella\/wp-json\/wp\/v2\/media?parent=1860"}],"curies":[{"name":"wp","href":"https:\/\/api.w.org\/{rel}","templated":true}]}}