{"id":1853,"date":"2023-10-13T16:56:22","date_gmt":"2023-10-13T14:56:22","guid":{"rendered":"https:\/\/agora.xtec.cat\/ceip-serralavella\/?page_id=1853"},"modified":"2025-05-13T15:49:04","modified_gmt":"2025-05-13T13:49:04","slug":"programa-de-residencia-inicial-docent-sensei","status":"publish","type":"page","link":"https:\/\/agora.xtec.cat\/ceip-serralavella\/projectes-de-centre\/programa-de-residencia-inicial-docent-sensei\/","title":{"rendered":"Programa de resid\u00e8ncia inicial docent. SENSEI"},"content":{"rendered":"<p>L&#8217;Escola forma part del <strong>Programa pilot de resid\u00e8ncia docent en centre<\/strong> que el Departament d&#8217;Educaci\u00f3 ha impulsat per aquest curs 2023-24 i amb finalitzaci\u00f3 en el curs vinent 2024-25.<\/p>\n<p style=\"text-align: center;\"><strong>Aquest programa est\u00e0 Cofinan\u00e7at per la Uni\u00f3 Europea.<\/strong><\/p>\n<p><a href=\"https:\/\/agora.xtec.cat\/ceip-serralavella\/wp-content\/uploads\/usu452\/2023\/10\/Plantilla-cartell-A3-FSE-2021_2027.jpg\"><img loading=\"lazy\" decoding=\"async\" class=\"aligncenter size-medium wp-image-1833\" src=\"https:\/\/agora.xtec.cat\/ceip-serralavella\/wp-content\/uploads\/usu452\/2023\/10\/Plantilla-cartell-A3-FSE-2021_2027-300x212.jpg\" alt=\"\" width=\"300\" height=\"212\" srcset=\"https:\/\/agora.xtec.cat\/ceip-serralavella\/wp-content\/uploads\/usu452\/2023\/10\/Plantilla-cartell-A3-FSE-2021_2027-300x212.jpg 300w, https:\/\/agora.xtec.cat\/ceip-serralavella\/wp-content\/uploads\/usu452\/2023\/10\/Plantilla-cartell-A3-FSE-2021_2027-1024x724.jpg 1024w, https:\/\/agora.xtec.cat\/ceip-serralavella\/wp-content\/uploads\/usu452\/2023\/10\/Plantilla-cartell-A3-FSE-2021_2027-768x543.jpg 768w, https:\/\/agora.xtec.cat\/ceip-serralavella\/wp-content\/uploads\/usu452\/2023\/10\/Plantilla-cartell-A3-FSE-2021_2027-1536x1086.jpg 1536w, https:\/\/agora.xtec.cat\/ceip-serralavella\/wp-content\/uploads\/usu452\/2023\/10\/Plantilla-cartell-A3-FSE-2021_2027.jpg 1587w\" sizes=\"auto, (max-width: 300px) 100vw, 300px\" \/><\/a>L&#8217;objectiu del programa \u00e9s oferir acompanyament i suport al professorat novell a l&#8217;inici de la professi\u00f3 docent. \u00c9s l&#8217;\u00fanic programa pilot que desenvolupa una administraci\u00f3 educativa en el context nacional i catal\u00e0, i l&#8217;Escola Serralavella en forma part amb dues mestres mentores i tres mestres novells durant aquest curs.<\/p>\n<p>Consulteu m\u00e9s informaci\u00f3 sobre el <a href=\"_wp_link_placeholder\" data-wplink-edit=\"true\">Programa SENSEI<\/a>.<\/p>\n","protected":false},"excerpt":{"rendered":"<p>L&#8217;Escola forma part del Programa pilot de resid\u00e8ncia docent en centre que el Departament d&#8217;Educaci\u00f3 ha impulsat per aquest curs 2023-24 i amb finalitzaci\u00f3 en el curs vinent 2024-25. Aquest programa est\u00e0 Cofinan\u00e7at per la Uni\u00f3 Europea. L&#8217;objectiu del programa \u00e9s oferir acompanyament i suport al professorat novell a l&#8217;inici de la professi\u00f3 docent. \u00c9s [&hellip;]<\/p>\n","protected":false},"author":1,"featured_media":0,"parent":1838,"menu_order":0,"comment_status":"open","ping_status":"open","template":"page-templates\/side-menu.php","meta":{"_bbp_topic_count":0,"_bbp_reply_count":0,"_bbp_total_topic_count":0,"_bbp_total_reply_count":0,"_bbp_voice_count":0,"_bbp_anonymous_reply_count":0,"_bbp_topic_count_hidden":0,"_bbp_reply_count_hidden":0,"_bbp_forum_subforum_count":0,"site-sidebar-layout":"default","site-content-layout":"","ast-site-content-layout":"","site-content-style":"default","site-sidebar-style":"default","ast-global-header-display":"","ast-banner-title-visibility":"","ast-main-header-display":"","ast-hfb-above-header-display":"","ast-hfb-below-header-display":"","ast-hfb-mobile-header-display":"","site-post-title":"","ast-breadcrumbs-content":"","ast-featured-img":"","footer-sml-layout":"","theme-transparent-header-meta":"","adv-header-id-meta":"","stick-header-meta":"","header-above-stick-meta":"","header-main-stick-meta":"","header-below-stick-meta":"","astra-migrate-meta-layouts":"default","ast-page-background-enabled":"default","ast-page-background-meta":{"desktop":{"background-color":"var(--ast-global-color-4)","background-image":"","background-repeat":"repeat","background-position":"center center","background-size":"auto","background-attachment":"scroll","background-type":"","background-media":"","overlay-type":"","overlay-color":"","overlay-opacity":"","overlay-gradient":""},"tablet":{"background-color":"","background-image":"","background-repeat":"repeat","background-position":"center center","background-size":"auto","background-attachment":"scroll","background-type":"","background-media":"","overlay-type":"","overlay-color":"","overlay-opacity":"","overlay-gradient":""},"mobile":{"background-color":"","background-image":"","background-repeat":"repeat","background-position":"center center","background-size":"auto","background-attachment":"scroll","background-type":"","background-media":"","overlay-type":"","overlay-color":"","overlay-opacity":"","overlay-gradient":""}},"ast-content-background-meta":{"desktop":{"background-color":"var(--ast-global-color-5)","background-image":"","background-repeat":"repeat","background-position":"center center","background-size":"auto","background-attachment":"scroll","background-type":"","background-media":"","overlay-type":"","overlay-color":"","overlay-opacity":"","overlay-gradient":""},"tablet":{"background-color":"var(--ast-global-color-5)","background-image":"","background-repeat":"repeat","background-position":"center center","background-size":"auto","background-attachment":"scroll","background-type":"","background-media":"","overlay-type":"","overlay-color":"","overlay-opacity":"","overlay-gradient":""},"mobile":{"background-color":"var(--ast-global-color-5)","background-image":"","background-repeat":"repeat","background-position":"center center","background-size":"auto","background-attachment":"scroll","background-type":"","background-media":"","overlay-type":"","overlay-color":"","overlay-opacity":"","overlay-gradient":""}},"footnotes":""},"class_list":["post-1853","page","type-page","status-publish","hentry"],"post_mailing_queue_ids":[],"_links":{"self":[{"href":"https:\/\/agora.xtec.cat\/ceip-serralavella\/wp-json\/wp\/v2\/pages\/1853","targetHints":{"allow":["GET"]}}],"collection":[{"href":"https:\/\/agora.xtec.cat\/ceip-serralavella\/wp-json\/wp\/v2\/pages"}],"about":[{"href":"https:\/\/agora.xtec.cat\/ceip-serralavella\/wp-json\/wp\/v2\/types\/page"}],"author":[{"embeddable":true,"href":"https:\/\/agora.xtec.cat\/ceip-serralavella\/wp-json\/wp\/v2\/users\/1"}],"replies":[{"embeddable":true,"href":"https:\/\/agora.xtec.cat\/ceip-serralavella\/wp-json\/wp\/v2\/comments?post=1853"}],"version-history":[{"count":4,"href":"https:\/\/agora.xtec.cat\/ceip-serralavella\/wp-json\/wp\/v2\/pages\/1853\/revisions"}],"predecessor-version":[{"id":1975,"href":"https:\/\/agora.xtec.cat\/ceip-serralavella\/wp-json\/wp\/v2\/pages\/1853\/revisions\/1975"}],"up":[{"embeddable":true,"href":"https:\/\/agora.xtec.cat\/ceip-serralavella\/wp-json\/wp\/v2\/pages\/1838"}],"wp:attachment":[{"href":"https:\/\/agora.xtec.cat\/ceip-serralavella\/wp-json\/wp\/v2\/media?parent=1853"}],"curies":[{"name":"wp","href":"https:\/\/api.w.org\/{rel}","templated":true}]}}