{"id":1851,"date":"2023-10-13T16:51:31","date_gmt":"2023-10-13T14:51:31","guid":{"rendered":"https:\/\/agora.xtec.cat\/ceip-serralavella\/?page_id=1851"},"modified":"2023-10-13T16:51:31","modified_gmt":"2023-10-13T14:51:31","slug":"estrategia-digital-de-centre-2","status":"publish","type":"page","link":"https:\/\/agora.xtec.cat\/ceip-serralavella\/projectes-de-centre\/estrategia-digital-de-centre-2\/","title":{"rendered":"Estrat\u00e8gia Digital de Centre"},"content":{"rendered":"<p>L&#8217;<strong>Estrat\u00e8gia Digital de Centre<\/strong> es va iniciar durant el curs 2021-2022 amb l&#8217;objectiu de crear les l\u00ednies d&#8217;actuaci\u00f3 perqu\u00e8 l&#8217;alumnat, els docents i, en definitiva, el centre, assoleixin una compet\u00e8ncia digital en l\u00ednia amb els nous reptes que presenta la societat actual.<\/p>\n<p><a href=\"https:\/\/agora.xtec.cat\/ceip-serralavella\/wp-content\/uploads\/usu452\/2023\/10\/Estrategia-digital-de-centre.jpg\"><img loading=\"lazy\" decoding=\"async\" class=\"alignleft size-medium wp-image-1840\" src=\"https:\/\/agora.xtec.cat\/ceip-serralavella\/wp-content\/uploads\/usu452\/2023\/10\/Estrategia-digital-de-centre-300x169.jpg\" alt=\"\" width=\"300\" height=\"169\" srcset=\"https:\/\/agora.xtec.cat\/ceip-serralavella\/wp-content\/uploads\/usu452\/2023\/10\/Estrategia-digital-de-centre-300x169.jpg 300w, https:\/\/agora.xtec.cat\/ceip-serralavella\/wp-content\/uploads\/usu452\/2023\/10\/Estrategia-digital-de-centre.jpg 553w\" sizes=\"auto, (max-width: 300px) 100vw, 300px\" \/><\/a><\/p>\n<p>Les actuacions que es duen a terme amb aquest projecte s\u00f3n:<\/p>\n<ul>\n<li>Creaci\u00f3 d&#8217;un equip de treball estable:\u00a0<strong>Equip docent<\/strong><\/li>\n<li>Realitzaci\u00f3 d&#8217;una Formaci\u00f3 Interna de Centre:\u00a0<strong> Equip docent<\/strong><\/li>\n<li>Elaboraci\u00f3 del Pla d&#8217;Estrat\u00e8gia Digital de Centre.<\/li>\n<li>Facilitar recursos educatius digitals per a l&#8217;alumnat.<\/li>\n<li>Reflexi\u00f3 sobre identitat i seguretat a les xarxes.<\/li>\n<li>Elaboraci\u00f3 d&#8217;un Site amb el recull i difusi\u00f3 de tota la informaci\u00f3 (en elaboraci\u00f3.<\/li>\n<\/ul>\n<p>Consulteu m\u00e9s informaci\u00f3 sobre el <a href=\"https:\/\/educacio.gencat.cat\/ca\/departament\/publicacions\/colleccions\/pla-educacio-digital\/estrategia-digital-centre\/index.html\" target=\"_blank\" rel=\"noopener\">Pla de Desenvolupament de l&#8217;Estrat\u00e8gia Digital de Centre<\/a>.<\/p>\n","protected":false},"excerpt":{"rendered":"<p>L&#8217;Estrat\u00e8gia Digital de Centre es va iniciar durant el curs 2021-2022 amb l&#8217;objectiu de crear les l\u00ednies d&#8217;actuaci\u00f3 perqu\u00e8 l&#8217;alumnat, els docents i, en definitiva, el centre, assoleixin una compet\u00e8ncia digital en l\u00ednia amb els nous reptes que presenta la societat actual. Les actuacions que es duen a terme amb aquest projecte s\u00f3n: Creaci\u00f3 d&#8217;un [&hellip;]<\/p>\n","protected":false},"author":1,"featured_media":0,"parent":1838,"menu_order":0,"comment_status":"open","ping_status":"open","template":"page-templates\/side-menu.php","meta":{"_bbp_topic_count":0,"_bbp_reply_count":0,"_bbp_total_topic_count":0,"_bbp_total_reply_count":0,"_bbp_voice_count":0,"_bbp_anonymous_reply_count":0,"_bbp_topic_count_hidden":0,"_bbp_reply_count_hidden":0,"_bbp_forum_subforum_count":0,"site-sidebar-layout":"default","site-content-layout":"","ast-site-content-layout":"","site-content-style":"default","site-sidebar-style":"default","ast-global-header-display":"","ast-banner-title-visibility":"","ast-main-header-display":"","ast-hfb-above-header-display":"","ast-hfb-below-header-display":"","ast-hfb-mobile-header-display":"","site-post-title":"","ast-breadcrumbs-content":"","ast-featured-img":"","footer-sml-layout":"","theme-transparent-header-meta":"","adv-header-id-meta":"","stick-header-meta":"","header-above-stick-meta":"","header-main-stick-meta":"","header-below-stick-meta":"","astra-migrate-meta-layouts":"default","ast-page-background-enabled":"default","ast-page-background-meta":{"desktop":{"background-color":"var(--ast-global-color-4)","background-image":"","background-repeat":"repeat","background-position":"center center","background-size":"auto","background-attachment":"scroll","background-type":"","background-media":"","overlay-type":"","overlay-color":"","overlay-opacity":"","overlay-gradient":""},"tablet":{"background-color":"","background-image":"","background-repeat":"repeat","background-position":"center center","background-size":"auto","background-attachment":"scroll","background-type":"","background-media":"","overlay-type":"","overlay-color":"","overlay-opacity":"","overlay-gradient":""},"mobile":{"background-color":"","background-image":"","background-repeat":"repeat","background-position":"center center","background-size":"auto","background-attachment":"scroll","background-type":"","background-media":"","overlay-type":"","overlay-color":"","overlay-opacity":"","overlay-gradient":""}},"ast-content-background-meta":{"desktop":{"background-color":"var(--ast-global-color-5)","background-image":"","background-repeat":"repeat","background-position":"center center","background-size":"auto","background-attachment":"scroll","background-type":"","background-media":"","overlay-type":"","overlay-color":"","overlay-opacity":"","overlay-gradient":""},"tablet":{"background-color":"var(--ast-global-color-5)","background-image":"","background-repeat":"repeat","background-position":"center center","background-size":"auto","background-attachment":"scroll","background-type":"","background-media":"","overlay-type":"","overlay-color":"","overlay-opacity":"","overlay-gradient":""},"mobile":{"background-color":"var(--ast-global-color-5)","background-image":"","background-repeat":"repeat","background-position":"center center","background-size":"auto","background-attachment":"scroll","background-type":"","background-media":"","overlay-type":"","overlay-color":"","overlay-opacity":"","overlay-gradient":""}},"footnotes":""},"class_list":["post-1851","page","type-page","status-publish","hentry"],"post_mailing_queue_ids":[],"_links":{"self":[{"href":"https:\/\/agora.xtec.cat\/ceip-serralavella\/wp-json\/wp\/v2\/pages\/1851","targetHints":{"allow":["GET"]}}],"collection":[{"href":"https:\/\/agora.xtec.cat\/ceip-serralavella\/wp-json\/wp\/v2\/pages"}],"about":[{"href":"https:\/\/agora.xtec.cat\/ceip-serralavella\/wp-json\/wp\/v2\/types\/page"}],"author":[{"embeddable":true,"href":"https:\/\/agora.xtec.cat\/ceip-serralavella\/wp-json\/wp\/v2\/users\/1"}],"replies":[{"embeddable":true,"href":"https:\/\/agora.xtec.cat\/ceip-serralavella\/wp-json\/wp\/v2\/comments?post=1851"}],"version-history":[{"count":1,"href":"https:\/\/agora.xtec.cat\/ceip-serralavella\/wp-json\/wp\/v2\/pages\/1851\/revisions"}],"predecessor-version":[{"id":1852,"href":"https:\/\/agora.xtec.cat\/ceip-serralavella\/wp-json\/wp\/v2\/pages\/1851\/revisions\/1852"}],"up":[{"embeddable":true,"href":"https:\/\/agora.xtec.cat\/ceip-serralavella\/wp-json\/wp\/v2\/pages\/1838"}],"wp:attachment":[{"href":"https:\/\/agora.xtec.cat\/ceip-serralavella\/wp-json\/wp\/v2\/media?parent=1851"}],"curies":[{"name":"wp","href":"https:\/\/api.w.org\/{rel}","templated":true}]}}