{"id":1849,"date":"2023-10-13T16:45:14","date_gmt":"2023-10-13T14:45:14","guid":{"rendered":"https:\/\/agora.xtec.cat\/ceip-serralavella\/?page_id=1849"},"modified":"2023-10-13T17:11:16","modified_gmt":"2023-10-13T15:11:16","slug":"aquiproubullying","status":"publish","type":"page","link":"https:\/\/agora.xtec.cat\/ceip-serralavella\/projectes-de-centre\/aquiproubullying\/","title":{"rendered":"#Aqu\u00edproubullying"},"content":{"rendered":"<p>L&#8217;Escola Serralavella participa en el Programa d&#8217;Innovaci\u00f3 #Aqu\u00edproubullying des del curs 2020.<\/p>\n<p>Durant els cursos 2020 i 2022 es va dur a terme una formaci\u00f3 i es va elaborar un projecte que es desplega cada curs.<\/p>\n<p><a href=\"https:\/\/agora.xtec.cat\/ceip-serralavella\/wp-content\/uploads\/usu452\/2023\/10\/553x553-grafic-destacat-aquiproubullying.jpg_1595044798.jpg\"><img loading=\"lazy\" decoding=\"async\" class=\"alignleft size-medium wp-image-1837\" src=\"https:\/\/agora.xtec.cat\/ceip-serralavella\/wp-content\/uploads\/usu452\/2023\/10\/553x553-grafic-destacat-aquiproubullying.jpg_1595044798-300x300.jpg\" alt=\"\" width=\"300\" height=\"300\" srcset=\"https:\/\/agora.xtec.cat\/ceip-serralavella\/wp-content\/uploads\/usu452\/2023\/10\/553x553-grafic-destacat-aquiproubullying.jpg_1595044798-300x300.jpg 300w, https:\/\/agora.xtec.cat\/ceip-serralavella\/wp-content\/uploads\/usu452\/2023\/10\/553x553-grafic-destacat-aquiproubullying.jpg_1595044798-150x150.jpg 150w, https:\/\/agora.xtec.cat\/ceip-serralavella\/wp-content\/uploads\/usu452\/2023\/10\/553x553-grafic-destacat-aquiproubullying.jpg_1595044798.jpg 538w\" sizes=\"auto, (max-width: 300px) 100vw, 300px\" \/><\/a><\/p>\n<p>Algunes de les accions que tenim en marxa s\u00f3n:<\/p>\n<ul>\n<li>Creaci\u00f3 d&#8217;un equip de treball estable.\u00a0<strong>Equip docent.<\/strong><\/li>\n<li>Formaci\u00f3 a fam\u00edlies.<\/li>\n<li>Formaci\u00f3 a l&#8217;equip de menjador.<\/li>\n<li>Formaci\u00f3 a l&#8217;alumnat: Guaites.\u00a0<strong>Alumnat de 3r i 5\u00e8<\/strong><\/li>\n<li>Activitat guaites a l&#8217;hora del pati.\u00a0<strong>Alumnat de 3r, 5\u00e8 i 6\u00e8<\/strong><\/li>\n<li>Celebraci\u00f3 del Congr\u00e9s de guaites.\u00a0<strong>Mes de maig<\/strong><\/li>\n<li>Acompanyament individualitzat a l&#8217;alumnat.<\/li>\n<li>B\u00fastia de la conviv\u00e8ncia.\u00a0<strong>Tot l&#8217;alumnat<\/strong><\/li>\n<li>Acompanyament a grups de l&#8217;escola i fam\u00edlies.<\/li>\n<\/ul>\n<p>Consulteu m\u00e9s informaci\u00f3 sobre el programa <a href=\"https:\/\/xtec.gencat.cat\/ca\/centres\/projeducatiu\/convivencia\/aquiproubullying\/\" target=\"_blank\" rel=\"noopener\">#Aqu\u00edproubullying<\/a><\/p>\n","protected":false},"excerpt":{"rendered":"<p>L&#8217;Escola Serralavella participa en el Programa d&#8217;Innovaci\u00f3 #Aqu\u00edproubullying des del curs 2020. Durant els cursos 2020 i 2022 es va dur a terme una formaci\u00f3 i es va elaborar un projecte que es desplega cada curs. Algunes de les accions que tenim en marxa s\u00f3n: Creaci\u00f3 d&#8217;un equip de treball estable.\u00a0Equip docent. Formaci\u00f3 a fam\u00edlies. [&hellip;]<\/p>\n","protected":false},"author":1,"featured_media":0,"parent":1838,"menu_order":0,"comment_status":"open","ping_status":"open","template":"page-templates\/side-menu.php","meta":{"_bbp_topic_count":0,"_bbp_reply_count":0,"_bbp_total_topic_count":0,"_bbp_total_reply_count":0,"_bbp_voice_count":0,"_bbp_anonymous_reply_count":0,"_bbp_topic_count_hidden":0,"_bbp_reply_count_hidden":0,"_bbp_forum_subforum_count":0,"site-sidebar-layout":"default","site-content-layout":"","ast-site-content-layout":"","site-content-style":"default","site-sidebar-style":"default","ast-global-header-display":"","ast-banner-title-visibility":"","ast-main-header-display":"","ast-hfb-above-header-display":"","ast-hfb-below-header-display":"","ast-hfb-mobile-header-display":"","site-post-title":"","ast-breadcrumbs-content":"","ast-featured-img":"","footer-sml-layout":"","theme-transparent-header-meta":"","adv-header-id-meta":"","stick-header-meta":"","header-above-stick-meta":"","header-main-stick-meta":"","header-below-stick-meta":"","astra-migrate-meta-layouts":"default","ast-page-background-enabled":"default","ast-page-background-meta":{"desktop":{"background-color":"var(--ast-global-color-4)","background-image":"","background-repeat":"repeat","background-position":"center center","background-size":"auto","background-attachment":"scroll","background-type":"","background-media":"","overlay-type":"","overlay-color":"","overlay-opacity":"","overlay-gradient":""},"tablet":{"background-color":"","background-image":"","background-repeat":"repeat","background-position":"center center","background-size":"auto","background-attachment":"scroll","background-type":"","background-media":"","overlay-type":"","overlay-color":"","overlay-opacity":"","overlay-gradient":""},"mobile":{"background-color":"","background-image":"","background-repeat":"repeat","background-position":"center center","background-size":"auto","background-attachment":"scroll","background-type":"","background-media":"","overlay-type":"","overlay-color":"","overlay-opacity":"","overlay-gradient":""}},"ast-content-background-meta":{"desktop":{"background-color":"var(--ast-global-color-5)","background-image":"","background-repeat":"repeat","background-position":"center center","background-size":"auto","background-attachment":"scroll","background-type":"","background-media":"","overlay-type":"","overlay-color":"","overlay-opacity":"","overlay-gradient":""},"tablet":{"background-color":"var(--ast-global-color-5)","background-image":"","background-repeat":"repeat","background-position":"center center","background-size":"auto","background-attachment":"scroll","background-type":"","background-media":"","overlay-type":"","overlay-color":"","overlay-opacity":"","overlay-gradient":""},"mobile":{"background-color":"var(--ast-global-color-5)","background-image":"","background-repeat":"repeat","background-position":"center center","background-size":"auto","background-attachment":"scroll","background-type":"","background-media":"","overlay-type":"","overlay-color":"","overlay-opacity":"","overlay-gradient":""}},"footnotes":""},"class_list":["post-1849","page","type-page","status-publish","hentry"],"post_mailing_queue_ids":[],"_links":{"self":[{"href":"https:\/\/agora.xtec.cat\/ceip-serralavella\/wp-json\/wp\/v2\/pages\/1849","targetHints":{"allow":["GET"]}}],"collection":[{"href":"https:\/\/agora.xtec.cat\/ceip-serralavella\/wp-json\/wp\/v2\/pages"}],"about":[{"href":"https:\/\/agora.xtec.cat\/ceip-serralavella\/wp-json\/wp\/v2\/types\/page"}],"author":[{"embeddable":true,"href":"https:\/\/agora.xtec.cat\/ceip-serralavella\/wp-json\/wp\/v2\/users\/1"}],"replies":[{"embeddable":true,"href":"https:\/\/agora.xtec.cat\/ceip-serralavella\/wp-json\/wp\/v2\/comments?post=1849"}],"version-history":[{"count":2,"href":"https:\/\/agora.xtec.cat\/ceip-serralavella\/wp-json\/wp\/v2\/pages\/1849\/revisions"}],"predecessor-version":[{"id":1862,"href":"https:\/\/agora.xtec.cat\/ceip-serralavella\/wp-json\/wp\/v2\/pages\/1849\/revisions\/1862"}],"up":[{"embeddable":true,"href":"https:\/\/agora.xtec.cat\/ceip-serralavella\/wp-json\/wp\/v2\/pages\/1838"}],"wp:attachment":[{"href":"https:\/\/agora.xtec.cat\/ceip-serralavella\/wp-json\/wp\/v2\/media?parent=1849"}],"curies":[{"name":"wp","href":"https:\/\/api.w.org\/{rel}","templated":true}]}}