{"id":844,"date":"2017-12-04T16:28:15","date_gmt":"2017-12-04T15:28:15","guid":{"rendered":"http:\/\/agora.xtec.cat\/ceip-serradelobac\/?page_id=844"},"modified":"2026-02-03T17:04:50","modified_gmt":"2026-02-03T16:04:50","slug":"biblioteca","status":"publish","type":"page","link":"https:\/\/agora.xtec.cat\/ceip-serradelobac\/projecte-educatiu\/biblioteca\/","title":{"rendered":"Biblioteca"},"content":{"rendered":"<p>La biblioteca representa un mitj\u00e0 molt important d&#8217;aprenentatge per a la nostra escola. Disposem d&#8217;una comissi\u00f3 de biblioteca que al llarg del curs organitza els materials i activitats diverses adre\u00e7ades als diferents nivells i relacionades amb l&#8217;aprenentatge i desenvolupament de la compet\u00e8ncia ling\u00fc\u00edstica de l&#8217;alumnat i el gust per la lectura. Tenim dos espais dedicats a aquesta funci\u00f3: la biblioteca d&#8217;ed. Infantil i la biblioteca d&#8217;educaci\u00f3 prim\u00e0ria. L&#8217;alumnat fa \u00fas del servei de pr\u00e9stec de llibres i pot endur-se a casa un de diferent cada quinze dies.<\/p>\n<p>La biblioteca escolarest\u00e0 orientada a crear lectors competents i, despertar un inter\u00e8s per la lectura com activitat<br \/>\nimportant d&#8217;oci. Aquest treball de gust per la lectura estaria lligat amb el treball de la\u00a0ILEC (Impuls de la lectura) que es fa a tota l\u2019escola , on es desenvolupen compet\u00e8ncies\u00a0relacionades amb la comprensi\u00f3.<br \/>\nA banda del pr\u00e8stec i les activitats programades a la biblioteca, temporalment, \u00e9s fan activitats\u00a0pels diferents nivells: a P5 \u00e9s planteja una endevinalla , a 1r i 2n un personatge inc\u00f2gnit, i de 3r\u00a0a 6\u00e8 , a m\u00e9s a m\u00e9s del personatge, un monument o un objecte. L\u2019animaci\u00f3 lectora de 1r a 6\u00e8 i\u00a0el gust per la lectura en tots els nivells (des d\u2019infantil a Cicle Superior) tamb\u00e9 s\u00f3n alguns dels\u00a0aspectes pedag\u00f2gics que es treballen. A m\u00e9s a m\u00e9s, a Cicle Superior es llegeixen contes de\u00a0por o suspens i s\u2019ambienta la biblioteca amb la tem\u00e0tica del Halloween.<\/p>\n<p>Cada curs escolar la biblioteca s&#8217;ambienta amb una tem\u00e0tica motivadora pel gust de la lectura i a partir d&#8217;ella es proposa a l&#8217;alumnat diferents activitats de l&#8217;\u00e0mbit ling\u00fc\u00efstic, per\u00f2 tamb\u00e9 d&#8217;altres \u00e0mbits amb una visi\u00f3 interdisciplin\u00e0ria. Us deixem en aquest enlla\u00e7 un exemple d&#8217;una d&#8217;aquestes ambentacions que est\u00e0 recollida en la p\u00e0gina web del Servei Educatiu del Vall\u00e8s Occidental II dins l&#8217;apartat de bones pr\u00e0ctiques pedag\u00f2giques:ttp:\/\/experiencies-se-terrassa.blogspot.com.es\/2015\/03\/les-cases-del-mon-la-biblioteca-de.html<\/p>\n<figure class=\"figure wp-caption aligncenter\"><a href=\"https:\/\/drive.google.com\/file\/d\/1YiExFZYkjLbZEf5CONsiWHBQn34elyx9\/view?usp=sharing\" target=\"_blank\" rel=\"noopener noreferrer\"><img loading=\"lazy\" decoding=\"async\" class=\"wp-image-9491 size-medium\" src=\"http:\/\/agora.xtec.cat\/ceip-serradelobac\/wp-content\/uploads\/usu892\/2017\/12\/BIBLIO-300x236.gif\" alt=\"\" width=\"300\" height=\"236\" \/><\/a><figcaption class=\"wp-caption-text\">Cliqueu la imatge per accedir al llistat de llibres<\/figcaption><\/figure>\n<p>&nbsp;<\/p>\n","protected":false},"excerpt":{"rendered":"<p>La biblioteca representa un mitj\u00e0 molt important d&#8217;aprenentatge per a la nostra escola. Disposem d&#8217;una comissi\u00f3 de biblioteca que al llarg del curs organitza els materials i activitats diverses adre\u00e7ades als diferents nivells i relacionades amb l&#8217;aprenentatge i desenvolupament de la compet\u00e8ncia ling\u00fc\u00edstica de l&#8217;alumnat&hellip;  <a href=\"https:\/\/agora.xtec.cat\/ceip-serradelobac\/projecte-educatiu\/biblioteca\/\" title=\"Read Biblioteca\">Llegeix m\u00e9s\u00bb<\/a><\/p>\n","protected":false},"author":5,"featured_media":0,"parent":64,"menu_order":30,"comment_status":"closed","ping_status":"closed","template":"page-templates\/side-menu.php","meta":{"_bbp_topic_count":0,"_bbp_reply_count":0,"_bbp_total_topic_count":0,"_bbp_total_reply_count":0,"_bbp_voice_count":0,"_bbp_anonymous_reply_count":0,"_bbp_topic_count_hidden":0,"_bbp_reply_count_hidden":0,"_bbp_forum_subforum_count":0,"footnotes":""},"class_list":["post-844","page","type-page","status-publish","hentry"],"post_mailing_queue_ids":[],"_links":{"self":[{"href":"https:\/\/agora.xtec.cat\/ceip-serradelobac\/wp-json\/wp\/v2\/pages\/844","targetHints":{"allow":["GET"]}}],"collection":[{"href":"https:\/\/agora.xtec.cat\/ceip-serradelobac\/wp-json\/wp\/v2\/pages"}],"about":[{"href":"https:\/\/agora.xtec.cat\/ceip-serradelobac\/wp-json\/wp\/v2\/types\/page"}],"author":[{"embeddable":true,"href":"https:\/\/agora.xtec.cat\/ceip-serradelobac\/wp-json\/wp\/v2\/users\/5"}],"replies":[{"embeddable":true,"href":"https:\/\/agora.xtec.cat\/ceip-serradelobac\/wp-json\/wp\/v2\/comments?post=844"}],"version-history":[{"count":5,"href":"https:\/\/agora.xtec.cat\/ceip-serradelobac\/wp-json\/wp\/v2\/pages\/844\/revisions"}],"predecessor-version":[{"id":15790,"href":"https:\/\/agora.xtec.cat\/ceip-serradelobac\/wp-json\/wp\/v2\/pages\/844\/revisions\/15790"}],"up":[{"embeddable":true,"href":"https:\/\/agora.xtec.cat\/ceip-serradelobac\/wp-json\/wp\/v2\/pages\/64"}],"wp:attachment":[{"href":"https:\/\/agora.xtec.cat\/ceip-serradelobac\/wp-json\/wp\/v2\/media?parent=844"}],"curies":[{"name":"wp","href":"https:\/\/api.w.org\/{rel}","templated":true}]}}