{"id":770,"date":"2017-11-20T22:28:18","date_gmt":"2017-11-20T21:28:18","guid":{"rendered":"http:\/\/agora.xtec.cat\/ceip-serradelobac\/?page_id=770"},"modified":"2023-03-06T16:03:06","modified_gmt":"2023-03-06T15:03:06","slug":"serra-informa","status":"publish","type":"page","link":"https:\/\/agora.xtec.cat\/ceip-serradelobac\/serra-informa\/","title":{"rendered":"Serra Informa"},"content":{"rendered":"<p style=\"text-align: center;\">Sistem\u00e0ticament la nostra escola informa a les fam\u00edlies sobre les activitats que realitzem al centre, sortides, teatres, etc. a trav\u00e9s del butllet\u00ed informatiu Serra Informa, el qual el fem arribar via correu electr\u00f2nic.<a href=\"https:\/\/drive.google.com\/drive\/folders\/1bKTlYLp-Yto5guBsrUmiCEyWOt7EE2He\"><img loading=\"lazy\" decoding=\"async\" class=\"aligncenter wp-image-771\" src=\"http:\/\/agora.xtec.cat\/ceip-serradelobac\/wp-content\/uploads\/usu892\/2017\/11\/Captura-de-pantalla-2017-11-20-a-las-22.23.57-1024x451.png\" alt=\"\" width=\"170\" height=\"75\" srcset=\"https:\/\/agora.xtec.cat\/ceip-serradelobac\/wp-content\/uploads\/usu892\/2017\/11\/Captura-de-pantalla-2017-11-20-a-las-22.23.57-1024x451.png 1024w, https:\/\/agora.xtec.cat\/ceip-serradelobac\/wp-content\/uploads\/usu892\/2017\/11\/Captura-de-pantalla-2017-11-20-a-las-22.23.57-300x132.png 300w, https:\/\/agora.xtec.cat\/ceip-serradelobac\/wp-content\/uploads\/usu892\/2017\/11\/Captura-de-pantalla-2017-11-20-a-las-22.23.57-768x338.png 768w, https:\/\/agora.xtec.cat\/ceip-serradelobac\/wp-content\/uploads\/usu892\/2017\/11\/Captura-de-pantalla-2017-11-20-a-las-22.23.57.png 1336w\" sizes=\"auto, (max-width: 170px) 100vw, 170px\" \/><\/a>Si no rebeu el butllet\u00ed informatiu que envia la nostra escola peri\u00f2dicament, envieu un mail a :<\/p>\n<h3 style=\"text-align: center;\"><strong>\u00a0 \u00a0 \u00a0a8065512@xtec.cat<\/strong><\/h3>\n<p style=\"text-align: center;\">indicant el nom del vostre fill\/a i el curs \u00a0en el qual es troba.<\/p>\n<p style=\"text-align: center;\">Podeu tornar a veure els anteriors SERRA INFORMA clicant la seg\u00fcent imatge.<a href=\"https:\/\/drive.google.com\/drive\/folders\/1bKTlYLp-Yto5guBsrUmiCEyWOt7EE2He\" target=\"_blank\" rel=\"noopener noreferrer\"><img loading=\"lazy\" decoding=\"async\" class=\"aligncenter wp-image-9811 size-medium\" src=\"https:\/\/agora.xtec.cat\/ceip-serradelobac\/wp-content\/uploads\/usu892\/2018\/11\/serra-informa-300x177.jpg\" alt=\"\" width=\"300\" height=\"177\" srcset=\"https:\/\/agora.xtec.cat\/ceip-serradelobac\/wp-content\/uploads\/usu892\/2018\/11\/serra-informa-300x177.jpg 300w, https:\/\/agora.xtec.cat\/ceip-serradelobac\/wp-content\/uploads\/usu892\/2018\/11\/serra-informa.jpg 670w\" sizes=\"auto, (max-width: 300px) 100vw, 300px\" \/><\/a><\/p>\n","protected":false},"excerpt":{"rendered":"<p>Sistem\u00e0ticament la nostra escola informa a les fam\u00edlies sobre les activitats que realitzem al centre, sortides, teatres, etc. a trav\u00e9s del butllet\u00ed informatiu Serra Informa, el qual el fem arribar via correu electr\u00f2nic.<a href=\"https:\/\/drive.google.com\/drive\/folders\/1bKTlYLp-Yto5guBsrUmiCEyWOt7EE2He\"><\/a>Si no rebeu el butllet\u00ed informatiu que envia la nostra escola peri\u00f2dicament,&hellip;  <a href=\"https:\/\/agora.xtec.cat\/ceip-serradelobac\/serra-informa\/\" title=\"Read Serra Informa\">Llegeix m\u00e9s\u00bb<\/a><\/p>\n","protected":false},"author":5,"featured_media":0,"parent":0,"menu_order":0,"comment_status":"closed","ping_status":"closed","template":"","meta":{"_bbp_topic_count":0,"_bbp_reply_count":0,"_bbp_total_topic_count":0,"_bbp_total_reply_count":0,"_bbp_voice_count":0,"_bbp_anonymous_reply_count":0,"_bbp_topic_count_hidden":0,"_bbp_reply_count_hidden":0,"_bbp_forum_subforum_count":0,"footnotes":""},"class_list":["post-770","page","type-page","status-publish","hentry"],"post_mailing_queue_ids":[],"_links":{"self":[{"href":"https:\/\/agora.xtec.cat\/ceip-serradelobac\/wp-json\/wp\/v2\/pages\/770","targetHints":{"allow":["GET"]}}],"collection":[{"href":"https:\/\/agora.xtec.cat\/ceip-serradelobac\/wp-json\/wp\/v2\/pages"}],"about":[{"href":"https:\/\/agora.xtec.cat\/ceip-serradelobac\/wp-json\/wp\/v2\/types\/page"}],"author":[{"embeddable":true,"href":"https:\/\/agora.xtec.cat\/ceip-serradelobac\/wp-json\/wp\/v2\/users\/5"}],"replies":[{"embeddable":true,"href":"https:\/\/agora.xtec.cat\/ceip-serradelobac\/wp-json\/wp\/v2\/comments?post=770"}],"version-history":[{"count":3,"href":"https:\/\/agora.xtec.cat\/ceip-serradelobac\/wp-json\/wp\/v2\/pages\/770\/revisions"}],"predecessor-version":[{"id":13725,"href":"https:\/\/agora.xtec.cat\/ceip-serradelobac\/wp-json\/wp\/v2\/pages\/770\/revisions\/13725"}],"wp:attachment":[{"href":"https:\/\/agora.xtec.cat\/ceip-serradelobac\/wp-json\/wp\/v2\/media?parent=770"}],"curies":[{"name":"wp","href":"https:\/\/api.w.org\/{rel}","templated":true}]}}