{"id":73,"date":"2014-09-18T14:01:51","date_gmt":"2014-09-18T13:01:51","guid":{"rendered":"http:\/\/agora.xtec.cat\/ceip-serradelobac\/?page_id=73"},"modified":"2025-09-25T12:24:05","modified_gmt":"2025-09-25T10:24:05","slug":"menjador-escolar","status":"publish","type":"page","link":"https:\/\/agora.xtec.cat\/ceip-serradelobac\/serveis\/menjador-escolar\/","title":{"rendered":"Menjador escolar"},"content":{"rendered":"<p>L&#8217;empresa que gestiona el servei de menjador \u00e9s <strong>MEDITERR\u00c1NEA GROUP.\u00a0<\/strong><\/p>\n<p><a href=\"https:\/\/drive.google.com\/drive\/u\/0\/folders\/1hITWi7XHFxXKV5n_UC9dCco55aY2FOB9\">Men\u00fa<\/a><\/p>\n<p>La comissi\u00f3 de menjador del consell escolar del centre realitza un seguiment i supervisi\u00f3 del servei de menjador. La comissi\u00f3 es reuneix en convocat\u00f2ria ordin\u00e0ria dos o tres cops al llarg del curs.<\/p>\n<p><strong>PREUS<\/strong>:<\/p>\n<p style=\"font-weight: 400;\">Preu alumne fix \u2013 \u00a0\u00a0<strong>6,33 euros\u00a0<\/strong>\/ dia amb l\u2019IVA incl\u00f2s<\/p>\n<p style=\"font-weight: 400;\">Preu alumne espor\u00e0dic \u2013 \u00a0<strong>6,96 euros\u00a0<\/strong>\/ dia amb l\u2019IVA incl\u00f2s<\/p>\n<p><strong>Contacte:<\/strong><\/p>\n<p>Tel\u00e8fon: \u200e610 61 47 53 (horari d&#8217;11h a 15h)<\/p>\n<p>Adre\u00e7a electr\u00f2nica: <a href=\"mailto:col.serradelobac@mediterranea-group.com\">col.serradelobac@mediterranea-group.com<\/a><\/p>\n<p>Per reclamacions (Oficina):<a href=\"atencionclientesterrassa@mediterranea-group.com\" target=\"_blank\" rel=\"noopener\"> atencionclienteterrassa@mediterranea-group.com<\/a><\/p>\n<p>&nbsp;<\/p>\n<p style=\"font-weight: 400;\"><strong><u>Abs\u00e8ncies:<\/u><\/strong><\/p>\n<p style=\"font-weight: 400;\">Si un alumne falta, s\u2019haur\u00e0 d\u2019avisar la coordinadora de menjador mitjan\u00e7ant l\u2019aplicaci\u00f3 o el correu electr\u00f2nic del menjador abans de les 10h00. en cas de fer-ho,\u00a0<strong>es retornaran al rebut del mes seg\u00fcent 3,34 euros\u00a0<\/strong>per cada abs\u00e8ncia.<\/p>\n<p style=\"text-align: center;\"><a href=\"https:\/\/drive.google.com\/drive\/u\/0\/folders\/1hITWi7XHFxXKV5n_UC9dCco55aY2FOB9\"><img loading=\"lazy\" decoding=\"async\" class=\"alignnone wp-image-15375 size-full\" src=\"https:\/\/agora.xtec.cat\/ceip-serradelobac\/wp-content\/uploads\/usu892\/2025\/05\/baixa.png\" alt=\"\" width=\"297\" height=\"170\" \/><\/a><\/p>\n<p><strong>DOCUMENTS RELACIONATS AMB EL MENJADOR ESCOLAR:<\/strong><\/p>\n<p><a href=\"https:\/\/drive.google.com\/drive\/u\/0\/folders\/1thbLLFLlJXdM161vy8vFgXrL1lBencgG\" target=\"_blank\" rel=\"noopener\">Calendari d&#8217;activitats<\/a><\/p>\n<p><a href=\"https:\/\/drive.google.com\/drive\/u\/0\/folders\/1WWPJ_CHvsM7AN1ltUyTAltMi4gnv1LXg\" target=\"_blank\" rel=\"noopener\">Fitxa d&#8217;inscripci\u00f3<\/a><\/p>\n<p><a href=\"https:\/\/drive.google.com\/drive\/u\/0\/folders\/1WWPJ_CHvsM7AN1ltUyTAltMi4gnv1LXg\" target=\"_blank\" rel=\"noopener\">Informaci\u00f3 administrativa<\/a><\/p>\n<p><a href=\"https:\/\/iara.mediterranea-group.com\/terrassa\/padres\/\" target=\"_blank\" rel=\"noopener\">Donar-se d&#8217;alta web Mediterr\u00e1nea<\/a><\/p>\n","protected":false},"excerpt":{"rendered":"<p>L&#8217;empresa que gestiona el servei de menjador \u00e9s MEDITERR\u00c1NEA GROUP.\u00a0<br \/>\n<a href=\"https:\/\/drive.google.com\/drive\/u\/0\/folders\/1hITWi7XHFxXKV5n_UC9dCco55aY2FOB9\">Men\u00fa<\/a><br \/>\nLa comissi\u00f3 de menjador del consell escolar del centre realitza un seguiment i supervisi\u00f3 del servei de menjador. La comissi\u00f3 es reuneix en convocat\u00f2ria ordin\u00e0ria dos o tres cops al llarg del curs.<br \/>\nPREUS:<br \/>\nPreu alumne fix&hellip;  <a href=\"https:\/\/agora.xtec.cat\/ceip-serradelobac\/serveis\/menjador-escolar\/\" title=\"Read Menjador escolar\">Llegeix m\u00e9s\u00bb<\/a><\/p>\n","protected":false},"author":1,"featured_media":0,"parent":66,"menu_order":30,"comment_status":"closed","ping_status":"closed","template":"page-templates\/side-menu.php","meta":{"_bbp_topic_count":0,"_bbp_reply_count":0,"_bbp_total_topic_count":0,"_bbp_total_reply_count":0,"_bbp_voice_count":0,"_bbp_anonymous_reply_count":0,"_bbp_topic_count_hidden":0,"_bbp_reply_count_hidden":0,"_bbp_forum_subforum_count":0,"footnotes":""},"class_list":["post-73","page","type-page","status-publish","hentry"],"post_mailing_queue_ids":[],"_links":{"self":[{"href":"https:\/\/agora.xtec.cat\/ceip-serradelobac\/wp-json\/wp\/v2\/pages\/73","targetHints":{"allow":["GET"]}}],"collection":[{"href":"https:\/\/agora.xtec.cat\/ceip-serradelobac\/wp-json\/wp\/v2\/pages"}],"about":[{"href":"https:\/\/agora.xtec.cat\/ceip-serradelobac\/wp-json\/wp\/v2\/types\/page"}],"author":[{"embeddable":true,"href":"https:\/\/agora.xtec.cat\/ceip-serradelobac\/wp-json\/wp\/v2\/users\/1"}],"replies":[{"embeddable":true,"href":"https:\/\/agora.xtec.cat\/ceip-serradelobac\/wp-json\/wp\/v2\/comments?post=73"}],"version-history":[{"count":7,"href":"https:\/\/agora.xtec.cat\/ceip-serradelobac\/wp-json\/wp\/v2\/pages\/73\/revisions"}],"predecessor-version":[{"id":15547,"href":"https:\/\/agora.xtec.cat\/ceip-serradelobac\/wp-json\/wp\/v2\/pages\/73\/revisions\/15547"}],"up":[{"embeddable":true,"href":"https:\/\/agora.xtec.cat\/ceip-serradelobac\/wp-json\/wp\/v2\/pages\/66"}],"wp:attachment":[{"href":"https:\/\/agora.xtec.cat\/ceip-serradelobac\/wp-json\/wp\/v2\/media?parent=73"}],"curies":[{"name":"wp","href":"https:\/\/api.w.org\/{rel}","templated":true}]}}