{"id":28,"date":"2014-09-18T12:29:35","date_gmt":"2014-09-18T11:29:35","guid":{"rendered":"http:\/\/agora.xtec.cat\/ceip-serradelobac\/?page_id=28"},"modified":"2026-01-28T15:42:57","modified_gmt":"2026-01-28T14:42:57","slug":"consell-escolar","status":"publish","type":"page","link":"https:\/\/agora.xtec.cat\/ceip-serradelobac\/lescola\/consell-escolar\/","title":{"rendered":"Consell escolar"},"content":{"rendered":"<p>El Consell Escolar \u00e9s el m\u00e0xim \u00f2rgan de participaci\u00f3 en el control i la gesti\u00f3 del Centre. Hi s\u00f3n representats els diferents estaments que formen la comunitat educativa: professorat, personal d\u2019administraci\u00f3 i serveis, fam\u00edlies, AFA\u00a0 i Ajuntament.<\/p>\n<p>El Consell Escolar s\u2019organitza en diferents comissions mixtes entre fam\u00edlies i mestres de l\u2019escola.<\/p>\n<p>Aquestes s\u00f3n:\u00a0Comissi\u00f3 econ\u00f2mica, comissi\u00f3 de conviv\u00e8ncia, comissi\u00f3 de menjador i comissi\u00f3 permanent.<\/p>\n<p><b>MEMBRES DEL CONSELL ESCOLAR<\/b><\/p>\n<p><b>Equip Directiu:<\/b><\/p>\n<p><span style=\"font-weight: 400;\">Xavi Meneses, President ; <\/span><span style=\"font-weight: 400;\">\u00a0Nerea Sim\u00f3n, Cap d\u2019estudis i Joaqu\u00edn Vera<\/span><span style=\"font-weight: 400;\">, Secretari.<\/span><\/p>\n<p><strong>Representants del professorat:<\/strong><\/p>\n<p>-Esther Or\u00fas, Vanessa Creus, Marc Serra, Lourdes Berbel, Sonsoles Hern\u00e1ndez\u00a0 i Anna Barroso<\/p>\n<p><strong>Representants fam\u00edlies:<\/strong><\/p>\n<p>-Montserrat Bagu\u00e9, Patricia Puebla, Adri\u00e0 Mas, Laura Torres\u00a0 i Eva Su\u00e1rez.<\/p>\n<p><strong>Representant del personal de serveis:<\/strong><\/p>\n<p>-Susana Llop<\/p>\n<p><strong>Representant designat de l\u2019Ajuntament:<\/strong><\/p>\n<p>-Xavier Cardona<\/p>\n<p><strong>Representant designat de l\u2019AFA:<\/strong><\/p>\n<p>-Carlos Martos<\/p>\n<p><strong>Representant del PAE:<\/strong><\/p>\n<p>-Raquel Fern\u00e1ndez<\/p>\n<p><strong>Podeu consultar la p\u00e0gina de la Generalitat de Catalunya per obtenir m\u00e9s informaci\u00f3.<\/strong><\/p>\n<p><a href=\"https:\/\/educacio.gencat.cat\/ca\/arees-actuacio\/centres-serveis-educatius\/centres\/consells-escolars-centres\/index.html\"><img loading=\"lazy\" decoding=\"async\" class=\"aligncenter wp-image-473 size-medium\" src=\"https:\/\/agora.xtec.cat\/ceip-serradelobac\/wp-content\/uploads\/usu892\/2014\/09\/lapices-de-colores-300x188.png\" alt=\"Cliqueu la imatge per anar al Departament \" width=\"300\" height=\"188\" srcset=\"https:\/\/agora.xtec.cat\/ceip-serradelobac\/wp-content\/uploads\/usu892\/2014\/09\/lapices-de-colores-300x188.png 300w, https:\/\/agora.xtec.cat\/ceip-serradelobac\/wp-content\/uploads\/usu892\/2014\/09\/lapices-de-colores-768x480.png 768w, https:\/\/agora.xtec.cat\/ceip-serradelobac\/wp-content\/uploads\/usu892\/2014\/09\/lapices-de-colores-1024x640.png 1024w, https:\/\/agora.xtec.cat\/ceip-serradelobac\/wp-content\/uploads\/usu892\/2014\/09\/lapices-de-colores.png 1920w\" sizes=\"auto, (max-width: 300px) 100vw, 300px\" \/><\/a><\/p>\n<p style=\"text-align: center;\"><a href=\"https:\/\/educacio.gencat.cat\/ca\/arees-actuacio\/centres-serveis-educatius\/centres\/consells-escolars-centres\/index.html\" target=\"_blank\" rel=\"noopener noreferrer\">https:\/\/educacio.gencat.cat\/ca\/arees-actuacio\/centres-serveis-educatius\/centres\/consells-escolars-centres\/index.html<\/a><\/p>\n","protected":false},"excerpt":{"rendered":"<p>El Consell Escolar \u00e9s el m\u00e0xim \u00f2rgan de participaci\u00f3 en el control i la gesti\u00f3 del Centre. Hi s\u00f3n representats els diferents estaments que formen la comunitat educativa: professorat, personal d\u2019administraci\u00f3 i serveis, fam\u00edlies, AFA\u00a0 i Ajuntament.<br \/>\nEl Consell Escolar s\u2019organitza en diferents comissions mixtes entre&hellip;  <a href=\"https:\/\/agora.xtec.cat\/ceip-serradelobac\/lescola\/consell-escolar\/\" title=\"Read Consell escolar\">Llegeix m\u00e9s\u00bb<\/a><\/p>\n","protected":false},"author":1,"featured_media":0,"parent":22,"menu_order":30,"comment_status":"closed","ping_status":"closed","template":"page-templates\/side-menu.php","meta":{"_bbp_topic_count":0,"_bbp_reply_count":0,"_bbp_total_topic_count":0,"_bbp_total_reply_count":0,"_bbp_voice_count":0,"_bbp_anonymous_reply_count":0,"_bbp_topic_count_hidden":0,"_bbp_reply_count_hidden":0,"_bbp_forum_subforum_count":0,"footnotes":""},"class_list":["post-28","page","type-page","status-publish","hentry"],"post_mailing_queue_ids":[],"_links":{"self":[{"href":"https:\/\/agora.xtec.cat\/ceip-serradelobac\/wp-json\/wp\/v2\/pages\/28","targetHints":{"allow":["GET"]}}],"collection":[{"href":"https:\/\/agora.xtec.cat\/ceip-serradelobac\/wp-json\/wp\/v2\/pages"}],"about":[{"href":"https:\/\/agora.xtec.cat\/ceip-serradelobac\/wp-json\/wp\/v2\/types\/page"}],"author":[{"embeddable":true,"href":"https:\/\/agora.xtec.cat\/ceip-serradelobac\/wp-json\/wp\/v2\/users\/1"}],"replies":[{"embeddable":true,"href":"https:\/\/agora.xtec.cat\/ceip-serradelobac\/wp-json\/wp\/v2\/comments?post=28"}],"version-history":[{"count":8,"href":"https:\/\/agora.xtec.cat\/ceip-serradelobac\/wp-json\/wp\/v2\/pages\/28\/revisions"}],"predecessor-version":[{"id":15776,"href":"https:\/\/agora.xtec.cat\/ceip-serradelobac\/wp-json\/wp\/v2\/pages\/28\/revisions\/15776"}],"up":[{"embeddable":true,"href":"https:\/\/agora.xtec.cat\/ceip-serradelobac\/wp-json\/wp\/v2\/pages\/22"}],"wp:attachment":[{"href":"https:\/\/agora.xtec.cat\/ceip-serradelobac\/wp-json\/wp\/v2\/media?parent=28"}],"curies":[{"name":"wp","href":"https:\/\/api.w.org\/{rel}","templated":true}]}}