{"id":1411,"date":"2017-12-18T10:33:07","date_gmt":"2017-12-18T09:33:07","guid":{"rendered":"http:\/\/agora.xtec.cat\/ceip-serradelobac\/?page_id=1411"},"modified":"2019-11-10T12:47:39","modified_gmt":"2019-11-10T11:47:39","slug":"hort-escolar-amb-fupar","status":"publish","type":"page","link":"https:\/\/agora.xtec.cat\/ceip-serradelobac\/projecte-educatiu\/hort-escolar-amb-fupar\/","title":{"rendered":"Hort escolar"},"content":{"rendered":"<h2 style=\"text-align: center;\"><strong>HORT ESCOLAR AMB FUPAR<\/strong><\/h2>\n<p style=\"text-align: center;\"><strong>EDUCACI\u00d3 INFANTIL<\/strong><\/p>\n<p>A l\u2019escola creiem que la inclusi\u00f3 \u00e9s un valor fonamental per a la vida i el creixement dels\/es nostres alumnes.<\/p>\n<p>Els\/es alumnes de P4 i P5 realitzen de manera setmanal una activitat d\u2019horticultura compartida amb persones amb discapacitat intel\u00b7lectual de la FUPAR (monitors de l\u2019hort).<\/p>\n<p>Cada activitat es divideix en dues parts:<\/p>\n<p>Una primera part consisteix en l\u2019experimentaci\u00f3 directa a l\u2019hort de l\u2019escola fent diverses tasques\u00a0 com: adobar, plantar, manteniment, regar, recol\u00b7lecta etc.<\/p>\n<p>L\u2019altra part es realitza a l\u2019aula, on s\u2019amplien els coneixements de les diferents hortalisses plantades a l\u2019hort, mitjan\u00e7ant l\u2019observaci\u00f3 directa, tastet, activitats pl\u00e0stiques, activitats de lecto-escriptura etc.<\/p>\n<p>Cada alumne t\u00e9 durant tot el curs un monitor referent de la FUPAR que els orienta i els guia en les activitats tant de l\u2019aula com de l\u2019hort. Tamb\u00e9 hi participen els Tutors de cada nivell, un\/a Mestre\/a de refor\u00e7 i un Educador Social de la FUPAR.<\/p>\n<p>Aquesta metodologia afavoreix que els infants adquireixin valors com la cooperaci\u00f3, l\u2019ajuda m\u00fatua, el respecte i la toler\u00e0ncia.<\/p>\n<p>Tamb\u00e9 d\u00f3na un rol actiu a les persones amb discapacitat intel\u00b7lectual afavorint la plena inclusi\u00f3.<\/p>\n<p>Al final de curs de P5 i com a cloenda, hi ha una activitat oberta on les fam\u00edlies tamb\u00e9 hi poden participar i aix\u00ed con\u00e8ixer i empatitzar amb el projecte.<\/p>\n\r\n\t<div class=\"slideshow_container slideshow_container_style-light\" style=\"height: 300px; \" data-slideshow-id=\"1784\" data-style-name=\"style-light\" data-style-version=\"2.3.1\" >\r\n\r\n\t\t\t\t\t<div class=\"slideshow_loading_icon\"><\/div>\r\n\t\t\r\n\t\t<div class=\"slideshow_content\" style=\"display: none;\">\r\n\r\n\t\t\t<div class=\"slideshow_view\">\r\n\t\t\t\t<div class=\"slideshow_slide slideshow_slide_image\">\r\n\t\t\t\t\t\t\t\t\t\t\t<img src=\"https:\/\/agora.xtec.cat\/ceip-serradelobac\/wp-content\/uploads\/usu892\/2018\/01\/DSC07499.jpg\" alt=\"DSC07499\" width=\"2048\" height=\"1536\" \/>\r\n\t\t\t\t\t\t\t\t\t\t<div class=\"slideshow_description_box slideshow_transparent\">\r\n\t\t\t\t\t\t<div class=\"slideshow_title\">DSC07499<\/div>\t\t\t\t\t\t\t\t\t\t\t<\/div>\r\n\t\t\t\t<\/div>\r\n\r\n\t\t\t\t\t\t<div style=\"clear: both;\"><\/div><\/div><div class=\"slideshow_view\">\r\n\t\t\t\t<div class=\"slideshow_slide slideshow_slide_image\">\r\n\t\t\t\t\t\t\t\t\t\t\t<img src=\"https:\/\/agora.xtec.cat\/ceip-serradelobac\/wp-content\/uploads\/usu892\/2018\/01\/DSC07491.jpg\" alt=\"DSC07491\" width=\"2048\" height=\"1536\" \/>\r\n\t\t\t\t\t\t\t\t\t\t<div class=\"slideshow_description_box slideshow_transparent\">\r\n\t\t\t\t\t\t<div class=\"slideshow_title\">DSC07491<\/div>\t\t\t\t\t\t\t\t\t\t\t<\/div>\r\n\t\t\t\t<\/div>\r\n\r\n\t\t\t\t\t\t<div style=\"clear: both;\"><\/div><\/div><div class=\"slideshow_view\">\r\n\t\t\t\t<div class=\"slideshow_slide slideshow_slide_image\">\r\n\t\t\t\t\t\t\t\t\t\t\t<img src=\"https:\/\/agora.xtec.cat\/ceip-serradelobac\/wp-content\/uploads\/usu892\/2018\/01\/DSC07482.jpg\" alt=\"DSC07482\" width=\"2048\" height=\"1536\" \/>\r\n\t\t\t\t\t\t\t\t\t\t<div class=\"slideshow_description_box slideshow_transparent\">\r\n\t\t\t\t\t\t<div class=\"slideshow_title\">DSC07482<\/div>\t\t\t\t\t\t\t\t\t\t\t<\/div>\r\n\t\t\t\t<\/div>\r\n\r\n\t\t\t\t\t\t<div style=\"clear: both;\"><\/div><\/div><div class=\"slideshow_view\">\r\n\t\t\t\t<div class=\"slideshow_slide slideshow_slide_image\">\r\n\t\t\t\t\t\t\t\t\t\t\t<img src=\"https:\/\/agora.xtec.cat\/ceip-serradelobac\/wp-content\/uploads\/usu892\/2018\/01\/DSC07481.jpg\" alt=\"DSC07481\" width=\"2048\" height=\"1536\" \/>\r\n\t\t\t\t\t\t\t\t\t\t<div class=\"slideshow_description_box slideshow_transparent\">\r\n\t\t\t\t\t\t<div class=\"slideshow_title\">DSC07481<\/div>\t\t\t\t\t\t\t\t\t\t\t<\/div>\r\n\t\t\t\t<\/div>\r\n\r\n\t\t\t\t\t\t<div style=\"clear: both;\"><\/div><\/div><div class=\"slideshow_view\">\r\n\t\t\t\t<div class=\"slideshow_slide slideshow_slide_image\">\r\n\t\t\t\t\t\t\t\t\t\t\t<img src=\"https:\/\/agora.xtec.cat\/ceip-serradelobac\/wp-content\/uploads\/usu892\/2018\/01\/DSC07504.jpg\" alt=\"DSC07504\" width=\"2048\" height=\"1536\" \/>\r\n\t\t\t\t\t\t\t\t\t\t<div class=\"slideshow_description_box slideshow_transparent\">\r\n\t\t\t\t\t\t<div class=\"slideshow_title\">DSC07504<\/div>\t\t\t\t\t\t\t\t\t\t\t<\/div>\r\n\t\t\t\t<\/div>\r\n\r\n\t\t\t\t\t\t<div style=\"clear: both;\"><\/div><\/div>\r\n\t\t<\/div>\r\n\r\n\t\t<div class=\"slideshow_controlPanel slideshow_transparent\" style=\"display: none;\"><ul><li class=\"slideshow_togglePlay\" data-play-text=\"Visualitza\" data-pause-text=\"Pausa\"><\/li><\/ul><\/div>\r\n\r\n\t\t<div class=\"slideshow_button slideshow_previous slideshow_transparent\" role=\"button\" data-previous-text=\"Anterior\" style=\"display: none;\"><\/div>\r\n\t\t<div class=\"slideshow_button slideshow_next slideshow_transparent\" role=\"button\" data-next-text=\"Seg\u00fcent\" style=\"display: none;\"><\/div>\r\n\r\n\t\t<div class=\"slideshow_pagination\" style=\"display: none;\" data-go-to-text=\"V\u00e9s a la diapositiva\"><div class=\"slideshow_pagination_center\"><\/div><\/div>\r\n\r\n\t\t<!-- WordPress Slideshow Version 2.3.1 -->\r\n\r\n\t\t\t<\/div>\r\n\r\n\n<p style=\"text-align: left;\">\n","protected":false},"excerpt":{"rendered":"<p>HORT ESCOLAR AMB FUPAR<br \/>\nEDUCACI\u00d3 INFANTIL<br \/>\nA l\u2019escola creiem que la inclusi\u00f3 \u00e9s un valor fonamental per a la vida i el creixement dels\/es nostres alumnes.<br \/>\nEls\/es alumnes de P4 i P5 realitzen de manera setmanal una activitat d\u2019horticultura compartida amb persones amb discapacitat intel\u00b7lectual de la FUPAR&hellip;  <a href=\"https:\/\/agora.xtec.cat\/ceip-serradelobac\/projecte-educatiu\/hort-escolar-amb-fupar\/\" title=\"Read Hort escolar\">Llegeix m\u00e9s\u00bb<\/a><\/p>\n","protected":false},"author":1,"featured_media":0,"parent":64,"menu_order":60,"comment_status":"closed","ping_status":"closed","template":"page-templates\/side-menu.php","meta":{"_bbp_topic_count":0,"_bbp_reply_count":0,"_bbp_total_topic_count":0,"_bbp_total_reply_count":0,"_bbp_voice_count":0,"_bbp_anonymous_reply_count":0,"_bbp_topic_count_hidden":0,"_bbp_reply_count_hidden":0,"_bbp_forum_subforum_count":0,"footnotes":""},"class_list":["post-1411","page","type-page","status-publish","hentry"],"post_mailing_queue_ids":[],"_links":{"self":[{"href":"https:\/\/agora.xtec.cat\/ceip-serradelobac\/wp-json\/wp\/v2\/pages\/1411","targetHints":{"allow":["GET"]}}],"collection":[{"href":"https:\/\/agora.xtec.cat\/ceip-serradelobac\/wp-json\/wp\/v2\/pages"}],"about":[{"href":"https:\/\/agora.xtec.cat\/ceip-serradelobac\/wp-json\/wp\/v2\/types\/page"}],"author":[{"embeddable":true,"href":"https:\/\/agora.xtec.cat\/ceip-serradelobac\/wp-json\/wp\/v2\/users\/1"}],"replies":[{"embeddable":true,"href":"https:\/\/agora.xtec.cat\/ceip-serradelobac\/wp-json\/wp\/v2\/comments?post=1411"}],"version-history":[{"count":3,"href":"https:\/\/agora.xtec.cat\/ceip-serradelobac\/wp-json\/wp\/v2\/pages\/1411\/revisions"}],"predecessor-version":[{"id":10623,"href":"https:\/\/agora.xtec.cat\/ceip-serradelobac\/wp-json\/wp\/v2\/pages\/1411\/revisions\/10623"}],"up":[{"embeddable":true,"href":"https:\/\/agora.xtec.cat\/ceip-serradelobac\/wp-json\/wp\/v2\/pages\/64"}],"wp:attachment":[{"href":"https:\/\/agora.xtec.cat\/ceip-serradelobac\/wp-json\/wp\/v2\/media?parent=1411"}],"curies":[{"name":"wp","href":"https:\/\/api.w.org\/{rel}","templated":true}]}}