{"id":1357,"date":"2017-12-05T22:55:29","date_gmt":"2017-12-05T21:55:29","guid":{"rendered":"http:\/\/agora.xtec.cat\/ceip-serradelobac\/?page_id=1357"},"modified":"2020-05-16T12:06:31","modified_gmt":"2020-05-16T10:06:31","slug":"apadrinament","status":"publish","type":"page","link":"https:\/\/agora.xtec.cat\/ceip-serradelobac\/projecte-educatiu\/apadrinament\/","title":{"rendered":"Padrins i fillols"},"content":{"rendered":"<p>Un lligam m\u00e0gic que perdurar\u00e0 al llarg de tota l&#8217;escolaritat.<\/p>\n\r\n\t<div class=\"slideshow_container slideshow_container_style-light\" style=\"height: 250px; \" data-slideshow-id=\"1359\" data-style-name=\"style-light\" data-style-version=\"2.3.1\" >\r\n\r\n\t\t\t\t\t<div class=\"slideshow_loading_icon\"><\/div>\r\n\t\t\r\n\t\t<div class=\"slideshow_content\" style=\"display: none;\">\r\n\r\n\t\t\t<div class=\"slideshow_view\">\r\n\t\t\t\t<div class=\"slideshow_slide slideshow_slide_image\">\r\n\t\t\t\t\t\t\t\t\t\t\t<img src=\"https:\/\/agora.xtec.cat\/ceip-serradelobac\/wp-content\/uploads\/usu892\/2017\/12\/IMG_20170929_155440.jpg\" alt=\"bty\" width=\"3968\" height=\"2976\" \/>\r\n\t\t\t\t\t\t\t\t\t\t<div class=\"slideshow_description_box slideshow_transparent\">\r\n\t\t\t\t\t\t<div class=\"slideshow_title\">bty<\/div>\t\t\t\t\t\t\t\t\t\t\t<\/div>\r\n\t\t\t\t<\/div>\r\n\r\n\t\t\t\t\t\t<div style=\"clear: both;\"><\/div><\/div><div class=\"slideshow_view\">\r\n\t\t\t\t<div class=\"slideshow_slide slideshow_slide_image\">\r\n\t\t\t\t\t\t\t\t\t\t\t<img src=\"https:\/\/agora.xtec.cat\/ceip-serradelobac\/wp-content\/uploads\/usu892\/2017\/12\/IMG_0068.jpg\" alt=\"IMG_0068\" width=\"1600\" height=\"1200\" \/>\r\n\t\t\t\t\t\t\t\t\t\t<div class=\"slideshow_description_box slideshow_transparent\">\r\n\t\t\t\t\t\t<div class=\"slideshow_title\">IMG_0068<\/div>\t\t\t\t\t\t\t\t\t\t\t<\/div>\r\n\t\t\t\t<\/div>\r\n\r\n\t\t\t\t\t\t<div style=\"clear: both;\"><\/div><\/div><div class=\"slideshow_view\">\r\n\t\t\t\t<div class=\"slideshow_slide slideshow_slide_image\">\r\n\t\t\t\t\t\t\t\t\t\t\t<img src=\"https:\/\/agora.xtec.cat\/ceip-serradelobac\/wp-content\/uploads\/usu892\/2017\/12\/DSC02259.jpg\" alt=\"DSC02259\" width=\"3648\" height=\"2736\" \/>\r\n\t\t\t\t\t\t\t\t\t\t<div class=\"slideshow_description_box slideshow_transparent\">\r\n\t\t\t\t\t\t<p class=\"slideshow_title\">DSC02259<\/p>\t\t\t\t\t\t\t\t\t\t\t<\/div>\r\n\t\t\t\t<\/div>\r\n\r\n\t\t\t\t\t\t<div style=\"clear: both;\"><\/div><\/div><div class=\"slideshow_view\">\r\n\t\t\t\t<div class=\"slideshow_slide slideshow_slide_image\">\r\n\t\t\t\t\t\t\t\t\t\t\t<img src=\"https:\/\/agora.xtec.cat\/ceip-serradelobac\/wp-content\/uploads\/usu892\/2017\/12\/DSCN1302.jpg\" alt=\"DSCN1302\" width=\"4160\" height=\"3120\" \/>\r\n\t\t\t\t\t\t\t\t\t\t<div class=\"slideshow_description_box slideshow_transparent\">\r\n\t\t\t\t\t\t<div class=\"slideshow_title\">DSCN1302<\/div>\t\t\t\t\t\t\t\t\t\t\t<\/div>\r\n\t\t\t\t<\/div>\r\n\r\n\t\t\t\t\t\t<div style=\"clear: both;\"><\/div><\/div><div class=\"slideshow_view\">\r\n\t\t\t\t<div class=\"slideshow_slide slideshow_slide_image\">\r\n\t\t\t\t\t\t\t\t\t\t\t<img src=\"https:\/\/agora.xtec.cat\/ceip-serradelobac\/wp-content\/uploads\/usu892\/2017\/12\/IMG_0082.jpg\" alt=\"IMG_0082\" width=\"4608\" height=\"3456\" \/>\r\n\t\t\t\t\t\t\t\t\t\t<div class=\"slideshow_description_box slideshow_transparent\">\r\n\t\t\t\t\t\t<div class=\"slideshow_title\">IMG_0082<\/div>\t\t\t\t\t\t\t\t\t\t\t<\/div>\r\n\t\t\t\t<\/div>\r\n\r\n\t\t\t\t\t\t<div style=\"clear: both;\"><\/div><\/div>\r\n\t\t<\/div>\r\n\r\n\t\t<div class=\"slideshow_controlPanel slideshow_transparent\" style=\"display: none;\"><ul><li class=\"slideshow_togglePlay\" data-play-text=\"Visualitza\" data-pause-text=\"Pausa\"><\/li><\/ul><\/div>\r\n\r\n\t\t<div class=\"slideshow_button slideshow_previous slideshow_transparent\" role=\"button\" data-previous-text=\"Anterior\" style=\"display: none;\"><\/div>\r\n\t\t<div class=\"slideshow_button slideshow_next slideshow_transparent\" role=\"button\" data-next-text=\"Seg\u00fcent\" style=\"display: none;\"><\/div>\r\n\r\n\t\t<div class=\"slideshow_pagination\" style=\"display: none;\" data-go-to-text=\"V\u00e9s a la diapositiva\"><div class=\"slideshow_pagination_center\"><\/div><\/div>\r\n\r\n\t\t<!-- WordPress Slideshow Version 2.3.1 -->\r\n\r\n\t\t\t<\/div>\r\n\r\n\n<p>A 3r es comen\u00e7a a ser padr\u00ed\/madrina dels companys que acaben d\u2019arribar a l\u2019escola, P3. Aquesta relaci\u00f3 es mantidr\u00e0\u00a0en passar de curs. Per tant, sempre hi ha parelles de padrins\/madrines-fillols \/filloles entre P3 i 3r, P4-4t, P5-5\u00e8 i 1r-6\u00e8 amb les mateixes parelles, per la qual cosa la relaci\u00f3 personal arribar\u00e0 a ser molt estreta.<br \/>\nQuan els alumnes de 6\u00e8 que marxaran\u00a0de l\u2019escola seran\u00a0especialment acomiadats pels seus fillols, que ja estaran acabant 1r i per tant acabaran de tenir el rol de fillols.<\/p>\n<p>El seg\u00fcent curs, 2n de prim\u00e0ria, no s\u00f3n ni padrins ni fillols, \u00e9s un curs de transici\u00f3 per ser padr\u00ed\/na en arribar a 3r. Ser\u00e0 en aquest curs on faran la seva preparaci\u00f3 per a esdevindre grans padrines i madrines; i a la vegada faran de reporters de les trobades que la resta de l&#8217;alumnat faci durant \u00a0el curs.<\/p>\n<p>El nen o nena fillol\/a: respecta, confia, creu, i apr\u00e8n del padr\u00ed, se sent protegit i acompanyat, amb alg\u00fa de refer\u00e8ncia a l\u2019edifici de prim\u00e0ria, \u201cel dels grans\u201d. Igualment, els padrins mantenen el contacte amb l\u2019etapa infantil a trav\u00e9s dels vincles amb els fillols.<br \/>\nLes parelles padr\u00ed\/fillol es conviden m\u00fatuament per compartir i ajudar-se en patis, festes, intercanvi de treballs i informacions treballades a les diferents \u00e0rees, lectures, exposicions, teatre, contes, jocs, berenars, espais,\u2026<\/p>\n<p>L\u2019equip de mestres programa les trobades, acompanya, observa, reajusta,\u2026i valora molt positivament aquesta l\u00ednia transversal de treball.<\/p>\n<p>\u00c9s molt gratificant veure les activitats i valors que desenvolupen els nostres nens i nenes, tamb\u00e9 l\u2019estima que sorgeix entre ells i elles que traspassa les parets i horari escolars, ja que fora de l\u2019escola els vincles continuen existint i aix\u00ed ens ho fan saber les fam\u00edlies.<\/p>\n<p>&nbsp;<\/p>\n","protected":false},"excerpt":{"rendered":"<p>Un lligam m\u00e0gic que perdurar\u00e0 al llarg de tota l&#8217;escolaritat.<\/p>\n<p>\t\t\t\t\t\tbty\t\t\t\t\t\t\t\t\t\t\t<\/p>\n<p>\t\t\t\t\t\tIMG_0068\t\t\t\t\t\t\t\t\t\t\t<\/p>\n<p>\t\t\t\t\t\tDSC02259\t\t\t\t\t\t\t\t\t\t\t<\/p>\n<p>\t\t\t\t\t\tDSCN1302\t\t\t\t\t\t\t\t\t\t\t<\/p>\n<p>\t\t\t\t\t\tIMG_0082\t\t\t\t\t\t\t\t\t\t\t<\/p>\n<ul>\n<li class=\"slideshow_togglePlay\" data-play-text=\"Visualitza\" data-pause-text=\"Pausa\"><\/li>\n<\/ul>\n<p>A 3r es comen\u00e7a a ser padr\u00ed\/madrina dels companys que acaben d\u2019arribar a l\u2019escola, P3. Aquesta relaci\u00f3 es mantidr\u00e0\u00a0en passar de curs. Per tant, sempre hi ha parelles de padrins\/madrines-fillols \/filloles entre P3&hellip;  <a href=\"https:\/\/agora.xtec.cat\/ceip-serradelobac\/projecte-educatiu\/apadrinament\/\" title=\"Read Padrins i fillols\">Llegeix m\u00e9s\u00bb<\/a><\/p>\n","protected":false},"author":5,"featured_media":0,"parent":64,"menu_order":0,"comment_status":"closed","ping_status":"closed","template":"","meta":{"_bbp_topic_count":0,"_bbp_reply_count":0,"_bbp_total_topic_count":0,"_bbp_total_reply_count":0,"_bbp_voice_count":0,"_bbp_anonymous_reply_count":0,"_bbp_topic_count_hidden":0,"_bbp_reply_count_hidden":0,"_bbp_forum_subforum_count":0,"footnotes":""},"class_list":["post-1357","page","type-page","status-publish","hentry"],"post_mailing_queue_ids":[],"_links":{"self":[{"href":"https:\/\/agora.xtec.cat\/ceip-serradelobac\/wp-json\/wp\/v2\/pages\/1357","targetHints":{"allow":["GET"]}}],"collection":[{"href":"https:\/\/agora.xtec.cat\/ceip-serradelobac\/wp-json\/wp\/v2\/pages"}],"about":[{"href":"https:\/\/agora.xtec.cat\/ceip-serradelobac\/wp-json\/wp\/v2\/types\/page"}],"author":[{"embeddable":true,"href":"https:\/\/agora.xtec.cat\/ceip-serradelobac\/wp-json\/wp\/v2\/users\/5"}],"replies":[{"embeddable":true,"href":"https:\/\/agora.xtec.cat\/ceip-serradelobac\/wp-json\/wp\/v2\/comments?post=1357"}],"version-history":[{"count":3,"href":"https:\/\/agora.xtec.cat\/ceip-serradelobac\/wp-json\/wp\/v2\/pages\/1357\/revisions"}],"predecessor-version":[{"id":11221,"href":"https:\/\/agora.xtec.cat\/ceip-serradelobac\/wp-json\/wp\/v2\/pages\/1357\/revisions\/11221"}],"up":[{"embeddable":true,"href":"https:\/\/agora.xtec.cat\/ceip-serradelobac\/wp-json\/wp\/v2\/pages\/64"}],"wp:attachment":[{"href":"https:\/\/agora.xtec.cat\/ceip-serradelobac\/wp-json\/wp\/v2\/media?parent=1357"}],"curies":[{"name":"wp","href":"https:\/\/api.w.org\/{rel}","templated":true}]}}