{"id":11078,"date":"2020-03-19T17:55:47","date_gmt":"2020-03-19T16:55:47","guid":{"rendered":"http:\/\/agora.xtec.cat\/ceip-serradelobac\/?page_id=11078"},"modified":"2020-05-09T12:07:17","modified_gmt":"2020-05-09T10:07:17","slug":"emprenedoria","status":"publish","type":"page","link":"https:\/\/agora.xtec.cat\/ceip-serradelobac\/projecte-educatiu\/emprenedoria\/","title":{"rendered":"Emprenedoria"},"content":{"rendered":"<p><b>La Cooperativa:<\/b><\/p>\n<p><span style=\"font-weight: 400;\">Quan els nostres alumnes arriben a 5\u00e8, l\u2019inici de Cicle Superior, es troben amb un projecte molt interessant que consisteix en la creaci\u00f3 d\u2019una cooperativa. <\/span><\/p>\n<p><span style=\"font-weight: 400;\">Primer de tot han de saber qu\u00e8 \u00e9s i com funciona per despr\u00e9s constituir-la i gestionar-la. La tasca no \u00e9s gens f\u00e0cil, han de decidir com a grup classe moltes q\u00fcestions que fan que treballin de manera competencial i assolint uns compromisos i responsabilitat vers el grup: elecci\u00f3 del nom, elaboraci\u00f3 i elecci\u00f3 del logo, constituci\u00f3 de la cooperativa, els estatuts, disseny dels prototips dels productes que elaboraran, \u2026<\/span><\/p>\n<p><span style=\"font-weight: 400;\">L\u2019Escola participa activament en el Programa de Cultura emprenedora de l\u2019Escola. Un programa que ens ajuda a gestionar la nostra cooperativa i afavoreix la seva formalitzaci\u00f3. <\/span><\/p>\n<p><span style=\"font-weight: 400;\">La junta directiva (president\/a, tresorer\/a i secretari\/ia) de la cooperativa est\u00e0 decidida democr\u00e0ticament, tamb\u00e9 han triat la resta de c\u00e0rrecs importants per gestionar-la (control de qualitat, m\u00e0rqueting, vendes, comercials, dissenyadors\/es, publicistes, il\u00b7lustradors\/es, bloggers, etc.). Dins d\u2019una cooperativa, tothom t\u00e9 el mateix valor i tothom ha de treballar conjuntament. Aquest el gran \u00e8xit!<\/span><\/p>\n<p><span style=\"font-weight: 400;\">A mitjans de curs, \u00a0la junta directiva de cada cooperativa, com a representants, \u00a0tenen una recepci\u00f3 amb el Sr. Alcalde de l\u2019Ajuntament de Terrassa i els hi fa entrega del CIF de la cooperativa. Ser\u00e0 aix\u00ed com podran comen\u00e7ar a comercialitzar. <\/span><\/p>\n<p><span style=\"font-weight: 400;\">Els productes els elaboraran ells\/es mateixos, a partir d\u2019un estudi de mercat que dissenyen. Despr\u00e9s fan propostes de vendes i d\u2019aquestes es quedaran amb les m\u00e9s exitoses. <\/span><\/p>\n<p><span style=\"font-weight: 400;\">Durant les hores d\u2019inform\u00e0tica que fan a \u00a0la setmana, els alumnes elaborant amb gran esfor\u00e7 \u00a0un blog on pengen tota la informaci\u00f3 relativa a les cooperatives.<\/span><\/p>\n<p>&nbsp;<\/p>\n<p><span style=\"font-weight: 400;\">A finals de curs, despr\u00e9s de fer una bona producci\u00f3 (tot a m\u00e0) dels productes seleccionats, els posaran a la venda al Mercat del Mercadal dels dimecres i intentaran recollir els diners previstos. <\/span><\/p>\n<p>&nbsp;<\/p>\n<p><span style=\"font-weight: 400;\">Aquest projecte els ofereix molts aprenentatges: aprendre a decidir conjuntament, a treballar en grup, a resoldre situacions compromeses, a tenir iniciativa, a potenciar la creativitat, a treballar la compet\u00e8ncia digital, etc. \u00c9s una de les propostes educatives m\u00e9s globals i competencial que tenim com a escola. <\/span><\/p>\n<p>&nbsp;<\/p>\n<p><b>I la pregunta que us podeu fer \u00e9s: I qu\u00e8 faran amb els diners que recullin de la venda dels productes que decideixin fer????<\/b><\/p>\n<p>&nbsp;<\/p>\n<p><b>Doncs el millor de tot: cada cooperativa decideix donar una gran part dels ingressos a una ONG o associaci\u00f3 que ajuda a algun col\u00b7lectiu vulnerable.<\/b><\/p>\n<p>&nbsp;<\/p>\n","protected":false},"excerpt":{"rendered":"<p>La Cooperativa:<br \/>\nQuan els nostres alumnes arriben a 5\u00e8, l\u2019inici de Cicle Superior, es troben amb un projecte molt interessant que consisteix en la creaci\u00f3 d\u2019una cooperativa.<br \/>\nPrimer de tot han de saber qu\u00e8 \u00e9s i com funciona per despr\u00e9s constituir-la i gestionar-la. La tasca no&hellip;  <a href=\"https:\/\/agora.xtec.cat\/ceip-serradelobac\/projecte-educatiu\/emprenedoria\/\" title=\"Read Emprenedoria\">Llegeix m\u00e9s\u00bb<\/a><\/p>\n","protected":false},"author":5,"featured_media":0,"parent":64,"menu_order":0,"comment_status":"closed","ping_status":"closed","template":"","meta":{"_bbp_topic_count":0,"_bbp_reply_count":0,"_bbp_total_topic_count":0,"_bbp_total_reply_count":0,"_bbp_voice_count":0,"_bbp_anonymous_reply_count":0,"_bbp_topic_count_hidden":0,"_bbp_reply_count_hidden":0,"_bbp_forum_subforum_count":0,"footnotes":""},"class_list":["post-11078","page","type-page","status-publish","hentry"],"post_mailing_queue_ids":[],"_links":{"self":[{"href":"https:\/\/agora.xtec.cat\/ceip-serradelobac\/wp-json\/wp\/v2\/pages\/11078","targetHints":{"allow":["GET"]}}],"collection":[{"href":"https:\/\/agora.xtec.cat\/ceip-serradelobac\/wp-json\/wp\/v2\/pages"}],"about":[{"href":"https:\/\/agora.xtec.cat\/ceip-serradelobac\/wp-json\/wp\/v2\/types\/page"}],"author":[{"embeddable":true,"href":"https:\/\/agora.xtec.cat\/ceip-serradelobac\/wp-json\/wp\/v2\/users\/5"}],"replies":[{"embeddable":true,"href":"https:\/\/agora.xtec.cat\/ceip-serradelobac\/wp-json\/wp\/v2\/comments?post=11078"}],"version-history":[{"count":3,"href":"https:\/\/agora.xtec.cat\/ceip-serradelobac\/wp-json\/wp\/v2\/pages\/11078\/revisions"}],"predecessor-version":[{"id":11153,"href":"https:\/\/agora.xtec.cat\/ceip-serradelobac\/wp-json\/wp\/v2\/pages\/11078\/revisions\/11153"}],"up":[{"embeddable":true,"href":"https:\/\/agora.xtec.cat\/ceip-serradelobac\/wp-json\/wp\/v2\/pages\/64"}],"wp:attachment":[{"href":"https:\/\/agora.xtec.cat\/ceip-serradelobac\/wp-json\/wp\/v2\/media?parent=11078"}],"curies":[{"name":"wp","href":"https:\/\/api.w.org\/{rel}","templated":true}]}}