{"id":11065,"date":"2020-03-19T17:52:10","date_gmt":"2020-03-19T16:52:10","guid":{"rendered":"http:\/\/agora.xtec.cat\/ceip-serradelobac\/?page_id=11065"},"modified":"2020-05-09T12:06:20","modified_gmt":"2020-05-09T10:06:20","slug":"tutories-individualitzades","status":"publish","type":"page","link":"https:\/\/agora.xtec.cat\/ceip-serradelobac\/projecte-educatiu\/tutories-individualitzades\/","title":{"rendered":"Tutories individualitzades"},"content":{"rendered":"<p><span style=\"font-weight: 400;\">Dintre de l\u2019\u00e0rea d\u2019Educaci\u00f3 en valors, l\u2019Escola Serra de l\u2019Obac, fa una aposta molt important per arribar a la part emocional del nostre alumnat. Ens interessa saber com s\u00f3n els i les nostres alumnes, nom\u00e9s aix\u00ed els podem entendre i nom\u00e9s aix\u00ed podrem incidir en les seves millores. <\/span><\/p>\n<p><span style=\"font-weight: 400;\">Per poder arribar al nostre alumnat, l\u2019escola disposa d\u2019una hora a la setmana perqu\u00e8 els tutors\/es puguin fer TUTORIA INDIVIDUAL amb ells\/es. En aquestes estones, el tutor\/a parlar individualment, per parelles o petits grup d\u2019alguns temes d\u2019inter\u00e8s com: relacions amb els companys\/es, com es trobem ells\/es amb el seguiment del curs, quines temes els hi preocupa, com poden fer per millorar alguns aspectes de l\u2019escola, si els hi agrada el lloc on es troben, resolen conflictes entre companys\/es, \u2026<\/span><\/p>\n<p><span style=\"font-weight: 400;\">Aquests moments s\u00f3n \u00fanics perqu\u00e8 el que es busca \u00e9s la complicitat, crear vincles i lligams entre el tutor\/a i l\u2019alumne\/a. Les Tutories individuals es fan a partir de 3r fins a 6\u00e8, i tan els i les alumnes com els tutors\/es implicats ho valoren molt positivament. <\/span><\/p>\n<p>&nbsp;<\/p>\n<p><span style=\"font-weight: 400;\">Creiem en la persona i per aix\u00f2 incidim en la part s\u00f2cio-emocional del nostre alumnat. Amb aquesta pr\u00e0ctica educativa, ens anticipem a alguns conflictes i sin\u00f3 els resolem de manera adient i respectuosa. <\/span><\/p>\n","protected":false},"excerpt":{"rendered":"<p>Dintre de l\u2019\u00e0rea d\u2019Educaci\u00f3 en valors, l\u2019Escola Serra de l\u2019Obac, fa una aposta molt important per arribar a la part emocional del nostre alumnat. Ens interessa saber com s\u00f3n els i les nostres alumnes, nom\u00e9s aix\u00ed els podem entendre i nom\u00e9s aix\u00ed podrem incidir en&hellip;  <a href=\"https:\/\/agora.xtec.cat\/ceip-serradelobac\/projecte-educatiu\/tutories-individualitzades\/\" title=\"Read Tutories individualitzades\">Llegeix m\u00e9s\u00bb<\/a><\/p>\n","protected":false},"author":5,"featured_media":0,"parent":64,"menu_order":0,"comment_status":"closed","ping_status":"closed","template":"","meta":{"_bbp_topic_count":0,"_bbp_reply_count":0,"_bbp_total_topic_count":0,"_bbp_total_reply_count":0,"_bbp_voice_count":0,"_bbp_anonymous_reply_count":0,"_bbp_topic_count_hidden":0,"_bbp_reply_count_hidden":0,"_bbp_forum_subforum_count":0,"footnotes":""},"class_list":["post-11065","page","type-page","status-publish","hentry"],"post_mailing_queue_ids":[],"_links":{"self":[{"href":"https:\/\/agora.xtec.cat\/ceip-serradelobac\/wp-json\/wp\/v2\/pages\/11065","targetHints":{"allow":["GET"]}}],"collection":[{"href":"https:\/\/agora.xtec.cat\/ceip-serradelobac\/wp-json\/wp\/v2\/pages"}],"about":[{"href":"https:\/\/agora.xtec.cat\/ceip-serradelobac\/wp-json\/wp\/v2\/types\/page"}],"author":[{"embeddable":true,"href":"https:\/\/agora.xtec.cat\/ceip-serradelobac\/wp-json\/wp\/v2\/users\/5"}],"replies":[{"embeddable":true,"href":"https:\/\/agora.xtec.cat\/ceip-serradelobac\/wp-json\/wp\/v2\/comments?post=11065"}],"version-history":[{"count":3,"href":"https:\/\/agora.xtec.cat\/ceip-serradelobac\/wp-json\/wp\/v2\/pages\/11065\/revisions"}],"predecessor-version":[{"id":11152,"href":"https:\/\/agora.xtec.cat\/ceip-serradelobac\/wp-json\/wp\/v2\/pages\/11065\/revisions\/11152"}],"up":[{"embeddable":true,"href":"https:\/\/agora.xtec.cat\/ceip-serradelobac\/wp-json\/wp\/v2\/pages\/64"}],"wp:attachment":[{"href":"https:\/\/agora.xtec.cat\/ceip-serradelobac\/wp-json\/wp\/v2\/media?parent=11065"}],"curies":[{"name":"wp","href":"https:\/\/api.w.org\/{rel}","templated":true}]}}