{"id":11064,"date":"2020-03-19T17:52:10","date_gmt":"2020-03-19T16:52:10","guid":{"rendered":"http:\/\/agora.xtec.cat\/ceip-serradelobac\/?page_id=11064"},"modified":"2025-01-24T10:56:46","modified_gmt":"2025-01-24T09:56:46","slug":"desdoblaments","status":"publish","type":"page","link":"https:\/\/agora.xtec.cat\/ceip-serradelobac\/projecte-educatiu\/desdoblaments\/","title":{"rendered":"Desdoblaments"},"content":{"rendered":"<p>Wilson defineix la qualitat en educaci\u00f3 de la seg\u00fcent manera: \u00abPlanificar, proporcionar i\u00a0avaluar el curr\u00edculum \u00f2ptim per a cada alumne, en el context d&#8217;una diversitat d&#8217;alumnes que\u00a0aprenen \u00bb. D&#8217;altra banda, el dret a la igualtat d&#8217;oportunitats, com a dret intr\u00ednsec a l&#8217;educaci\u00f3.<br \/>\nPer aix\u00f2, aquest principi general d&#8217;igualtat d&#8217;oportunitats s&#8217;ha de transformar, a la pr\u00e0ctica\u00a0educativa, en drets concrets que siguin significatius en vistes a aconseguir que cada infant,\u00a0d&#8217;acord amb les seves necessitats espec\u00edfiques, arribi a les mateixes metes \u00adi finalitats\u00a0\u00faltimes de l&#8217;educaci\u00f3\u00ad per diferents camins.<br \/>\nLa \u00abigualtat per a tots\u00bb \u00adque postula l&#8217;escola inclusiva\u00ad suposa, doncs, atendre a tothom\u00a0segons la diversitat. Per\u00f2 si tenim en compte el que hem dit en el punt anterior, m\u00e9s que\u00a0trobar la manera de tractar als alumnes diferents, hem de trobar la manera d&#8217;ensenyar a tots\u00a0els alumnes, tenint en compte que s\u00f3n diferents.\u00a0La inclusi\u00f3 t\u00e9 alguna cosa a veure amb la qualitat de l&#8217;educaci\u00f3 i amb el dret a la igualtat\u00a0d&#8217;oportunitats. I tant una cosa com l&#8217;altra estan relacionades \u00adi molt! \u00ad amb l&#8217;atenci\u00f3 a la\u00a0diversitat.<br \/>\nD&#8217;una banda, una educaci\u00f3 ser\u00e0 de qualitat en la mesura que compleixi la seva funci\u00f3: donar\u00a0educaci\u00f3 a tots els alumnes, atenent les necessitats educatives de cada un d&#8217;ells.\u00a0Aix\u00ed doncs, un centre educatiu oferir\u00e0 una educaci\u00f3 de qualitat en la mesura que contempli la\u00a0diversitat de l&#8217;alumnat. Des de l\u2019escola atenem la diversitat de l\u2019aula organitzant grups redu\u00efts\u00a0(desdoblaments, tallers, grups flexibles, tutories individualitzades,refor\u00e7os als alumnes amb\u00a0necessitats educatives especials&#8230;) per a poder millorar la tasca pedag\u00f2gica i atendre millor aquestes necessitats.<\/p>\n<p><span style=\"font-weight: 400;\">L\u2019escola Serra de l\u2019Obac prioritza l\u2019atenci\u00f3 a les necessitats educatives de cada alumne\/a treballant en la mesura del possible, en grups desdoblats, que ens permeten una atenci\u00f3 m\u00e9s individualitzada de cada infant. Un desdoblament \u00e9s la distribuci\u00f3 d\u2019alumnes d\u2019un grup-classe en dos subgrups en funci\u00f3 del tipus d\u2019activitat que s\u2019ha de realitzar. Es tracta d\u2019un tipus \u00a0de suport universal per atendre els diferents ritmes d\u2019aprenentatge de l\u2019alumnat. A l\u2019escola fem les seg\u00fcents sessions desdoblades:<\/span><\/p>\n<p>&nbsp;<\/p>\n<p><span style=\"font-weight: 400;\">CICLE INFANTIL:<\/span><\/p>\n<p><span style=\"font-weight: 400;\">Aprenentatge digital- Racons de matem\u00e0tiques<\/span><\/p>\n<p><span style=\"font-weight: 400;\">Angl\u00e8s- Biblioteca<\/span><\/p>\n<p><span style=\"font-weight: 400;\">Psicomotricitat- Joc simb\u00f2lic<\/span><\/p>\n<p><span style=\"font-weight: 400;\">Hort en viu- Hort a l\u2019aula (P4-P5) Amb col.laboraci\u00f3 amb FUPAR<\/span><\/p>\n<p><span style=\"font-weight: 400;\">M\u00fasica- Racons de llengua<\/span><\/p>\n<p>&nbsp;<\/p>\n<p><span style=\"font-weight: 400;\">CICLE INICIAL:<\/span><\/p>\n<p><span style=\"font-weight: 400;\">Angl\u00e8s- Compet\u00e8ncia digital<\/span><\/p>\n<p><span style=\"font-weight: 400;\">M\u00fasica- Treball sistem\u00e0tic de matem\u00e0tiques i\/o de llengua<\/span><\/p>\n<p><span style=\"font-weight: 400;\">Biblioteca- Catal\u00e0<\/span><\/p>\n<p><span style=\"font-weight: 400;\">Ed. F\u00edsica- Catal\u00e0 i\/o matem\u00e0tiques<\/span><\/p>\n<p>&nbsp;<\/p>\n<p><span style=\"font-weight: 400;\">CICLE MITJ\u00c0:<\/span><\/p>\n<p><span style=\"font-weight: 400;\">Angl\u00e8s- Compet\u00e8ncia digital<\/span><\/p>\n<p><span style=\"font-weight: 400;\">M\u00fasica- Catal\u00e0<\/span><\/p>\n<p><span style=\"font-weight: 400;\">Biblioteca- Catal\u00e0<\/span><\/p>\n<p><span style=\"font-weight: 400;\">Ed. F\u00edsica- Matem\u00e0tiques<\/span><\/p>\n<p>&nbsp;<\/p>\n<p><span style=\"font-weight: 400;\">CICLE SUPERIOR:<\/span><\/p>\n<p><span style=\"font-weight: 400;\">Angl\u00e8s- Compet\u00e8ncia digital<\/span><\/p>\n<p><span style=\"font-weight: 400;\">Ed. F\u00edsica-Catal\u00e0 i Castell\u00e0<\/span><\/p>\n<p><span style=\"font-weight: 400;\">M\u00fasica- Matem\u00e0tiques<\/span><\/p>\n<p><span style=\"font-weight: 400;\">Biblioteca- Catal\u00e0 i Castell\u00e0<\/span><\/p>\n<p>&nbsp;<\/p>\n<p><span style=\"font-weight: 400;\">Com es pot observar, a l\u2019Escola prioritzem el treball de les \u00e0rees d\u2019aprenentatge instrumentals com matem\u00e0tiques i catal\u00e0 amb aquests desdoblaments, fent que el tutor\/a es pugui quedar amb la meitat del grup per aix\u00ed tenir una atenci\u00f3 m\u00e9s individualitzada de l\u2019alumne\/a. <\/span><\/p>\n<p>&nbsp;<\/p>\n","protected":false},"excerpt":{"rendered":"<p>Wilson defineix la qualitat en educaci\u00f3 de la seg\u00fcent manera: \u00abPlanificar, proporcionar i\u00a0avaluar el curr\u00edculum \u00f2ptim per a cada alumne, en el context d&#8217;una diversitat d&#8217;alumnes que\u00a0aprenen \u00bb. D&#8217;altra banda, el dret a la igualtat d&#8217;oportunitats, com a dret intr\u00ednsec a l&#8217;educaci\u00f3.<br \/>\nPer aix\u00f2, aquest principi&hellip;  <a href=\"https:\/\/agora.xtec.cat\/ceip-serradelobac\/projecte-educatiu\/desdoblaments\/\" title=\"Read Desdoblaments\">Llegeix m\u00e9s\u00bb<\/a><\/p>\n","protected":false},"author":5,"featured_media":0,"parent":64,"menu_order":0,"comment_status":"closed","ping_status":"closed","template":"","meta":{"_bbp_topic_count":0,"_bbp_reply_count":0,"_bbp_total_topic_count":0,"_bbp_total_reply_count":0,"_bbp_voice_count":0,"_bbp_anonymous_reply_count":0,"_bbp_topic_count_hidden":0,"_bbp_reply_count_hidden":0,"_bbp_forum_subforum_count":0,"footnotes":""},"class_list":["post-11064","page","type-page","status-publish","hentry"],"post_mailing_queue_ids":[],"_links":{"self":[{"href":"https:\/\/agora.xtec.cat\/ceip-serradelobac\/wp-json\/wp\/v2\/pages\/11064","targetHints":{"allow":["GET"]}}],"collection":[{"href":"https:\/\/agora.xtec.cat\/ceip-serradelobac\/wp-json\/wp\/v2\/pages"}],"about":[{"href":"https:\/\/agora.xtec.cat\/ceip-serradelobac\/wp-json\/wp\/v2\/types\/page"}],"author":[{"embeddable":true,"href":"https:\/\/agora.xtec.cat\/ceip-serradelobac\/wp-json\/wp\/v2\/users\/5"}],"replies":[{"embeddable":true,"href":"https:\/\/agora.xtec.cat\/ceip-serradelobac\/wp-json\/wp\/v2\/comments?post=11064"}],"version-history":[{"count":4,"href":"https:\/\/agora.xtec.cat\/ceip-serradelobac\/wp-json\/wp\/v2\/pages\/11064\/revisions"}],"predecessor-version":[{"id":15204,"href":"https:\/\/agora.xtec.cat\/ceip-serradelobac\/wp-json\/wp\/v2\/pages\/11064\/revisions\/15204"}],"up":[{"embeddable":true,"href":"https:\/\/agora.xtec.cat\/ceip-serradelobac\/wp-json\/wp\/v2\/pages\/64"}],"wp:attachment":[{"href":"https:\/\/agora.xtec.cat\/ceip-serradelobac\/wp-json\/wp\/v2\/media?parent=11064"}],"curies":[{"name":"wp","href":"https:\/\/api.w.org\/{rel}","templated":true}]}}