{"id":11060,"date":"2020-03-19T17:52:10","date_gmt":"2020-03-19T16:52:10","guid":{"rendered":"http:\/\/agora.xtec.cat\/ceip-serradelobac\/?page_id=11060"},"modified":"2026-02-03T16:57:50","modified_gmt":"2026-02-03T15:57:50","slug":"dinamitzacio-de-patis","status":"publish","type":"page","link":"https:\/\/agora.xtec.cat\/ceip-serradelobac\/projecte-educatiu\/dinamitzacio-de-patis\/","title":{"rendered":"Dinamitzaci\u00f3 de patis"},"content":{"rendered":"<p><span style=\"font-weight: 400;\">Les estones d\u2019esbarjo s\u00f3n moments igualment educatius que hem he garantir que TOT el nostre alumnat es trobi a gust i gaudeixi del temps lliure. L\u2019Escola Serra de l\u2019Obac ha volgut transformar aquest espai i actualment, d\u00f3na l\u2019opci\u00f3 als i les alumnes poder gaudir de diferents jocs \u00a0i esports atractius. <\/span><\/p>\n<p><span style=\"font-weight: 400;\">El m\u00e9s important \u00e9s crear i garantir una bona conviv\u00e8ncia entre tots i totes i reduir la conflictivitat. A l\u2019escola trobem molts infants i cap \u00e9s igual: tenen diferents habilitats, interessos, cercle d\u2019amistats, etc. El que es pret\u00e9n \u00e9s la inclusi\u00f3 de tot l\u2019alumnat, proposant diferents espais, a on tots i totes s\u2019hi sentin a gust i puguin jugar de manera lliure. Tamb\u00e9 s\u2019intenta que descobreixin altres propostes i d\u2019aquesta manera hagi un pati diversificat. <\/span><\/p>\n<p><i><span style=\"font-weight: 400;\">\u201cPatis inclusius=patis per tothom\u201d<\/span><\/i><\/p>\n<p><span style=\"font-weight: 400;\">El pati est\u00e0 distribu\u00eft per espais: pista, triangle, sorral, porxo, gimn\u00e0s, zona p\u00edcnic&#8230;En cadascun d\u2019aquests espais hi ha la supervisi\u00f3 d\u2019un adult i una oferta que varia segons els dia. L\u2019alumnat actualment pot jugar a: tennis taula, escacs, jocs de taula, dianes, pintar en pissarres, jocs amb pilota, rac\u00f3 de lectura &#8220;chill out&#8221;, jocs d\u2019exterior, etc. <\/span><\/p>\n<p><span style=\"font-weight: 400;\">Aquestes propostes han sorgit a partir de la participaci\u00f3 de l\u2019alumnat a les Reunions de Delegats\/des, Ecodelegats\/des amb l\u2019Equip Directiu de l\u2019escola. Aquestes reunions es fan un cop al trimestre i es parlen de temes que interessen a l\u2019alumnat entre aquests temes, sempre sorgeix les propostes de pati.<\/span><\/p>\n<p>Des de una perspectiva psicol\u00f2gica, sabem que el desenvolupament de les criatures \u00e9s un proc\u00e9s socialment i culturalment mediat per la influ\u00e8ncia externa: \u00ad la fam\u00edlia i l\u2019escola s\u00f3n els dos contextos primaris que li permeten al nen establir interaccions i des d\u2019aqu\u00ed assumir rols, participar en patrons de conducta, posar paraules i expressar les seves viv\u00e8ncies, en definitiva anar construint\u00ad-se. \u00ad Els dos contextos compartim moltes funcions educatives: \u00ad La socialitzaci\u00f3 i l\u2019adquisici\u00f3 de valors, la promoci\u00f3 de les capacitats cognitives, motrius, d\u2019equilibri i relaci\u00f3 personal i interpersonal i de inserci\u00f3 social. Tamb\u00e9 compartim la cura f\u00edsic i ps\u00edquic de l\u2019infant. L\u2019escola i la fam\u00edlia, per tant, tenim la responsabilitat de recolzar all\u00f2 que l\u2019infant fa en altres contextos i que afavoreix el seu desenvolupament.<br \/>\nEl joc, la imaginaci\u00f3 i el raonament s\u00f3n aspectes propis de l&#8217;\u00e0mbit educatiu i de la\u00a0formaci\u00f3 integral en l&#8217;\u00e9sser hum\u00e0; el desenvolupament del pensament, la posada en\u00a0escena de la creativitat, l&#8217;activaci\u00f3 del raonament, la millora actitudinal i l&#8217;enfortiment de\u00a0l&#8217;autovaloraci\u00f3, el autoestima i la confian\u00e7a personal s\u00f3n possibles si es combina de\u00a0manera adequada la l\u00fadica en el proc\u00e9s formatiu de qualsevol \u00edndole, brindant\u00a0d&#8217;aquesta manera una infinitat de variades aplicacions.\u00a0Des de la perspectiva social, el context de l\u2019educaci\u00f3 en el lleure \u00e9s un mitj\u00e0 molt\u00a0valu\u00f3s per facilitar la integraci\u00f3 social d\u2019infants amb problem\u00e0tiques diverses, per\u00f2\u00a0tamb\u00e9 ho \u00e9s per prevenir comportaments desajustats en els infants, ja que permet la\u00a0flexibilitat, la promoci\u00f3 de valors basats en la conviv\u00e8ncia i la participaci\u00f3 activa en un\u00a0ambient l\u00fadic.<\/p>\n<p>&nbsp;<\/p>\n<p>&nbsp;<\/p>\n","protected":false},"excerpt":{"rendered":"<p>Les estones d\u2019esbarjo s\u00f3n moments igualment educatius que hem he garantir que TOT el nostre alumnat es trobi a gust i gaudeixi del temps lliure. L\u2019Escola Serra de l\u2019Obac ha volgut transformar aquest espai i actualment, d\u00f3na l\u2019opci\u00f3 als i les alumnes poder gaudir de&hellip;  <a href=\"https:\/\/agora.xtec.cat\/ceip-serradelobac\/projecte-educatiu\/dinamitzacio-de-patis\/\" title=\"Read Dinamitzaci\u00f3 de patis\">Llegeix m\u00e9s\u00bb<\/a><\/p>\n","protected":false},"author":5,"featured_media":0,"parent":64,"menu_order":0,"comment_status":"closed","ping_status":"closed","template":"","meta":{"_bbp_topic_count":0,"_bbp_reply_count":0,"_bbp_total_topic_count":0,"_bbp_total_reply_count":0,"_bbp_voice_count":0,"_bbp_anonymous_reply_count":0,"_bbp_topic_count_hidden":0,"_bbp_reply_count_hidden":0,"_bbp_forum_subforum_count":0,"footnotes":""},"class_list":["post-11060","page","type-page","status-publish","hentry"],"post_mailing_queue_ids":[],"_links":{"self":[{"href":"https:\/\/agora.xtec.cat\/ceip-serradelobac\/wp-json\/wp\/v2\/pages\/11060","targetHints":{"allow":["GET"]}}],"collection":[{"href":"https:\/\/agora.xtec.cat\/ceip-serradelobac\/wp-json\/wp\/v2\/pages"}],"about":[{"href":"https:\/\/agora.xtec.cat\/ceip-serradelobac\/wp-json\/wp\/v2\/types\/page"}],"author":[{"embeddable":true,"href":"https:\/\/agora.xtec.cat\/ceip-serradelobac\/wp-json\/wp\/v2\/users\/5"}],"replies":[{"embeddable":true,"href":"https:\/\/agora.xtec.cat\/ceip-serradelobac\/wp-json\/wp\/v2\/comments?post=11060"}],"version-history":[{"count":4,"href":"https:\/\/agora.xtec.cat\/ceip-serradelobac\/wp-json\/wp\/v2\/pages\/11060\/revisions"}],"predecessor-version":[{"id":15788,"href":"https:\/\/agora.xtec.cat\/ceip-serradelobac\/wp-json\/wp\/v2\/pages\/11060\/revisions\/15788"}],"up":[{"embeddable":true,"href":"https:\/\/agora.xtec.cat\/ceip-serradelobac\/wp-json\/wp\/v2\/pages\/64"}],"wp:attachment":[{"href":"https:\/\/agora.xtec.cat\/ceip-serradelobac\/wp-json\/wp\/v2\/media?parent=11060"}],"curies":[{"name":"wp","href":"https:\/\/api.w.org\/{rel}","templated":true}]}}