{"id":87,"date":"2014-09-18T14:28:12","date_gmt":"2014-09-18T13:28:12","guid":{"rendered":"http:\/\/agora.xtec.cat\/ceip-santsalvador\/?page_id=87"},"modified":"2025-01-13T13:18:42","modified_gmt":"2025-01-13T12:18:42","slug":"nivells","status":"publish","type":"page","link":"https:\/\/agora.xtec.cat\/ceip-santsalvador\/nivells\/","title":{"rendered":"Nivells"},"content":{"rendered":"<p>Cada nivell, des de I3 fins a 6\u00e8, disposa d&#8217;una p\u00e0gina espec\u00edfica que s&#8217;organitza mitjan\u00e7ant categories.<\/p>\n<p>Les categories es configuren des del men\u00fa d&#8217;entrades de la web. A m\u00e9s de les categories per nivells, tamb\u00e9 es poden crear altres categories addicionals segons les necessitats.<\/p>\n<p>Actualment, les categories ja establertes s\u00f3n: Educaci\u00f3 Infantil, I3, I4, I5, Educaci\u00f3 Prim\u00e0ria, 1r curs, 2n curs, 3r curs, 4t curs, 5\u00e8 curs i 6\u00e8 curs.<\/p>\n<table style=\"border-collapse: collapse; width: 100%;\">\n<tbody>\n<tr>\n<td style=\"width: 33.3333%;\"><img loading=\"lazy\" decoding=\"async\" class=\"alignnone wp-image-914 size-full\" src=\"https:\/\/agora.xtec.cat\/ceip-santsalvador\/wp-content\/uploads\/usu1396\/2021\/08\/blocsP3.jpg\" alt=\"\" width=\"900\" height=\"350\" srcset=\"https:\/\/agora.xtec.cat\/ceip-santsalvador\/wp-content\/uploads\/usu1396\/2021\/08\/blocsP3.jpg 900w, https:\/\/agora.xtec.cat\/ceip-santsalvador\/wp-content\/uploads\/usu1396\/2021\/08\/blocsP3-300x117.jpg 300w, https:\/\/agora.xtec.cat\/ceip-santsalvador\/wp-content\/uploads\/usu1396\/2021\/08\/blocsP3-768x299.jpg 768w\" sizes=\"auto, (max-width: 900px) 100vw, 900px\" \/><\/td>\n<td style=\"width: 33.3333%;\"><img loading=\"lazy\" decoding=\"async\" class=\"alignnone wp-image-916 size-full\" src=\"https:\/\/agora.xtec.cat\/ceip-santsalvador\/wp-content\/uploads\/usu1396\/2021\/08\/blocsP4.jpg\" alt=\"\" width=\"900\" height=\"350\" srcset=\"https:\/\/agora.xtec.cat\/ceip-santsalvador\/wp-content\/uploads\/usu1396\/2021\/08\/blocsP4.jpg 900w, https:\/\/agora.xtec.cat\/ceip-santsalvador\/wp-content\/uploads\/usu1396\/2021\/08\/blocsP4-300x117.jpg 300w, https:\/\/agora.xtec.cat\/ceip-santsalvador\/wp-content\/uploads\/usu1396\/2021\/08\/blocsP4-768x299.jpg 768w\" sizes=\"auto, (max-width: 900px) 100vw, 900px\" \/><\/td>\n<td style=\"width: 33.3333%;\"><img loading=\"lazy\" decoding=\"async\" class=\"alignnone wp-image-918 size-full\" src=\"https:\/\/agora.xtec.cat\/ceip-santsalvador\/wp-content\/uploads\/usu1396\/2021\/08\/blocsP5.jpg\" alt=\"\" width=\"900\" height=\"350\" srcset=\"https:\/\/agora.xtec.cat\/ceip-santsalvador\/wp-content\/uploads\/usu1396\/2021\/08\/blocsP5.jpg 900w, https:\/\/agora.xtec.cat\/ceip-santsalvador\/wp-content\/uploads\/usu1396\/2021\/08\/blocsP5-300x117.jpg 300w, https:\/\/agora.xtec.cat\/ceip-santsalvador\/wp-content\/uploads\/usu1396\/2021\/08\/blocsP5-768x299.jpg 768w\" sizes=\"auto, (max-width: 900px) 100vw, 900px\" \/><\/td>\n<\/tr>\n<tr>\n<td style=\"width: 33.3333%;\"><img loading=\"lazy\" decoding=\"async\" class=\"alignnone wp-image-932 size-full\" src=\"https:\/\/agora.xtec.cat\/ceip-santsalvador\/wp-content\/uploads\/usu1396\/2021\/08\/blocs1r.jpg\" alt=\"\" width=\"900\" height=\"350\" srcset=\"https:\/\/agora.xtec.cat\/ceip-santsalvador\/wp-content\/uploads\/usu1396\/2021\/08\/blocs1r.jpg 900w, https:\/\/agora.xtec.cat\/ceip-santsalvador\/wp-content\/uploads\/usu1396\/2021\/08\/blocs1r-300x117.jpg 300w, https:\/\/agora.xtec.cat\/ceip-santsalvador\/wp-content\/uploads\/usu1396\/2021\/08\/blocs1r-768x299.jpg 768w\" sizes=\"auto, (max-width: 900px) 100vw, 900px\" \/><\/td>\n<td style=\"width: 33.3333%;\"><\/td>\n<td style=\"width: 33.3333%;\"><img loading=\"lazy\" decoding=\"async\" class=\"alignnone wp-image-934 size-full\" src=\"https:\/\/agora.xtec.cat\/ceip-santsalvador\/wp-content\/uploads\/usu1396\/2021\/08\/blocs2n.jpg\" alt=\"\" width=\"900\" height=\"350\" srcset=\"https:\/\/agora.xtec.cat\/ceip-santsalvador\/wp-content\/uploads\/usu1396\/2021\/08\/blocs2n.jpg 900w, https:\/\/agora.xtec.cat\/ceip-santsalvador\/wp-content\/uploads\/usu1396\/2021\/08\/blocs2n-300x117.jpg 300w, https:\/\/agora.xtec.cat\/ceip-santsalvador\/wp-content\/uploads\/usu1396\/2021\/08\/blocs2n-768x299.jpg 768w\" sizes=\"auto, (max-width: 900px) 100vw, 900px\" \/><\/td>\n<\/tr>\n<tr>\n<td style=\"width: 33.3333%;\"><img loading=\"lazy\" decoding=\"async\" class=\"alignnone wp-image-937 size-full\" src=\"https:\/\/agora.xtec.cat\/ceip-santsalvador\/wp-content\/uploads\/usu1396\/2021\/08\/blocs3r.jpg\" alt=\"\" width=\"900\" height=\"350\" srcset=\"https:\/\/agora.xtec.cat\/ceip-santsalvador\/wp-content\/uploads\/usu1396\/2021\/08\/blocs3r.jpg 900w, https:\/\/agora.xtec.cat\/ceip-santsalvador\/wp-content\/uploads\/usu1396\/2021\/08\/blocs3r-300x117.jpg 300w, https:\/\/agora.xtec.cat\/ceip-santsalvador\/wp-content\/uploads\/usu1396\/2021\/08\/blocs3r-768x299.jpg 768w\" sizes=\"auto, (max-width: 900px) 100vw, 900px\" \/><\/td>\n<td style=\"width: 33.3333%;\"><\/td>\n<td style=\"width: 33.3333%;\"><img loading=\"lazy\" decoding=\"async\" class=\"alignnone wp-image-939 size-full\" src=\"https:\/\/agora.xtec.cat\/ceip-santsalvador\/wp-content\/uploads\/usu1396\/2021\/08\/blocs4t.jpg\" alt=\"\" width=\"900\" height=\"350\" srcset=\"https:\/\/agora.xtec.cat\/ceip-santsalvador\/wp-content\/uploads\/usu1396\/2021\/08\/blocs4t.jpg 900w, https:\/\/agora.xtec.cat\/ceip-santsalvador\/wp-content\/uploads\/usu1396\/2021\/08\/blocs4t-300x117.jpg 300w, https:\/\/agora.xtec.cat\/ceip-santsalvador\/wp-content\/uploads\/usu1396\/2021\/08\/blocs4t-768x299.jpg 768w\" sizes=\"auto, (max-width: 900px) 100vw, 900px\" \/><\/td>\n<\/tr>\n<tr>\n<td style=\"width: 33.3333%;\"><img loading=\"lazy\" decoding=\"async\" class=\"alignnone wp-image-942 size-full\" src=\"https:\/\/agora.xtec.cat\/ceip-santsalvador\/wp-content\/uploads\/usu1396\/2021\/08\/blocs5e.jpg\" alt=\"\" width=\"900\" height=\"350\" srcset=\"https:\/\/agora.xtec.cat\/ceip-santsalvador\/wp-content\/uploads\/usu1396\/2021\/08\/blocs5e.jpg 900w, https:\/\/agora.xtec.cat\/ceip-santsalvador\/wp-content\/uploads\/usu1396\/2021\/08\/blocs5e-300x117.jpg 300w, https:\/\/agora.xtec.cat\/ceip-santsalvador\/wp-content\/uploads\/usu1396\/2021\/08\/blocs5e-768x299.jpg 768w\" sizes=\"auto, (max-width: 900px) 100vw, 900px\" \/><\/td>\n<td style=\"width: 33.3333%;\"><\/td>\n<td style=\"width: 33.3333%;\"><img loading=\"lazy\" decoding=\"async\" class=\"alignnone wp-image-944 size-full\" src=\"https:\/\/agora.xtec.cat\/ceip-santsalvador\/wp-content\/uploads\/usu1396\/2021\/08\/blocs6e.jpg\" alt=\"\" width=\"900\" height=\"350\" srcset=\"https:\/\/agora.xtec.cat\/ceip-santsalvador\/wp-content\/uploads\/usu1396\/2021\/08\/blocs6e.jpg 900w, https:\/\/agora.xtec.cat\/ceip-santsalvador\/wp-content\/uploads\/usu1396\/2021\/08\/blocs6e-300x117.jpg 300w, https:\/\/agora.xtec.cat\/ceip-santsalvador\/wp-content\/uploads\/usu1396\/2021\/08\/blocs6e-768x299.jpg 768w\" sizes=\"auto, (max-width: 900px) 100vw, 900px\" \/><\/td>\n<\/tr>\n<tr>\n<td style=\"width: 33.3333%;\"><img loading=\"lazy\" decoding=\"async\" class=\"alignnone wp-image-952 size-full\" src=\"https:\/\/agora.xtec.cat\/ceip-santsalvador\/wp-content\/uploads\/usu1396\/2021\/08\/blocseducaciomusical.jpg\" alt=\"\" width=\"900\" height=\"350\" srcset=\"https:\/\/agora.xtec.cat\/ceip-santsalvador\/wp-content\/uploads\/usu1396\/2021\/08\/blocseducaciomusical.jpg 900w, https:\/\/agora.xtec.cat\/ceip-santsalvador\/wp-content\/uploads\/usu1396\/2021\/08\/blocseducaciomusical-300x117.jpg 300w, https:\/\/agora.xtec.cat\/ceip-santsalvador\/wp-content\/uploads\/usu1396\/2021\/08\/blocseducaciomusical-768x299.jpg 768w\" sizes=\"auto, (max-width: 900px) 100vw, 900px\" \/><\/td>\n<td style=\"width: 33.3333%;\"><img loading=\"lazy\" decoding=\"async\" class=\"alignnone wp-image-953 size-full\" src=\"https:\/\/agora.xtec.cat\/ceip-santsalvador\/wp-content\/uploads\/usu1396\/2021\/08\/blocsenglish.jpg\" alt=\"\" width=\"900\" height=\"350\" srcset=\"https:\/\/agora.xtec.cat\/ceip-santsalvador\/wp-content\/uploads\/usu1396\/2021\/08\/blocsenglish.jpg 900w, https:\/\/agora.xtec.cat\/ceip-santsalvador\/wp-content\/uploads\/usu1396\/2021\/08\/blocsenglish-300x117.jpg 300w, https:\/\/agora.xtec.cat\/ceip-santsalvador\/wp-content\/uploads\/usu1396\/2021\/08\/blocsenglish-768x299.jpg 768w\" sizes=\"auto, (max-width: 900px) 100vw, 900px\" \/><\/td>\n<td style=\"width: 33.3333%;\"><img loading=\"lazy\" decoding=\"async\" class=\"alignnone wp-image-956 size-full\" src=\"https:\/\/agora.xtec.cat\/ceip-santsalvador\/wp-content\/uploads\/usu1396\/2021\/08\/blocseducaciofisica.jpg\" alt=\"\" width=\"900\" height=\"350\" srcset=\"https:\/\/agora.xtec.cat\/ceip-santsalvador\/wp-content\/uploads\/usu1396\/2021\/08\/blocseducaciofisica.jpg 900w, https:\/\/agora.xtec.cat\/ceip-santsalvador\/wp-content\/uploads\/usu1396\/2021\/08\/blocseducaciofisica-300x117.jpg 300w, https:\/\/agora.xtec.cat\/ceip-santsalvador\/wp-content\/uploads\/usu1396\/2021\/08\/blocseducaciofisica-768x299.jpg 768w\" sizes=\"auto, (max-width: 900px) 100vw, 900px\" \/><\/td>\n<\/tr>\n<\/tbody>\n<\/table>\n","protected":false},"excerpt":{"rendered":"<p>Cada nivell, des de I3 fins a 6\u00e8, disposa d&#8217;una p\u00e0gina espec\u00edfica que s&#8217;organitza mitjan\u00e7ant categories.<br \/>\nLes categories es configuren des del men\u00fa d&#8217;entrades de la web. A m\u00e9s de les categories per nivells, tamb\u00e9 es poden crear altres categories addicionals segons les necessitats.<br \/>\nActualment, les categories&hellip;  <a href=\"https:\/\/agora.xtec.cat\/ceip-santsalvador\/nivells\/\" title=\"Read Nivells\">Llegeix m\u00e9s\u00bb<\/a><\/p>\n","protected":false},"author":1,"featured_media":0,"parent":0,"menu_order":0,"comment_status":"closed","ping_status":"closed","template":"page-templates\/side-menu.php","meta":{"footnotes":""},"class_list":["post-87","page","type-page","status-publish","hentry"],"post_mailing_queue_ids":[],"_links":{"self":[{"href":"https:\/\/agora.xtec.cat\/ceip-santsalvador\/wp-json\/wp\/v2\/pages\/87","targetHints":{"allow":["GET"]}}],"collection":[{"href":"https:\/\/agora.xtec.cat\/ceip-santsalvador\/wp-json\/wp\/v2\/pages"}],"about":[{"href":"https:\/\/agora.xtec.cat\/ceip-santsalvador\/wp-json\/wp\/v2\/types\/page"}],"author":[{"embeddable":true,"href":"https:\/\/agora.xtec.cat\/ceip-santsalvador\/wp-json\/wp\/v2\/users\/1"}],"replies":[{"embeddable":true,"href":"https:\/\/agora.xtec.cat\/ceip-santsalvador\/wp-json\/wp\/v2\/comments?post=87"}],"version-history":[{"count":5,"href":"https:\/\/agora.xtec.cat\/ceip-santsalvador\/wp-json\/wp\/v2\/pages\/87\/revisions"}],"predecessor-version":[{"id":2786,"href":"https:\/\/agora.xtec.cat\/ceip-santsalvador\/wp-json\/wp\/v2\/pages\/87\/revisions\/2786"}],"wp:attachment":[{"href":"https:\/\/agora.xtec.cat\/ceip-santsalvador\/wp-json\/wp\/v2\/media?parent=87"}],"curies":[{"name":"wp","href":"https:\/\/api.w.org\/{rel}","templated":true}]}}