{"id":73,"date":"2021-08-01T14:01:51","date_gmt":"2021-08-01T12:01:51","guid":{"rendered":"http:\/\/agora.xtec.cat\/ceip-santsalvador\/?page_id=73"},"modified":"2025-07-15T23:00:19","modified_gmt":"2025-07-15T21:00:19","slug":"menjador-escolar","status":"publish","type":"page","link":"https:\/\/agora.xtec.cat\/ceip-santsalvador\/serveis\/menjador-escolar\/","title":{"rendered":"Menjador escolar"},"content":{"rendered":"<p>Volem que aquest espai del migdia sigui un espai m\u00e9s en la vida escolar dels infants i que cobreixi com a funci\u00f3 espec\u00edfica tant la satisfacci\u00f3 de les necessitats biol\u00f2giques com de les necessitats psicopedag\u00f2giques. A partir d\u2019aqu\u00ed\u00a0<strong>diferenciem b\u00e0sicament dos moments: el temps de dinar i el temps de lleure.<\/strong>\u00a0Cadascun amb unes caracter\u00edstiques concretes i una import\u00e0ncia educativa definida que fan incid\u00e8ncia en l\u2019educaci\u00f3 per l\u2019autonomia personal i el desenvolupament de la vida comunit\u00e0ria dels infants.<\/p>\n<p>El nostre servei de menjador \u00e9s amb cuina pr\u00f2pia.\u00a0<strong>El Consell Comarcal \u00e9s el titular i qui gestiona<\/strong>\u00a0aquest servei i \u00a0juntament amb la direcci\u00f3 de l\u2019escola, vetllar\u00e0 pel seu bon funcionament. El Consell Comarcal t\u00e9 signat\u00a0<strong>el contracte de cuina i\u00a0 monitoratge amb l\u2019empresa Aramark.<\/strong><\/p>\n<p style=\"text-align: center;\"><a href=\"https:\/\/agora.xtec.cat\/ceip-santsalvador\/wp-content\/uploads\/usu1396\/2025\/01\/PLA-DE-COMUNICACIO-SANT-SALVADOR.pdf\">PLA DE COMUNICACI\u00d3 SANT SALVADOR<\/a><\/p>\n<p>Disposem d\u2019una cuina molt ben equipada i es vetlla per la preparaci\u00f3 d\u2019 uns men\u00fas equilibrats i adequats a totes les edats.<\/p>\n<p>El <strong>preu del servei<\/strong> s\u2019estipular\u00e0 sempre tenint en compte el que marca la normativa del Departament d\u2019Educaci\u00f3.<\/p>\n<p><strong>El preu \u00e9s de 7,98 \u20ac\/dia\u00a0 per a l\u2019alumnat\u00a0 espor\u00e0dic.<\/strong><\/p>\n<p><strong>Per a l\u2019alumnat fixe \u00e9s de 7,25 \u20ac\/dia.<\/strong> Es computaran els dies de cada mes i es passar\u00e0 rebut bancari de la quantitat resultant. En cas que hi hagi devoluci\u00f3 banc\u00e0ria, les despeses que s\u2019originen d\u2019aquest fet aniran a c\u00e0rrec de la fam\u00edlia.<\/p>\n<p>Els pagaments del servei, tant de fixe com d\u2019espor\u00e0dic, es faran per domiciliaci\u00f3 banc\u00e0ria a mes ven\u00e7ut ( del 5 al 10 de cada mes).<\/p>\n<p><strong>El servei de menjador per als treballadors de l\u2019escola ser\u00e0 de 5,34\u20ac.<\/strong><\/p>\n<p>En el cas d\u2019alumnat no pugui fer \u00fas del servei,\u00a0s\u2019haur\u00e0 avisar a traves de correu electr\u00f2nic <a href=\"mailto:menjadorsantsalvador@gmail.com\">menjadorsantsalvador@gmail.com<\/a> \u00a0abans de les 9:00.<\/p>\n<p>Es retornar\u00e0 el cost del men\u00fa a les fam\u00edlies\u00a0(3 euros) a partir del primer dia,\u00a0sempre i quan s\u2019avisi a la cuina entre les 9 h i les 9:30 h .<\/p>\n<p><strong>Horari d\u2019alumnes durant el temps del migdia:<\/strong><\/p>\n<p><strong>&#8211; Jornada partida: de 12.30 a 15:00 hores<\/strong><\/p>\n<p><strong>&#8211; Jornada continuada: de 13:00 a 15:30 hores<\/strong><\/p>\n<table style=\"width: 59.5815%; height: 363px;\">\n<tbody>\n<tr style=\"height: 33px;\">\n<td style=\"width: 150.45%; background-color: #ed7207; height: 33px;\" colspan=\"3\" width=\"435\"><strong>Qui som<\/strong><\/td>\n<\/tr>\n<tr style=\"height: 33px;\">\n<td style=\"width: 32.3196%; text-align: right; background-color: #808000; height: 33px;\" width=\"152\"><span style=\"color: #ffffff;\"><strong>Cuinera<\/strong><\/span><\/td>\n<td style=\"width: 118.131%; height: 33px;\" colspan=\"2\" width=\"282\"><strong>Pepita Vendrell<\/strong><\/td>\n<\/tr>\n<tr style=\"height: 33px;\">\n<td style=\"width: 32.3196%; text-align: right; background-color: #808000; height: 33px;\" width=\"152\"><span style=\"color: #ffffff;\"><strong>Auxiliar de cuina<\/strong><\/span><\/td>\n<td style=\"width: 118.131%; height: 33px;\" colspan=\"2\" width=\"282\"><strong>\u00a0Carmen Iglesias<\/strong><\/td>\n<\/tr>\n<tr style=\"height: 33px;\">\n<td style=\"width: 32.3196%; text-align: right; background-color: #808000; height: 33px;\" width=\"152\"><span style=\"color: #ffffff;\"><strong>Coordinadora menjador<\/strong><\/span><\/td>\n<td style=\"width: 118.131%; height: 33px;\" colspan=\"2\" width=\"282\"><strong>Meri Samperi<br \/>\n<\/strong><\/td>\n<\/tr>\n<tr style=\"height: 33px;\">\n<td style=\"width: 32.3196%; background-color: #ed7207; text-align: right; height: 231px;\" rowspan=\"7\" width=\"152\"><strong>Monitoratge<\/strong><\/td>\n<td style=\"width: 35.3684%; text-align: right; height: 33px;\" width=\"193\"><\/td>\n<td style=\"width: 82.7624%; background-color: #ed7207; height: 33px;\" width=\"89\"><strong>P3<\/strong><\/td>\n<\/tr>\n<tr style=\"height: 33px;\">\n<td style=\"width: 35.3684%; text-align: right; height: 33px;\" width=\"193\"><\/td>\n<td style=\"width: 82.7624%; background-color: #808000; height: 33px;\" width=\"89\"><span style=\"color: #ffffff;\"><strong>P4<\/strong><\/span><\/td>\n<\/tr>\n<tr style=\"height: 33px;\">\n<td style=\"width: 35.3684%; text-align: right; height: 33px;\" width=\"193\"><\/td>\n<td style=\"width: 82.7624%; background-color: #ed7207; height: 33px;\" width=\"89\"><strong>P5<\/strong><\/td>\n<\/tr>\n<tr style=\"height: 33px;\">\n<td style=\"width: 35.3684%; text-align: right; height: 33px;\" width=\"193\"><\/td>\n<td style=\"width: 82.7624%; background-color: #808000; height: 33px;\" width=\"89\"><span style=\"color: #ffffff;\"><strong>C Inicial<\/strong><\/span><\/td>\n<\/tr>\n<tr style=\"height: 33px;\">\n<td style=\"width: 35.3684%; text-align: right; height: 33px;\" width=\"193\"><\/td>\n<td style=\"width: 82.7624%; background-color: #ed7207; height: 33px;\" width=\"89\"><strong>C Mitj\u00e0<\/strong><\/td>\n<\/tr>\n<tr style=\"height: 33px;\">\n<td style=\"width: 35.3684%; text-align: right; height: 33px;\" width=\"193\"><\/td>\n<td style=\"width: 82.7624%; background-color: #808000; height: 33px;\" width=\"89\"><span style=\"color: #ffffff;\"><strong>C superior<\/strong><\/span><\/td>\n<\/tr>\n<tr style=\"height: 33px;\">\n<td style=\"width: 35.3684%; text-align: right; height: 33px;\" width=\"193\"><\/td>\n<td style=\"width: 82.7624%; background-color: #ed7207; height: 33px;\" width=\"89\"><strong>Refor\u00e7<\/strong><\/td>\n<\/tr>\n<\/tbody>\n<\/table>\n<p>&nbsp;<\/p>\n","protected":false},"excerpt":{"rendered":"<p>Volem que aquest espai del migdia sigui un espai m\u00e9s en la vida escolar dels infants i que cobreixi com a funci\u00f3 espec\u00edfica tant la satisfacci\u00f3 de les necessitats biol\u00f2giques com de les necessitats psicopedag\u00f2giques. A partir d\u2019aqu\u00ed\u00a0diferenciem b\u00e0sicament dos moments: el temps de dinar&hellip;  <a href=\"https:\/\/agora.xtec.cat\/ceip-santsalvador\/serveis\/menjador-escolar\/\" title=\"Read Menjador escolar\">Llegeix m\u00e9s\u00bb<\/a><\/p>\n","protected":false},"author":1,"featured_media":0,"parent":66,"menu_order":30,"comment_status":"closed","ping_status":"closed","template":"page-templates\/side-menu.php","meta":{"footnotes":""},"class_list":["post-73","page","type-page","status-publish","hentry"],"post_mailing_queue_ids":[],"_links":{"self":[{"href":"https:\/\/agora.xtec.cat\/ceip-santsalvador\/wp-json\/wp\/v2\/pages\/73","targetHints":{"allow":["GET"]}}],"collection":[{"href":"https:\/\/agora.xtec.cat\/ceip-santsalvador\/wp-json\/wp\/v2\/pages"}],"about":[{"href":"https:\/\/agora.xtec.cat\/ceip-santsalvador\/wp-json\/wp\/v2\/types\/page"}],"author":[{"embeddable":true,"href":"https:\/\/agora.xtec.cat\/ceip-santsalvador\/wp-json\/wp\/v2\/users\/1"}],"replies":[{"embeddable":true,"href":"https:\/\/agora.xtec.cat\/ceip-santsalvador\/wp-json\/wp\/v2\/comments?post=73"}],"version-history":[{"count":7,"href":"https:\/\/agora.xtec.cat\/ceip-santsalvador\/wp-json\/wp\/v2\/pages\/73\/revisions"}],"predecessor-version":[{"id":3325,"href":"https:\/\/agora.xtec.cat\/ceip-santsalvador\/wp-json\/wp\/v2\/pages\/73\/revisions\/3325"}],"up":[{"embeddable":true,"href":"https:\/\/agora.xtec.cat\/ceip-santsalvador\/wp-json\/wp\/v2\/pages\/66"}],"wp:attachment":[{"href":"https:\/\/agora.xtec.cat\/ceip-santsalvador\/wp-json\/wp\/v2\/media?parent=73"}],"curies":[{"name":"wp","href":"https:\/\/api.w.org\/{rel}","templated":true}]}}