{"id":651,"date":"2021-07-27T17:43:27","date_gmt":"2021-07-27T15:43:27","guid":{"rendered":"https:\/\/agora.xtec.cat\/ceip-santsalvador\/?page_id=651"},"modified":"2021-08-24T18:52:24","modified_gmt":"2021-08-24T16:52:24","slug":"pla-linguistic","status":"publish","type":"page","link":"https:\/\/agora.xtec.cat\/ceip-santsalvador\/projecte-educatiu\/pla-linguistic\/","title":{"rendered":"Pla Ling\u00fc\u00edstic"},"content":{"rendered":"<p>Entenem el <strong>Projecte Ling\u00fc\u00edstic de Centre<\/strong> (PLC) com un proc\u00e9s de reflexi\u00f3 del tractament de les diverses lleng\u00fces que hi ha en el nostre centre educatiu. Aquest Projecte Ling\u00fc\u00edstic forma part del nostre Projecte Educatiu i es desenvolupa i es desplega en altres documents d\u2019organitzaci\u00f3 i gesti\u00f3 del centre: Projecte Curricular de centre (PCC), Normes d\u2019Organitzaci\u00f3 i funcionament del centre (NOFC), Projecte Anual de Centre (PAC), Pla Acollida, Projecte Pressupostari de Centre (PPC) i Mem\u00f2ria Anual de Centre (MAC). Tenim present tant el marc legal com la nostra realitat.<\/p>\n<p>A l&#8217;apartat de Documents o en el seg\u00fcent enlla\u00e7 pots consuntar-lo. <a href=\"https:\/\/agora.xtec.cat\/ceip-santsalvador\/wp-content\/uploads\/usu1396\/bp-attachments\/971\/Projecte-Linguistic.pdf\" target=\"_blank\" rel=\"noopener\">Projecte Ling\u00fc\u00edstic<\/a> \u00a0(Document pdf)<\/p>\n","protected":false},"excerpt":{"rendered":"<p>Entenem el Projecte Ling\u00fc\u00edstic de Centre (PLC) com un proc\u00e9s de reflexi\u00f3 del tractament de les diverses lleng\u00fces que hi ha en el nostre centre educatiu. Aquest Projecte Ling\u00fc\u00edstic forma part del nostre Projecte Educatiu i es desenvolupa i es desplega en altres documents d\u2019organitzaci\u00f3&hellip;  <a href=\"https:\/\/agora.xtec.cat\/ceip-santsalvador\/projecte-educatiu\/pla-linguistic\/\" title=\"Read Pla Ling\u00fc\u00edstic\">Llegeix m\u00e9s\u00bb<\/a><\/p>\n","protected":false},"author":1,"featured_media":0,"parent":64,"menu_order":0,"comment_status":"closed","ping_status":"closed","template":"page-templates\/side-menu.php","meta":{"footnotes":""},"class_list":["post-651","page","type-page","status-publish","hentry"],"post_mailing_queue_ids":[],"_links":{"self":[{"href":"https:\/\/agora.xtec.cat\/ceip-santsalvador\/wp-json\/wp\/v2\/pages\/651","targetHints":{"allow":["GET"]}}],"collection":[{"href":"https:\/\/agora.xtec.cat\/ceip-santsalvador\/wp-json\/wp\/v2\/pages"}],"about":[{"href":"https:\/\/agora.xtec.cat\/ceip-santsalvador\/wp-json\/wp\/v2\/types\/page"}],"author":[{"embeddable":true,"href":"https:\/\/agora.xtec.cat\/ceip-santsalvador\/wp-json\/wp\/v2\/users\/1"}],"replies":[{"embeddable":true,"href":"https:\/\/agora.xtec.cat\/ceip-santsalvador\/wp-json\/wp\/v2\/comments?post=651"}],"version-history":[{"count":3,"href":"https:\/\/agora.xtec.cat\/ceip-santsalvador\/wp-json\/wp\/v2\/pages\/651\/revisions"}],"predecessor-version":[{"id":974,"href":"https:\/\/agora.xtec.cat\/ceip-santsalvador\/wp-json\/wp\/v2\/pages\/651\/revisions\/974"}],"up":[{"embeddable":true,"href":"https:\/\/agora.xtec.cat\/ceip-santsalvador\/wp-json\/wp\/v2\/pages\/64"}],"wp:attachment":[{"href":"https:\/\/agora.xtec.cat\/ceip-santsalvador\/wp-json\/wp\/v2\/media?parent=651"}],"curies":[{"name":"wp","href":"https:\/\/api.w.org\/{rel}","templated":true}]}}