{"id":649,"date":"2021-07-27T17:42:40","date_gmt":"2021-07-27T15:42:40","guid":{"rendered":"https:\/\/agora.xtec.cat\/ceip-santsalvador\/?page_id=649"},"modified":"2024-09-10T16:12:51","modified_gmt":"2024-09-10T14:12:51","slug":"normes-organitzacio-i-funcionament-de-centre","status":"publish","type":"page","link":"https:\/\/agora.xtec.cat\/ceip-santsalvador\/projecte-educatiu\/normes-organitzacio-i-funcionament-de-centre\/","title":{"rendered":"NOFC"},"content":{"rendered":"<p>Els centres han de determinar les seves <strong>Normes d\u2019Organitzaci\u00f3 i Funcionament<\/strong> (NOFC) que han d\u2019aplegar el conjunt d\u2019acords i decisions d\u2019organitzaci\u00f3 i de funcionament que s\u2019hi adopten per fer possible, en el dia a dia, el treball educatiu i de gesti\u00f3 que permet assolir els objectius proposats en el projecte educatiu del centre (PEC) i en la seva programaci\u00f3 anual. Correspon al consell escolar, a proposta de la direcci\u00f3 del centre aprovar les normes d\u2019organitzaci\u00f3 i funcionament i les seves modificacions. En ambd\u00f3s casos, es poden aprovar globalment o per parts.<\/p>\n<p>En el seg\u00fcent enlla\u00e7 pots consuntar-lo.\u00a0<a href=\"https:\/\/agora.xtec.cat\/ceip-santsalvador\/wp-content\/uploads\/usu1396\/2024\/09\/NOFC_setembre-2024.pdf\">NOFC_setembre 2024<\/a> (Document pdf)<\/p>\n","protected":false},"excerpt":{"rendered":"<p>Els centres han de determinar les seves Normes d\u2019Organitzaci\u00f3 i Funcionament (NOFC) que han d\u2019aplegar el conjunt d\u2019acords i decisions d\u2019organitzaci\u00f3 i de funcionament que s\u2019hi adopten per fer possible, en el dia a dia, el treball educatiu i de gesti\u00f3 que permet assolir els&hellip;  <a href=\"https:\/\/agora.xtec.cat\/ceip-santsalvador\/projecte-educatiu\/normes-organitzacio-i-funcionament-de-centre\/\" title=\"Read NOFC\">Llegeix m\u00e9s\u00bb<\/a><\/p>\n","protected":false},"author":1,"featured_media":0,"parent":64,"menu_order":0,"comment_status":"closed","ping_status":"closed","template":"page-templates\/side-menu.php","meta":{"footnotes":""},"class_list":["post-649","page","type-page","status-publish","hentry"],"post_mailing_queue_ids":[],"_links":{"self":[{"href":"https:\/\/agora.xtec.cat\/ceip-santsalvador\/wp-json\/wp\/v2\/pages\/649","targetHints":{"allow":["GET"]}}],"collection":[{"href":"https:\/\/agora.xtec.cat\/ceip-santsalvador\/wp-json\/wp\/v2\/pages"}],"about":[{"href":"https:\/\/agora.xtec.cat\/ceip-santsalvador\/wp-json\/wp\/v2\/types\/page"}],"author":[{"embeddable":true,"href":"https:\/\/agora.xtec.cat\/ceip-santsalvador\/wp-json\/wp\/v2\/users\/1"}],"replies":[{"embeddable":true,"href":"https:\/\/agora.xtec.cat\/ceip-santsalvador\/wp-json\/wp\/v2\/comments?post=649"}],"version-history":[{"count":4,"href":"https:\/\/agora.xtec.cat\/ceip-santsalvador\/wp-json\/wp\/v2\/pages\/649\/revisions"}],"predecessor-version":[{"id":2570,"href":"https:\/\/agora.xtec.cat\/ceip-santsalvador\/wp-json\/wp\/v2\/pages\/649\/revisions\/2570"}],"up":[{"embeddable":true,"href":"https:\/\/agora.xtec.cat\/ceip-santsalvador\/wp-json\/wp\/v2\/pages\/64"}],"wp:attachment":[{"href":"https:\/\/agora.xtec.cat\/ceip-santsalvador\/wp-json\/wp\/v2\/media?parent=649"}],"curies":[{"name":"wp","href":"https:\/\/api.w.org\/{rel}","templated":true}]}}