{"id":647,"date":"2021-07-27T17:41:30","date_gmt":"2021-07-27T15:41:30","guid":{"rendered":"https:\/\/agora.xtec.cat\/ceip-santsalvador\/?page_id=647"},"modified":"2024-09-10T16:14:12","modified_gmt":"2024-09-10T14:14:12","slug":"projecte-educatiu-de-centre","status":"publish","type":"page","link":"https:\/\/agora.xtec.cat\/ceip-santsalvador\/projecte-educatiu\/projecte-educatiu-de-centre\/","title":{"rendered":"Projecte Educatiu de Centre"},"content":{"rendered":"<p>El Projecte Educatiu de Centre (<strong>PEC<\/strong>) \u00e9s el marc de refer\u00e8ncia de tota l\u2019activitat que es fa a l\u2019escola, que permet donar estabilitat i coher\u00e8ncia als diversos plans i projectes del centre. Aquest document recull els trets d\u2019identitat del centre i els objectius generals, al mateix temps que orienta totes les actuacions educatives i promou la col\u00b7laboraci\u00f3 entre els diferents agents de la comunitat educativa.<\/p>\n<p>El PEC adquireix sentit quan permet a l\u2019escola anar m\u00e9s enll\u00e0 i participar, de manera activa, de la vida d\u2019un poble, territori o pa\u00eds. Per aix\u00f2 l\u2019entenem com un instrument viu i din\u00e0mic, necess\u00e0riament flexible per anar-hi incorporant les novetats i modificacions que es consensu\u00efn des dels diferents sectors de la comunitat educativa o des dels canvis normatius.\u00a0 Un document al servei de la planificaci\u00f3 docent, la participaci\u00f3 de les fam\u00edlies i les actuacions que fan de l\u2019escola una\u00a0 instituci\u00f3 viva i atenta als canvis socials que viu.<\/p>\n<p>L\u2019Escola Sant Salvador d\u2019Albat\u00e0rrec \u00e9s una escola p\u00fablica que dep\u00e8n de la Generalitat de Catalunya.<\/p>\n<p>L\u2019escola proporciona serveis als infants d\u2019Educaci\u00f3 Infantil i Prim\u00e0ria, principalment a trav\u00e9s del professorat. \u00c9s un espai on es posen en marxa motivacions,\u00a0 relacions\u00a0 i\u00a0 interaccions\u00a0 humanes que s\u2019han de gestionar i formen part de qui som, aquest gran repte t\u00e9 una ra\u00f3 de ser, l\u2019educaci\u00f3.<\/p>\n<p>En el seg\u00fcent enlla\u00e7 pots consuntar-lo. <a href=\"https:\/\/agora.xtec.cat\/ceip-santsalvador\/wp-content\/uploads\/usu1396\/2024\/09\/PEC-setembre-2024-2.pdf\">PEC setembre 2024 (2) <\/a><\/p>\n","protected":false},"excerpt":{"rendered":"<p>El Projecte Educatiu de Centre (PEC) \u00e9s el marc de refer\u00e8ncia de tota l\u2019activitat que es fa a l\u2019escola, que permet donar estabilitat i coher\u00e8ncia als diversos plans i projectes del centre. Aquest document recull els trets d\u2019identitat del centre i els objectius generals, al&hellip;  <a href=\"https:\/\/agora.xtec.cat\/ceip-santsalvador\/projecte-educatiu\/projecte-educatiu-de-centre\/\" title=\"Read Projecte Educatiu de Centre\">Llegeix m\u00e9s\u00bb<\/a><\/p>\n","protected":false},"author":1,"featured_media":0,"parent":64,"menu_order":0,"comment_status":"closed","ping_status":"closed","template":"page-templates\/side-menu.php","meta":{"footnotes":""},"class_list":["post-647","page","type-page","status-publish","hentry"],"post_mailing_queue_ids":[],"_links":{"self":[{"href":"https:\/\/agora.xtec.cat\/ceip-santsalvador\/wp-json\/wp\/v2\/pages\/647","targetHints":{"allow":["GET"]}}],"collection":[{"href":"https:\/\/agora.xtec.cat\/ceip-santsalvador\/wp-json\/wp\/v2\/pages"}],"about":[{"href":"https:\/\/agora.xtec.cat\/ceip-santsalvador\/wp-json\/wp\/v2\/types\/page"}],"author":[{"embeddable":true,"href":"https:\/\/agora.xtec.cat\/ceip-santsalvador\/wp-json\/wp\/v2\/users\/1"}],"replies":[{"embeddable":true,"href":"https:\/\/agora.xtec.cat\/ceip-santsalvador\/wp-json\/wp\/v2\/comments?post=647"}],"version-history":[{"count":4,"href":"https:\/\/agora.xtec.cat\/ceip-santsalvador\/wp-json\/wp\/v2\/pages\/647\/revisions"}],"predecessor-version":[{"id":2571,"href":"https:\/\/agora.xtec.cat\/ceip-santsalvador\/wp-json\/wp\/v2\/pages\/647\/revisions\/2571"}],"up":[{"embeddable":true,"href":"https:\/\/agora.xtec.cat\/ceip-santsalvador\/wp-json\/wp\/v2\/pages\/64"}],"wp:attachment":[{"href":"https:\/\/agora.xtec.cat\/ceip-santsalvador\/wp-json\/wp\/v2\/media?parent=647"}],"curies":[{"name":"wp","href":"https:\/\/api.w.org\/{rel}","templated":true}]}}