{"id":38,"date":"2021-08-01T12:34:08","date_gmt":"2021-08-01T10:34:08","guid":{"rendered":"http:\/\/agora.xtec.cat\/ceip-santsalvador\/?page_id=38"},"modified":"2023-01-27T10:12:12","modified_gmt":"2023-01-27T09:12:12","slug":"salut","status":"publish","type":"page","link":"https:\/\/agora.xtec.cat\/ceip-santsalvador\/lescola\/salut\/","title":{"rendered":"Salut"},"content":{"rendered":"<p><span style=\"color: #ff6600;\"><strong>Administraci\u00f3 de medicaments als alumnes<\/strong><\/span><\/p>\n<p>Seguint les recomanacions del Departament de Salut i la Societat Catalana de Pediatria, s&#8217;ha incl\u00f2s el paracetamol a la farmaciola dels centres educatius de Catalunya. <em>Per administrar-lo cal tenir l&#8217;autoritzaci\u00f3 signada dels pares, mares o tutors legals de l&#8217;alumne<\/em> (el centre educatiu ha de demanar en el moment de la inscripci\u00f3 de l&#8217;alumne al centre l&#8217;Autoritzaci\u00f3 per a l&#8217;administraci\u00f3 de paracetamol i seguir les recomanacions d&#8217;\u00fas elaborades per la Societat Catalana de Pediatria i pels departaments d&#8217;Educaci\u00f3 i de Salut de la Generalitat de Catalunya.<\/p>\n<p>Per poder administrar medicaments als alumnes, <em><strong>sempre que sigui imprescindible fer-ho en horari lectiu, cal que els pares, mares o tutors legals aportin un informe m\u00e8dic on consti el nom de l&#8217;alumne, el nom del medicament que ha de prendre i la pauta d&#8217;administraci\u00f3.<\/strong><\/em><strong> Aix\u00ed mateix, <em>els pares, mares o tutors legals han d&#8217;aportar una autoritzaci\u00f3 on es demani, al director o directora del centre educatiu, l&#8217;administraci\u00f3 al fill o filla del medicament prescrit d&#8217;acord amb les pautes que constin en l&#8217;informe esmentat i se n&#8217;autoritzi l&#8217;administraci\u00f3 als professionals del centre.<\/em><\/strong><\/p>\n<p style=\"text-align: center;\">\u00a0 <a href=\"https:\/\/agora.xtec.cat\/ceip-santsalvador\/wp-content\/uploads\/usu1396\/2023\/01\/autoritzacio_medecines.pdf\">autoritzacio_medecines<\/a> (Document pdf)<\/p>\n<p style=\"text-align: center;\"><a href=\"https:\/\/agora.xtec.cat\/ceip-santsalvador\/wp-content\/uploads\/usu1396\/2023\/01\/Autoritzacio-administracio-paracetamol.pdf\">Autoritzaci\u00f3-administraci\u00f3-paracetamol<\/a> (Document pdf)<\/p>\n<p>\u00c9s convenient que el centre mantingui en un \u00fanic arxiu les receptes, els informes m\u00e8dics i els escrits d&#8217;autoritzaci\u00f3. <strong><em><span style=\"font-family: inherit; font-size: 1em;\">En aquest sentit cal assenyalar que els professionals del centre nom\u00e9s poden fer accions que no requereixen cap titulaci\u00f3 sanit\u00e0ria i que les poden fer els familiars o cuidadors, en general, dels fills sempre que hagin rebut ensinistrament previ (s&#8217;hi inclou l&#8217;administraci\u00f3 de f\u00e0rmacs d&#8217;\u00fas habitual en pediatria); tamb\u00e9 poden fer cures senzilles(d&#8217;erosions i petites ferides), i tamb\u00e9 la primera atenci\u00f3 a qualsevol incident inesperat.<\/span><\/em><\/strong><\/p>\n<p><span style=\"color: #ff6600;\"><strong>Malalties transmissibles<\/strong><\/span><\/p>\n<p>Per tal d&#8217;informar les fam\u00edlies sobre l&#8217;assist\u00e8ncia o no dels infants al centre educatiu quan pateixen una malaltia transmissible, <strong>el Departament de Salut, a trav\u00e9s de la Sub-direcci\u00f3 de Vigil\u00e0ncia i Resposta a Emerg\u00e8ncies de Salut P\u00fablica<\/strong>, ha publicat unes recomanacions amb uns <strong>Criteris de no assist\u00e8ncia de l&#8217;alumnat a l&#8217;escola o a la llar d&#8217;infants durant un per\u00edode de temps determinat a causa de malalties transmissibles<\/strong><\/p>\n<p style=\"text-align: center;\"><a href=\"https:\/\/agora.xtec.cat\/ceip-santsalvador\/wp-content\/uploads\/usu1396\/2021\/08\/doc_criterios_no_asistencia_escolar.pdf\" target=\"_blank\" rel=\"noopener\">Criteris de no-assist\u00e8ncia de l\u2019alumnat a l\u2019escola o a la llar d\u2019infants durant un per\u00edode de temps determinat a causa de malalties transmissibles<\/a> (Document pdf)<\/p>\n<p>&nbsp;<\/p>\n<p><span style=\"color: #ff6600;\"><strong>Malalties cr\u00f2niques, Al\u00b7l\u00e8rgies o Intoler\u00e0ncies<\/strong><\/span><\/p>\n<p>Si l\u2019alumnat pateix algun tipus de malaltia cr\u00f2nica, d\u2019al\u00b7l\u00e8rgia o intoler\u00e0ncia ha de notificar-ho a l\u2019escola i acreditar-ho amb un informe m\u00e8dic. Aix\u00ed com si t\u00e9 la preinscripci\u00f3 d\u2019algun medicament o tractament. <strong>Caldr\u00e0 seguir les mateixes indiccions que per a l\u2019administraci\u00f3 de medicaments.<\/strong><\/p>\n<p>&nbsp;<\/p>\n<p>&nbsp;<\/p>\n<p>&nbsp;<\/p>\n<p>&nbsp;<\/p>\n<p>&nbsp;<\/p>\n","protected":false},"excerpt":{"rendered":"<p>Administraci\u00f3 de medicaments als alumnes<br \/>\nSeguint les recomanacions del Departament de Salut i la Societat Catalana de Pediatria, s&#8217;ha incl\u00f2s el paracetamol a la farmaciola dels centres educatius de Catalunya. Per administrar-lo cal tenir l&#8217;autoritzaci\u00f3 signada dels pares, mares o tutors legals de l&#8217;alumne (el centre&hellip;  <a href=\"https:\/\/agora.xtec.cat\/ceip-santsalvador\/lescola\/salut\/\" title=\"Read Salut\">Llegeix m\u00e9s\u00bb<\/a><\/p>\n","protected":false},"author":1,"featured_media":0,"parent":22,"menu_order":80,"comment_status":"closed","ping_status":"closed","template":"page-templates\/side-menu.php","meta":{"footnotes":""},"class_list":["post-38","page","type-page","status-publish","hentry"],"post_mailing_queue_ids":[],"_links":{"self":[{"href":"https:\/\/agora.xtec.cat\/ceip-santsalvador\/wp-json\/wp\/v2\/pages\/38","targetHints":{"allow":["GET"]}}],"collection":[{"href":"https:\/\/agora.xtec.cat\/ceip-santsalvador\/wp-json\/wp\/v2\/pages"}],"about":[{"href":"https:\/\/agora.xtec.cat\/ceip-santsalvador\/wp-json\/wp\/v2\/types\/page"}],"author":[{"embeddable":true,"href":"https:\/\/agora.xtec.cat\/ceip-santsalvador\/wp-json\/wp\/v2\/users\/1"}],"replies":[{"embeddable":true,"href":"https:\/\/agora.xtec.cat\/ceip-santsalvador\/wp-json\/wp\/v2\/comments?post=38"}],"version-history":[{"count":4,"href":"https:\/\/agora.xtec.cat\/ceip-santsalvador\/wp-json\/wp\/v2\/pages\/38\/revisions"}],"predecessor-version":[{"id":1460,"href":"https:\/\/agora.xtec.cat\/ceip-santsalvador\/wp-json\/wp\/v2\/pages\/38\/revisions\/1460"}],"up":[{"embeddable":true,"href":"https:\/\/agora.xtec.cat\/ceip-santsalvador\/wp-json\/wp\/v2\/pages\/22"}],"wp:attachment":[{"href":"https:\/\/agora.xtec.cat\/ceip-santsalvador\/wp-json\/wp\/v2\/media?parent=38"}],"curies":[{"name":"wp","href":"https:\/\/api.w.org\/{rel}","templated":true}]}}