{"id":36,"date":"2021-08-01T12:33:11","date_gmt":"2021-08-01T10:33:11","guid":{"rendered":"http:\/\/agora.xtec.cat\/ceip-santsalvador\/?page_id=36"},"modified":"2025-07-15T22:37:25","modified_gmt":"2025-07-15T20:37:25","slug":"material-escolar","status":"publish","type":"page","link":"https:\/\/agora.xtec.cat\/ceip-santsalvador\/lescola\/material-escolar\/","title":{"rendered":"Material Escolar"},"content":{"rendered":"<table style=\"border-collapse: collapse; width: 100%; height: 225px;\">\n<tbody>\n<tr style=\"height: 31px;\">\n<td style=\"width: 22.4319%; height: 31px; background-color: #ed7207;\"><strong>LLIBRES I MATERIAL ESCOLAR<\/strong><\/td>\n<td style=\"width: 77.5681%; height: 31px;\"><\/td>\n<\/tr>\n<tr style=\"height: 31px;\">\n<td style=\"width: 22.4319%; height: 31px;\"><\/td>\n<td style=\"width: 77.5681%; height: 31px; background-color: #808000;\"><span style=\"color: #ffffff;\">Podeu trobar la relaci\u00f3 dels llibres escolars i del material necessari per cada curs al seg\u00fcent document:<\/span><\/td>\n<\/tr>\n<tr style=\"height: 10px;\">\n<td style=\"width: 22.4319%; height: 10px;\"><\/td>\n<td style=\"width: 77.5681%; text-align: right; height: 10px;\"><a href=\"https:\/\/agora.xtec.cat\/ceip-santsalvador\/wp-content\/uploads\/usu1396\/2025\/07\/Llistat-material-i-llibres_Curs-25-26.pdf\">Llistat material i llibres_Curs 25-26<\/a>(Document pdf)<\/td>\n<\/tr>\n<tr style=\"height: 31px;\">\n<td style=\"width: 22.4319%; height: 31px; background-color: #ed7207;\"><strong>BATA I EQUIPACI\u00d3 ESPORTIVA<\/strong><\/td>\n<td style=\"width: 77.5681%; height: 31px;\"><\/td>\n<\/tr>\n<tr style=\"height: 31px;\">\n<td style=\"width: 22.4319%; height: 31px;\"><\/td>\n<td style=\"width: 77.5681%; height: 31px;\">L\u2019alumnat d&#8217;Infantil fa \u00fas diari de la bata. A partir de CI l&#8217;\u00fas de la bata \u00e9s per l&#8217;\u00e0rea d&#8217;Educaci\u00f3 Visual i Pl\u00e0stica.<\/td>\n<\/tr>\n<tr style=\"height: 29px;\">\n<td style=\"width: 22.4319%; height: 29px;\"><\/td>\n<td style=\"width: 77.5681%; height: 29px;\">A partir de 1r de Prim\u00e0ria l\u2019alumnat ha de dur l\u2019equipaci\u00f3 esportiva de l\u2019escola per l\u2019\u00e0rea d\u2019Educaci\u00f3 F\u00edsica.<\/td>\n<\/tr>\n<tr style=\"height: 31px;\">\n<td style=\"width: 22.4319%; height: 31px;\"><\/td>\n<td style=\"width: 77.5681%; height: 31px;\">La venda de l&#8217;equipament esportiu i les bates es fa a la botiga <strong>Complement Lleida<\/strong>.<\/td>\n<\/tr>\n<tr style=\"height: 31px;\">\n<td style=\"width: 22.4319%; height: 31px;\"><\/td>\n<td style=\"width: 77.5681%; height: 31px; background-color: #808000; text-align: right;\">\n<p style=\"text-align: center;\"><span style=\"color: #ffffff;\"><em><strong>Carrer Ignasi Bast\u00fas, 1 del barri de la Bordeta de Lleida \/ tel\u00e8fon <\/strong><\/em><em><strong><span class=\"LrzXr zdqRlf kno-fv\"><span aria-label=\"Llamar al n\u00famero de tel\u00e9fono 973 20 63 09\">973 20 63 09<\/span><\/span><\/strong><\/em><em><strong><br \/>\n<\/strong><\/em><\/span><\/p>\n<\/td>\n<\/tr>\n<tr>\n<td style=\"width: 22.4319%; background-color: #ed7207;\"><strong>APORTACI\u00d3 FAM\u00cdLIES I QUOTA AFA<br \/>\n<\/strong><\/td>\n<td style=\"width: 77.5681%; background-color: #f7f7f2; text-align: right;\"><\/td>\n<\/tr>\n<tr>\n<td style=\"width: 22.4319%;\"><\/td>\n<td style=\"width: 77.5681%; background-color: #808000; text-align: right;\">\n<p style=\"text-align: left;\"><span style=\"color: #ffffff;\"><em><strong>QUOTA ESCOLAR:<\/strong><\/em><\/span><\/p>\n<p><span style=\"color: #ffffff;\"><b>Infantil (I3, I4, i I5): 65\u20ac<\/b><\/span><\/p>\n<p><strong><span style=\"color: #ffffff;\">CI (1r i 2n): 50\u20ac<\/span> <\/strong><\/p>\n<p><strong><span style=\"color: #ffffff;\">3r: 65\u20ac que inclou l&#8217;import de 15\u20ac de la socialitzaci\u00f3 de llibres<\/span> <\/strong><\/p>\n<p><strong><span style=\"color: #ffffff;\">4t: 55\u20ac que inclou l&#8217;import de 5\u20ac de la socialitzaci\u00f3 de llibres<\/span><\/strong><\/p>\n<p><strong><span style=\"color: #ffffff;\">CS (5\u00e8 i 6\u00e8): 58\u20ac que inclou l&#8217;import de 8\u20ac de la socialitzaci\u00f3 de llibres <\/span><\/strong><\/p>\n<p style=\"text-align: left;\"><strong><em><span style=\"color: #ffffff;\">QUOTA AFA:<\/span><\/em><\/strong><\/p>\n<p><strong><span style=\"color: #ffffff;\">35\u20ac per alumne\/a en pagament \u00fanic<\/span><\/strong><\/td>\n<\/tr>\n<\/tbody>\n<\/table>\n<p>&nbsp;<\/p>\n","protected":false},"excerpt":{"rendered":"<p>LLIBRES I MATERIAL ESCOLAR<\/p>\n<p>Podeu trobar la relaci\u00f3 dels llibres escolars i del material necessari per cada curs al seg\u00fcent document:<\/p>\n<p><a href=\"https:\/\/agora.xtec.cat\/ceip-santsalvador\/wp-content\/uploads\/usu1396\/2025\/07\/Llistat-material-i-llibres_Curs-25-26.pdf\">Llistat material i llibres_Curs 25-26<\/a>(Document pdf)<\/p>\n<p>BATA I EQUIPACI\u00d3 ESPORTIVA<\/p>\n<p>L\u2019alumnat d&#8217;Infantil fa \u00fas diari de la bata. A partir de CI l&#8217;\u00fas de la bata \u00e9s&hellip;  <a href=\"https:\/\/agora.xtec.cat\/ceip-santsalvador\/lescola\/material-escolar\/\" title=\"Read Material Escolar\">Llegeix m\u00e9s\u00bb<\/a><\/p>\n","protected":false},"author":1,"featured_media":0,"parent":22,"menu_order":70,"comment_status":"closed","ping_status":"closed","template":"page-templates\/side-menu.php","meta":{"footnotes":""},"class_list":["post-36","page","type-page","status-publish","hentry"],"post_mailing_queue_ids":[],"_links":{"self":[{"href":"https:\/\/agora.xtec.cat\/ceip-santsalvador\/wp-json\/wp\/v2\/pages\/36","targetHints":{"allow":["GET"]}}],"collection":[{"href":"https:\/\/agora.xtec.cat\/ceip-santsalvador\/wp-json\/wp\/v2\/pages"}],"about":[{"href":"https:\/\/agora.xtec.cat\/ceip-santsalvador\/wp-json\/wp\/v2\/types\/page"}],"author":[{"embeddable":true,"href":"https:\/\/agora.xtec.cat\/ceip-santsalvador\/wp-json\/wp\/v2\/users\/1"}],"replies":[{"embeddable":true,"href":"https:\/\/agora.xtec.cat\/ceip-santsalvador\/wp-json\/wp\/v2\/comments?post=36"}],"version-history":[{"count":6,"href":"https:\/\/agora.xtec.cat\/ceip-santsalvador\/wp-json\/wp\/v2\/pages\/36\/revisions"}],"predecessor-version":[{"id":3319,"href":"https:\/\/agora.xtec.cat\/ceip-santsalvador\/wp-json\/wp\/v2\/pages\/36\/revisions\/3319"}],"up":[{"embeddable":true,"href":"https:\/\/agora.xtec.cat\/ceip-santsalvador\/wp-json\/wp\/v2\/pages\/22"}],"wp:attachment":[{"href":"https:\/\/agora.xtec.cat\/ceip-santsalvador\/wp-json\/wp\/v2\/media?parent=36"}],"curies":[{"name":"wp","href":"https:\/\/api.w.org\/{rel}","templated":true}]}}