{"id":32,"date":"2021-08-01T12:31:33","date_gmt":"2021-08-01T10:31:33","guid":{"rendered":"http:\/\/agora.xtec.cat\/ceip-santsalvador\/?page_id=32"},"modified":"2025-07-15T22:50:19","modified_gmt":"2025-07-15T20:50:19","slug":"calendari-del-curs","status":"publish","type":"page","link":"https:\/\/agora.xtec.cat\/ceip-santsalvador\/lescola\/calendari-del-curs\/","title":{"rendered":"Calendari del curs"},"content":{"rendered":"<table style=\"height: 696px; width: 100%; border-collapse: collapse; border-style: none;\">\n<tbody>\n<tr style=\"height: 31px;\">\n<td style=\"width: 187.609px; height: 31px; background-color: #ed7207;\"><strong>HORARI LECTIU:<\/strong><\/td>\n<td style=\"width: 527.188px; height: 31px;\"><\/td>\n<\/tr>\n<tr style=\"height: 31px;\">\n<td style=\"width: 187.609px; height: 31px;\"><\/td>\n<td style=\"width: 527.188px; height: 31px; background-color: #808000;\"><span style=\"color: #ffffff;\"><strong><em>Jornada partida: (del 6 de setembre al 4 de juny)<\/em><\/strong><\/span><\/td>\n<\/tr>\n<tr style=\"height: 31px;\">\n<td style=\"width: 187.609px; height: 31px;\"><\/td>\n<td style=\"width: 527.188px; height: 31px; text-align: right;\"><strong>Mat\u00ed:<\/strong> De 9:00 a 12:30 hores\u00a0 \u00a0 <strong>Tarda:<\/strong> De 15:00 a 16:30 hores<\/td>\n<\/tr>\n<tr style=\"height: 31px;\">\n<td style=\"width: 187.609px; height: 31px;\"><\/td>\n<td style=\"width: 527.188px; height: 31px; background-color: #808000;\"><span style=\"color: #ffffff;\"><strong><em>Jornada continuada: (el 19 de desembre i del 8 al 19 de juny)<\/em><\/strong><\/span><\/td>\n<\/tr>\n<tr style=\"height: 31px;\">\n<td style=\"width: 187.609px; height: 31px;\"><\/td>\n<td style=\"width: 527.188px; height: 31px; text-align: right;\"><strong>Mat\u00ed:<\/strong> De 9:00 a 13:00 hores (l\u2019<strong>alumnat usuari del menjador<\/strong> finalitza a les <strong>15:30h<\/strong>)<\/td>\n<\/tr>\n<tr style=\"height: 31px;\">\n<td style=\"width: 187.609px; height: 31px; background-color: #ed7207;\"><strong>VACANCES<\/strong><\/td>\n<td style=\"width: 527.188px; height: 31px;\"><\/td>\n<\/tr>\n<tr style=\"height: 31px;\">\n<td style=\"width: 187.609px; height: 31px;\"><\/td>\n<td style=\"width: 527.188px; height: 31px; background-color: #808000;\"><span style=\"color: #ffffff;\"><strong><em>Nadal:\u00a0<\/em><\/strong><\/span><\/td>\n<\/tr>\n<tr style=\"height: 32px;\">\n<td style=\"width: 187.609px; height: 32px;\"><\/td>\n<td style=\"width: 527.188px; text-align: right; height: 32px;\">del 20 de desembre al 7 de gener, ambd\u00f3s inclosos.<\/td>\n<\/tr>\n<tr style=\"height: 32px;\">\n<td style=\"width: 187.609px; height: 32px;\"><\/td>\n<td style=\"width: 527.188px; background-color: #808000; height: 32px;\"><span style=\"color: #ffffff;\"><strong><em>Setmana Santa:\u00a0<\/em><\/strong><\/span><\/td>\n<\/tr>\n<tr style=\"height: 32px;\">\n<td style=\"width: 187.609px; height: 32px;\"><\/td>\n<td style=\"width: 527.188px; text-align: right; height: 32px;\">del 28 de mar\u00e7 al 6 d\u2019abril, ambd\u00f3s inclosos.<\/td>\n<\/tr>\n<tr style=\"height: 32px;\">\n<td style=\"width: 187.609px; background-color: #808000; text-align: right; height: 32px;\"><span style=\"color: #ffffff;\"><strong><em>\u00daltim dia de curs: 19 de juny<\/em><\/strong><\/span><\/td>\n<td style=\"width: 527.188px; text-align: left; height: 32px;\"><\/td>\n<\/tr>\n<tr style=\"height: 32px;\">\n<td style=\"width: 187.609px; height: 32px;\"><\/td>\n<td style=\"width: 527.188px; background-color: #808000; height: 32px;\"><span style=\"color: #ffffff;\"><strong><em>DIES FESTIUS DE LLIURE DISPOSICI\u00d3 ACORDATS PEL CONSELL ESCOLAR:<\/em><\/strong><\/span><\/td>\n<\/tr>\n<tr style=\"height: 32px;\">\n<td style=\"width: 187.609px; height: 32px;\"><\/td>\n<td style=\"width: 527.188px; text-align: right; height: 32px;\">29\u00a0 de setembre de 2025<\/td>\n<\/tr>\n<tr style=\"height: 32px;\">\n<td style=\"width: 187.609px; height: 32px;\"><\/td>\n<td style=\"width: 527.188px; text-align: right; height: 32px;\">9 de desembre de 2025<\/td>\n<\/tr>\n<tr style=\"height: 32px;\">\n<td style=\"width: 187.609px; height: 32px;\"><\/td>\n<td style=\"width: 527.188px; text-align: right; height: 32px;\">13 de febrer de 2026<\/td>\n<\/tr>\n<tr style=\"height: 32px;\">\n<td style=\"width: 187.609px; height: 32px;\"><\/td>\n<td style=\"width: 527.188px; text-align: right; height: 32px;\">11 de maig de 2026<\/td>\n<\/tr>\n<tr style=\"height: 32px;\">\n<td style=\"width: 187.609px; height: 32px;\"><\/td>\n<td style=\"width: 527.188px; background-color: #808000; height: 32px;\"><span style=\"color: #ffffff;\"><strong><em>DIES FESTIUS LOCALS:<\/em><\/strong><\/span><\/td>\n<\/tr>\n<tr style=\"height: 32px;\">\n<td style=\"width: 187.609px; height: 32px;\"><\/td>\n<td style=\"width: 527.188px; text-align: right; height: 32px;\">10 d\u2019octubre de 2025<\/td>\n<\/tr>\n<tr style=\"height: 32px;\">\n<td style=\"width: 187.609px; height: 32px;\"><\/td>\n<td style=\"width: 527.188px; text-align: right; height: 32px;\">8 de maig 2026<\/td>\n<\/tr>\n<tr style=\"height: 32px;\">\n<td style=\"width: 187.609px; background-color: #ed7207; height: 32px;\"><strong>ADAPTACI\u00d3 P3:<\/strong><\/td>\n<td style=\"width: 527.188px; height: 32px;\"><\/td>\n<\/tr>\n<tr style=\"height: 63px;\">\n<td style=\"width: 187.609px; height: 63px;\"><\/td>\n<td style=\"width: 527.188px; height: 63px;\"><em><strong>Per l\u2019alumnat que inicien l\u2019escolaritzaci\u00f3 a I3 s\u2019organitza un breu per\u00edode d\u2019adaptaci\u00f3 que suposa una certa modificaci\u00f3 dels horaris dels dos primers dies de classe. Aquest es fa saber a les fam\u00edlies en les reunions pr\u00e8vies corresponents.<\/strong><\/em><\/td>\n<\/tr>\n<\/tbody>\n<\/table>\n<p>&nbsp;<\/p>\n","protected":false},"excerpt":{"rendered":"<p>HORARI LECTIU:<\/p>\n<p>Jornada partida: (del 6 de setembre al 4 de juny)<\/p>\n<p>Mat\u00ed: De 9:00 a 12:30 hores\u00a0 \u00a0 Tarda: De 15:00 a 16:30 hores<\/p>\n<p>Jornada continuada: (el 19 de desembre i del 8 al 19 de juny)<\/p>\n<p>Mat\u00ed: De 9:00 a 13:00 hores (l\u2019alumnat usuari del menjador finalitza&hellip;  <a href=\"https:\/\/agora.xtec.cat\/ceip-santsalvador\/lescola\/calendari-del-curs\/\" title=\"Read Calendari del curs\">Llegeix m\u00e9s\u00bb<\/a><\/p>\n","protected":false},"author":1,"featured_media":0,"parent":22,"menu_order":50,"comment_status":"closed","ping_status":"closed","template":"page-templates\/side-menu.php","meta":{"footnotes":""},"class_list":["post-32","page","type-page","status-publish","hentry"],"post_mailing_queue_ids":[],"_links":{"self":[{"href":"https:\/\/agora.xtec.cat\/ceip-santsalvador\/wp-json\/wp\/v2\/pages\/32","targetHints":{"allow":["GET"]}}],"collection":[{"href":"https:\/\/agora.xtec.cat\/ceip-santsalvador\/wp-json\/wp\/v2\/pages"}],"about":[{"href":"https:\/\/agora.xtec.cat\/ceip-santsalvador\/wp-json\/wp\/v2\/types\/page"}],"author":[{"embeddable":true,"href":"https:\/\/agora.xtec.cat\/ceip-santsalvador\/wp-json\/wp\/v2\/users\/1"}],"replies":[{"embeddable":true,"href":"https:\/\/agora.xtec.cat\/ceip-santsalvador\/wp-json\/wp\/v2\/comments?post=32"}],"version-history":[{"count":6,"href":"https:\/\/agora.xtec.cat\/ceip-santsalvador\/wp-json\/wp\/v2\/pages\/32\/revisions"}],"predecessor-version":[{"id":3320,"href":"https:\/\/agora.xtec.cat\/ceip-santsalvador\/wp-json\/wp\/v2\/pages\/32\/revisions\/3320"}],"up":[{"embeddable":true,"href":"https:\/\/agora.xtec.cat\/ceip-santsalvador\/wp-json\/wp\/v2\/pages\/22"}],"wp:attachment":[{"href":"https:\/\/agora.xtec.cat\/ceip-santsalvador\/wp-json\/wp\/v2\/media?parent=32"}],"curies":[{"name":"wp","href":"https:\/\/api.w.org\/{rel}","templated":true}]}}