{"id":28,"date":"2021-08-01T12:29:35","date_gmt":"2021-08-01T10:29:35","guid":{"rendered":"http:\/\/agora.xtec.cat\/ceip-santsalvador\/?page_id=28"},"modified":"2026-02-09T11:16:43","modified_gmt":"2026-02-09T10:16:43","slug":"consell-escolar","status":"publish","type":"page","link":"https:\/\/agora.xtec.cat\/ceip-santsalvador\/lescola\/consell-escolar\/","title":{"rendered":"Consell escolar"},"content":{"rendered":"<p><strong>El consell escolar del centre \u00e9s l\u2019\u00f2rgan col\u00b7legiat de participaci\u00f3 de la comunitat escolar en el govern del centre. <\/strong><\/p>\n<p>Corresponen al consell escolar les funcions establertes a la <strong><em>Llei Org\u00e0nica 2\/2006, de 3 de maig, d\u2019Educaci\u00f3- LOE modificada per la LOMLOE i la \u00a0Llei 12\/2009, de 10 de juliol, d\u2019educaci\u00f3- LEC.<\/em><\/strong><\/p>\n<p>La relaci\u00f3 dels membres del Consell escolar escollit en les eleccions del 2025 :<\/p>\n<ul>\n<li><strong>Presidenta:<\/strong> Aurora Jordan Arias<\/li>\n<li><strong>Cap d\u2019Estudis:<\/strong> Carme Pardo C\u00e9spedes<\/li>\n<li><strong>Secretaria:<\/strong> Laura Arbon\u00e9s S\u00e1nchez<\/li>\n<li><strong>Mestres del Claustre:<\/strong>\n<ul>\n<li>Vanessa Comella Casado<\/li>\n<li>Jordi Fuertes Companys<\/li>\n<li>S\u00edlvia Solnas Pujol<\/li>\n<li>Carle Romero Portol\u00e9s<\/li>\n<li>Aurora Par\u00eds Pi\u00f1ol<\/li>\n<\/ul>\n<\/li>\n<li><strong>Representants dels Pares\/Mares:<\/strong>\n<ul>\n<li>Esther Roig\u00e9 Farr\u00e9<\/li>\n<li>Gemma Bar\u00f3 Ortin<\/li>\n<li>Merc\u00e8 Falguera Pascual<\/li>\n<li>Fernando Meseguer Marcobal<\/li>\n<\/ul>\n<\/li>\n<li><strong>Representant de l\u2019Ajuntament:<\/strong>\n<ul>\n<li>David Fern\u00e1ndez Bernaveu<\/li>\n<\/ul>\n<\/li>\n<li><strong>Representant de l\u2019AMPA:<\/strong>\n<ul>\n<li>Ingrid Bosch<\/li>\n<\/ul>\n<\/li>\n<li><strong>Representant del PAS:<\/strong>\n<ul>\n<li>Joana Melero Castillo<\/li>\n<\/ul>\n<\/li>\n<\/ul>\n<p><span style=\"color: #ff6600;\"><strong>Ordre del dia del darrer consell escola:<\/strong><\/span><\/p>\n<p><strong>4 de gener de 2026<\/strong><\/p>\n<ol>\n<li><strong>Aprovaci\u00f3 de l&#8217;acta anterior<\/strong><\/li>\n<li><b> Increment quota aportaci\u00f3 fam\u00edlies.<\/b>Es planteja la necessitat d\u2019apujar l\u2019import d\u2019aportaci\u00f3 de les fam\u00edlies, vigent des de fa 4 cursos. Es fa una explicaci\u00f3 desglossada del que inclouria cada import. La proposta \u00e9s la seg\u00fcent: Infantil 110 euros, CI 70 euros , 3r\u00a0 85 euros, 4t\u00a0 75 euros\u00a0 i CS 78 euros.\n<p>Es creu molt important explicar b\u00e9 a les fam\u00edlies la pujada i qu\u00e8 inclour\u00e0, ja a final de curs a la circular<\/li>\n<li><b>Presentaci\u00f3 i aprovaci\u00f3 del pressupost exercici 2026, si s\u2019escau.<\/b>\n<p>Es van detallant els ingressos i les despeses m\u00e9s importants i es dona per aprovat el pressupost.<\/li>\n<li><strong>Precs i preguntes<\/strong>S&#8217;informa que la Marisa ha obtingut pla\u00e7a en un altre centre i deixar\u00e0 l\u2019escola en breu. Tamb\u00e9 es pregunta pel tema del menjador, amb el canvi de cuinera, i es respon que els nens s\u2019estan adaptant per\u00f2 en general estan contents. Pel que fa a les extraescolars\n<p>Es comenten alguns inconvenients que les fam\u00edlies comenten pel que fa a fer el festival de Nadal en dos dies, en un espai petit etc. Se li respon que si es fes al casal hauria de ser un format diferent, pel tema so, silenci etc. Surt tamb\u00e9 el tema de la gravaci\u00f3, que algunes fam\u00edlies no fan cas a la recomanaci\u00f3 i gravant molesten a la resta<\/li>\n<\/ol>\n<p><strong><span style=\"color: #ff6600;\">Funcions del consell escolar dels centres p\u00fablics:<\/span><\/strong><\/p>\n<ol>\n<li><em>Avaluar positivament el projecte educatiu i les modificacions corresponents per una majoria de tres cinquenes parts dels membres.<\/em><\/li>\n<li><em>Avaluar positivament la programaci\u00f3 general anual del centre i avaluar-ne el desenvolupament i els resultats.<\/em><\/li>\n<li><em>Avaluar positivament les propostes d\u2019acords de co-responsabilitat, convenis i altres acords de col\u00b7\u0097laboraci\u00f3 del centre amb entitats o institucions.<\/em><\/li>\n<li><em>Avaluar positivament les normes d\u2019organitzaci\u00f3 i funcionament i les modificacions corresponents.<\/em><\/li>\n<li><em>Avaluar positivament la carta de comprom\u00eds educatiu.<\/em><\/li>\n<li><em>Avaluar positivament el pressupost del centre i el rendiment de comptes.<\/em><\/li>\n<li><em>Intervenir en el procediment d\u2019admissi\u00f3 d\u2019alumnes.<\/em><\/li>\n<li><em>Participar en el procediment de selecci\u00f3 i en la proposta de cessament del director o directora.<\/em><\/li>\n<li><em>Intervenir en la resoluci\u00f3 dels conflictes i, si escau, revisar les sancions als alumnes.<\/em><\/li>\n<li><em>Avaluar les directrius per a la programaci\u00f3 d\u2019activitats escolars complement\u00e0ries i d\u2019activitats extraescolars, i avaluar-ne el desenvolupament.<\/em><\/li>\n<li><em>Participar en les an\u00e0lisis i les avaluacions del funcionament general del centre i con\u00e8ixer l\u2019evoluci\u00f3 del rendiment escolar.<\/em><\/li>\n<li><em>Avaluar els criteris de col\u00b7laboraci\u00f3 amb altres centres i amb l\u2019entorn.<\/em><\/li>\n<li><em>Qualsevol altra que li sigui atribu\u00efda per les normes legals o reglament\u00e0ries.<\/em><\/li>\n<\/ol>\n","protected":false},"excerpt":{"rendered":"<p>El consell escolar del centre \u00e9s l\u2019\u00f2rgan col\u00b7legiat de participaci\u00f3 de la comunitat escolar en el govern del centre.<br \/>\nCorresponen al consell escolar les funcions establertes a la Llei Org\u00e0nica 2\/2006, de 3 de maig, d\u2019Educaci\u00f3- LOE modificada per la LOMLOE i la \u00a0Llei 12\/2009,&hellip;  <a href=\"https:\/\/agora.xtec.cat\/ceip-santsalvador\/lescola\/consell-escolar\/\" title=\"Read Consell escolar\">Llegeix m\u00e9s\u00bb<\/a><\/p>\n","protected":false},"author":1,"featured_media":0,"parent":22,"menu_order":30,"comment_status":"closed","ping_status":"closed","template":"page-templates\/side-menu.php","meta":{"footnotes":""},"class_list":["post-28","page","type-page","status-publish","hentry"],"post_mailing_queue_ids":[],"_links":{"self":[{"href":"https:\/\/agora.xtec.cat\/ceip-santsalvador\/wp-json\/wp\/v2\/pages\/28","targetHints":{"allow":["GET"]}}],"collection":[{"href":"https:\/\/agora.xtec.cat\/ceip-santsalvador\/wp-json\/wp\/v2\/pages"}],"about":[{"href":"https:\/\/agora.xtec.cat\/ceip-santsalvador\/wp-json\/wp\/v2\/types\/page"}],"author":[{"embeddable":true,"href":"https:\/\/agora.xtec.cat\/ceip-santsalvador\/wp-json\/wp\/v2\/users\/1"}],"replies":[{"embeddable":true,"href":"https:\/\/agora.xtec.cat\/ceip-santsalvador\/wp-json\/wp\/v2\/comments?post=28"}],"version-history":[{"count":6,"href":"https:\/\/agora.xtec.cat\/ceip-santsalvador\/wp-json\/wp\/v2\/pages\/28\/revisions"}],"predecessor-version":[{"id":3652,"href":"https:\/\/agora.xtec.cat\/ceip-santsalvador\/wp-json\/wp\/v2\/pages\/28\/revisions\/3652"}],"up":[{"embeddable":true,"href":"https:\/\/agora.xtec.cat\/ceip-santsalvador\/wp-json\/wp\/v2\/pages\/22"}],"wp:attachment":[{"href":"https:\/\/agora.xtec.cat\/ceip-santsalvador\/wp-json\/wp\/v2\/media?parent=28"}],"curies":[{"name":"wp","href":"https:\/\/api.w.org\/{rel}","templated":true}]}}