{"id":24,"date":"2020-09-01T12:23:15","date_gmt":"2020-09-01T10:23:15","guid":{"rendered":"http:\/\/agora.xtec.cat\/ceip-santsalvador\/?page_id=24"},"modified":"2021-08-02T09:28:48","modified_gmt":"2021-08-02T07:28:48","slug":"on-som","status":"publish","type":"page","link":"https:\/\/agora.xtec.cat\/ceip-santsalvador\/lescola\/on-som\/","title":{"rendered":"On som"},"content":{"rendered":"<p style=\"color: #666666;\">L\u2019 <strong>Escola Sant Salvador<\/strong> es troba al municipi\u00a0 d\u2019<strong>Albat\u00e0rrec<\/strong>, comarca del <strong>Segri\u00e0<\/strong>, prov\u00edncia de <strong>Lleida.<\/strong><\/p>\n<p><img loading=\"lazy\" decoding=\"async\" class=\"alignleft wp-image-491 size-full\" src=\"https:\/\/agora.xtec.cat\/ceip-santsalvador\/wp-content\/uploads\/usu1396\/2020\/09\/onsom1.jpg\" alt=\"\" width=\"900\" height=\"400\" srcset=\"https:\/\/agora.xtec.cat\/ceip-santsalvador\/wp-content\/uploads\/usu1396\/2020\/09\/onsom1.jpg 900w, https:\/\/agora.xtec.cat\/ceip-santsalvador\/wp-content\/uploads\/usu1396\/2020\/09\/onsom1-300x133.jpg 300w, https:\/\/agora.xtec.cat\/ceip-santsalvador\/wp-content\/uploads\/usu1396\/2020\/09\/onsom1-768x341.jpg 768w\" sizes=\"auto, (max-width: 900px) 100vw, 900px\" \/><\/p>\n<p>&nbsp;<\/p>\n<p>&nbsp;<\/p>\n<p>&nbsp;<\/p>\n<p>&nbsp;<\/p>\n<p>&nbsp;<\/p>\n<p>&nbsp;<\/p>\n<p>&nbsp;<\/p>\n<p>&nbsp;<\/p>\n<p>&nbsp;<\/p>\n<p>&nbsp;<\/p>\n<p><strong>Com arribar-hi:\u00a0<\/strong>Situat al <strong>Carrer Sudanell, 8<\/strong>. Est\u00e0 ubicat en una zona d\u2019expansi\u00f3\u00a0 urban\u00edstica, al costat de les piscines municipals i la llar d\u2019infants.<\/p>\n<p><img loading=\"lazy\" decoding=\"async\" class=\"alignnone wp-image-492 size-full\" src=\"https:\/\/agora.xtec.cat\/ceip-santsalvador\/wp-content\/uploads\/usu1396\/2020\/09\/onsom2.jpg\" alt=\"\" width=\"900\" height=\"450\" srcset=\"https:\/\/agora.xtec.cat\/ceip-santsalvador\/wp-content\/uploads\/usu1396\/2020\/09\/onsom2.jpg 900w, https:\/\/agora.xtec.cat\/ceip-santsalvador\/wp-content\/uploads\/usu1396\/2020\/09\/onsom2-300x150.jpg 300w, https:\/\/agora.xtec.cat\/ceip-santsalvador\/wp-content\/uploads\/usu1396\/2020\/09\/onsom2-768x384.jpg 768w\" sizes=\"auto, (max-width: 900px) 100vw, 900px\" \/><\/p>\n<p>Aix\u00f2 fa\u00a0 que puguem gaudir d\u2019<strong>un entorn ampli i envoltat d\u2019arbres i espais verds.<\/strong><\/p>\n<p><img loading=\"lazy\" decoding=\"async\" class=\"alignnone wp-image-493 size-full\" src=\"https:\/\/agora.xtec.cat\/ceip-santsalvador\/wp-content\/uploads\/usu1396\/2020\/09\/onsom3.jpg\" alt=\"\" width=\"900\" height=\"350\" srcset=\"https:\/\/agora.xtec.cat\/ceip-santsalvador\/wp-content\/uploads\/usu1396\/2020\/09\/onsom3.jpg 900w, https:\/\/agora.xtec.cat\/ceip-santsalvador\/wp-content\/uploads\/usu1396\/2020\/09\/onsom3-300x117.jpg 300w, https:\/\/agora.xtec.cat\/ceip-santsalvador\/wp-content\/uploads\/usu1396\/2020\/09\/onsom3-768x299.jpg 768w\" sizes=\"auto, (max-width: 900px) 100vw, 900px\" \/><\/p>\n<p><img loading=\"lazy\" decoding=\"async\" class=\"alignnone wp-image-494 size-full\" src=\"https:\/\/agora.xtec.cat\/ceip-santsalvador\/wp-content\/uploads\/usu1396\/2020\/09\/onsom4.jpg\" alt=\"\" width=\"900\" height=\"350\" srcset=\"https:\/\/agora.xtec.cat\/ceip-santsalvador\/wp-content\/uploads\/usu1396\/2020\/09\/onsom4.jpg 900w, https:\/\/agora.xtec.cat\/ceip-santsalvador\/wp-content\/uploads\/usu1396\/2020\/09\/onsom4-300x117.jpg 300w, https:\/\/agora.xtec.cat\/ceip-santsalvador\/wp-content\/uploads\/usu1396\/2020\/09\/onsom4-768x299.jpg 768w\" sizes=\"auto, (max-width: 900px) 100vw, 900px\" \/><\/p>\n","protected":false},"excerpt":{"rendered":"<p>L\u2019 Escola Sant Salvador es troba al municipi\u00a0 d\u2019Albat\u00e0rrec, comarca del Segri\u00e0, prov\u00edncia de Lleida.<\/p>\n<p>&nbsp;<br \/>\n&nbsp;<br \/>\n&nbsp;<br \/>\n&nbsp;<br \/>\n&nbsp;<br \/>\n&nbsp;<br \/>\n&nbsp;<br \/>\n&nbsp;<br \/>\n&nbsp;<br \/>\n&nbsp;<br \/>\nCom arribar-hi:\u00a0Situat al Carrer Sudanell, 8. Est\u00e0 ubicat en una zona d\u2019expansi\u00f3\u00a0 urban\u00edstica, al costat de les piscines municipals i la llar d\u2019infants.<\/p>\n<p>Aix\u00f2 fa\u00a0 que puguem gaudir d\u2019un entorn ampli i&hellip;  <a href=\"https:\/\/agora.xtec.cat\/ceip-santsalvador\/lescola\/on-som\/\" title=\"Read On som\">Llegeix m\u00e9s\u00bb<\/a><\/p>\n","protected":false},"author":1,"featured_media":0,"parent":22,"menu_order":10,"comment_status":"closed","ping_status":"closed","template":"page-templates\/side-menu.php","meta":{"footnotes":""},"class_list":["post-24","page","type-page","status-publish","hentry"],"post_mailing_queue_ids":[],"_links":{"self":[{"href":"https:\/\/agora.xtec.cat\/ceip-santsalvador\/wp-json\/wp\/v2\/pages\/24","targetHints":{"allow":["GET"]}}],"collection":[{"href":"https:\/\/agora.xtec.cat\/ceip-santsalvador\/wp-json\/wp\/v2\/pages"}],"about":[{"href":"https:\/\/agora.xtec.cat\/ceip-santsalvador\/wp-json\/wp\/v2\/types\/page"}],"author":[{"embeddable":true,"href":"https:\/\/agora.xtec.cat\/ceip-santsalvador\/wp-json\/wp\/v2\/users\/1"}],"replies":[{"embeddable":true,"href":"https:\/\/agora.xtec.cat\/ceip-santsalvador\/wp-json\/wp\/v2\/comments?post=24"}],"version-history":[{"count":4,"href":"https:\/\/agora.xtec.cat\/ceip-santsalvador\/wp-json\/wp\/v2\/pages\/24\/revisions"}],"predecessor-version":[{"id":864,"href":"https:\/\/agora.xtec.cat\/ceip-santsalvador\/wp-json\/wp\/v2\/pages\/24\/revisions\/864"}],"up":[{"embeddable":true,"href":"https:\/\/agora.xtec.cat\/ceip-santsalvador\/wp-json\/wp\/v2\/pages\/22"}],"wp:attachment":[{"href":"https:\/\/agora.xtec.cat\/ceip-santsalvador\/wp-json\/wp\/v2\/media?parent=24"}],"curies":[{"name":"wp","href":"https:\/\/api.w.org\/{rel}","templated":true}]}}