{"id":550,"date":"2020-05-19T13:18:54","date_gmt":"2020-05-19T11:18:54","guid":{"rendered":"https:\/\/agora.xtec.cat\/ceip-santroc\/?page_id=550"},"modified":"2023-12-13T13:30:54","modified_gmt":"2023-12-13T12:30:54","slug":"premi-arquitectura","status":"publish","type":"page","link":"https:\/\/agora.xtec.cat\/ceip-santroc\/el-nostre-centre\/premi-arquitectura\/","title":{"rendered":"Premi arquitectura"},"content":{"rendered":"<h1 class=\"entry-title\"><\/h1>\n<div class=\"entry-content\">\n<p><strong>El 31 de maig de 2013, els arquitectes Toni Barcel\u00f3 i B\u00e0rbara Balanz\u00f3 van rebre el\u00a0Premi d\u2019Arquirectura de les Comarques de Girona\u00a0per l\u2019Escola Sant Roc!!!\u00a0<\/strong>Pel di\u00e0leg que s\u2019estableix amb l\u2019entorn on s\u2019ubica, per la resoluci\u00f3 volum\u00e8trica del conjunt, amb un clar predomini de l\u2019horitzontalitat, i per la claredat funcional, en qu\u00e8 els espais buits intersticials entre les diferents barres program\u00e0tiques prenen tanta o m\u00e9s import\u00e0ncia que els espais plens, amb la qual cosa s\u2019ofereix una gran riquesa espacial i de sensacions als interiors. I tamb\u00e9 pels materials emprats i per la sensatesa constructiva de tot el conjunt.<br \/>\nENHORABONA!!!<\/p>\n<\/div>\n","protected":false},"excerpt":{"rendered":"<p>El 31 de maig de 2013, els arquitectes Toni Barcel\u00f3 i B\u00e0rbara Balanz\u00f3 van rebre el\u00a0Premi d\u2019Arquirectura de les Comarques de Girona\u00a0per l\u2019Escola Sant Roc!!!\u00a0Pel di\u00e0leg que s\u2019estableix amb l\u2019entorn on s\u2019ubica, per la resoluci\u00f3 volum\u00e8trica del conjunt, amb un clar predomini de l\u2019horitzontalitat, i per la claredat funcional, en qu\u00e8 els espais buits intersticials [&hellip;]<\/p>\n","protected":false},"author":1,"featured_media":0,"parent":540,"menu_order":0,"comment_status":"closed","ping_status":"closed","template":"page-templates\/side-menu.php","meta":{"_bbp_topic_count":0,"_bbp_reply_count":0,"_bbp_total_topic_count":0,"_bbp_total_reply_count":0,"_bbp_voice_count":0,"_bbp_anonymous_reply_count":0,"_bbp_topic_count_hidden":0,"_bbp_reply_count_hidden":0,"_bbp_forum_subforum_count":0,"site-sidebar-layout":"default","site-content-layout":"","ast-site-content-layout":"","site-content-style":"default","site-sidebar-style":"default","ast-global-header-display":"","ast-banner-title-visibility":"","ast-main-header-display":"","ast-hfb-above-header-display":"","ast-hfb-below-header-display":"","ast-hfb-mobile-header-display":"","site-post-title":"","ast-breadcrumbs-content":"","ast-featured-img":"","footer-sml-layout":"","theme-transparent-header-meta":"","adv-header-id-meta":"","stick-header-meta":"","header-above-stick-meta":"","header-main-stick-meta":"","header-below-stick-meta":"","astra-migrate-meta-layouts":"default","ast-page-background-enabled":"default","ast-page-background-meta":{"desktop":{"background-color":"var(--ast-global-color-4)","background-image":"","background-repeat":"repeat","background-position":"center center","background-size":"auto","background-attachment":"scroll","background-type":"","background-media":"","overlay-type":"","overlay-color":"","overlay-opacity":"","overlay-gradient":""},"tablet":{"background-color":"","background-image":"","background-repeat":"repeat","background-position":"center center","background-size":"auto","background-attachment":"scroll","background-type":"","background-media":"","overlay-type":"","overlay-color":"","overlay-opacity":"","overlay-gradient":""},"mobile":{"background-color":"","background-image":"","background-repeat":"repeat","background-position":"center center","background-size":"auto","background-attachment":"scroll","background-type":"","background-media":"","overlay-type":"","overlay-color":"","overlay-opacity":"","overlay-gradient":""}},"ast-content-background-meta":{"desktop":{"background-color":"var(--ast-global-color-5)","background-image":"","background-repeat":"repeat","background-position":"center center","background-size":"auto","background-attachment":"scroll","background-type":"","background-media":"","overlay-type":"","overlay-color":"","overlay-opacity":"","overlay-gradient":""},"tablet":{"background-color":"var(--ast-global-color-5)","background-image":"","background-repeat":"repeat","background-position":"center center","background-size":"auto","background-attachment":"scroll","background-type":"","background-media":"","overlay-type":"","overlay-color":"","overlay-opacity":"","overlay-gradient":""},"mobile":{"background-color":"var(--ast-global-color-5)","background-image":"","background-repeat":"repeat","background-position":"center center","background-size":"auto","background-attachment":"scroll","background-type":"","background-media":"","overlay-type":"","overlay-color":"","overlay-opacity":"","overlay-gradient":""}},"footnotes":""},"class_list":["post-550","page","type-page","status-publish","hentry"],"post_mailing_queue_ids":[],"_links":{"self":[{"href":"https:\/\/agora.xtec.cat\/ceip-santroc\/wp-json\/wp\/v2\/pages\/550","targetHints":{"allow":["GET"]}}],"collection":[{"href":"https:\/\/agora.xtec.cat\/ceip-santroc\/wp-json\/wp\/v2\/pages"}],"about":[{"href":"https:\/\/agora.xtec.cat\/ceip-santroc\/wp-json\/wp\/v2\/types\/page"}],"author":[{"embeddable":true,"href":"https:\/\/agora.xtec.cat\/ceip-santroc\/wp-json\/wp\/v2\/users\/1"}],"replies":[{"embeddable":true,"href":"https:\/\/agora.xtec.cat\/ceip-santroc\/wp-json\/wp\/v2\/comments?post=550"}],"version-history":[{"count":3,"href":"https:\/\/agora.xtec.cat\/ceip-santroc\/wp-json\/wp\/v2\/pages\/550\/revisions"}],"predecessor-version":[{"id":678,"href":"https:\/\/agora.xtec.cat\/ceip-santroc\/wp-json\/wp\/v2\/pages\/550\/revisions\/678"}],"up":[{"embeddable":true,"href":"https:\/\/agora.xtec.cat\/ceip-santroc\/wp-json\/wp\/v2\/pages\/540"}],"wp:attachment":[{"href":"https:\/\/agora.xtec.cat\/ceip-santroc\/wp-json\/wp\/v2\/media?parent=550"}],"curies":[{"name":"wp","href":"https:\/\/api.w.org\/{rel}","templated":true}]}}