{"id":548,"date":"2020-05-19T13:18:26","date_gmt":"2020-05-19T11:18:26","guid":{"rendered":"https:\/\/agora.xtec.cat\/ceip-santroc\/?page_id=548"},"modified":"2020-05-27T14:35:33","modified_gmt":"2020-05-27T12:35:33","slug":"obres","status":"publish","type":"page","link":"https:\/\/agora.xtec.cat\/ceip-santroc\/el-nostre-centre\/obres\/","title":{"rendered":"Obres"},"content":{"rendered":"<h1 class=\"entry-title\"><\/h1>\n<div class=\"entry-content\">\n<p>El dilluns dia 10 de maig 2009, van comen\u00e7ar les obres per fer l\u2019escola nova. El pati se\u2019ns ha redu\u00eft molt\u00edssim per\u00f2 estem contents de poder veure les m\u00e0quines com treballen i de pensar que aviat tindrem una escola ben bonica.<br \/>\nSegur que aprendrem moltes coses observant com treballen les paletes.<br \/>\nJa us anirem explicant les novetats a trav\u00e9s del bloc i aix\u00ed podreu compartir aquest proc\u00e9s amb nosaltres!<\/p>\n<p><object width=\"460\" height=\"350\" classid=\"clsid:d27cdb6e-ae6d-11cf-96b8-444553540000\" codebase=\"http:\/\/download.macromedia.com\/pub\/shockwave\/cabs\/flash\/swflash.cab#version=6,0,40,0\" align=\"middle\" data-mce-fragment=\"1\"><embed width=\"460\" height=\"350\" type=\"application\/x-shockwave-flash\" src=\"http:\/\/flash.picturetrail.com\/pflicks\/3\/spflick.swf\" quality=\"high\" flashvars=\"ql=2&amp;src1=http:\/\/pic50.picturetrail.com:80\/VOL429\/12728316\/flicks\/1\/8192630\" wmode=\"transparent\" allowscriptaccess=\"sameDomain\" align=\"middle\" \/><\/object><\/p>\n<p><strong>ABRIL 2012<\/strong><br \/>\nL\u2019edifici d\u2019Infantil, gimn\u00e0s, cuina, menjador\u2026 estan for\u00e7a avan\u00e7ats; mireu, mireu!<embed width=\"440\" height=\"360\" name=\"obres abril 2012\" flashvars=\"ql=2&amp;src1=http:\/\/pic60.picturetrail.com:80\/VOL1675\/12140335\/flicks\/1\/8762062\" src=\"http:\/\/flash.picturetrail.com\/pflicks\/3\/spflick.swf\" align=\"middle\" quality=\"high\" allowscriptaccess=\"sameDomain\" type=\"application\/x-shockwave-flash\" data-mce-fragment=\"1\"><\/embed><strong>MAR\u00c7 2012<\/strong><embed width=\"440\" height=\"360\" name=\"NOM ESCOLA mar\u00e7 2012\" flashvars=\"ql=2&amp;src1=http:\/\/pic60.picturetrail.com:80\/VOL1675\/12140335\/flicks\/1\/8745205\" src=\"http:\/\/flash.picturetrail.com\/pflicks\/3\/spflick.swf\" align=\"middle\" quality=\"high\" allowscriptaccess=\"sameDomain\" type=\"application\/x-shockwave-flash\" style=\"background-image: url('img\/object.gif');\" data-mce-fragment=\"1\"><\/embed>L\u2019escola<span style=\"font-family: inherit; font-size: 1em;\">\u00a0ja t\u00e9 nom!<\/span><span style=\"font-family: inherit; font-size: 1em;\">Plantaci\u00f3 d\u2019arbres a l\u2019escola. Els petitons no s\u2019han perdut detall!<\/span><embed width=\"460\" height=\"350\" name=\"plantacio arbres mar\u00e7 2012\" flashvars=\"ql=2&amp;src1=http:\/\/pic60.picturetrail.com:80\/VOL1675\/12140335\/flicks\/1\/8738249\" src=\"http:\/\/flash.picturetrail.com\/pflicks\/3\/spflick.swf\" align=\"middle\" quality=\"high\" allowscriptaccess=\"sameDomain\" type=\"application\/x-shockwave-flash\" style=\"font-family: inherit; font-size: 1em;\" data-mce-fragment=\"1\"><\/embed><strong style=\"font-family: inherit; font-size: 1em;\">GENER 2012<\/strong><embed width=\"440\" height=\"360\" name=\"OBRES GENER12\" flashvars=\"ql=2&amp;src1=http:\/\/pic60.picturetrail.com:80\/VOL1675\/12140335\/flicks\/1\/8697636\" src=\"http:\/\/flash.picturetrail.com\/pflicks\/3\/spflick.swf\" align=\"middle\" quality=\"high\" allowscriptaccess=\"sameDomain\" type=\"application\/x-shockwave-flash\" style=\"font-family: inherit; font-size: 1em;\" data-mce-fragment=\"1\"><\/embed><strong style=\"font-family: inherit; font-size: 1em;\">OCTUBRE 2011<\/strong><embed width=\"300\" height=\"150\" name=\"flashticker\" flashvars=\"cy=lt&amp;il=1&amp;channel=1801439850975284959&amp;site=widget-df.slide.com\" src=\"http:\/\/widget-df.slide.com\/widgets\/slideticker.swf\" align=\"middle\" quality=\"high\" type=\"application\/x-shockwave-flash\" style=\"font-family: inherit; font-size: 1em;\" data-mce-fragment=\"1\"><\/embed><\/div>\n","protected":false},"excerpt":{"rendered":"<p>El dilluns dia 10 de maig 2009, van comen\u00e7ar les obres per fer l\u2019escola nova. El pati se\u2019ns ha redu\u00eft molt\u00edssim per\u00f2 estem contents de poder veure les m\u00e0quines com treballen i de pensar que aviat tindrem una escola ben bonica. Segur que aprendrem moltes coses observant com treballen les paletes. Ja us anirem explicant [&hellip;]<\/p>\n","protected":false},"author":1,"featured_media":0,"parent":540,"menu_order":0,"comment_status":"closed","ping_status":"closed","template":"page-templates\/side-menu.php","meta":{"_bbp_topic_count":0,"_bbp_reply_count":0,"_bbp_total_topic_count":0,"_bbp_total_reply_count":0,"_bbp_voice_count":0,"_bbp_anonymous_reply_count":0,"_bbp_topic_count_hidden":0,"_bbp_reply_count_hidden":0,"_bbp_forum_subforum_count":0,"site-sidebar-layout":"default","site-content-layout":"","ast-site-content-layout":"","site-content-style":"default","site-sidebar-style":"default","ast-global-header-display":"","ast-banner-title-visibility":"","ast-main-header-display":"","ast-hfb-above-header-display":"","ast-hfb-below-header-display":"","ast-hfb-mobile-header-display":"","site-post-title":"","ast-breadcrumbs-content":"","ast-featured-img":"","footer-sml-layout":"","theme-transparent-header-meta":"","adv-header-id-meta":"","stick-header-meta":"","header-above-stick-meta":"","header-main-stick-meta":"","header-below-stick-meta":"","astra-migrate-meta-layouts":"default","ast-page-background-enabled":"default","ast-page-background-meta":{"desktop":{"background-color":"var(--ast-global-color-4)","background-image":"","background-repeat":"repeat","background-position":"center center","background-size":"auto","background-attachment":"scroll","background-type":"","background-media":"","overlay-type":"","overlay-color":"","overlay-opacity":"","overlay-gradient":""},"tablet":{"background-color":"","background-image":"","background-repeat":"repeat","background-position":"center center","background-size":"auto","background-attachment":"scroll","background-type":"","background-media":"","overlay-type":"","overlay-color":"","overlay-opacity":"","overlay-gradient":""},"mobile":{"background-color":"","background-image":"","background-repeat":"repeat","background-position":"center center","background-size":"auto","background-attachment":"scroll","background-type":"","background-media":"","overlay-type":"","overlay-color":"","overlay-opacity":"","overlay-gradient":""}},"ast-content-background-meta":{"desktop":{"background-color":"var(--ast-global-color-5)","background-image":"","background-repeat":"repeat","background-position":"center center","background-size":"auto","background-attachment":"scroll","background-type":"","background-media":"","overlay-type":"","overlay-color":"","overlay-opacity":"","overlay-gradient":""},"tablet":{"background-color":"var(--ast-global-color-5)","background-image":"","background-repeat":"repeat","background-position":"center center","background-size":"auto","background-attachment":"scroll","background-type":"","background-media":"","overlay-type":"","overlay-color":"","overlay-opacity":"","overlay-gradient":""},"mobile":{"background-color":"var(--ast-global-color-5)","background-image":"","background-repeat":"repeat","background-position":"center center","background-size":"auto","background-attachment":"scroll","background-type":"","background-media":"","overlay-type":"","overlay-color":"","overlay-opacity":"","overlay-gradient":""}},"footnotes":""},"class_list":["post-548","page","type-page","status-publish","hentry"],"post_mailing_queue_ids":[],"_links":{"self":[{"href":"https:\/\/agora.xtec.cat\/ceip-santroc\/wp-json\/wp\/v2\/pages\/548","targetHints":{"allow":["GET"]}}],"collection":[{"href":"https:\/\/agora.xtec.cat\/ceip-santroc\/wp-json\/wp\/v2\/pages"}],"about":[{"href":"https:\/\/agora.xtec.cat\/ceip-santroc\/wp-json\/wp\/v2\/types\/page"}],"author":[{"embeddable":true,"href":"https:\/\/agora.xtec.cat\/ceip-santroc\/wp-json\/wp\/v2\/users\/1"}],"replies":[{"embeddable":true,"href":"https:\/\/agora.xtec.cat\/ceip-santroc\/wp-json\/wp\/v2\/comments?post=548"}],"version-history":[{"count":3,"href":"https:\/\/agora.xtec.cat\/ceip-santroc\/wp-json\/wp\/v2\/pages\/548\/revisions"}],"predecessor-version":[{"id":676,"href":"https:\/\/agora.xtec.cat\/ceip-santroc\/wp-json\/wp\/v2\/pages\/548\/revisions\/676"}],"up":[{"embeddable":true,"href":"https:\/\/agora.xtec.cat\/ceip-santroc\/wp-json\/wp\/v2\/pages\/540"}],"wp:attachment":[{"href":"https:\/\/agora.xtec.cat\/ceip-santroc\/wp-json\/wp\/v2\/media?parent=548"}],"curies":[{"name":"wp","href":"https:\/\/api.w.org\/{rel}","templated":true}]}}