{"id":497,"date":"2020-05-19T12:51:10","date_gmt":"2020-05-19T10:51:10","guid":{"rendered":"https:\/\/agora.xtec.cat\/ceip-santroc\/?page_id=497"},"modified":"2022-02-15T19:57:40","modified_gmt":"2022-02-15T18:57:40","slug":"ilec","status":"publish","type":"page","link":"https:\/\/agora.xtec.cat\/ceip-santroc\/projecte-educatiu\/ilec\/","title":{"rendered":"ILEC"},"content":{"rendered":"<p class=\"c9\"><span class=\"c0\">Si hi ha alguna cosa que ning\u00fa no posa en dubte \u00e9s que una de les finalitats primordials de l&#8217;educaci\u00f3 ha de ser aconseguir ciutadans lectors.<\/span><\/p>\n<p class=\"c9\"><span class=\"c0\">Aquesta idea ha estat compartida pel professorat del nostre centre i per tant, ens sentim vinculats a un projecte com\u00fa on el nostre objectiu \u00e9s el de fomentar el gust per la lectura.<\/span><\/p>\n<p class=\"c9\"><span class=\"c0\">Fa cinc cursos, vam iniciar aquest projecte anomenat &#8220;ILEC&#8221; (impuls per la lectura) destinat a tots els nivells, des de P-3 d&#8217;Educaci\u00f3 Infantil a 6\u00e8 curs de prim\u00e0ria.<\/span><\/p>\n<p class=\"c9\"><span class=\"c0\">El Pla d&#8217;Impuls a la Lectura de la nostra escola es fomenta en tres grans eixos:<\/span><\/p>\n<ul class=\"c14 lst-kix_list_1-0 start\">\n<li class=\"c8\"><span class=\"c0\">L&#8217;aprenentatge de la lectura\/ saber llegir.<\/span><\/li>\n<li class=\"c8\"><span class=\"c0\">Llegir per aprendre<\/span><\/li>\n<li class=\"c8\"><span class=\"c0\">El gust per llegir (l`h\u00e0bit lector)<\/span><\/li>\n<\/ul>\n<p class=\"c9\"><span class=\"c0\">Durant aquest temps s&#8217;han concretat actuacions destinades:<\/span><\/p>\n<ul class=\"c14 lst-kix_list_2-0 start\">\n<li class=\"c9 c10\"><span class=\"c0\">Al professorat:<\/span><\/li>\n<\/ul>\n<p class=\"c2\"><span class=\"c0\">-Comissi\u00f3 responsable de dinamitzar el projecte.<\/span><\/p>\n<p class=\"c2\"><span class=\"c0\">-Sessions de formaci\u00f3 per tal de fixar una l\u00ednia de centre coherent i<\/span><\/p>\n<p class=\"c2\"><span class=\"c0\">\u00a0 eficient.<\/span><\/p>\n<ul class=\"c14 lst-kix_list_2-0\">\n<li class=\"c9 c10\"><span class=\"c0\">A l&#8217;alumnat: \u00a0 \u00a0<\/span><\/li>\n<\/ul>\n<p class=\"c3\"><span class=\"c0\">\u00a0 \u00a0 \u00a0 \u00a0 -Lectura en veu alta per part de mestres (EI, CI, CM i CS) \u00a0<\/span><\/p>\n<p class=\"c3\"><span class=\"c0\">\u00a0 \u00a0 \u00a0 \u00a0 -Lectura de dos en dos (CI)<\/span><\/p>\n<p class=\"c3\"><span class=\"c0\">\u00a0 \u00a0 \u00a0 \u00a0 -Maleta viatgera (CI)<\/span><\/p>\n<p class=\"c3\"><span class=\"c0\">\u00a0 \u00a0 \u00a0 \u00a0 -Lectura a la biblioteca (CI)<\/span><\/p>\n<p class=\"c12\"><span class=\"c0\">\u00a0 \u00a0 \u00a0 \u00a0 \u00a0 \u00a0 \u00a0 \u00a0 \u00a0 \u00a0 -Lectura en parella (CM)<\/span><\/p>\n<p class=\"c3\"><span class=\"c0\">\u00a0 \u00a0 \u00a0 \u00a0 -Lector de la setmana per part alumnes (CM i CS) \u00a0<\/span><\/p>\n<p class=\"c3\"><span class=\"c0\">\u00a0 \u00a0 \u00a0 \u00a0 -Lectura obres teatre prt part alumnes (CS)<\/span><\/p>\n<p class=\"c3\"><span class=\"c0\">\u00a0 \u00a0 \u00a0 \u00a0 -Padrins lectors (CS:6\u00e8), es fa una ronda de 8 alumnes cada<\/span><\/p>\n<p class=\"c3\"><span class=\"c0\">\u00a0 \u00a0 \u00a0 \u00a0 \u00a0trimestre \u00a0 \u00a0 \u00a0 \u00a0 \u00a0 \u00a0 \u00a0 \u00a0 \u00a0 \u00a0 \u00a0 \u00a0 \u00a0 \u00a0 \u00a0 \u00a0 \u00a0 \u00a0 \u00a0 \u00a0 \u00a0 \u00a0 \u00a0 \u00a0 \u00a0 \u00a0 \u00a0 \u00a0 \u00a0 \u00a0 \u00a0 \u00a0<\/span><\/p>\n<p class=\"c2\"><span class=\"c0\">\u00a0-&#8220;Proposta metodol\u00f2gica&#8221; (llegir per aprendre), tamb\u00e9 a tots els \u00a0<\/span><\/p>\n<p class=\"c2\"><span class=\"c0\">\u00a0 cursos. Aquest treball de lectura s&#8217;adapta a cada nivell.<\/span><\/p>\n<p class=\"c9\"><span class=\"c15\">\u00a0 \u00a0 \u00a0 \u00a0\u2022<\/span><span class=\"c0\">\u00a0 \u00a0 A lectors externs:<\/span><\/p>\n<p class=\"c9\"><span class=\"c0\">\u00a0 \u00a0 \u00a0 \u00a0 \u00a0 \u00a0 \u00a0 \u00a0 \u00a0 \u00a0-Treballadors del propi centre, mestres, familiars, escriptors i<\/span><\/p>\n<p class=\"c9\"><span class=\"c0\">\u00a0 \u00a0 \u00a0 \u00a0 \u00a0 \u00a0 \u00a0 \u00a0 \u00a0 \u00a0 \u00a0alumnes de 3r d\u2019ESO \u00a0<\/span><\/p>\n<p class=\"c12 c6\"><span class=\"c0\">\u00a0<\/span><\/p>\n<p class=\"c9\"><span class=\"c0\">Esperem poder facilitar, a trav\u00e9s del plaer de la lectura, el contacte dels nens i nenes amb els llibres i poder consolidar un h\u00e0bit lector permanent i necessari per a la formaci\u00f3 integral de les persones.<\/span><\/p>\n","protected":false},"excerpt":{"rendered":"<p>Si hi ha alguna cosa que ning\u00fa no posa en dubte \u00e9s que una de les finalitats primordials de l&#8217;educaci\u00f3 ha de ser aconseguir ciutadans lectors. Aquesta idea ha estat compartida pel professorat del nostre centre i per tant, ens sentim vinculats a un projecte com\u00fa on el nostre objectiu \u00e9s el de fomentar el [&hellip;]<\/p>\n","protected":false},"author":1,"featured_media":0,"parent":64,"menu_order":0,"comment_status":"closed","ping_status":"closed","template":"page-templates\/side-menu.php","meta":{"_bbp_topic_count":0,"_bbp_reply_count":0,"_bbp_total_topic_count":0,"_bbp_total_reply_count":0,"_bbp_voice_count":0,"_bbp_anonymous_reply_count":0,"_bbp_topic_count_hidden":0,"_bbp_reply_count_hidden":0,"_bbp_forum_subforum_count":0,"site-sidebar-layout":"default","site-content-layout":"","ast-site-content-layout":"","site-content-style":"default","site-sidebar-style":"default","ast-global-header-display":"","ast-banner-title-visibility":"","ast-main-header-display":"","ast-hfb-above-header-display":"","ast-hfb-below-header-display":"","ast-hfb-mobile-header-display":"","site-post-title":"","ast-breadcrumbs-content":"","ast-featured-img":"","footer-sml-layout":"","theme-transparent-header-meta":"","adv-header-id-meta":"","stick-header-meta":"","header-above-stick-meta":"","header-main-stick-meta":"","header-below-stick-meta":"","astra-migrate-meta-layouts":"default","ast-page-background-enabled":"default","ast-page-background-meta":{"desktop":{"background-color":"var(--ast-global-color-4)","background-image":"","background-repeat":"repeat","background-position":"center center","background-size":"auto","background-attachment":"scroll","background-type":"","background-media":"","overlay-type":"","overlay-color":"","overlay-opacity":"","overlay-gradient":""},"tablet":{"background-color":"","background-image":"","background-repeat":"repeat","background-position":"center center","background-size":"auto","background-attachment":"scroll","background-type":"","background-media":"","overlay-type":"","overlay-color":"","overlay-opacity":"","overlay-gradient":""},"mobile":{"background-color":"","background-image":"","background-repeat":"repeat","background-position":"center center","background-size":"auto","background-attachment":"scroll","background-type":"","background-media":"","overlay-type":"","overlay-color":"","overlay-opacity":"","overlay-gradient":""}},"ast-content-background-meta":{"desktop":{"background-color":"var(--ast-global-color-5)","background-image":"","background-repeat":"repeat","background-position":"center center","background-size":"auto","background-attachment":"scroll","background-type":"","background-media":"","overlay-type":"","overlay-color":"","overlay-opacity":"","overlay-gradient":""},"tablet":{"background-color":"var(--ast-global-color-5)","background-image":"","background-repeat":"repeat","background-position":"center center","background-size":"auto","background-attachment":"scroll","background-type":"","background-media":"","overlay-type":"","overlay-color":"","overlay-opacity":"","overlay-gradient":""},"mobile":{"background-color":"var(--ast-global-color-5)","background-image":"","background-repeat":"repeat","background-position":"center center","background-size":"auto","background-attachment":"scroll","background-type":"","background-media":"","overlay-type":"","overlay-color":"","overlay-opacity":"","overlay-gradient":""}},"footnotes":""},"class_list":["post-497","page","type-page","status-publish","hentry"],"post_mailing_queue_ids":[],"_links":{"self":[{"href":"https:\/\/agora.xtec.cat\/ceip-santroc\/wp-json\/wp\/v2\/pages\/497","targetHints":{"allow":["GET"]}}],"collection":[{"href":"https:\/\/agora.xtec.cat\/ceip-santroc\/wp-json\/wp\/v2\/pages"}],"about":[{"href":"https:\/\/agora.xtec.cat\/ceip-santroc\/wp-json\/wp\/v2\/types\/page"}],"author":[{"embeddable":true,"href":"https:\/\/agora.xtec.cat\/ceip-santroc\/wp-json\/wp\/v2\/users\/1"}],"replies":[{"embeddable":true,"href":"https:\/\/agora.xtec.cat\/ceip-santroc\/wp-json\/wp\/v2\/comments?post=497"}],"version-history":[{"count":3,"href":"https:\/\/agora.xtec.cat\/ceip-santroc\/wp-json\/wp\/v2\/pages\/497\/revisions"}],"predecessor-version":[{"id":617,"href":"https:\/\/agora.xtec.cat\/ceip-santroc\/wp-json\/wp\/v2\/pages\/497\/revisions\/617"}],"up":[{"embeddable":true,"href":"https:\/\/agora.xtec.cat\/ceip-santroc\/wp-json\/wp\/v2\/pages\/64"}],"wp:attachment":[{"href":"https:\/\/agora.xtec.cat\/ceip-santroc\/wp-json\/wp\/v2\/media?parent=497"}],"curies":[{"name":"wp","href":"https:\/\/api.w.org\/{rel}","templated":true}]}}