{"id":495,"date":"2020-05-19T12:50:43","date_gmt":"2020-05-19T10:50:43","guid":{"rendered":"https:\/\/agora.xtec.cat\/ceip-santroc\/?page_id=495"},"modified":"2022-02-15T19:57:17","modified_gmt":"2022-02-15T18:57:17","slug":"projecte-de-lhort","status":"publish","type":"page","link":"https:\/\/agora.xtec.cat\/ceip-santroc\/projecte-educatiu\/projecte-de-lhort\/","title":{"rendered":"Projecte de l&#8217;hort"},"content":{"rendered":"<p id=\"h.gjdgxs\" class=\"c3\"><span class=\"c0\">BLOC HORT ESCOLAR<\/span><\/p>\n<ul class=\"c1 lst-kix_list_1-0 start\">\n<li class=\"c2\"><span class=\"c0\">El curs 2012\/13 va ser el primer en qu\u00e8 es va plantejar l\u2019elaboraci\u00f3 del projecte de l\u2019hort de la nostra escola. Durant el curs es va passar el projecte a trav\u00e9s dels cicles, es van cobrir les 1es necessitats (compra d\u2019estris, posar baranes&#8230;) per deixar-lo aprovat en claustre de fi de curs, incloent les esmenes dels cicles i en coordinaci\u00f3 amb Riscos Laborals.<\/span><\/li>\n<\/ul>\n<ul class=\"c1 lst-kix_list_1-0\">\n<li class=\"c2\"><span class=\"c0\">Els objectius principals van ser:<\/span><\/li>\n<\/ul>\n<ol class=\"c1 lst-kix_list_2-0 start\" start=\"1\">\n<li class=\"c7\"><span class=\"c0\">Educar en la cultura ambiental, a trav\u00e9s de la sensibilitzaci\u00f3 a l\u2019entorn m\u00e9s proper, incidint en la sostenibilitat, tant en l\u2019estalvi d\u2019aigua i energia com en el reciclatge (paper, pl\u00e0stic, piles&#8230;) i incidint en l\u2019aspecte social (campanyes de recapte d\u2019aliments, joguines, roba).<\/span><\/li>\n<\/ol>\n<ol class=\"c1 lst-kix_list_2-0\" start=\"2\">\n<li class=\"c7\"><span class=\"c0\">Introduir coneixement sobre l\u2019agricultura i les seves necessitats fomentant el treball en equip a la vegada que en la progressiva autonomia i en coordinaci\u00f3 amb persones del centre (Comissi\u00f3 de Riscos Laborals) i de fora ( t\u00e8cnics, voluntaris).<\/span><\/li>\n<\/ol>\n","protected":false},"excerpt":{"rendered":"<p>BLOC HORT ESCOLAR El curs 2012\/13 va ser el primer en qu\u00e8 es va plantejar l\u2019elaboraci\u00f3 del projecte de l\u2019hort de la nostra escola. Durant el curs es va passar el projecte a trav\u00e9s dels cicles, es van cobrir les 1es necessitats (compra d\u2019estris, posar baranes&#8230;) per deixar-lo aprovat en claustre de fi de curs, [&hellip;]<\/p>\n","protected":false},"author":1,"featured_media":0,"parent":64,"menu_order":0,"comment_status":"closed","ping_status":"closed","template":"page-templates\/side-menu.php","meta":{"_bbp_topic_count":0,"_bbp_reply_count":0,"_bbp_total_topic_count":0,"_bbp_total_reply_count":0,"_bbp_voice_count":0,"_bbp_anonymous_reply_count":0,"_bbp_topic_count_hidden":0,"_bbp_reply_count_hidden":0,"_bbp_forum_subforum_count":0,"site-sidebar-layout":"default","site-content-layout":"","ast-site-content-layout":"","site-content-style":"default","site-sidebar-style":"default","ast-global-header-display":"","ast-banner-title-visibility":"","ast-main-header-display":"","ast-hfb-above-header-display":"","ast-hfb-below-header-display":"","ast-hfb-mobile-header-display":"","site-post-title":"","ast-breadcrumbs-content":"","ast-featured-img":"","footer-sml-layout":"","theme-transparent-header-meta":"","adv-header-id-meta":"","stick-header-meta":"","header-above-stick-meta":"","header-main-stick-meta":"","header-below-stick-meta":"","astra-migrate-meta-layouts":"default","ast-page-background-enabled":"default","ast-page-background-meta":{"desktop":{"background-color":"var(--ast-global-color-4)","background-image":"","background-repeat":"repeat","background-position":"center center","background-size":"auto","background-attachment":"scroll","background-type":"","background-media":"","overlay-type":"","overlay-color":"","overlay-opacity":"","overlay-gradient":""},"tablet":{"background-color":"","background-image":"","background-repeat":"repeat","background-position":"center center","background-size":"auto","background-attachment":"scroll","background-type":"","background-media":"","overlay-type":"","overlay-color":"","overlay-opacity":"","overlay-gradient":""},"mobile":{"background-color":"","background-image":"","background-repeat":"repeat","background-position":"center center","background-size":"auto","background-attachment":"scroll","background-type":"","background-media":"","overlay-type":"","overlay-color":"","overlay-opacity":"","overlay-gradient":""}},"ast-content-background-meta":{"desktop":{"background-color":"var(--ast-global-color-5)","background-image":"","background-repeat":"repeat","background-position":"center center","background-size":"auto","background-attachment":"scroll","background-type":"","background-media":"","overlay-type":"","overlay-color":"","overlay-opacity":"","overlay-gradient":""},"tablet":{"background-color":"var(--ast-global-color-5)","background-image":"","background-repeat":"repeat","background-position":"center center","background-size":"auto","background-attachment":"scroll","background-type":"","background-media":"","overlay-type":"","overlay-color":"","overlay-opacity":"","overlay-gradient":""},"mobile":{"background-color":"var(--ast-global-color-5)","background-image":"","background-repeat":"repeat","background-position":"center center","background-size":"auto","background-attachment":"scroll","background-type":"","background-media":"","overlay-type":"","overlay-color":"","overlay-opacity":"","overlay-gradient":""}},"footnotes":""},"class_list":["post-495","page","type-page","status-publish","hentry"],"post_mailing_queue_ids":[],"_links":{"self":[{"href":"https:\/\/agora.xtec.cat\/ceip-santroc\/wp-json\/wp\/v2\/pages\/495","targetHints":{"allow":["GET"]}}],"collection":[{"href":"https:\/\/agora.xtec.cat\/ceip-santroc\/wp-json\/wp\/v2\/pages"}],"about":[{"href":"https:\/\/agora.xtec.cat\/ceip-santroc\/wp-json\/wp\/v2\/types\/page"}],"author":[{"embeddable":true,"href":"https:\/\/agora.xtec.cat\/ceip-santroc\/wp-json\/wp\/v2\/users\/1"}],"replies":[{"embeddable":true,"href":"https:\/\/agora.xtec.cat\/ceip-santroc\/wp-json\/wp\/v2\/comments?post=495"}],"version-history":[{"count":3,"href":"https:\/\/agora.xtec.cat\/ceip-santroc\/wp-json\/wp\/v2\/pages\/495\/revisions"}],"predecessor-version":[{"id":615,"href":"https:\/\/agora.xtec.cat\/ceip-santroc\/wp-json\/wp\/v2\/pages\/495\/revisions\/615"}],"up":[{"embeddable":true,"href":"https:\/\/agora.xtec.cat\/ceip-santroc\/wp-json\/wp\/v2\/pages\/64"}],"wp:attachment":[{"href":"https:\/\/agora.xtec.cat\/ceip-santroc\/wp-json\/wp\/v2\/media?parent=495"}],"curies":[{"name":"wp","href":"https:\/\/api.w.org\/{rel}","templated":true}]}}