{"id":2114,"date":"2024-01-13T00:42:23","date_gmt":"2024-01-12T23:42:23","guid":{"rendered":"https:\/\/agora.xtec.cat\/ceip-santroc\/?page_id=2114"},"modified":"2025-12-10T14:47:12","modified_gmt":"2025-12-10T13:47:12","slug":"revista-katakreck","status":"publish","type":"page","link":"https:\/\/agora.xtec.cat\/ceip-santroc\/revista-katakreck\/","title":{"rendered":"Revista Katakrek"},"content":{"rendered":"<h5>La revista Katakrek es va iniciar l&#8217;any 1973, ja fa m\u00e9s de 40 anys i tot i el temps que ha passat, continuem redactant-la, per\u00f2 l&#8217;hem adaptada als nous temps i des de l&#8217;any 2014 la fem en format digital.<\/h5>\n<h5>\u00c9s una revista que intenta recollir el que s&#8217;ha treballat durant el curs, hem treballat molts temes, moltes activitats&#8230; Ara hem realitzat un recull en forma de joc, a l&#8217;inici trobareu la primera revista digital&#8230; Bona lectura!<\/h5>\n<h2 style=\"text-align: center;\"><span style=\"color: #ff6600;\"><a style=\"color: #ff6600;\" href=\"https:\/\/view.genially.com\/659e8db6fdce2f00143381a9\/interactive-content-historic-revista-katakreck\">HIST\u00d2RIC REVISTA KATAKREK<\/a><\/span><\/h2>\n<h3 style=\"text-align: center;\"><\/h3>\n<div class=\"container-wrapper-genially\" style=\"position: relative; min-height: 400px; max-width: 100%;\"><\/div>\n","protected":false},"excerpt":{"rendered":"<p>La revista Katakrek es va iniciar l&#8217;any 1973, ja fa m\u00e9s de 40 anys i tot i el temps que ha passat, continuem redactant-la, per\u00f2 l&#8217;hem adaptada als nous temps i des de l&#8217;any 2014 la fem en format digital. \u00c9s una revista que intenta recollir el que s&#8217;ha treballat durant el curs, hem treballat [&hellip;]<\/p>\n","protected":false},"author":40,"featured_media":0,"parent":0,"menu_order":0,"comment_status":"closed","ping_status":"closed","template":"","meta":{"_bbp_topic_count":0,"_bbp_reply_count":0,"_bbp_total_topic_count":0,"_bbp_total_reply_count":0,"_bbp_voice_count":0,"_bbp_anonymous_reply_count":0,"_bbp_topic_count_hidden":0,"_bbp_reply_count_hidden":0,"_bbp_forum_subforum_count":0,"site-sidebar-layout":"default","site-content-layout":"","ast-site-content-layout":"default","site-content-style":"default","site-sidebar-style":"default","ast-global-header-display":"","ast-banner-title-visibility":"","ast-main-header-display":"","ast-hfb-above-header-display":"","ast-hfb-below-header-display":"","ast-hfb-mobile-header-display":"","site-post-title":"","ast-breadcrumbs-content":"","ast-featured-img":"","footer-sml-layout":"","theme-transparent-header-meta":"","adv-header-id-meta":"","stick-header-meta":"","header-above-stick-meta":"","header-main-stick-meta":"","header-below-stick-meta":"","astra-migrate-meta-layouts":"set","ast-page-background-enabled":"default","ast-page-background-meta":{"desktop":{"background-color":"var(--ast-global-color-4)","background-image":"","background-repeat":"repeat","background-position":"center center","background-size":"auto","background-attachment":"scroll","background-type":"","background-media":"","overlay-type":"","overlay-color":"","overlay-opacity":"","overlay-gradient":""},"tablet":{"background-color":"","background-image":"","background-repeat":"repeat","background-position":"center center","background-size":"auto","background-attachment":"scroll","background-type":"","background-media":"","overlay-type":"","overlay-color":"","overlay-opacity":"","overlay-gradient":""},"mobile":{"background-color":"","background-image":"","background-repeat":"repeat","background-position":"center center","background-size":"auto","background-attachment":"scroll","background-type":"","background-media":"","overlay-type":"","overlay-color":"","overlay-opacity":"","overlay-gradient":""}},"ast-content-background-meta":{"desktop":{"background-color":"var(--ast-global-color-5)","background-image":"","background-repeat":"repeat","background-position":"center center","background-size":"auto","background-attachment":"scroll","background-type":"","background-media":"","overlay-type":"","overlay-color":"","overlay-opacity":"","overlay-gradient":""},"tablet":{"background-color":"var(--ast-global-color-5)","background-image":"","background-repeat":"repeat","background-position":"center center","background-size":"auto","background-attachment":"scroll","background-type":"","background-media":"","overlay-type":"","overlay-color":"","overlay-opacity":"","overlay-gradient":""},"mobile":{"background-color":"var(--ast-global-color-5)","background-image":"","background-repeat":"repeat","background-position":"center center","background-size":"auto","background-attachment":"scroll","background-type":"","background-media":"","overlay-type":"","overlay-color":"","overlay-opacity":"","overlay-gradient":""}},"footnotes":""},"class_list":["post-2114","page","type-page","status-publish","hentry"],"post_mailing_queue_ids":[],"_links":{"self":[{"href":"https:\/\/agora.xtec.cat\/ceip-santroc\/wp-json\/wp\/v2\/pages\/2114","targetHints":{"allow":["GET"]}}],"collection":[{"href":"https:\/\/agora.xtec.cat\/ceip-santroc\/wp-json\/wp\/v2\/pages"}],"about":[{"href":"https:\/\/agora.xtec.cat\/ceip-santroc\/wp-json\/wp\/v2\/types\/page"}],"author":[{"embeddable":true,"href":"https:\/\/agora.xtec.cat\/ceip-santroc\/wp-json\/wp\/v2\/users\/40"}],"replies":[{"embeddable":true,"href":"https:\/\/agora.xtec.cat\/ceip-santroc\/wp-json\/wp\/v2\/comments?post=2114"}],"version-history":[{"count":6,"href":"https:\/\/agora.xtec.cat\/ceip-santroc\/wp-json\/wp\/v2\/pages\/2114\/revisions"}],"predecessor-version":[{"id":2685,"href":"https:\/\/agora.xtec.cat\/ceip-santroc\/wp-json\/wp\/v2\/pages\/2114\/revisions\/2685"}],"wp:attachment":[{"href":"https:\/\/agora.xtec.cat\/ceip-santroc\/wp-json\/wp\/v2\/media?parent=2114"}],"curies":[{"name":"wp","href":"https:\/\/api.w.org\/{rel}","templated":true}]}}